{"id":45827,"date":"2026-01-16T09:45:21","date_gmt":"2026-01-16T15:45:21","guid":{"rendered":"https:\/\/jaguarreefbelize.com\/big-dock-ceviche-bar\/"},"modified":"2026-05-05T08:23:49","modified_gmt":"2026-05-05T14:23:49","slug":"big-dock-ceviche-bar","status":"publish","type":"page","link":"https:\/\/jaguarreefbelize.com\/es\/big-dock-ceviche-bar\/","title":{"rendered":"Big Dock Ceviche Bar"},"content":{"rendered":"\t\t<div data-elementor-type=\"wp-page\" data-elementor-id=\"45827\" class=\"elementor elementor-45827 elementor-42265\" data-elementor-post-type=\"page\">\n\t\t\t\t<div class=\"e-con-gap-no elementor-element elementor-element-79ea8605 e-con-full e-flex sc_layouts_column_icons_position_left e-con e-parent\" data-id=\"79ea8605\" data-element_type=\"container\" data-e-type=\"container\" data-settings=\"{&quot;background_background&quot;:&quot;classic&quot;,&quot;background_motion_fx_motion_fx_scrolling&quot;:&quot;yes&quot;,&quot;background_motion_fx_translateY_effect&quot;:&quot;yes&quot;,&quot;background_motion_fx_translateY_speed&quot;:{&quot;unit&quot;:&quot;px&quot;,&quot;size&quot;:4,&quot;sizes&quot;:[]},&quot;background_motion_fx_translateY_affectedRange&quot;:{&quot;unit&quot;:&quot;%&quot;,&quot;size&quot;:&quot;&quot;,&quot;sizes&quot;:{&quot;start&quot;:0,&quot;end&quot;:100}},&quot;background_motion_fx_devices&quot;:[&quot;desktop&quot;,&quot;tablet&quot;,&quot;mobile&quot;]}\">\n\t\t\t\t<\/div>\n\t\t<div class=\"elementor-element elementor-element-35c6e535 e-flex e-con-boxed sc_layouts_column_icons_position_left e-con e-parent\" data-id=\"35c6e535\" data-element_type=\"container\" data-e-type=\"container\">\n\t\t\t\t\t<div class=\"e-con-inner\">\n\t\t\t\t<div class=\"elementor-element elementor-element-7f477b74 sc_fly_static elementor-widget elementor-widget-heading\" data-id=\"7f477b74\" data-element_type=\"widget\" data-e-type=\"widget\" data-widget_type=\"heading.default\">\n\t\t\t\t<div class=\"elementor-widget-container\">\n\t\t\t\t\t<h2 class=\"elementor-heading-title elementor-size-default\">Big Dock Ceviche Bar<\/h2>\t\t\t\t<\/div>\n\t\t\t\t<\/div>\n\t\t\t\t<div class=\"elementor-element elementor-element-324151d6 sc_fly_static elementor-widget elementor-widget-text-editor\" data-id=\"324151d6\" data-element_type=\"widget\" data-e-type=\"widget\" data-widget_type=\"text-editor.default\">\n\t\t\t\t<div class=\"elementor-widget-container\">\n\t\t\t\t\t\t\t\t\t<p><strong>Su nuevo lugar favorito para relajarse<\/strong><\/p>\t\t\t\t\t\t\t\t<\/div>\n\t\t\t\t<\/div>\n\t\t\t\t<div class=\"elementor-element elementor-element-3116d3ae sc_fly_static elementor-widget elementor-widget-text-editor\" data-id=\"3116d3ae\" data-element_type=\"widget\" data-e-type=\"widget\" data-widget_type=\"text-editor.default\">\n\t\t\t\t<div class=\"elementor-widget-container\">\n\t\t\t\t\t\t\t\t\t<p>Ideal para d\u00edas gloriosos y tranquilos, el Big Dock Ceviche Bar encarna la filosof\u00eda de vida relajada de The Belize Collection. Este ingenioso bar de ceviche y c\u00f3cteles de dos plantas sobre el agua ofrece un men\u00fa en constante renovaci\u00f3n de peque\u00f1os bocados caribe\u00f1os y centroamericanos al aire libre, perfecto para un aperitivo. Una amplia vista de 360 grados del mar Caribe le espera al final del muelle de madera, con un suelo de hamacas en red en la primera planta y un bar en la segunda. Ya elija entre las selecciones de ceviche ultrafrescos, cervezas locales o c\u00f3cteles de ron, p\u00f3ngase c\u00f3modo y prep\u00e1rese para que las horas pasen volando desde su nuevo lugar favorito para descansar.   <\/p>\t\t\t\t\t\t\t\t<\/div>\n\t\t\t\t<\/div>\n\t\t\t\t<div class=\"elementor-element elementor-element-d689d76 sc_fly_static elementor-widget elementor-widget-heading\" data-id=\"d689d76\" data-element_type=\"widget\" data-e-type=\"widget\" data-widget_type=\"heading.default\">\n\t\t\t\t<div class=\"elementor-widget-container\">\n\t\t\t\t\t<h3 class=\"elementor-heading-title elementor-size-default\">Ceviche<\/h3>\t\t\t\t<\/div>\n\t\t\t\t<\/div>\n\t\t\t\t<div class=\"elementor-element elementor-element-3698c27 sc_fly_static elementor-widget elementor-widget-text-editor\" data-id=\"3698c27\" data-element_type=\"widget\" data-e-type=\"widget\" data-widget_type=\"text-editor.default\">\n\t\t\t\t<div class=\"elementor-widget-container\">\n\t\t\t\t\t\t\t\t\t<p>El ceviche tiene su origen en la costa de Per\u00fa. Aunque existen varias versiones del plato, el Ceviche Shack del Big Dock Bar se mantiene fiel a sus ra\u00edces originales. Camarones o caracol frescos se curan (cocinan) con lima y se sazonan con sal y pimienta negra. Se cortan en juliana tomate, cebolla y cilantro y se a\u00f1aden. Normalmente en la regi\u00f3n, el ceviche se sirve con totopos, pero en Big Dock puede esperar recibir un toque crujiente un poco m\u00e1s cercano a casa.    <\/p>\t\t\t\t\t\t\t\t<\/div>\n\t\t\t\t<\/div>\n\t\t\t\t<div class=\"elementor-element elementor-element-a44adb8 e-transform elementor-view-default elementor-position-block-start elementor-mobile-position-block-start sc_fly_static elementor-widget elementor-widget-icon-box\" data-id=\"a44adb8\" data-element_type=\"widget\" data-e-type=\"widget\" data-settings=\"{&quot;_transform_scale_effect_hover&quot;:{&quot;unit&quot;:&quot;px&quot;,&quot;size&quot;:0.9,&quot;sizes&quot;:[]},&quot;_transform_scale_effect_hover_tablet&quot;:{&quot;unit&quot;:&quot;px&quot;,&quot;size&quot;:&quot;&quot;,&quot;sizes&quot;:[]},&quot;_transform_scale_effect_hover_mobile&quot;:{&quot;unit&quot;:&quot;px&quot;,&quot;size&quot;:&quot;&quot;,&quot;sizes&quot;:[]}}\" data-widget_type=\"icon-box.default\">\n\t\t\t\t<div class=\"elementor-widget-container\">\n\t\t\t\t\t\t\t<div class=\"elementor-icon-box-wrapper\">\n\n\t\t\t\t\t\t<div class=\"elementor-icon-box-icon\">\n\t\t\t\t<a href=\"#elementor-action%3Aaction%3Dpopup%3Aopen%26settings%3DeyJpZCI6NDIyOTMsInRvZ2dsZSI6ZmFsc2V9\" class=\"elementor-icon\" tabindex=\"-1\" aria-label=\"Carta del bar\">\n\t\t\t\t<svg xmlns=\"http:\/\/www.w3.org\/2000\/svg\" xmlns:xlink=\"http:\/\/www.w3.org\/1999\/xlink\" id=\"Capa_1\" x=\"0px\" y=\"0px\" viewBox=\"0 0 512.002 512.002\" style=\"enable-background:new 0 0 512.002 512.002;\" xml:space=\"preserve\"><g>\t<g>\t\t<g>\t\t\t<path d=\"M461.638,3.469C464.025,7.048,459.253-0.11,461.638,3.469L461.638,3.469z\"><\/path>\t\t\t<path d=\"M461.638,3.469c-2.385-3.579-7.222-4.546-10.802-2.16l-65.427,43.618c-1.577,1.051-2.717,2.642-3.206,4.473     l-14.668,54.989H215.801c-1.802-19.4-10.266-36.886-23.074-50.166c-0.2-0.258-1.02-1.098-1.214-1.258     c-15.118-15.038-35.939-24.348-58.897-24.348c-46.033,0-83.489,37.417-83.558,83.435c0,0.012-0.002,0.024-0.002,0.036     c0,0.007,0.001,0.013,0.001,0.02c0,0.024-0.002,0.047-0.002,0.071c0,23.806,10.023,45.302,26.052,60.537     c0.201,0.237,1.039,1.031,1.245,1.187c14.526,13.253,33.733,21.439,54.814,21.801l9.426,108.564     c0.372,4.286,4.157,7.471,8.433,7.086c4.286-0.372,7.459-4.148,7.086-8.434l-15.698-180.8c-0.062-0.717,0.245-1.217,0.513-1.509     c0.269-0.293,0.738-0.641,1.457-0.641h220.996l-17.733,66.481H264.26l-18.535-26.12c-1.196-1.685-3.011-2.826-5.048-3.172     c-2.036-0.345-4.127,0.132-5.813,1.327l-39.407,27.965h-26.316c-2.183,0-4.266,0.916-5.742,2.525     c-1.475,1.609-2.207,3.763-2.018,5.938l24.237,279.136c0.64,7.377,6.707,12.939,14.111,12.939h75.864     c0.01,0,0.021,0.002,0.031,0.002c0.008,0,0.016-0.002,0.024-0.002h64.433c6.328,0,11.701-4.939,12.233-11.243l4.154-49.188     c0.362-4.287-2.82-8.056-7.107-8.418c-4.273-0.358-8.054,2.82-8.417,7.106l-3.899,46.164h-51.284l41.309-154.866     c1.109-4.157-1.362-8.425-5.519-9.534c-4.16-1.113-8.424,1.362-9.534,5.518l-42.38,158.882h-68.609l-13.624-156.906     l50.875,34.725c1.344,0.917,2.872,1.357,4.385,1.357c2.488,0,4.932-1.189,6.44-3.399l42.906-62.86     c1.165-1.706,1.604-3.805,1.221-5.835c-0.383-2.03-1.557-3.825-3.263-4.99l-47.292-32.279L276.53,217.2     c3.508-2.489,4.334-7.352,1.844-10.86l-3.058-4.31h66.176l-20.445,76.649c-1.109,4.157,1.362,8.425,5.519,9.534     c0.672,0.18,1.348,0.265,2.012,0.265c3.442,0,6.592-2.3,7.522-5.784l21.516-80.664h2.182L343.65,393.246     c-0.362,4.287,2.82,8.056,7.107,8.418c0.223,0.019,0.444,0.028,0.664,0.028c4.004,0,7.409-3.071,7.753-7.134l16.862-199.661     c0.379-4.533-3.363-8.523-7.909-8.445h-6.355l17.733-66.481h15.553c0.717,0,1.188,0.348,1.455,0.639     c0.269,0.292,0.576,0.79,0.515,1.506l-30.735,363.956c-0.499,5.902-5.34,10.352-11.262,10.352H183.277     c-5.908,0-10.749-4.439-11.259-10.321l-12.954-150.052c-0.371-4.286-4.144-7.462-8.431-7.091c-4.285,0.37-7.46,4.145-7.091,8.43     l12.955,150.056c1.216,13.999,12.729,24.556,26.78,24.556H355.03c13.853,0,25.619-10.814,26.786-24.619l30.735-363.958     c0.412-4.882-1.254-9.751-4.569-13.359c-3.316-3.607-8.027-5.675-12.925-5.675H383.66l12.839-48.132l62.98-41.987     C463.057,11.885,464.025,7.048,461.638,3.469z M124.826,44.656v50.242L89.549,59.62C99.39,51.542,111.532,46.18,124.826,44.656z      M78.716,70.819l34.222,34.222l-47.857-0.557C66.505,91.909,71.371,80.368,78.716,70.819z M65.105,120.064l49.025,0.57     l-33.149,35.691C72.415,146.321,66.702,133.815,65.105,120.064z M92.387,166.937l33.179-35.723l4.244,48.876     C115.844,179.519,102.955,174.721,92.387,166.937z M140.405,94.132V44.656c13.104,1.502,25.084,6.741,34.848,14.627     L140.405,94.132z M152.181,104.389l33.998-33.999c7.512,9.607,12.5,21.271,13.96,33.999H152.181z M184.357,279.411l-6.719-77.383     h9.4l25.556,36.014L184.357,279.411z M274.752,281.976l-34.124,49.993l-49.993-34.123l32.241-47.234     c0.583,0.257,1.195,0.452,1.834,0.56c0.434,0.074,0.87,0.11,1.304,0.11c1.001,0,1.983-0.215,2.908-0.588L274.752,281.976z      M228.954,231.856l-1.846-1.26c-0.37-0.253-0.757-0.461-1.151-0.642l-21.731-30.624l33.302-23.632l23.633,33.303L228.954,231.856     z\"><\/path>\t\t<\/g>\t<\/g><\/g><g><\/g><g><\/g><g><\/g><g><\/g><g><\/g><g><\/g><g><\/g><g><\/g><g><\/g><g><\/g><g><\/g><g><\/g><g><\/g><g><\/g><g><\/g><\/svg>\t\t\t\t<\/a>\n\t\t\t<\/div>\n\t\t\t\n\t\t\t\t\t\t<div class=\"elementor-icon-box-content\">\n\n\t\t\t\t\t\t\t\t\t<h3 class=\"elementor-icon-box-title\">\n\t\t\t\t\t\t<a href=\"#elementor-action%3Aaction%3Dpopup%3Aopen%26settings%3DeyJpZCI6NDIyOTMsInRvZ2dsZSI6ZmFsc2V9\" >\n\t\t\t\t\t\t\tCarta del bar\t\t\t\t\t\t<\/a>\n\t\t\t\t\t<\/h3>\n\t\t\t\t\n\t\t\t\t\n\t\t\t<\/div>\n\t\t\t\n\t\t<\/div>\n\t\t\t\t\t\t<\/div>\n\t\t\t\t<\/div>\n\t\t\t\t\t<\/div>\n\t\t\t\t<\/div>\n\t\t<div class=\"elementor-element elementor-element-4dcc465e e-flex e-con-boxed sc_layouts_column_icons_position_left e-con e-parent\" data-id=\"4dcc465e\" data-element_type=\"container\" data-e-type=\"container\">\n\t\t\t\t\t<div class=\"e-con-inner\">\n\t\t<div class=\"elementor-element elementor-element-b955c7b e-con-full e-flex sc_layouts_column_icons_position_left e-con e-child\" data-id=\"b955c7b\" data-element_type=\"container\" data-e-type=\"container\">\n\t\t\t\t<div class=\"elementor-element elementor-element-835c477 sc_fly_static elementor-widget elementor-widget-heading\" data-id=\"835c477\" data-element_type=\"widget\" data-e-type=\"widget\" data-widget_type=\"heading.default\">\n\t\t\t\t<div class=\"elementor-widget-container\">\n\t\t\t\t\t<h2 class=\"elementor-heading-title elementor-size-default\">Informaci\u00f3n del bar<\/h2>\t\t\t\t<\/div>\n\t\t\t\t<\/div>\n\t\t\t\t<div class=\"elementor-element elementor-element-653879c sc_fly_static elementor-widget elementor-widget-text-editor\" data-id=\"653879c\" data-element_type=\"widget\" data-e-type=\"widget\" data-widget_type=\"text-editor.default\">\n\t\t\t\t<div class=\"elementor-widget-container\">\n\t\t\t\t\t\t\t\t\t<p><strong>Horario de apertura<\/strong><\/p>\t\t\t\t\t\t\t\t<\/div>\n\t\t\t\t<\/div>\n\t\t\t\t<div class=\"elementor-element elementor-element-395bd51 sc_fly_static elementor-widget elementor-widget-text-editor\" data-id=\"395bd51\" data-element_type=\"widget\" data-e-type=\"widget\" data-widget_type=\"text-editor.default\">\n\t\t\t\t<div class=\"elementor-widget-container\">\n\t\t\t\t\t\t\t\t\t<p>12:00 a 21:00<\/p>\t\t\t\t\t\t\t\t<\/div>\n\t\t\t\t<\/div>\n\t\t\t\t<div class=\"elementor-element elementor-element-842ad75 sc_fly_static elementor-widget elementor-widget-text-editor\" data-id=\"842ad75\" data-element_type=\"widget\" data-e-type=\"widget\" data-widget_type=\"text-editor.default\">\n\t\t\t\t<div class=\"elementor-widget-container\">\n\t\t\t\t\t\t\t\t\t<p><strong>Hora feliz<\/strong><\/p>\t\t\t\t\t\t\t\t<\/div>\n\t\t\t\t<\/div>\n\t\t\t\t<div class=\"elementor-element elementor-element-ded3977 sc_fly_static elementor-widget elementor-widget-text-editor\" data-id=\"ded3977\" data-element_type=\"widget\" data-e-type=\"widget\" data-widget_type=\"text-editor.default\">\n\t\t\t\t<div class=\"elementor-widget-container\">\n\t\t\t\t\t\t\t\t\t<p>16:00 a 18:00<\/p>\t\t\t\t\t\t\t\t<\/div>\n\t\t\t\t<\/div>\n\t\t\t\t<div class=\"elementor-element elementor-element-a0e63fd sc_fly_static elementor-widget elementor-widget-text-editor\" data-id=\"a0e63fd\" data-element_type=\"widget\" data-e-type=\"widget\" data-widget_type=\"text-editor.default\">\n\t\t\t\t<div class=\"elementor-widget-container\">\n\t\t\t\t\t\t\t\t\t<p><strong>Beba y rel\u00e1jese<\/strong><\/p>\t\t\t\t\t\t\t\t<\/div>\n\t\t\t\t<\/div>\n\t\t\t\t<div class=\"elementor-element elementor-element-de9f4d9 sc_fly_static elementor-widget elementor-widget-text-editor\" data-id=\"de9f4d9\" data-element_type=\"widget\" data-e-type=\"widget\" data-widget_type=\"text-editor.default\">\n\t\t\t\t<div class=\"elementor-widget-container\">\n\t\t\t\t\t\t\t\t\t<p>Simplemente rel\u00e1jese y deje que nosotros vayamos a usted. Para realizar un pedido o hacer una solicitud, env\u00ede un mensaje a nuestro equipo de recepci\u00f3n directamente por WhatsApp al<a href=\"callto:+501%20615-6208\"> +501 615-6208<\/a> para un servicio r\u00e1pido y c\u00f3modo durante toda su estancia. <\/p>\t\t\t\t\t\t\t\t<\/div>\n\t\t\t\t<\/div>\n\t\t\t\t<\/div>\n\t\t<div class=\"elementor-element elementor-element-709d2277 e-con-full e-flex sc_layouts_column_icons_position_left e-con e-child\" data-id=\"709d2277\" data-element_type=\"container\" data-e-type=\"container\">\n\t\t\t\t<div class=\"elementor-element elementor-element-7062587 elementor-arrows-position-inside elementor-pagination-position-outside sc_fly_static elementor-widget elementor-widget-image-carousel\" data-id=\"7062587\" data-element_type=\"widget\" data-e-type=\"widget\" data-settings=\"{&quot;slides_to_show&quot;:&quot;1&quot;,&quot;effect&quot;:&quot;fade&quot;,&quot;navigation&quot;:&quot;both&quot;,&quot;autoplay&quot;:&quot;yes&quot;,&quot;autoplay_speed&quot;:5000,&quot;infinite&quot;:&quot;yes&quot;,&quot;speed&quot;:500}\" data-widget_type=\"image-carousel.default\">\n\t\t\t\t<div class=\"elementor-widget-container\">\n\t\t\t\t\t\t\t<div class=\"elementor-image-carousel-wrapper swiper\" role=\"region\" aria-roledescription=\"carousel\" aria-label=\"Image Carousel\" dir=\"ltr\">\n\t\t\t<div class=\"elementor-image-carousel swiper-wrapper\" aria-live=\"off\">\n\t\t\t\t\t\t\t\t<div class=\"swiper-slide\" role=\"group\" aria-roledescription=\"slide\" aria-label=\"1 de 3\"><figure class=\"swiper-slide-inner\"><img decoding=\"async\" class=\"swiper-slide-image\" src=\"https:\/\/jaguarreefbelize.com\/wp-content\/uploads\/2026\/01\/JRL-BIG-DOCK-IMAGE-01.jpg\" alt=\"JRL-BIG-DOCK-IMAGE-01\" \/><\/figure><\/div><div class=\"swiper-slide\" role=\"group\" aria-roledescription=\"slide\" aria-label=\"2 de 3\"><figure class=\"swiper-slide-inner\"><img decoding=\"async\" class=\"swiper-slide-image\" src=\"https:\/\/jaguarreefbelize.com\/wp-content\/uploads\/2026\/01\/JRL-BIG-DOCK-IMAGE-02.jpg\" alt=\"JRL-BIG-DOCK-IMAGE-02\" \/><\/figure><\/div><div class=\"swiper-slide\" role=\"group\" aria-roledescription=\"slide\" aria-label=\"3 de 3\"><figure class=\"swiper-slide-inner\"><img decoding=\"async\" class=\"swiper-slide-image\" src=\"https:\/\/jaguarreefbelize.com\/wp-content\/uploads\/2026\/01\/JRL-BIG-DOCK-IMAGE-03.jpg\" alt=\"JRL-BIG-DOCK-IMAGE-03\" \/><\/figure><\/div>\t\t\t<\/div>\n\t\t\t\t\t\t\t\t\t\t\t\t<div class=\"elementor-swiper-button elementor-swiper-button-prev\" role=\"button\" tabindex=\"0\">\n\t\t\t\t\t\t<svg aria-hidden=\"true\" class=\"e-font-icon-svg e-eicon-chevron-left\" viewBox=\"0 0 1000 1000\" xmlns=\"http:\/\/www.w3.org\/2000\/svg\"><path d=\"M646 125C629 125 613 133 604 142L308 442C296 454 292 471 292 487 292 504 296 521 308 533L604 854C617 867 629 875 646 875 663 875 679 871 692 858 704 846 713 829 713 812 713 796 708 779 692 767L438 487 692 225C700 217 708 204 708 187 708 171 704 154 692 142 675 129 663 125 646 125Z\"><\/path><\/svg>\t\t\t\t\t<\/div>\n\t\t\t\t\t<div class=\"elementor-swiper-button elementor-swiper-button-next\" role=\"button\" tabindex=\"0\">\n\t\t\t\t\t\t<svg aria-hidden=\"true\" class=\"e-font-icon-svg e-eicon-chevron-right\" viewBox=\"0 0 1000 1000\" xmlns=\"http:\/\/www.w3.org\/2000\/svg\"><path d=\"M696 533C708 521 713 504 713 487 713 471 708 454 696 446L400 146C388 133 375 125 354 125 338 125 325 129 313 142 300 154 292 171 292 187 292 204 296 221 308 233L563 492 304 771C292 783 288 800 288 817 288 833 296 850 308 863 321 871 338 875 354 875 371 875 388 867 400 854L696 533Z\"><\/path><\/svg>\t\t\t\t\t<\/div>\n\t\t\t\t\n\t\t\t\t\t\t\t\t\t<div class=\"swiper-pagination\"><\/div>\n\t\t\t\t\t\t\t\t\t<\/div>\n\t\t\t\t\t\t<\/div>\n\t\t\t\t<\/div>\n\t\t\t\t<\/div>\n\t\t\t\t\t<\/div>\n\t\t\t\t<\/div>\n\t\t\t\t<\/div>\n\t\t","protected":false},"excerpt":{"rendered":"<p>Big Dock Ceviche Bar Su nuevo lugar favorito para relajarse Ideal para d\u00edas gloriosos y tranquilos, el Big Dock Ceviche Bar encarna la filosof\u00eda de vida relajada de The Belize&hellip;<\/p>\n","protected":false},"author":1,"featured_media":0,"parent":0,"menu_order":0,"comment_status":"closed","ping_status":"closed","template":"","meta":{"footnotes":""},"class_list":["post-45827","page","type-page","status-publish","hentry"],"yoast_head":"<!-- This site is optimized with the Yoast SEO plugin v27.5 - https:\/\/yoast.com\/product\/yoast-seo-wordpress\/ -->\n<title>Big Dock Ceviche Bar - The Lodge At Jaguar Reef<\/title>\n<meta name=\"robots\" content=\"index, follow, max-snippet:-1, max-image-preview:large, max-video-preview:-1\" \/>\n<link rel=\"canonical\" href=\"https:\/\/jaguarreefbelize.com\/es\/big-dock-ceviche-bar\/\" \/>\n<meta property=\"og:locale\" content=\"es_ES\" \/>\n<meta property=\"og:type\" content=\"article\" \/>\n<meta property=\"og:title\" content=\"Big Dock Ceviche Bar - The Lodge At Jaguar Reef\" \/>\n<meta property=\"og:description\" content=\"Big Dock Ceviche Bar Su nuevo lugar favorito para relajarse Ideal para d\u00edas gloriosos y tranquilos, el Big Dock Ceviche Bar encarna la filosof\u00eda de vida relajada de The Belize&hellip;\" \/>\n<meta property=\"og:url\" content=\"https:\/\/jaguarreefbelize.com\/es\/big-dock-ceviche-bar\/\" \/>\n<meta property=\"og:site_name\" content=\"The Lodge At Jaguar Reef\" \/>\n<meta property=\"article:modified_time\" content=\"2026-05-05T14:23:49+00:00\" \/>\n<meta property=\"og:image\" content=\"https:\/\/jaguarreefbelize.com\/wp-content\/uploads\/2026\/01\/JRL-BIG-DOCK-IMAGE-01.jpg\" \/>\n<meta name=\"twitter:card\" content=\"summary_large_image\" \/>\n<meta name=\"twitter:label1\" content=\"Tiempo de lectura\" \/>\n\t<meta name=\"twitter:data1\" content=\"1 minuto\" \/>\n<script type=\"application\/ld+json\" class=\"yoast-schema-graph\">{\"@context\":\"https:\\\/\\\/schema.org\",\"@graph\":[{\"@type\":\"WebPage\",\"@id\":\"https:\\\/\\\/jaguarreefbelize.com\\\/es\\\/big-dock-ceviche-bar\\\/\",\"url\":\"https:\\\/\\\/jaguarreefbelize.com\\\/es\\\/big-dock-ceviche-bar\\\/\",\"name\":\"Big Dock Ceviche Bar - The Lodge At Jaguar Reef\",\"isPartOf\":{\"@id\":\"https:\\\/\\\/jaguarreefbelize.com\\\/es\\\/#website\"},\"primaryImageOfPage\":{\"@id\":\"https:\\\/\\\/jaguarreefbelize.com\\\/es\\\/big-dock-ceviche-bar\\\/#primaryimage\"},\"image\":{\"@id\":\"https:\\\/\\\/jaguarreefbelize.com\\\/es\\\/big-dock-ceviche-bar\\\/#primaryimage\"},\"thumbnailUrl\":\"https:\\\/\\\/jaguarreefbelize.com\\\/wp-content\\\/uploads\\\/2026\\\/01\\\/JRL-BIG-DOCK-IMAGE-01.jpg\",\"datePublished\":\"2026-01-16T15:45:21+00:00\",\"dateModified\":\"2026-05-05T14:23:49+00:00\",\"breadcrumb\":{\"@id\":\"https:\\\/\\\/jaguarreefbelize.com\\\/es\\\/big-dock-ceviche-bar\\\/#breadcrumb\"},\"inLanguage\":\"es\",\"potentialAction\":[{\"@type\":\"ReadAction\",\"target\":[\"https:\\\/\\\/jaguarreefbelize.com\\\/es\\\/big-dock-ceviche-bar\\\/\"]}]},{\"@type\":\"ImageObject\",\"inLanguage\":\"es\",\"@id\":\"https:\\\/\\\/jaguarreefbelize.com\\\/es\\\/big-dock-ceviche-bar\\\/#primaryimage\",\"url\":\"https:\\\/\\\/jaguarreefbelize.com\\\/wp-content\\\/uploads\\\/2026\\\/01\\\/JRL-BIG-DOCK-IMAGE-01.jpg\",\"contentUrl\":\"https:\\\/\\\/jaguarreefbelize.com\\\/wp-content\\\/uploads\\\/2026\\\/01\\\/JRL-BIG-DOCK-IMAGE-01.jpg\"},{\"@type\":\"BreadcrumbList\",\"@id\":\"https:\\\/\\\/jaguarreefbelize.com\\\/es\\\/big-dock-ceviche-bar\\\/#breadcrumb\",\"itemListElement\":[{\"@type\":\"ListItem\",\"position\":1,\"name\":\"Home\",\"item\":\"https:\\\/\\\/jaguarreefbelize.com\\\/es\\\/the-lodge-at-jaguar-reef\\\/\"},{\"@type\":\"ListItem\",\"position\":2,\"name\":\"Big Dock Ceviche Bar\"}]},{\"@type\":\"WebSite\",\"@id\":\"https:\\\/\\\/jaguarreefbelize.com\\\/es\\\/#website\",\"url\":\"https:\\\/\\\/jaguarreefbelize.com\\\/es\\\/\",\"name\":\"The Lodge At Jaguar Reef\",\"description\":\"A beach chic getaway in Hopkins, Belize\",\"publisher\":{\"@id\":\"https:\\\/\\\/jaguarreefbelize.com\\\/es\\\/#organization\"},\"potentialAction\":[{\"@type\":\"SearchAction\",\"target\":{\"@type\":\"EntryPoint\",\"urlTemplate\":\"https:\\\/\\\/jaguarreefbelize.com\\\/es\\\/?s={search_term_string}\"},\"query-input\":{\"@type\":\"PropertyValueSpecification\",\"valueRequired\":true,\"valueName\":\"search_term_string\"}}],\"inLanguage\":\"es\"},{\"@type\":\"Organization\",\"@id\":\"https:\\\/\\\/jaguarreefbelize.com\\\/es\\\/#organization\",\"name\":\"The Lodge At Jaguar Reef\",\"url\":\"https:\\\/\\\/jaguarreefbelize.com\\\/es\\\/\",\"logo\":{\"@type\":\"ImageObject\",\"inLanguage\":\"es\",\"@id\":\"https:\\\/\\\/jaguarreefbelize.com\\\/es\\\/#\\\/schema\\\/logo\\\/image\\\/\",\"url\":\"https:\\\/\\\/jaguarreefbelize.com\\\/wp-content\\\/uploads\\\/2025\\\/12\\\/JRL-long-logo.png\",\"contentUrl\":\"https:\\\/\\\/jaguarreefbelize.com\\\/wp-content\\\/uploads\\\/2025\\\/12\\\/JRL-long-logo.png\",\"width\":1000,\"height\":182,\"caption\":\"The Lodge At Jaguar Reef\"},\"image\":{\"@id\":\"https:\\\/\\\/jaguarreefbelize.com\\\/es\\\/#\\\/schema\\\/logo\\\/image\\\/\"}}]}<\/script>\n<!-- \/ Yoast SEO plugin. -->","yoast_head_json":{"title":"Big Dock Ceviche Bar - The Lodge At Jaguar Reef","robots":{"index":"index","follow":"follow","max-snippet":"max-snippet:-1","max-image-preview":"max-image-preview:large","max-video-preview":"max-video-preview:-1"},"canonical":"https:\/\/jaguarreefbelize.com\/es\/big-dock-ceviche-bar\/","og_locale":"es_ES","og_type":"article","og_title":"Big Dock Ceviche Bar - The Lodge At Jaguar Reef","og_description":"Big Dock Ceviche Bar Su nuevo lugar favorito para relajarse Ideal para d\u00edas gloriosos y tranquilos, el Big Dock Ceviche Bar encarna la filosof\u00eda de vida relajada de The Belize&hellip;","og_url":"https:\/\/jaguarreefbelize.com\/es\/big-dock-ceviche-bar\/","og_site_name":"The Lodge At Jaguar Reef","article_modified_time":"2026-05-05T14:23:49+00:00","og_image":[{"url":"https:\/\/jaguarreefbelize.com\/wp-content\/uploads\/2026\/01\/JRL-BIG-DOCK-IMAGE-01.jpg","type":"","width":"","height":""}],"twitter_card":"summary_large_image","twitter_misc":{"Tiempo de lectura":"1 minuto"},"schema":{"@context":"https:\/\/schema.org","@graph":[{"@type":"WebPage","@id":"https:\/\/jaguarreefbelize.com\/es\/big-dock-ceviche-bar\/","url":"https:\/\/jaguarreefbelize.com\/es\/big-dock-ceviche-bar\/","name":"Big Dock Ceviche Bar - The Lodge At Jaguar Reef","isPartOf":{"@id":"https:\/\/jaguarreefbelize.com\/es\/#website"},"primaryImageOfPage":{"@id":"https:\/\/jaguarreefbelize.com\/es\/big-dock-ceviche-bar\/#primaryimage"},"image":{"@id":"https:\/\/jaguarreefbelize.com\/es\/big-dock-ceviche-bar\/#primaryimage"},"thumbnailUrl":"https:\/\/jaguarreefbelize.com\/wp-content\/uploads\/2026\/01\/JRL-BIG-DOCK-IMAGE-01.jpg","datePublished":"2026-01-16T15:45:21+00:00","dateModified":"2026-05-05T14:23:49+00:00","breadcrumb":{"@id":"https:\/\/jaguarreefbelize.com\/es\/big-dock-ceviche-bar\/#breadcrumb"},"inLanguage":"es","potentialAction":[{"@type":"ReadAction","target":["https:\/\/jaguarreefbelize.com\/es\/big-dock-ceviche-bar\/"]}]},{"@type":"ImageObject","inLanguage":"es","@id":"https:\/\/jaguarreefbelize.com\/es\/big-dock-ceviche-bar\/#primaryimage","url":"https:\/\/jaguarreefbelize.com\/wp-content\/uploads\/2026\/01\/JRL-BIG-DOCK-IMAGE-01.jpg","contentUrl":"https:\/\/jaguarreefbelize.com\/wp-content\/uploads\/2026\/01\/JRL-BIG-DOCK-IMAGE-01.jpg"},{"@type":"BreadcrumbList","@id":"https:\/\/jaguarreefbelize.com\/es\/big-dock-ceviche-bar\/#breadcrumb","itemListElement":[{"@type":"ListItem","position":1,"name":"Home","item":"https:\/\/jaguarreefbelize.com\/es\/the-lodge-at-jaguar-reef\/"},{"@type":"ListItem","position":2,"name":"Big Dock Ceviche Bar"}]},{"@type":"WebSite","@id":"https:\/\/jaguarreefbelize.com\/es\/#website","url":"https:\/\/jaguarreefbelize.com\/es\/","name":"The Lodge At Jaguar Reef","description":"A beach chic getaway in Hopkins, Belize","publisher":{"@id":"https:\/\/jaguarreefbelize.com\/es\/#organization"},"potentialAction":[{"@type":"SearchAction","target":{"@type":"EntryPoint","urlTemplate":"https:\/\/jaguarreefbelize.com\/es\/?s={search_term_string}"},"query-input":{"@type":"PropertyValueSpecification","valueRequired":true,"valueName":"search_term_string"}}],"inLanguage":"es"},{"@type":"Organization","@id":"https:\/\/jaguarreefbelize.com\/es\/#organization","name":"The Lodge At Jaguar Reef","url":"https:\/\/jaguarreefbelize.com\/es\/","logo":{"@type":"ImageObject","inLanguage":"es","@id":"https:\/\/jaguarreefbelize.com\/es\/#\/schema\/logo\/image\/","url":"https:\/\/jaguarreefbelize.com\/wp-content\/uploads\/2025\/12\/JRL-long-logo.png","contentUrl":"https:\/\/jaguarreefbelize.com\/wp-content\/uploads\/2025\/12\/JRL-long-logo.png","width":1000,"height":182,"caption":"The Lodge At Jaguar Reef"},"image":{"@id":"https:\/\/jaguarreefbelize.com\/es\/#\/schema\/logo\/image\/"}}]}},"jetpack_sharing_enabled":true,"_links":{"self":[{"href":"https:\/\/jaguarreefbelize.com\/es\/wp-json\/wp\/v2\/pages\/45827","targetHints":{"allow":["GET"]}}],"collection":[{"href":"https:\/\/jaguarreefbelize.com\/es\/wp-json\/wp\/v2\/pages"}],"about":[{"href":"https:\/\/jaguarreefbelize.com\/es\/wp-json\/wp\/v2\/types\/page"}],"author":[{"embeddable":true,"href":"https:\/\/jaguarreefbelize.com\/es\/wp-json\/wp\/v2\/users\/1"}],"replies":[{"embeddable":true,"href":"https:\/\/jaguarreefbelize.com\/es\/wp-json\/wp\/v2\/comments?post=45827"}],"version-history":[{"count":1,"href":"https:\/\/jaguarreefbelize.com\/es\/wp-json\/wp\/v2\/pages\/45827\/revisions"}],"predecessor-version":[{"id":45832,"href":"https:\/\/jaguarreefbelize.com\/es\/wp-json\/wp\/v2\/pages\/45827\/revisions\/45832"}],"wp:attachment":[{"href":"https:\/\/jaguarreefbelize.com\/es\/wp-json\/wp\/v2\/media?parent=45827"}],"curies":[{"name":"wp","href":"https:\/\/api.w.org\/{rel}","templated":true}]}}