{"id":45647,"date":"2026-02-09T14:02:40","date_gmt":"2026-02-09T20:02:40","guid":{"rendered":"https:\/\/jaguarreefbelize.com\/conozca-belice-experiencia-cultural\/"},"modified":"2026-05-05T08:20:14","modified_gmt":"2026-05-05T14:20:14","slug":"conozca-belice-experiencia-cultural","status":"publish","type":"page","link":"https:\/\/jaguarreefbelize.com\/es\/paquetes-de-vacaciones-en-belice\/conozca-belice-experiencia-cultural\/","title":{"rendered":"Conozca Belice: experiencia cultural"},"content":{"rendered":"\t\t<div data-elementor-type=\"wp-page\" data-elementor-id=\"45647\" class=\"elementor elementor-45647 elementor-42781\" data-elementor-post-type=\"page\">\n\t\t\t\t<div class=\"elementor-element elementor-element-240fc2e5 e-con-full e-flex sc_layouts_column_icons_position_left e-con e-parent\" data-id=\"240fc2e5\" data-element_type=\"container\" data-e-type=\"container\" data-settings=\"{&quot;background_background&quot;:&quot;classic&quot;,&quot;background_motion_fx_motion_fx_scrolling&quot;:&quot;yes&quot;,&quot;background_motion_fx_translateY_effect&quot;:&quot;yes&quot;,&quot;background_motion_fx_translateY_speed&quot;:{&quot;unit&quot;:&quot;px&quot;,&quot;size&quot;:4,&quot;sizes&quot;:[]},&quot;background_motion_fx_translateY_affectedRange&quot;:{&quot;unit&quot;:&quot;%&quot;,&quot;size&quot;:&quot;&quot;,&quot;sizes&quot;:{&quot;start&quot;:0,&quot;end&quot;:100}},&quot;background_motion_fx_devices&quot;:[&quot;desktop&quot;,&quot;tablet&quot;,&quot;mobile&quot;]}\">\n\t\t\t\t<div class=\"elementor-element elementor-element-1857d65a sc_fly_static elementor-widget elementor-widget-heading\" data-id=\"1857d65a\" data-element_type=\"widget\" data-e-type=\"widget\" data-widget_type=\"heading.default\">\n\t\t\t\t<div class=\"elementor-widget-container\">\n\t\t\t\t\t<h1 class=\"elementor-heading-title elementor-size-default\">Conozca Belice: experiencia cultural<\/h1>\t\t\t\t<\/div>\n\t\t\t\t<\/div>\n\t\t\t\t<\/div>\n\t\t<div class=\"elementor-element elementor-element-7df17860 e-flex e-con-boxed sc_layouts_column_icons_position_left e-con e-parent\" data-id=\"7df17860\" data-element_type=\"container\" data-e-type=\"container\">\n\t\t\t\t\t<div class=\"e-con-inner\">\n\t\t\t\t<div class=\"elementor-element elementor-element-3726d2bd sc_fly_static elementor-widget elementor-widget-heading\" data-id=\"3726d2bd\" data-element_type=\"widget\" data-e-type=\"widget\" data-widget_type=\"heading.default\">\n\t\t\t\t<div class=\"elementor-widget-container\">\n\t\t\t\t\t<h2 class=\"elementor-heading-title elementor-size-default\">Conozca Belice: experiencia cultural<\/h2>\t\t\t\t<\/div>\n\t\t\t\t<\/div>\n\t\t\t\t\t<\/div>\n\t\t\t\t<\/div>\n\t\t<div class=\"elementor-element elementor-element-13ad372b e-flex e-con-boxed sc_layouts_column_icons_position_left e-con e-parent\" data-id=\"13ad372b\" data-element_type=\"container\" data-e-type=\"container\">\n\t\t\t\t\t<div class=\"e-con-inner\">\n\t\t<div class=\"elementor-element elementor-element-4a39b4c0 e-con-full e-flex sc_layouts_column_icons_position_left e-con e-child\" data-id=\"4a39b4c0\" data-element_type=\"container\" data-e-type=\"container\">\n\t\t\t\t<div class=\"elementor-element elementor-element-26210ac sc_fly_static elementor-widget elementor-widget-heading\" data-id=\"26210ac\" data-element_type=\"widget\" data-e-type=\"widget\" data-widget_type=\"heading.default\">\n\t\t\t\t<div class=\"elementor-widget-container\">\n\t\t\t\t\t<h3 class=\"elementor-heading-title elementor-size-default\">Experimente la cultura, la tradici\u00f3n y la autenticidad<\/h3>\t\t\t\t<\/div>\n\t\t\t\t<\/div>\n\t\t\t\t<div class=\"elementor-element elementor-element-481d34e0 sc_fly_static elementor-widget elementor-widget-text-editor\" data-id=\"481d34e0\" data-element_type=\"widget\" data-e-type=\"widget\" data-widget_type=\"text-editor.default\">\n\t\t\t\t<div class=\"elementor-widget-container\">\n\t\t\t\t\t\t\t\t\t<p>Hogar de cinco etnias principales y hasta nueve en total, Belice es simult\u00e1neamente una celebraci\u00f3n de la diversidad y la tradici\u00f3n. Dos grupos nativos de Belice cuyas culturas conocer\u00e1 de primera mano a trav\u00e9s de nuestro paquete de inmersi\u00f3n cultural son los mayas y los gar\u00edfunas. Con la selva y el mar Caribe como tel\u00f3n de fondo, aprenda nuestro idioma, nuestra comida y nuestro baile. Una historia que seguimos contando para que el oyente atento se la lleve de vuelta a casa.   <\/p>\t\t\t\t\t\t\t\t<\/div>\n\t\t\t\t<\/div>\n\t\t\t\t<div class=\"elementor-element elementor-element-a731159 elementor-align-center sc_fly_static elementor-widget elementor-widget-button\" data-id=\"a731159\" data-element_type=\"widget\" data-e-type=\"widget\" data-widget_type=\"button.default\">\n\t\t\t\t<div class=\"elementor-widget-container\">\n\t\t\t\t\t\t\t\t\t<div class=\"elementor-button-wrapper\">\n\t\t\t\t\t<a class=\"elementor-button elementor-button-link elementor-size-sm\" href=\"#\">\n\t\t\t\t\t\t<span class=\"elementor-button-content-wrapper\">\n\t\t\t\t\t\t\t\t\t<span class=\"elementor-button-text\">CONT\u00c1CTENOS<\/span>\n\t\t\t\t\t<\/span>\n\t\t\t\t\t<\/a>\n\t\t\t\t<\/div>\n\t\t\t\t\t\t\t\t<\/div>\n\t\t\t\t<\/div>\n\t\t\t\t<\/div>\n\t\t<div class=\"elementor-element elementor-element-5c4b25d0 e-con-full e-flex sc_layouts_column_icons_position_left e-con e-child\" data-id=\"5c4b25d0\" data-element_type=\"container\" data-e-type=\"container\">\n\t\t\t\t<div class=\"elementor-element elementor-element-3f83c425 sc_fly_static elementor-widget elementor-widget-text-editor\" data-id=\"3f83c425\" data-element_type=\"widget\" data-e-type=\"widget\" data-widget_type=\"text-editor.default\">\n\t\t\t\t<div class=\"elementor-widget-container\">\n\t\t\t\t\t\t\t\t\t<p><strong>Incluido en esta experiencia<\/strong><\/p>\t\t\t\t\t\t\t\t<\/div>\n\t\t\t\t<\/div>\n\t\t\t\t<div class=\"elementor-element elementor-element-5e8d9bc3 sc_fly_static elementor-widget elementor-widget-text-editor\" data-id=\"5e8d9bc3\" data-element_type=\"widget\" data-e-type=\"widget\" data-widget_type=\"text-editor.default\">\n\t\t\t\t<div class=\"elementor-widget-container\">\n\t\t\t\t\t\t\t\t\t<ul><li>3 noches de alojamiento en una <a href=\"https:\/\/thebelizecollection.com\/sleeping-giant-rt\/creekside-cottage\/\" target=\"_blank\" rel=\"noopener\">Creek Side Cottage<\/a> en <a href=\"https:\/\/thebelizecollection.com\/resorts\/sleeping-giant-rainforest-lodge\/\" target=\"_blank\" rel=\"noopener\">The Rainforest Lodge at Sleeping Giant<\/a><\/li><li>2 noches de alojamiento en una <a href=\"https:\/\/thebelizecollection.com\/jaguar-reef-rt\/deluxe-suite-lower\/\" target=\"_blank\" rel=\"noopener\">Deluxe Suite<\/a> en <a href=\"https:\/\/thebelizecollection.com\/resorts\/beach-resorts\/jaguar-reef-lodge\/\" target=\"_blank\" rel=\"noopener\">The Lodge at Jaguar Reef<\/a><\/li><li>Traslados colectivos desde el Aeropuerto Internacional de Belice a <a href=\"https:\/\/thebelizecollection.com\/resorts\/sleeping-giant-rainforest-lodge\/\" target=\"_blank\" rel=\"noopener\">The Rainforest Lodge at Sleeping Giant<\/a>, luego a <a href=\"https:\/\/thebelizecollection.com\/resorts\/beach-resorts\/jaguar-reef-lodge\/\" target=\"_blank\" rel=\"noopener\">The Lodge at Jaguar Reef<\/a> y de regreso al Aeropuerto Internacional de Belice<\/li><li>Plan de comidas Active<\/li><li><a href=\"https:\/\/thebelizecollection.com\/tours-jungle\/maya-cooking-experience\/\" target=\"_blank\" rel=\"noopener\">Clase de cocina maya<\/a><\/li><li>Clase de cocina gar\u00edfuna con el chef Rahim y percusi\u00f3n<\/li><\/ul>\t\t\t\t\t\t\t\t<\/div>\n\t\t\t\t<\/div>\n\t\t\t\t<div class=\"elementor-element elementor-element-7b8a38b4 sc_fly_static elementor-widget elementor-widget-text-editor\" data-id=\"7b8a38b4\" data-element_type=\"widget\" data-e-type=\"widget\" data-widget_type=\"text-editor.default\">\n\t\t\t\t<div class=\"elementor-widget-container\">\n\t\t\t\t\t\t\t\t\t<p><strong>Desde 4.500,00 USD<\/strong><\/p>\t\t\t\t\t\t\t\t<\/div>\n\t\t\t\t<\/div>\n\t\t\t\t<div class=\"elementor-element elementor-element-56133a66 sc_fly_static elementor-widget elementor-widget-text-editor\" data-id=\"56133a66\" data-element_type=\"widget\" data-e-type=\"widget\" data-widget_type=\"text-editor.default\">\n\t\t\t\t<div class=\"elementor-widget-container\">\n\t\t\t\t\t\t\t\t\t<ul><li>Precio basado en 2 personas.<\/li><\/ul>\t\t\t\t\t\t\t\t<\/div>\n\t\t\t\t<\/div>\n\t\t\t\t<\/div>\n\t\t\t\t\t<\/div>\n\t\t\t\t<\/div>\n\t\t<div data-animation-type=\"sequental\" data-animation-stagger=\"\" class=\"elementor-element elementor-element-1262770 animation_type_sequental e-flex e-con-boxed sc_layouts_column_icons_position_left elementor-invisible e-con e-parent\" data-id=\"1262770\" data-element_type=\"container\" data-e-type=\"container\" data-settings=\"{&quot;animation&quot;:&quot;fadeInUp&quot;}\">\n\t\t\t\t\t<div class=\"e-con-inner\">\n\t\t<div class=\"elementor-element elementor-element-c86ca85 e-con-full e-flex sc_layouts_column_icons_position_left e-con e-child\" data-id=\"c86ca85\" data-element_type=\"container\" data-e-type=\"container\">\n\t\t\t\t<div class=\"elementor-element elementor-element-56f8b0f sc_fly_static elementor-widget elementor-widget-image\" data-id=\"56f8b0f\" data-element_type=\"widget\" data-e-type=\"widget\" data-widget_type=\"image.default\">\n\t\t\t\t<div class=\"elementor-widget-container\">\n\t\t\t\t\t\t\t\t\t\t\t\t\t\t\t\t<a href=\"https:\/\/jaguarreefbelize.com\/wp-content\/uploads\/2026\/02\/Jaguar-Reef-76.jpg\" data-elementor-open-lightbox=\"yes\" data-elementor-lightbox-title=\"Jaguar Reef-76\" data-e-action-hash=\"#elementor-action%3Aaction%3Dlightbox%26settings%3DeyJpZCI6NDU2NTIsInVybCI6Imh0dHBzOlwvXC9qYWd1YXJyZWVmYmVsaXplLmNvbVwvd3AtY29udGVudFwvdXBsb2Fkc1wvMjAyNlwvMDJcL0phZ3Vhci1SZWVmLTc2LmpwZyJ9\">\n\t\t\t\t\t\t\t<img fetchpriority=\"high\" decoding=\"async\" width=\"683\" height=\"1024\" src=\"https:\/\/jaguarreefbelize.com\/wp-content\/uploads\/2026\/02\/Jaguar-Reef-76-683x1024.jpg\" class=\"attachment-large size-large wp-image-45652\" alt=\"\" srcset=\"https:\/\/jaguarreefbelize.com\/wp-content\/uploads\/2026\/02\/Jaguar-Reef-76-683x1024.jpg 683w, https:\/\/jaguarreefbelize.com\/wp-content\/uploads\/2026\/02\/Jaguar-Reef-76-200x300.jpg 200w, https:\/\/jaguarreefbelize.com\/wp-content\/uploads\/2026\/02\/Jaguar-Reef-76-768x1152.jpg 768w, https:\/\/jaguarreefbelize.com\/wp-content\/uploads\/2026\/02\/Jaguar-Reef-76-1024x1536.jpg 1024w, https:\/\/jaguarreefbelize.com\/wp-content\/uploads\/2026\/02\/Jaguar-Reef-76-370x555.jpg 370w, https:\/\/jaguarreefbelize.com\/wp-content\/uploads\/2026\/02\/Jaguar-Reef-76-840x1260.jpg 840w, https:\/\/jaguarreefbelize.com\/wp-content\/uploads\/2026\/02\/Jaguar-Reef-76-410x615.jpg 410w, https:\/\/jaguarreefbelize.com\/wp-content\/uploads\/2026\/02\/Jaguar-Reef-76.jpg 1365w\" sizes=\"(max-width: 683px) 100vw, 683px\" \/>\t\t\t\t\t\t\t\t<\/a>\n\t\t\t\t\t\t\t\t\t\t\t\t\t\t\t<\/div>\n\t\t\t\t<\/div>\n\t\t\t\t<\/div>\n\t\t<div class=\"elementor-element elementor-element-d726426 e-con-full e-flex sc_layouts_column_icons_position_left e-con e-child\" data-id=\"d726426\" data-element_type=\"container\" data-e-type=\"container\">\n\t\t\t\t<div class=\"elementor-element elementor-element-f239214 sc_fly_static elementor-widget elementor-widget-image\" data-id=\"f239214\" data-element_type=\"widget\" data-e-type=\"widget\" data-widget_type=\"image.default\">\n\t\t\t\t<div class=\"elementor-widget-container\">\n\t\t\t\t\t\t\t\t\t\t\t\t\t\t\t\t<a href=\"https:\/\/jaguarreefbelize.com\/wp-content\/uploads\/2026\/02\/Garifuna-Cooking-2.jpg\" data-elementor-open-lightbox=\"yes\" data-elementor-lightbox-title=\"Garifuna Cooking-2\" data-e-action-hash=\"#elementor-action%3Aaction%3Dlightbox%26settings%3DeyJpZCI6NDU2NTAsInVybCI6Imh0dHBzOlwvXC9qYWd1YXJyZWVmYmVsaXplLmNvbVwvd3AtY29udGVudFwvdXBsb2Fkc1wvMjAyNlwvMDJcL0dhcmlmdW5hLUNvb2tpbmctMi5qcGcifQ%3D%3D\">\n\t\t\t\t\t\t\t<img decoding=\"async\" width=\"683\" height=\"1024\" src=\"https:\/\/jaguarreefbelize.com\/wp-content\/uploads\/2026\/02\/Garifuna-Cooking-2-683x1024.jpg\" class=\"attachment-large size-large wp-image-45650\" alt=\"\" srcset=\"https:\/\/jaguarreefbelize.com\/wp-content\/uploads\/2026\/02\/Garifuna-Cooking-2-683x1024.jpg 683w, https:\/\/jaguarreefbelize.com\/wp-content\/uploads\/2026\/02\/Garifuna-Cooking-2-200x300.jpg 200w, https:\/\/jaguarreefbelize.com\/wp-content\/uploads\/2026\/02\/Garifuna-Cooking-2-768x1152.jpg 768w, https:\/\/jaguarreefbelize.com\/wp-content\/uploads\/2026\/02\/Garifuna-Cooking-2-1024x1536.jpg 1024w, https:\/\/jaguarreefbelize.com\/wp-content\/uploads\/2026\/02\/Garifuna-Cooking-2-370x555.jpg 370w, https:\/\/jaguarreefbelize.com\/wp-content\/uploads\/2026\/02\/Garifuna-Cooking-2-840x1260.jpg 840w, https:\/\/jaguarreefbelize.com\/wp-content\/uploads\/2026\/02\/Garifuna-Cooking-2-410x615.jpg 410w, https:\/\/jaguarreefbelize.com\/wp-content\/uploads\/2026\/02\/Garifuna-Cooking-2.jpg 1365w\" sizes=\"(max-width: 683px) 100vw, 683px\" \/>\t\t\t\t\t\t\t\t<\/a>\n\t\t\t\t\t\t\t\t\t\t\t\t\t\t\t<\/div>\n\t\t\t\t<\/div>\n\t\t\t\t<\/div>\n\t\t<div class=\"elementor-element elementor-element-7c0f822 e-con-full e-flex sc_layouts_column_icons_position_left e-con e-child\" data-id=\"7c0f822\" data-element_type=\"container\" data-e-type=\"container\">\n\t\t\t\t<div class=\"elementor-element elementor-element-50f44da sc_fly_static elementor-widget elementor-widget-image\" data-id=\"50f44da\" data-element_type=\"widget\" data-e-type=\"widget\" data-widget_type=\"image.default\">\n\t\t\t\t<div class=\"elementor-widget-container\">\n\t\t\t\t\t\t\t\t\t\t\t\t\t\t\t\t<a href=\"https:\/\/jaguarreefbelize.com\/wp-content\/uploads\/2026\/02\/223A4518-webopd.jpg\" data-elementor-open-lightbox=\"yes\" data-elementor-lightbox-title=\"223A4518 webopd\" data-e-action-hash=\"#elementor-action%3Aaction%3Dlightbox%26settings%3DeyJpZCI6NDU2NTEsInVybCI6Imh0dHBzOlwvXC9qYWd1YXJyZWVmYmVsaXplLmNvbVwvd3AtY29udGVudFwvdXBsb2Fkc1wvMjAyNlwvMDJcLzIyM0E0NTE4LXdlYm9wZC5qcGcifQ%3D%3D\">\n\t\t\t\t\t\t\t<img decoding=\"async\" width=\"683\" height=\"1024\" src=\"https:\/\/jaguarreefbelize.com\/wp-content\/uploads\/2026\/02\/223A4518-webopd-683x1024.jpg\" class=\"attachment-large size-large wp-image-45651\" alt=\"\" srcset=\"https:\/\/jaguarreefbelize.com\/wp-content\/uploads\/2026\/02\/223A4518-webopd-683x1024.jpg 683w, https:\/\/jaguarreefbelize.com\/wp-content\/uploads\/2026\/02\/223A4518-webopd-200x300.jpg 200w, https:\/\/jaguarreefbelize.com\/wp-content\/uploads\/2026\/02\/223A4518-webopd-768x1152.jpg 768w, https:\/\/jaguarreefbelize.com\/wp-content\/uploads\/2026\/02\/223A4518-webopd-1024x1536.jpg 1024w, https:\/\/jaguarreefbelize.com\/wp-content\/uploads\/2026\/02\/223A4518-webopd-370x555.jpg 370w, https:\/\/jaguarreefbelize.com\/wp-content\/uploads\/2026\/02\/223A4518-webopd-840x1260.jpg 840w, https:\/\/jaguarreefbelize.com\/wp-content\/uploads\/2026\/02\/223A4518-webopd-410x615.jpg 410w, https:\/\/jaguarreefbelize.com\/wp-content\/uploads\/2026\/02\/223A4518-webopd.jpg 1365w\" sizes=\"(max-width: 683px) 100vw, 683px\" \/>\t\t\t\t\t\t\t\t<\/a>\n\t\t\t\t\t\t\t\t\t\t\t\t\t\t\t<\/div>\n\t\t\t\t<\/div>\n\t\t\t\t<\/div>\n\t\t\t\t\t<\/div>\n\t\t\t\t<\/div>\n\t\t\t\t<\/div>\n\t\t","protected":false},"excerpt":{"rendered":"<p>Conozca Belice: experiencia cultural Conozca Belice: experiencia cultural Experimente la cultura, la tradici\u00f3n y la autenticidad Hogar de cinco etnias principales y hasta nueve en total, Belice es simult\u00e1neamente una&hellip;<\/p>\n","protected":false},"author":1,"featured_media":0,"parent":45669,"menu_order":0,"comment_status":"closed","ping_status":"closed","template":"","meta":{"footnotes":""},"class_list":["post-45647","page","type-page","status-publish","hentry"],"yoast_head":"<!-- This site is optimized with the Yoast SEO plugin v27.5 - https:\/\/yoast.com\/product\/yoast-seo-wordpress\/ -->\n<title>Conozca Belice: experiencia cultural - The Lodge At Jaguar Reef<\/title>\n<meta name=\"robots\" content=\"index, follow, max-snippet:-1, max-image-preview:large, max-video-preview:-1\" \/>\n<link rel=\"canonical\" href=\"https:\/\/jaguarreefbelize.com\/es\/paquetes-de-vacaciones-en-belice\/conozca-belice-experiencia-cultural\/\" \/>\n<meta property=\"og:locale\" content=\"es_ES\" \/>\n<meta property=\"og:type\" content=\"article\" \/>\n<meta property=\"og:title\" content=\"Conozca Belice: experiencia cultural - The Lodge At Jaguar Reef\" \/>\n<meta property=\"og:description\" content=\"Conozca Belice: experiencia cultural Conozca Belice: experiencia cultural Experimente la cultura, la tradici\u00f3n y la autenticidad Hogar de cinco etnias principales y hasta nueve en total, Belice es simult\u00e1neamente una&hellip;\" \/>\n<meta property=\"og:url\" content=\"https:\/\/jaguarreefbelize.com\/es\/paquetes-de-vacaciones-en-belice\/conozca-belice-experiencia-cultural\/\" \/>\n<meta property=\"og:site_name\" content=\"The Lodge At Jaguar Reef\" \/>\n<meta property=\"article:modified_time\" content=\"2026-05-05T14:20:14+00:00\" \/>\n<meta property=\"og:image\" content=\"https:\/\/jaguarreefbelize.com\/wp-content\/uploads\/2026\/02\/Jaguar-Reef-76.jpg\" \/>\n\t<meta property=\"og:image:width\" content=\"1365\" \/>\n\t<meta property=\"og:image:height\" content=\"2048\" \/>\n\t<meta property=\"og:image:type\" content=\"image\/jpeg\" \/>\n<meta name=\"twitter:card\" content=\"summary_large_image\" \/>\n<meta name=\"twitter:label1\" content=\"Tiempo de lectura\" \/>\n\t<meta name=\"twitter:data1\" content=\"1 minuto\" \/>\n<script type=\"application\/ld+json\" class=\"yoast-schema-graph\">{\"@context\":\"https:\\\/\\\/schema.org\",\"@graph\":[{\"@type\":\"WebPage\",\"@id\":\"https:\\\/\\\/jaguarreefbelize.com\\\/es\\\/paquetes-de-vacaciones-en-belice\\\/conozca-belice-experiencia-cultural\\\/\",\"url\":\"https:\\\/\\\/jaguarreefbelize.com\\\/es\\\/paquetes-de-vacaciones-en-belice\\\/conozca-belice-experiencia-cultural\\\/\",\"name\":\"Conozca Belice: experiencia cultural - The Lodge At Jaguar Reef\",\"isPartOf\":{\"@id\":\"https:\\\/\\\/jaguarreefbelize.com\\\/es\\\/#website\"},\"primaryImageOfPage\":{\"@id\":\"https:\\\/\\\/jaguarreefbelize.com\\\/es\\\/paquetes-de-vacaciones-en-belice\\\/conozca-belice-experiencia-cultural\\\/#primaryimage\"},\"image\":{\"@id\":\"https:\\\/\\\/jaguarreefbelize.com\\\/es\\\/paquetes-de-vacaciones-en-belice\\\/conozca-belice-experiencia-cultural\\\/#primaryimage\"},\"thumbnailUrl\":\"https:\\\/\\\/jaguarreefbelize.com\\\/wp-content\\\/uploads\\\/2026\\\/02\\\/Jaguar-Reef-76-683x1024.jpg\",\"datePublished\":\"2026-02-09T20:02:40+00:00\",\"dateModified\":\"2026-05-05T14:20:14+00:00\",\"breadcrumb\":{\"@id\":\"https:\\\/\\\/jaguarreefbelize.com\\\/es\\\/paquetes-de-vacaciones-en-belice\\\/conozca-belice-experiencia-cultural\\\/#breadcrumb\"},\"inLanguage\":\"es\",\"potentialAction\":[{\"@type\":\"ReadAction\",\"target\":[\"https:\\\/\\\/jaguarreefbelize.com\\\/es\\\/paquetes-de-vacaciones-en-belice\\\/conozca-belice-experiencia-cultural\\\/\"]}]},{\"@type\":\"ImageObject\",\"inLanguage\":\"es\",\"@id\":\"https:\\\/\\\/jaguarreefbelize.com\\\/es\\\/paquetes-de-vacaciones-en-belice\\\/conozca-belice-experiencia-cultural\\\/#primaryimage\",\"url\":\"https:\\\/\\\/jaguarreefbelize.com\\\/wp-content\\\/uploads\\\/2026\\\/02\\\/Jaguar-Reef-76-683x1024.jpg\",\"contentUrl\":\"https:\\\/\\\/jaguarreefbelize.com\\\/wp-content\\\/uploads\\\/2026\\\/02\\\/Jaguar-Reef-76-683x1024.jpg\"},{\"@type\":\"BreadcrumbList\",\"@id\":\"https:\\\/\\\/jaguarreefbelize.com\\\/es\\\/paquetes-de-vacaciones-en-belice\\\/conozca-belice-experiencia-cultural\\\/#breadcrumb\",\"itemListElement\":[{\"@type\":\"ListItem\",\"position\":1,\"name\":\"Home\",\"item\":\"https:\\\/\\\/jaguarreefbelize.com\\\/es\\\/the-lodge-at-jaguar-reef\\\/\"},{\"@type\":\"ListItem\",\"position\":2,\"name\":\"Paquetes de vacaciones en Belice\",\"item\":\"https:\\\/\\\/jaguarreefbelize.com\\\/es\\\/paquetes-de-vacaciones-en-belice\\\/\"},{\"@type\":\"ListItem\",\"position\":3,\"name\":\"Conozca Belice: experiencia cultural\"}]},{\"@type\":\"WebSite\",\"@id\":\"https:\\\/\\\/jaguarreefbelize.com\\\/es\\\/#website\",\"url\":\"https:\\\/\\\/jaguarreefbelize.com\\\/es\\\/\",\"name\":\"The Lodge At Jaguar Reef\",\"description\":\"A beach chic getaway in Hopkins, Belize\",\"publisher\":{\"@id\":\"https:\\\/\\\/jaguarreefbelize.com\\\/es\\\/#organization\"},\"potentialAction\":[{\"@type\":\"SearchAction\",\"target\":{\"@type\":\"EntryPoint\",\"urlTemplate\":\"https:\\\/\\\/jaguarreefbelize.com\\\/es\\\/?s={search_term_string}\"},\"query-input\":{\"@type\":\"PropertyValueSpecification\",\"valueRequired\":true,\"valueName\":\"search_term_string\"}}],\"inLanguage\":\"es\"},{\"@type\":\"Organization\",\"@id\":\"https:\\\/\\\/jaguarreefbelize.com\\\/es\\\/#organization\",\"name\":\"The Lodge At Jaguar Reef\",\"url\":\"https:\\\/\\\/jaguarreefbelize.com\\\/es\\\/\",\"logo\":{\"@type\":\"ImageObject\",\"inLanguage\":\"es\",\"@id\":\"https:\\\/\\\/jaguarreefbelize.com\\\/es\\\/#\\\/schema\\\/logo\\\/image\\\/\",\"url\":\"https:\\\/\\\/jaguarreefbelize.com\\\/wp-content\\\/uploads\\\/2025\\\/12\\\/JRL-long-logo.png\",\"contentUrl\":\"https:\\\/\\\/jaguarreefbelize.com\\\/wp-content\\\/uploads\\\/2025\\\/12\\\/JRL-long-logo.png\",\"width\":1000,\"height\":182,\"caption\":\"The Lodge At Jaguar Reef\"},\"image\":{\"@id\":\"https:\\\/\\\/jaguarreefbelize.com\\\/es\\\/#\\\/schema\\\/logo\\\/image\\\/\"}}]}<\/script>\n<!-- \/ Yoast SEO plugin. -->","yoast_head_json":{"title":"Conozca Belice: experiencia cultural - The Lodge At Jaguar Reef","robots":{"index":"index","follow":"follow","max-snippet":"max-snippet:-1","max-image-preview":"max-image-preview:large","max-video-preview":"max-video-preview:-1"},"canonical":"https:\/\/jaguarreefbelize.com\/es\/paquetes-de-vacaciones-en-belice\/conozca-belice-experiencia-cultural\/","og_locale":"es_ES","og_type":"article","og_title":"Conozca Belice: experiencia cultural - The Lodge At Jaguar Reef","og_description":"Conozca Belice: experiencia cultural Conozca Belice: experiencia cultural Experimente la cultura, la tradici\u00f3n y la autenticidad Hogar de cinco etnias principales y hasta nueve en total, Belice es simult\u00e1neamente una&hellip;","og_url":"https:\/\/jaguarreefbelize.com\/es\/paquetes-de-vacaciones-en-belice\/conozca-belice-experiencia-cultural\/","og_site_name":"The Lodge At Jaguar Reef","article_modified_time":"2026-05-05T14:20:14+00:00","og_image":[{"width":1365,"height":2048,"url":"https:\/\/jaguarreefbelize.com\/wp-content\/uploads\/2026\/02\/Jaguar-Reef-76.jpg","type":"image\/jpeg"}],"twitter_card":"summary_large_image","twitter_misc":{"Tiempo de lectura":"1 minuto"},"schema":{"@context":"https:\/\/schema.org","@graph":[{"@type":"WebPage","@id":"https:\/\/jaguarreefbelize.com\/es\/paquetes-de-vacaciones-en-belice\/conozca-belice-experiencia-cultural\/","url":"https:\/\/jaguarreefbelize.com\/es\/paquetes-de-vacaciones-en-belice\/conozca-belice-experiencia-cultural\/","name":"Conozca Belice: experiencia cultural - The Lodge At Jaguar Reef","isPartOf":{"@id":"https:\/\/jaguarreefbelize.com\/es\/#website"},"primaryImageOfPage":{"@id":"https:\/\/jaguarreefbelize.com\/es\/paquetes-de-vacaciones-en-belice\/conozca-belice-experiencia-cultural\/#primaryimage"},"image":{"@id":"https:\/\/jaguarreefbelize.com\/es\/paquetes-de-vacaciones-en-belice\/conozca-belice-experiencia-cultural\/#primaryimage"},"thumbnailUrl":"https:\/\/jaguarreefbelize.com\/wp-content\/uploads\/2026\/02\/Jaguar-Reef-76-683x1024.jpg","datePublished":"2026-02-09T20:02:40+00:00","dateModified":"2026-05-05T14:20:14+00:00","breadcrumb":{"@id":"https:\/\/jaguarreefbelize.com\/es\/paquetes-de-vacaciones-en-belice\/conozca-belice-experiencia-cultural\/#breadcrumb"},"inLanguage":"es","potentialAction":[{"@type":"ReadAction","target":["https:\/\/jaguarreefbelize.com\/es\/paquetes-de-vacaciones-en-belice\/conozca-belice-experiencia-cultural\/"]}]},{"@type":"ImageObject","inLanguage":"es","@id":"https:\/\/jaguarreefbelize.com\/es\/paquetes-de-vacaciones-en-belice\/conozca-belice-experiencia-cultural\/#primaryimage","url":"https:\/\/jaguarreefbelize.com\/wp-content\/uploads\/2026\/02\/Jaguar-Reef-76-683x1024.jpg","contentUrl":"https:\/\/jaguarreefbelize.com\/wp-content\/uploads\/2026\/02\/Jaguar-Reef-76-683x1024.jpg"},{"@type":"BreadcrumbList","@id":"https:\/\/jaguarreefbelize.com\/es\/paquetes-de-vacaciones-en-belice\/conozca-belice-experiencia-cultural\/#breadcrumb","itemListElement":[{"@type":"ListItem","position":1,"name":"Home","item":"https:\/\/jaguarreefbelize.com\/es\/the-lodge-at-jaguar-reef\/"},{"@type":"ListItem","position":2,"name":"Paquetes de vacaciones en Belice","item":"https:\/\/jaguarreefbelize.com\/es\/paquetes-de-vacaciones-en-belice\/"},{"@type":"ListItem","position":3,"name":"Conozca Belice: experiencia cultural"}]},{"@type":"WebSite","@id":"https:\/\/jaguarreefbelize.com\/es\/#website","url":"https:\/\/jaguarreefbelize.com\/es\/","name":"The Lodge At Jaguar Reef","description":"A beach chic getaway in Hopkins, Belize","publisher":{"@id":"https:\/\/jaguarreefbelize.com\/es\/#organization"},"potentialAction":[{"@type":"SearchAction","target":{"@type":"EntryPoint","urlTemplate":"https:\/\/jaguarreefbelize.com\/es\/?s={search_term_string}"},"query-input":{"@type":"PropertyValueSpecification","valueRequired":true,"valueName":"search_term_string"}}],"inLanguage":"es"},{"@type":"Organization","@id":"https:\/\/jaguarreefbelize.com\/es\/#organization","name":"The Lodge At Jaguar Reef","url":"https:\/\/jaguarreefbelize.com\/es\/","logo":{"@type":"ImageObject","inLanguage":"es","@id":"https:\/\/jaguarreefbelize.com\/es\/#\/schema\/logo\/image\/","url":"https:\/\/jaguarreefbelize.com\/wp-content\/uploads\/2025\/12\/JRL-long-logo.png","contentUrl":"https:\/\/jaguarreefbelize.com\/wp-content\/uploads\/2025\/12\/JRL-long-logo.png","width":1000,"height":182,"caption":"The Lodge At Jaguar Reef"},"image":{"@id":"https:\/\/jaguarreefbelize.com\/es\/#\/schema\/logo\/image\/"}}]}},"jetpack_sharing_enabled":true,"_links":{"self":[{"href":"https:\/\/jaguarreefbelize.com\/es\/wp-json\/wp\/v2\/pages\/45647","targetHints":{"allow":["GET"]}}],"collection":[{"href":"https:\/\/jaguarreefbelize.com\/es\/wp-json\/wp\/v2\/pages"}],"about":[{"href":"https:\/\/jaguarreefbelize.com\/es\/wp-json\/wp\/v2\/types\/page"}],"author":[{"embeddable":true,"href":"https:\/\/jaguarreefbelize.com\/es\/wp-json\/wp\/v2\/users\/1"}],"replies":[{"embeddable":true,"href":"https:\/\/jaguarreefbelize.com\/es\/wp-json\/wp\/v2\/comments?post=45647"}],"version-history":[{"count":1,"href":"https:\/\/jaguarreefbelize.com\/es\/wp-json\/wp\/v2\/pages\/45647\/revisions"}],"predecessor-version":[{"id":45653,"href":"https:\/\/jaguarreefbelize.com\/es\/wp-json\/wp\/v2\/pages\/45647\/revisions\/45653"}],"up":[{"embeddable":true,"href":"https:\/\/jaguarreefbelize.com\/es\/wp-json\/wp\/v2\/pages\/45669"}],"wp:attachment":[{"href":"https:\/\/jaguarreefbelize.com\/es\/wp-json\/wp\/v2\/media?parent=45647"}],"curies":[{"name":"wp","href":"https:\/\/api.w.org\/{rel}","templated":true}]}}