{"id":45641,"date":"2026-02-09T13:57:21","date_gmt":"2026-02-09T19:57:21","guid":{"rendered":"https:\/\/jaguarreefbelize.com\/paquetes-de-boda-intima-en-belice\/"},"modified":"2026-05-05T08:20:14","modified_gmt":"2026-05-05T14:20:14","slug":"paquetes-de-boda-intima-en-belice","status":"publish","type":"page","link":"https:\/\/jaguarreefbelize.com\/es\/paquetes-de-vacaciones-en-belice\/paquetes-de-boda-intima-en-belice\/","title":{"rendered":"Paquetes de boda \u00edntima en Belice"},"content":{"rendered":"\t\t<div data-elementor-type=\"wp-page\" data-elementor-id=\"45641\" class=\"elementor elementor-45641 elementor-42775\" data-elementor-post-type=\"page\">\n\t\t\t\t<div class=\"elementor-element elementor-element-3cd670a5 e-con-full e-flex sc_layouts_column_icons_position_left e-con e-parent\" data-id=\"3cd670a5\" data-element_type=\"container\" data-e-type=\"container\" data-settings=\"{&quot;background_background&quot;:&quot;classic&quot;,&quot;background_motion_fx_motion_fx_scrolling&quot;:&quot;yes&quot;,&quot;background_motion_fx_translateY_effect&quot;:&quot;yes&quot;,&quot;background_motion_fx_translateY_speed&quot;:{&quot;unit&quot;:&quot;px&quot;,&quot;size&quot;:4,&quot;sizes&quot;:[]},&quot;background_motion_fx_translateY_affectedRange&quot;:{&quot;unit&quot;:&quot;%&quot;,&quot;size&quot;:&quot;&quot;,&quot;sizes&quot;:{&quot;start&quot;:0,&quot;end&quot;:100}},&quot;background_motion_fx_devices&quot;:[&quot;desktop&quot;,&quot;tablet&quot;,&quot;mobile&quot;]}\">\n\t\t\t\t<div class=\"elementor-element elementor-element-6c216471 sc_fly_static elementor-widget elementor-widget-heading\" data-id=\"6c216471\" data-element_type=\"widget\" data-e-type=\"widget\" data-widget_type=\"heading.default\">\n\t\t\t\t<div class=\"elementor-widget-container\">\n\t\t\t\t\t<h1 class=\"elementor-heading-title elementor-size-default\">Paquetes de boda \u00edntima en Belice<\/h1>\t\t\t\t<\/div>\n\t\t\t\t<\/div>\n\t\t\t\t<\/div>\n\t\t<div class=\"elementor-element elementor-element-18ea95f0 e-flex e-con-boxed sc_layouts_column_icons_position_left e-con e-parent\" data-id=\"18ea95f0\" data-element_type=\"container\" data-e-type=\"container\">\n\t\t\t\t\t<div class=\"e-con-inner\">\n\t\t\t\t<div class=\"elementor-element elementor-element-5dd24ca6 sc_fly_static elementor-widget elementor-widget-heading\" data-id=\"5dd24ca6\" data-element_type=\"widget\" data-e-type=\"widget\" data-widget_type=\"heading.default\">\n\t\t\t\t<div class=\"elementor-widget-container\">\n\t\t\t\t\t<h2 class=\"elementor-heading-title elementor-size-default\">Paquetes de boda \u00edntima en Belice<\/h2>\t\t\t\t<\/div>\n\t\t\t\t<\/div>\n\t\t\t\t\t<\/div>\n\t\t\t\t<\/div>\n\t\t<div class=\"elementor-element elementor-element-4b97b21d e-flex e-con-boxed sc_layouts_column_icons_position_left e-con e-parent\" data-id=\"4b97b21d\" data-element_type=\"container\" data-e-type=\"container\">\n\t\t\t\t\t<div class=\"e-con-inner\">\n\t\t<div class=\"elementor-element elementor-element-31b8188c e-con-full e-flex sc_layouts_column_icons_position_left e-con e-child\" data-id=\"31b8188c\" data-element_type=\"container\" data-e-type=\"container\">\n\t\t\t\t<div class=\"elementor-element elementor-element-229eb29f sc_fly_static elementor-widget elementor-widget-heading\" data-id=\"229eb29f\" data-element_type=\"widget\" data-e-type=\"widget\" data-widget_type=\"heading.default\">\n\t\t\t\t<div class=\"elementor-widget-container\">\n\t\t\t\t\t<h3 class=\"elementor-heading-title elementor-size-default\">D\u00e9 el \u00abs\u00ed, quiero\u00bb con la boda de destino perfecta<\/h3>\t\t\t\t<\/div>\n\t\t\t\t<\/div>\n\t\t\t\t<div class=\"elementor-element elementor-element-53c2c45d sc_fly_static elementor-widget elementor-widget-text-editor\" data-id=\"53c2c45d\" data-element_type=\"widget\" data-e-type=\"widget\" data-widget_type=\"text-editor.default\">\n\t\t\t\t<div class=\"elementor-widget-container\">\n\t\t\t\t\t\t\t\t\t<p>\u00a1Celebre su uni\u00f3n cas\u00e1ndose en el para\u00edso! Aqu\u00ed, en The Belize Collection, le ofrecemos lo mejor de ambos mundos: sum\u00e9rjase en la exuberante selva belice\u00f1a o en las playas de arena blanca. Entendemos lo estresante que puede ser planificar una boda, pero con nuestro equipo de expertos orientados al detalle, se sentir\u00e1 como en casa y no tendr\u00e1 que preocuparse por nada mientras se prepara para su boda en el para\u00edso. Para casarse en Belice, la pareja deber\u00e1 permanecer en el pa\u00eds un m\u00ednimo de tres d\u00edas antes de solicitar la licencia de matrimonio. El primer d\u00eda h\u00e1bil despu\u00e9s de esos tres d\u00edas, la solicitud de matrimonio podr\u00e1 presentarse en la Oficina del Registro. El proceso de solicitud dura un d\u00eda y requiere prueba de ciudadan\u00eda con su pasaporte, un certificado de nacimiento original, un decreto de divorcio original o un certificado de defunci\u00f3n, si corresponde. Estos documentos deber\u00e1n ser firmados por un juez de paz.      <\/p>\t\t\t\t\t\t\t\t<\/div>\n\t\t\t\t<\/div>\n\t\t\t\t<div class=\"elementor-element elementor-element-17bb8db4 elementor-align-center sc_fly_static elementor-widget elementor-widget-button\" data-id=\"17bb8db4\" data-element_type=\"widget\" data-e-type=\"widget\" data-widget_type=\"button.default\">\n\t\t\t\t<div class=\"elementor-widget-container\">\n\t\t\t\t\t\t\t\t\t<div class=\"elementor-button-wrapper\">\n\t\t\t\t\t<a class=\"elementor-button elementor-button-link elementor-size-sm\" href=\"#\">\n\t\t\t\t\t\t<span class=\"elementor-button-content-wrapper\">\n\t\t\t\t\t\t\t\t\t<span class=\"elementor-button-text\">CONT\u00c1CTENOS<\/span>\n\t\t\t\t\t<\/span>\n\t\t\t\t\t<\/a>\n\t\t\t\t<\/div>\n\t\t\t\t\t\t\t\t<\/div>\n\t\t\t\t<\/div>\n\t\t\t\t<\/div>\n\t\t<div class=\"elementor-element elementor-element-54a4e4b5 e-con-full e-flex sc_layouts_column_icons_position_left e-con e-child\" data-id=\"54a4e4b5\" data-element_type=\"container\" data-e-type=\"container\">\n\t\t\t\t<div class=\"elementor-element elementor-element-81df987 sc_fly_static elementor-widget elementor-widget-text-editor\" data-id=\"81df987\" data-element_type=\"widget\" data-e-type=\"widget\" data-widget_type=\"text-editor.default\">\n\t\t\t\t<div class=\"elementor-widget-container\">\n\t\t\t\t\t\t\t\t\t<p><strong>Incluido en esta experiencia<\/strong><\/p>\t\t\t\t\t\t\t\t<\/div>\n\t\t\t\t<\/div>\n\t\t\t\t<div class=\"elementor-element elementor-element-2e62569f sc_fly_static elementor-widget elementor-widget-text-editor\" data-id=\"2e62569f\" data-element_type=\"widget\" data-e-type=\"widget\" data-widget_type=\"text-editor.default\">\n\t\t\t\t<div class=\"elementor-widget-container\">\n\t\t\t\t\t\t\t\t\t<ul><li>Coordinador de bodas previo al viaje para ayudar con todos los preparativos previos a la boda<\/li><li>Licencia y certificado de matrimonio<\/li><li>Coordinador de bodas en el resort<\/li><li>M\u00fasica de ceremonia pregrabada<\/li><li>Oficiante de bodas<\/li><li>Arco nupcial<\/li><li>Ramo de novia tropical y boutonni\u00e8re<\/li><li>Tarta de un piso<\/li><li>1 botella de champ\u00e1n<\/li><li>Cena rom\u00e1ntica privada para 2<\/li><li>Todas las propinas e impuestos<\/li><\/ul>\t\t\t\t\t\t\t\t<\/div>\n\t\t\t\t<\/div>\n\t\t\t\t<div class=\"elementor-element elementor-element-4109d5b1 sc_fly_static elementor-widget elementor-widget-text-editor\" data-id=\"4109d5b1\" data-element_type=\"widget\" data-e-type=\"widget\" data-widget_type=\"text-editor.default\">\n\t\t\t\t<div class=\"elementor-widget-container\">\n\t\t\t\t\t\t\t\t\t<p><strong>A partir de 3400,00 USD<\/strong><\/p>\t\t\t\t\t\t\t\t<\/div>\n\t\t\t\t<\/div>\n\t\t\t\t<div class=\"elementor-element elementor-element-4daf2fc5 sc_fly_static elementor-widget elementor-widget-text-editor\" data-id=\"4daf2fc5\" data-element_type=\"widget\" data-e-type=\"widget\" data-widget_type=\"text-editor.default\">\n\t\t\t\t<div class=\"elementor-widget-container\">\n\t\t\t\t\t\t\t\t\t<ul><li>Precio basado en 2 personas.<\/li><\/ul>\t\t\t\t\t\t\t\t<\/div>\n\t\t\t\t<\/div>\n\t\t\t\t<\/div>\n\t\t\t\t\t<\/div>\n\t\t\t\t<\/div>\n\t\t<div data-animation-type=\"sequental\" data-animation-stagger=\"\" class=\"elementor-element elementor-element-5c4a7883 animation_type_sequental e-flex e-con-boxed sc_layouts_column_icons_position_left elementor-invisible e-con e-parent\" data-id=\"5c4a7883\" data-element_type=\"container\" data-e-type=\"container\" data-settings=\"{&quot;animation&quot;:&quot;fadeInUp&quot;}\">\n\t\t\t\t\t<div class=\"e-con-inner\">\n\t\t<div class=\"elementor-element elementor-element-4974f092 e-con-full e-flex sc_layouts_column_icons_position_left e-con e-child\" data-id=\"4974f092\" data-element_type=\"container\" data-e-type=\"container\">\n\t\t\t\t<div class=\"elementor-element elementor-element-58cc1d61 sc_fly_static elementor-widget elementor-widget-image\" data-id=\"58cc1d61\" data-element_type=\"widget\" data-e-type=\"widget\" data-widget_type=\"image.default\">\n\t\t\t\t<div class=\"elementor-widget-container\">\n\t\t\t\t\t\t\t\t\t\t\t\t\t\t\t\t<a href=\"https:\/\/jaguarreefbelize.com\/wp-content\/uploads\/2026\/02\/JRL-ELOPEMENT-PACKAGE-02.jpg\" data-elementor-open-lightbox=\"yes\" data-elementor-lightbox-title=\"JRL-ELOPEMENT-PACKAGE-02\" data-e-action-hash=\"#elementor-action%3Aaction%3Dlightbox%26settings%3DeyJpZCI6NDU2NDMsInVybCI6Imh0dHBzOlwvXC9qYWd1YXJyZWVmYmVsaXplLmNvbVwvd3AtY29udGVudFwvdXBsb2Fkc1wvMjAyNlwvMDJcL0pSTC1FTE9QRU1FTlQtUEFDS0FHRS0wMi5qcGcifQ%3D%3D\">\n\t\t\t\t\t\t\t<img fetchpriority=\"high\" decoding=\"async\" width=\"683\" height=\"1024\" src=\"https:\/\/jaguarreefbelize.com\/wp-content\/uploads\/2026\/02\/JRL-ELOPEMENT-PACKAGE-02-683x1024.jpg\" class=\"attachment-large size-large wp-image-45643\" alt=\"\" srcset=\"https:\/\/jaguarreefbelize.com\/wp-content\/uploads\/2026\/02\/JRL-ELOPEMENT-PACKAGE-02-683x1024.jpg 683w, https:\/\/jaguarreefbelize.com\/wp-content\/uploads\/2026\/02\/JRL-ELOPEMENT-PACKAGE-02-200x300.jpg 200w, https:\/\/jaguarreefbelize.com\/wp-content\/uploads\/2026\/02\/JRL-ELOPEMENT-PACKAGE-02-768x1152.jpg 768w, https:\/\/jaguarreefbelize.com\/wp-content\/uploads\/2026\/02\/JRL-ELOPEMENT-PACKAGE-02-1024x1536.jpg 1024w, https:\/\/jaguarreefbelize.com\/wp-content\/uploads\/2026\/02\/JRL-ELOPEMENT-PACKAGE-02-370x555.jpg 370w, https:\/\/jaguarreefbelize.com\/wp-content\/uploads\/2026\/02\/JRL-ELOPEMENT-PACKAGE-02-840x1260.jpg 840w, https:\/\/jaguarreefbelize.com\/wp-content\/uploads\/2026\/02\/JRL-ELOPEMENT-PACKAGE-02-410x615.jpg 410w, https:\/\/jaguarreefbelize.com\/wp-content\/uploads\/2026\/02\/JRL-ELOPEMENT-PACKAGE-02.jpg 1080w\" sizes=\"(max-width: 683px) 100vw, 683px\" \/>\t\t\t\t\t\t\t\t<\/a>\n\t\t\t\t\t\t\t\t\t\t\t\t\t\t\t<\/div>\n\t\t\t\t<\/div>\n\t\t\t\t<\/div>\n\t\t<div class=\"elementor-element elementor-element-4b6c6afb e-con-full e-flex sc_layouts_column_icons_position_left e-con e-child\" data-id=\"4b6c6afb\" data-element_type=\"container\" data-e-type=\"container\">\n\t\t\t\t<div class=\"elementor-element elementor-element-6332ad35 sc_fly_static elementor-widget elementor-widget-image\" data-id=\"6332ad35\" data-element_type=\"widget\" data-e-type=\"widget\" data-widget_type=\"image.default\">\n\t\t\t\t<div class=\"elementor-widget-container\">\n\t\t\t\t\t\t\t\t\t\t\t\t\t\t\t\t<a href=\"https:\/\/jaguarreefbelize.com\/wp-content\/uploads\/2026\/02\/JRL-ELOPEMENT-PACKAGE-03.jpg\" data-elementor-open-lightbox=\"yes\" data-elementor-lightbox-title=\"Megan y Vanessa se dan el \u00abs\u00ed, quiero\u00bb | Belice\" data-e-action-hash=\"#elementor-action%3Aaction%3Dlightbox%26settings%3DeyJpZCI6NDU2NDQsInVybCI6Imh0dHBzOlwvXC9qYWd1YXJyZWVmYmVsaXplLmNvbVwvd3AtY29udGVudFwvdXBsb2Fkc1wvMjAyNlwvMDJcL0pSTC1FTE9QRU1FTlQtUEFDS0FHRS0wMy5qcGcifQ%3D%3D\">\n\t\t\t\t\t\t\t<img decoding=\"async\" width=\"683\" height=\"1024\" src=\"https:\/\/jaguarreefbelize.com\/wp-content\/uploads\/2026\/02\/JRL-ELOPEMENT-PACKAGE-03-683x1024.jpg\" class=\"attachment-large size-large wp-image-45644\" alt=\"\" srcset=\"https:\/\/jaguarreefbelize.com\/wp-content\/uploads\/2026\/02\/JRL-ELOPEMENT-PACKAGE-03-683x1024.jpg 683w, https:\/\/jaguarreefbelize.com\/wp-content\/uploads\/2026\/02\/JRL-ELOPEMENT-PACKAGE-03-200x300.jpg 200w, https:\/\/jaguarreefbelize.com\/wp-content\/uploads\/2026\/02\/JRL-ELOPEMENT-PACKAGE-03-768x1152.jpg 768w, https:\/\/jaguarreefbelize.com\/wp-content\/uploads\/2026\/02\/JRL-ELOPEMENT-PACKAGE-03-1024x1536.jpg 1024w, https:\/\/jaguarreefbelize.com\/wp-content\/uploads\/2026\/02\/JRL-ELOPEMENT-PACKAGE-03-370x555.jpg 370w, https:\/\/jaguarreefbelize.com\/wp-content\/uploads\/2026\/02\/JRL-ELOPEMENT-PACKAGE-03-840x1260.jpg 840w, https:\/\/jaguarreefbelize.com\/wp-content\/uploads\/2026\/02\/JRL-ELOPEMENT-PACKAGE-03-410x615.jpg 410w, https:\/\/jaguarreefbelize.com\/wp-content\/uploads\/2026\/02\/JRL-ELOPEMENT-PACKAGE-03.jpg 1365w\" sizes=\"(max-width: 683px) 100vw, 683px\" \/>\t\t\t\t\t\t\t\t<\/a>\n\t\t\t\t\t\t\t\t\t\t\t\t\t\t\t<\/div>\n\t\t\t\t<\/div>\n\t\t\t\t<\/div>\n\t\t<div class=\"elementor-element elementor-element-59f2e640 e-con-full e-flex sc_layouts_column_icons_position_left e-con e-child\" data-id=\"59f2e640\" data-element_type=\"container\" data-e-type=\"container\">\n\t\t\t\t<div class=\"elementor-element elementor-element-50b06982 sc_fly_static elementor-widget elementor-widget-image\" data-id=\"50b06982\" data-element_type=\"widget\" data-e-type=\"widget\" data-widget_type=\"image.default\">\n\t\t\t\t<div class=\"elementor-widget-container\">\n\t\t\t\t\t\t\t\t\t\t\t\t\t\t\t\t<a href=\"https:\/\/jaguarreefbelize.com\/wp-content\/uploads\/2026\/02\/JRL-ELOPEMENT-PACKAGE-04.jpg\" data-elementor-open-lightbox=\"yes\" data-elementor-lightbox-title=\"JRL-ELOPEMENT-PACKAGE-04\" data-e-action-hash=\"#elementor-action%3Aaction%3Dlightbox%26settings%3DeyJpZCI6NDU2NDUsInVybCI6Imh0dHBzOlwvXC9qYWd1YXJyZWVmYmVsaXplLmNvbVwvd3AtY29udGVudFwvdXBsb2Fkc1wvMjAyNlwvMDJcL0pSTC1FTE9QRU1FTlQtUEFDS0FHRS0wNC5qcGcifQ%3D%3D\">\n\t\t\t\t\t\t\t<img decoding=\"async\" width=\"683\" height=\"1024\" src=\"https:\/\/jaguarreefbelize.com\/wp-content\/uploads\/2026\/02\/JRL-ELOPEMENT-PACKAGE-04-683x1024.jpg\" class=\"attachment-large size-large wp-image-45645\" alt=\"\" srcset=\"https:\/\/jaguarreefbelize.com\/wp-content\/uploads\/2026\/02\/JRL-ELOPEMENT-PACKAGE-04-683x1024.jpg 683w, https:\/\/jaguarreefbelize.com\/wp-content\/uploads\/2026\/02\/JRL-ELOPEMENT-PACKAGE-04-200x300.jpg 200w, https:\/\/jaguarreefbelize.com\/wp-content\/uploads\/2026\/02\/JRL-ELOPEMENT-PACKAGE-04-768x1152.jpg 768w, https:\/\/jaguarreefbelize.com\/wp-content\/uploads\/2026\/02\/JRL-ELOPEMENT-PACKAGE-04-1024x1536.jpg 1024w, https:\/\/jaguarreefbelize.com\/wp-content\/uploads\/2026\/02\/JRL-ELOPEMENT-PACKAGE-04-370x555.jpg 370w, https:\/\/jaguarreefbelize.com\/wp-content\/uploads\/2026\/02\/JRL-ELOPEMENT-PACKAGE-04-840x1260.jpg 840w, https:\/\/jaguarreefbelize.com\/wp-content\/uploads\/2026\/02\/JRL-ELOPEMENT-PACKAGE-04-410x615.jpg 410w, https:\/\/jaguarreefbelize.com\/wp-content\/uploads\/2026\/02\/JRL-ELOPEMENT-PACKAGE-04.jpg 1080w\" sizes=\"(max-width: 683px) 100vw, 683px\" \/>\t\t\t\t\t\t\t\t<\/a>\n\t\t\t\t\t\t\t\t\t\t\t\t\t\t\t<\/div>\n\t\t\t\t<\/div>\n\t\t\t\t<\/div>\n\t\t\t\t\t<\/div>\n\t\t\t\t<\/div>\n\t\t\t\t<\/div>\n\t\t","protected":false},"excerpt":{"rendered":"<p>Paquetes de boda \u00edntima en Belice Paquetes de boda \u00edntima en Belice D\u00e9 el \u00abs\u00ed, quiero\u00bb con la boda de destino perfecta \u00a1Celebre su uni\u00f3n cas\u00e1ndose en el para\u00edso! Aqu\u00ed,&hellip;<\/p>\n","protected":false},"author":1,"featured_media":0,"parent":45669,"menu_order":0,"comment_status":"closed","ping_status":"closed","template":"","meta":{"footnotes":""},"class_list":["post-45641","page","type-page","status-publish","hentry"],"yoast_head":"<!-- This site is optimized with the Yoast SEO plugin v27.5 - https:\/\/yoast.com\/product\/yoast-seo-wordpress\/ -->\n<title>Paquetes de boda \u00edntima en Belice - The Lodge At Jaguar Reef<\/title>\n<meta name=\"robots\" content=\"index, follow, max-snippet:-1, max-image-preview:large, max-video-preview:-1\" \/>\n<link rel=\"canonical\" href=\"https:\/\/jaguarreefbelize.com\/es\/paquetes-de-vacaciones-en-belice\/paquetes-de-boda-intima-en-belice\/\" \/>\n<meta property=\"og:locale\" content=\"es_ES\" \/>\n<meta property=\"og:type\" content=\"article\" \/>\n<meta property=\"og:title\" content=\"Paquetes de boda \u00edntima en Belice - The Lodge At Jaguar Reef\" \/>\n<meta property=\"og:description\" content=\"Paquetes de boda \u00edntima en Belice Paquetes de boda \u00edntima en Belice D\u00e9 el \u00abs\u00ed, quiero\u00bb con la boda de destino perfecta \u00a1Celebre su uni\u00f3n cas\u00e1ndose en el para\u00edso! Aqu\u00ed,&hellip;\" \/>\n<meta property=\"og:url\" content=\"https:\/\/jaguarreefbelize.com\/es\/paquetes-de-vacaciones-en-belice\/paquetes-de-boda-intima-en-belice\/\" \/>\n<meta property=\"og:site_name\" content=\"The Lodge At Jaguar Reef\" \/>\n<meta property=\"article:modified_time\" content=\"2026-05-05T14:20:14+00:00\" \/>\n<meta property=\"og:image\" content=\"https:\/\/jaguarreefbelize.com\/wp-content\/uploads\/2026\/02\/JRL-ELOPEMENT-PACKAGE-02.jpg\" \/>\n\t<meta property=\"og:image:width\" content=\"1080\" \/>\n\t<meta property=\"og:image:height\" content=\"1620\" \/>\n\t<meta property=\"og:image:type\" content=\"image\/jpeg\" \/>\n<meta name=\"twitter:card\" content=\"summary_large_image\" \/>\n<meta name=\"twitter:label1\" content=\"Tiempo de lectura\" \/>\n\t<meta name=\"twitter:data1\" content=\"1 minuto\" \/>\n<script type=\"application\/ld+json\" class=\"yoast-schema-graph\">{\"@context\":\"https:\\\/\\\/schema.org\",\"@graph\":[{\"@type\":\"WebPage\",\"@id\":\"https:\\\/\\\/jaguarreefbelize.com\\\/es\\\/paquetes-de-vacaciones-en-belice\\\/paquetes-de-boda-intima-en-belice\\\/\",\"url\":\"https:\\\/\\\/jaguarreefbelize.com\\\/es\\\/paquetes-de-vacaciones-en-belice\\\/paquetes-de-boda-intima-en-belice\\\/\",\"name\":\"Paquetes de boda \u00edntima en Belice - The Lodge At Jaguar Reef\",\"isPartOf\":{\"@id\":\"https:\\\/\\\/jaguarreefbelize.com\\\/es\\\/#website\"},\"primaryImageOfPage\":{\"@id\":\"https:\\\/\\\/jaguarreefbelize.com\\\/es\\\/paquetes-de-vacaciones-en-belice\\\/paquetes-de-boda-intima-en-belice\\\/#primaryimage\"},\"image\":{\"@id\":\"https:\\\/\\\/jaguarreefbelize.com\\\/es\\\/paquetes-de-vacaciones-en-belice\\\/paquetes-de-boda-intima-en-belice\\\/#primaryimage\"},\"thumbnailUrl\":\"https:\\\/\\\/jaguarreefbelize.com\\\/wp-content\\\/uploads\\\/2026\\\/02\\\/JRL-ELOPEMENT-PACKAGE-02-683x1024.jpg\",\"datePublished\":\"2026-02-09T19:57:21+00:00\",\"dateModified\":\"2026-05-05T14:20:14+00:00\",\"breadcrumb\":{\"@id\":\"https:\\\/\\\/jaguarreefbelize.com\\\/es\\\/paquetes-de-vacaciones-en-belice\\\/paquetes-de-boda-intima-en-belice\\\/#breadcrumb\"},\"inLanguage\":\"es\",\"potentialAction\":[{\"@type\":\"ReadAction\",\"target\":[\"https:\\\/\\\/jaguarreefbelize.com\\\/es\\\/paquetes-de-vacaciones-en-belice\\\/paquetes-de-boda-intima-en-belice\\\/\"]}]},{\"@type\":\"ImageObject\",\"inLanguage\":\"es\",\"@id\":\"https:\\\/\\\/jaguarreefbelize.com\\\/es\\\/paquetes-de-vacaciones-en-belice\\\/paquetes-de-boda-intima-en-belice\\\/#primaryimage\",\"url\":\"https:\\\/\\\/jaguarreefbelize.com\\\/wp-content\\\/uploads\\\/2026\\\/02\\\/JRL-ELOPEMENT-PACKAGE-02-683x1024.jpg\",\"contentUrl\":\"https:\\\/\\\/jaguarreefbelize.com\\\/wp-content\\\/uploads\\\/2026\\\/02\\\/JRL-ELOPEMENT-PACKAGE-02-683x1024.jpg\"},{\"@type\":\"BreadcrumbList\",\"@id\":\"https:\\\/\\\/jaguarreefbelize.com\\\/es\\\/paquetes-de-vacaciones-en-belice\\\/paquetes-de-boda-intima-en-belice\\\/#breadcrumb\",\"itemListElement\":[{\"@type\":\"ListItem\",\"position\":1,\"name\":\"Home\",\"item\":\"https:\\\/\\\/jaguarreefbelize.com\\\/es\\\/the-lodge-at-jaguar-reef\\\/\"},{\"@type\":\"ListItem\",\"position\":2,\"name\":\"Paquetes de vacaciones en Belice\",\"item\":\"https:\\\/\\\/jaguarreefbelize.com\\\/es\\\/paquetes-de-vacaciones-en-belice\\\/\"},{\"@type\":\"ListItem\",\"position\":3,\"name\":\"Paquetes de boda \u00edntima en Belice\"}]},{\"@type\":\"WebSite\",\"@id\":\"https:\\\/\\\/jaguarreefbelize.com\\\/es\\\/#website\",\"url\":\"https:\\\/\\\/jaguarreefbelize.com\\\/es\\\/\",\"name\":\"The Lodge At Jaguar Reef\",\"description\":\"A beach chic getaway in Hopkins, Belize\",\"publisher\":{\"@id\":\"https:\\\/\\\/jaguarreefbelize.com\\\/es\\\/#organization\"},\"potentialAction\":[{\"@type\":\"SearchAction\",\"target\":{\"@type\":\"EntryPoint\",\"urlTemplate\":\"https:\\\/\\\/jaguarreefbelize.com\\\/es\\\/?s={search_term_string}\"},\"query-input\":{\"@type\":\"PropertyValueSpecification\",\"valueRequired\":true,\"valueName\":\"search_term_string\"}}],\"inLanguage\":\"es\"},{\"@type\":\"Organization\",\"@id\":\"https:\\\/\\\/jaguarreefbelize.com\\\/es\\\/#organization\",\"name\":\"The Lodge At Jaguar Reef\",\"url\":\"https:\\\/\\\/jaguarreefbelize.com\\\/es\\\/\",\"logo\":{\"@type\":\"ImageObject\",\"inLanguage\":\"es\",\"@id\":\"https:\\\/\\\/jaguarreefbelize.com\\\/es\\\/#\\\/schema\\\/logo\\\/image\\\/\",\"url\":\"https:\\\/\\\/jaguarreefbelize.com\\\/wp-content\\\/uploads\\\/2025\\\/12\\\/JRL-long-logo.png\",\"contentUrl\":\"https:\\\/\\\/jaguarreefbelize.com\\\/wp-content\\\/uploads\\\/2025\\\/12\\\/JRL-long-logo.png\",\"width\":1000,\"height\":182,\"caption\":\"The Lodge At Jaguar Reef\"},\"image\":{\"@id\":\"https:\\\/\\\/jaguarreefbelize.com\\\/es\\\/#\\\/schema\\\/logo\\\/image\\\/\"}}]}<\/script>\n<!-- \/ Yoast SEO plugin. -->","yoast_head_json":{"title":"Paquetes de boda \u00edntima en Belice - The Lodge At Jaguar Reef","robots":{"index":"index","follow":"follow","max-snippet":"max-snippet:-1","max-image-preview":"max-image-preview:large","max-video-preview":"max-video-preview:-1"},"canonical":"https:\/\/jaguarreefbelize.com\/es\/paquetes-de-vacaciones-en-belice\/paquetes-de-boda-intima-en-belice\/","og_locale":"es_ES","og_type":"article","og_title":"Paquetes de boda \u00edntima en Belice - The Lodge At Jaguar Reef","og_description":"Paquetes de boda \u00edntima en Belice Paquetes de boda \u00edntima en Belice D\u00e9 el \u00abs\u00ed, quiero\u00bb con la boda de destino perfecta \u00a1Celebre su uni\u00f3n cas\u00e1ndose en el para\u00edso! Aqu\u00ed,&hellip;","og_url":"https:\/\/jaguarreefbelize.com\/es\/paquetes-de-vacaciones-en-belice\/paquetes-de-boda-intima-en-belice\/","og_site_name":"The Lodge At Jaguar Reef","article_modified_time":"2026-05-05T14:20:14+00:00","og_image":[{"width":1080,"height":1620,"url":"https:\/\/jaguarreefbelize.com\/wp-content\/uploads\/2026\/02\/JRL-ELOPEMENT-PACKAGE-02.jpg","type":"image\/jpeg"}],"twitter_card":"summary_large_image","twitter_misc":{"Tiempo de lectura":"1 minuto"},"schema":{"@context":"https:\/\/schema.org","@graph":[{"@type":"WebPage","@id":"https:\/\/jaguarreefbelize.com\/es\/paquetes-de-vacaciones-en-belice\/paquetes-de-boda-intima-en-belice\/","url":"https:\/\/jaguarreefbelize.com\/es\/paquetes-de-vacaciones-en-belice\/paquetes-de-boda-intima-en-belice\/","name":"Paquetes de boda \u00edntima en Belice - The Lodge At Jaguar Reef","isPartOf":{"@id":"https:\/\/jaguarreefbelize.com\/es\/#website"},"primaryImageOfPage":{"@id":"https:\/\/jaguarreefbelize.com\/es\/paquetes-de-vacaciones-en-belice\/paquetes-de-boda-intima-en-belice\/#primaryimage"},"image":{"@id":"https:\/\/jaguarreefbelize.com\/es\/paquetes-de-vacaciones-en-belice\/paquetes-de-boda-intima-en-belice\/#primaryimage"},"thumbnailUrl":"https:\/\/jaguarreefbelize.com\/wp-content\/uploads\/2026\/02\/JRL-ELOPEMENT-PACKAGE-02-683x1024.jpg","datePublished":"2026-02-09T19:57:21+00:00","dateModified":"2026-05-05T14:20:14+00:00","breadcrumb":{"@id":"https:\/\/jaguarreefbelize.com\/es\/paquetes-de-vacaciones-en-belice\/paquetes-de-boda-intima-en-belice\/#breadcrumb"},"inLanguage":"es","potentialAction":[{"@type":"ReadAction","target":["https:\/\/jaguarreefbelize.com\/es\/paquetes-de-vacaciones-en-belice\/paquetes-de-boda-intima-en-belice\/"]}]},{"@type":"ImageObject","inLanguage":"es","@id":"https:\/\/jaguarreefbelize.com\/es\/paquetes-de-vacaciones-en-belice\/paquetes-de-boda-intima-en-belice\/#primaryimage","url":"https:\/\/jaguarreefbelize.com\/wp-content\/uploads\/2026\/02\/JRL-ELOPEMENT-PACKAGE-02-683x1024.jpg","contentUrl":"https:\/\/jaguarreefbelize.com\/wp-content\/uploads\/2026\/02\/JRL-ELOPEMENT-PACKAGE-02-683x1024.jpg"},{"@type":"BreadcrumbList","@id":"https:\/\/jaguarreefbelize.com\/es\/paquetes-de-vacaciones-en-belice\/paquetes-de-boda-intima-en-belice\/#breadcrumb","itemListElement":[{"@type":"ListItem","position":1,"name":"Home","item":"https:\/\/jaguarreefbelize.com\/es\/the-lodge-at-jaguar-reef\/"},{"@type":"ListItem","position":2,"name":"Paquetes de vacaciones en Belice","item":"https:\/\/jaguarreefbelize.com\/es\/paquetes-de-vacaciones-en-belice\/"},{"@type":"ListItem","position":3,"name":"Paquetes de boda \u00edntima en Belice"}]},{"@type":"WebSite","@id":"https:\/\/jaguarreefbelize.com\/es\/#website","url":"https:\/\/jaguarreefbelize.com\/es\/","name":"The Lodge At Jaguar Reef","description":"A beach chic getaway in Hopkins, Belize","publisher":{"@id":"https:\/\/jaguarreefbelize.com\/es\/#organization"},"potentialAction":[{"@type":"SearchAction","target":{"@type":"EntryPoint","urlTemplate":"https:\/\/jaguarreefbelize.com\/es\/?s={search_term_string}"},"query-input":{"@type":"PropertyValueSpecification","valueRequired":true,"valueName":"search_term_string"}}],"inLanguage":"es"},{"@type":"Organization","@id":"https:\/\/jaguarreefbelize.com\/es\/#organization","name":"The Lodge At Jaguar Reef","url":"https:\/\/jaguarreefbelize.com\/es\/","logo":{"@type":"ImageObject","inLanguage":"es","@id":"https:\/\/jaguarreefbelize.com\/es\/#\/schema\/logo\/image\/","url":"https:\/\/jaguarreefbelize.com\/wp-content\/uploads\/2025\/12\/JRL-long-logo.png","contentUrl":"https:\/\/jaguarreefbelize.com\/wp-content\/uploads\/2025\/12\/JRL-long-logo.png","width":1000,"height":182,"caption":"The Lodge At Jaguar Reef"},"image":{"@id":"https:\/\/jaguarreefbelize.com\/es\/#\/schema\/logo\/image\/"}}]}},"jetpack_sharing_enabled":true,"_links":{"self":[{"href":"https:\/\/jaguarreefbelize.com\/es\/wp-json\/wp\/v2\/pages\/45641","targetHints":{"allow":["GET"]}}],"collection":[{"href":"https:\/\/jaguarreefbelize.com\/es\/wp-json\/wp\/v2\/pages"}],"about":[{"href":"https:\/\/jaguarreefbelize.com\/es\/wp-json\/wp\/v2\/types\/page"}],"author":[{"embeddable":true,"href":"https:\/\/jaguarreefbelize.com\/es\/wp-json\/wp\/v2\/users\/1"}],"replies":[{"embeddable":true,"href":"https:\/\/jaguarreefbelize.com\/es\/wp-json\/wp\/v2\/comments?post=45641"}],"version-history":[{"count":1,"href":"https:\/\/jaguarreefbelize.com\/es\/wp-json\/wp\/v2\/pages\/45641\/revisions"}],"predecessor-version":[{"id":45646,"href":"https:\/\/jaguarreefbelize.com\/es\/wp-json\/wp\/v2\/pages\/45641\/revisions\/45646"}],"up":[{"embeddable":true,"href":"https:\/\/jaguarreefbelize.com\/es\/wp-json\/wp\/v2\/pages\/45669"}],"wp:attachment":[{"href":"https:\/\/jaguarreefbelize.com\/es\/wp-json\/wp\/v2\/media?parent=45641"}],"curies":[{"name":"wp","href":"https:\/\/api.w.org\/{rel}","templated":true}]}}