{"id":45635,"date":"2026-02-09T13:51:31","date_gmt":"2026-02-09T19:51:31","guid":{"rendered":"https:\/\/jaguarreefbelize.com\/su-microboda-en-belice\/"},"modified":"2026-05-05T08:20:14","modified_gmt":"2026-05-05T14:20:14","slug":"su-microboda-en-belice","status":"publish","type":"page","link":"https:\/\/jaguarreefbelize.com\/es\/paquetes-de-vacaciones-en-belice\/su-microboda-en-belice\/","title":{"rendered":"Su microboda en Belice"},"content":{"rendered":"\t\t<div data-elementor-type=\"wp-page\" data-elementor-id=\"45635\" class=\"elementor elementor-45635 elementor-42769\" data-elementor-post-type=\"page\">\n\t\t\t\t<div class=\"elementor-element elementor-element-36203cb9 e-con-full e-flex sc_layouts_column_icons_position_left e-con e-parent\" data-id=\"36203cb9\" data-element_type=\"container\" data-e-type=\"container\" data-settings=\"{&quot;background_background&quot;:&quot;classic&quot;,&quot;background_motion_fx_motion_fx_scrolling&quot;:&quot;yes&quot;,&quot;background_motion_fx_translateY_effect&quot;:&quot;yes&quot;,&quot;background_motion_fx_translateY_speed&quot;:{&quot;unit&quot;:&quot;px&quot;,&quot;size&quot;:4,&quot;sizes&quot;:[]},&quot;background_motion_fx_translateY_affectedRange&quot;:{&quot;unit&quot;:&quot;%&quot;,&quot;size&quot;:&quot;&quot;,&quot;sizes&quot;:{&quot;start&quot;:0,&quot;end&quot;:100}},&quot;background_motion_fx_devices&quot;:[&quot;desktop&quot;,&quot;tablet&quot;,&quot;mobile&quot;]}\">\n\t\t\t\t<div class=\"elementor-element elementor-element-3114f6fb sc_fly_static elementor-widget elementor-widget-heading\" data-id=\"3114f6fb\" data-element_type=\"widget\" data-e-type=\"widget\" data-widget_type=\"heading.default\">\n\t\t\t\t<div class=\"elementor-widget-container\">\n\t\t\t\t\t<h1 class=\"elementor-heading-title elementor-size-default\">Su microboda en Belice<\/h1>\t\t\t\t<\/div>\n\t\t\t\t<\/div>\n\t\t\t\t<\/div>\n\t\t<div class=\"elementor-element elementor-element-385faa50 e-flex e-con-boxed sc_layouts_column_icons_position_left e-con e-parent\" data-id=\"385faa50\" data-element_type=\"container\" data-e-type=\"container\">\n\t\t\t\t\t<div class=\"e-con-inner\">\n\t\t\t\t<div class=\"elementor-element elementor-element-1d858740 sc_fly_static elementor-widget elementor-widget-heading\" data-id=\"1d858740\" data-element_type=\"widget\" data-e-type=\"widget\" data-widget_type=\"heading.default\">\n\t\t\t\t<div class=\"elementor-widget-container\">\n\t\t\t\t\t<h2 class=\"elementor-heading-title elementor-size-default\">Su microboda en Belice<\/h2>\t\t\t\t<\/div>\n\t\t\t\t<\/div>\n\t\t\t\t\t<\/div>\n\t\t\t\t<\/div>\n\t\t<div class=\"elementor-element elementor-element-1b541f8e e-flex e-con-boxed sc_layouts_column_icons_position_left e-con e-parent\" data-id=\"1b541f8e\" data-element_type=\"container\" data-e-type=\"container\">\n\t\t\t\t\t<div class=\"e-con-inner\">\n\t\t<div class=\"elementor-element elementor-element-6652cbba e-con-full e-flex sc_layouts_column_icons_position_left e-con e-child\" data-id=\"6652cbba\" data-element_type=\"container\" data-e-type=\"container\">\n\t\t\t\t<div class=\"elementor-element elementor-element-79c21720 sc_fly_static elementor-widget elementor-widget-heading\" data-id=\"79c21720\" data-element_type=\"widget\" data-e-type=\"widget\" data-widget_type=\"heading.default\">\n\t\t\t\t<div class=\"elementor-widget-container\">\n\t\t\t\t\t<h3 class=\"elementor-heading-title elementor-size-default\">\u00a1Su nueva vida juntos comienza aqu\u00ed!<\/h3>\t\t\t\t<\/div>\n\t\t\t\t<\/div>\n\t\t\t\t<div class=\"elementor-element elementor-element-f952360 sc_fly_static elementor-widget elementor-widget-text-editor\" data-id=\"f952360\" data-element_type=\"widget\" data-e-type=\"widget\" data-widget_type=\"text-editor.default\">\n\t\t\t\t<div class=\"elementor-widget-container\">\n\t\t\t\t\t\t\t\t\t<p>\u00a1Compartir su d\u00eda especial con familiares y amigos es una alegr\u00eda! Nos complace ofrecerle nuestro paquete de bodas para un grupo de 10 personas. Entendemos que cada boda es \u00fanica y no debe considerarse como algo est\u00e1ndar. Queremos que su experiencia nupcial en Belice sea inigualable, por lo que, con eso en mente, tambi\u00e9n podemos crear un paquete personalizado para usted. \u00a1De esta manera, su creatividad y sus deseos brillar\u00e1n con luz propia! No dude en comunicarnos si est\u00e1 interesado en la personalizaci\u00f3n y podremos analizar qu\u00e9 opciones creativas prefiere.     <\/p>\t\t\t\t\t\t\t\t<\/div>\n\t\t\t\t<\/div>\n\t\t\t\t<div class=\"elementor-element elementor-element-2292edf8 elementor-align-center sc_fly_static elementor-widget elementor-widget-button\" data-id=\"2292edf8\" data-element_type=\"widget\" data-e-type=\"widget\" data-widget_type=\"button.default\">\n\t\t\t\t<div class=\"elementor-widget-container\">\n\t\t\t\t\t\t\t\t\t<div class=\"elementor-button-wrapper\">\n\t\t\t\t\t<a class=\"elementor-button elementor-button-link elementor-size-sm\" href=\"#\">\n\t\t\t\t\t\t<span class=\"elementor-button-content-wrapper\">\n\t\t\t\t\t\t\t\t\t<span class=\"elementor-button-text\">CONT\u00c1CTENOS<\/span>\n\t\t\t\t\t<\/span>\n\t\t\t\t\t<\/a>\n\t\t\t\t<\/div>\n\t\t\t\t\t\t\t\t<\/div>\n\t\t\t\t<\/div>\n\t\t\t\t<\/div>\n\t\t<div class=\"elementor-element elementor-element-46270c1d e-con-full e-flex sc_layouts_column_icons_position_left e-con e-child\" data-id=\"46270c1d\" data-element_type=\"container\" data-e-type=\"container\">\n\t\t\t\t<div class=\"elementor-element elementor-element-2060eb10 sc_fly_static elementor-widget elementor-widget-text-editor\" data-id=\"2060eb10\" data-element_type=\"widget\" data-e-type=\"widget\" data-widget_type=\"text-editor.default\">\n\t\t\t\t<div class=\"elementor-widget-container\">\n\t\t\t\t\t\t\t\t\t<p><strong>Incluido en esta experiencia<\/strong><\/p>\t\t\t\t\t\t\t\t<\/div>\n\t\t\t\t<\/div>\n\t\t\t\t<div class=\"elementor-element elementor-element-6ad286d0 sc_fly_static elementor-widget elementor-widget-text-editor\" data-id=\"6ad286d0\" data-element_type=\"widget\" data-e-type=\"widget\" data-widget_type=\"text-editor.default\">\n\t\t\t\t<div class=\"elementor-widget-container\">\n\t\t\t\t\t\t\t\t\t<ul><li>Coordinador de bodas previo al viaje para asistir con todos los preparativos<\/li><li>Licencia y certificado de matrimonio<\/li><li>Coordinador de bodas en el complejo<\/li><li>M\u00fasica grabada para la ceremonia<\/li><li>Oficiante de boda<\/li><li>Arco nupcial y decoraci\u00f3n del camino<\/li><li>Ramo de novia tropical y prendido<\/li><li>Pastel de un piso<\/li><li>4 botellas de champ\u00e1n<\/li><li>Cena rom\u00e1ntica privada para 2 personas<\/li><li>Todas las propinas e impuestos<\/li><\/ul><p>Recepci\u00f3n para 10 personas<\/p><ul><li>Hora del c\u00f3ctel con bebida de la casa elaborada con ron local y aperitivos reci\u00e9n hechos<\/li><li>Banquete de boda y barra libre con cena de tres platos.<\/li><li>Montaje y desmontaje de la recepci\u00f3n.<\/li><\/ul>\t\t\t\t\t\t\t\t<\/div>\n\t\t\t\t<\/div>\n\t\t\t\t<div class=\"elementor-element elementor-element-383537b6 sc_fly_static elementor-widget elementor-widget-text-editor\" data-id=\"383537b6\" data-element_type=\"widget\" data-e-type=\"widget\" data-widget_type=\"text-editor.default\">\n\t\t\t\t<div class=\"elementor-widget-container\">\n\t\t\t\t\t\t\t\t\t<p><strong>Desde 4.600,00 USD<\/strong><\/p>\t\t\t\t\t\t\t\t<\/div>\n\t\t\t\t<\/div>\n\t\t\t\t<div class=\"elementor-element elementor-element-277201f5 sc_fly_static elementor-widget elementor-widget-text-editor\" data-id=\"277201f5\" data-element_type=\"widget\" data-e-type=\"widget\" data-widget_type=\"text-editor.default\">\n\t\t\t\t<div class=\"elementor-widget-container\">\n\t\t\t\t\t\t\t\t\t<ul><li>Precios basados en 2 personas.<\/li><\/ul>\t\t\t\t\t\t\t\t<\/div>\n\t\t\t\t<\/div>\n\t\t\t\t<\/div>\n\t\t\t\t\t<\/div>\n\t\t\t\t<\/div>\n\t\t<div data-animation-type=\"sequental\" data-animation-stagger=\"\" class=\"elementor-element elementor-element-2f6805c animation_type_sequental e-flex e-con-boxed sc_layouts_column_icons_position_left elementor-invisible e-con e-parent\" data-id=\"2f6805c\" data-element_type=\"container\" data-e-type=\"container\" data-settings=\"{&quot;animation&quot;:&quot;fadeInUp&quot;}\">\n\t\t\t\t\t<div class=\"e-con-inner\">\n\t\t<div class=\"elementor-element elementor-element-2d5482e4 e-con-full e-flex sc_layouts_column_icons_position_left e-con e-child\" data-id=\"2d5482e4\" data-element_type=\"container\" data-e-type=\"container\">\n\t\t\t\t<div class=\"elementor-element elementor-element-6693ba1b sc_fly_static elementor-widget elementor-widget-image\" data-id=\"6693ba1b\" data-element_type=\"widget\" data-e-type=\"widget\" data-widget_type=\"image.default\">\n\t\t\t\t<div class=\"elementor-widget-container\">\n\t\t\t\t\t\t\t\t\t\t\t\t\t\t\t\t<a href=\"https:\/\/jaguarreefbelize.com\/wp-content\/uploads\/2026\/02\/JRL-YOUR-MICRO-WEDDING-02.jpg\" data-elementor-open-lightbox=\"yes\" data-elementor-lightbox-title=\"JRL-YOUR-MICRO-WEDDING-02\" data-e-action-hash=\"#elementor-action%3Aaction%3Dlightbox%26settings%3DeyJpZCI6NDU2MzcsInVybCI6Imh0dHBzOlwvXC9qYWd1YXJyZWVmYmVsaXplLmNvbVwvd3AtY29udGVudFwvdXBsb2Fkc1wvMjAyNlwvMDJcL0pSTC1ZT1VSLU1JQ1JPLVdFRERJTkctMDIuanBnIn0%3D\">\n\t\t\t\t\t\t\t<img fetchpriority=\"high\" decoding=\"async\" width=\"683\" height=\"1024\" src=\"https:\/\/jaguarreefbelize.com\/wp-content\/uploads\/2026\/02\/JRL-YOUR-MICRO-WEDDING-02-683x1024.jpg\" class=\"attachment-large size-large wp-image-45637\" alt=\"\" srcset=\"https:\/\/jaguarreefbelize.com\/wp-content\/uploads\/2026\/02\/JRL-YOUR-MICRO-WEDDING-02-683x1024.jpg 683w, https:\/\/jaguarreefbelize.com\/wp-content\/uploads\/2026\/02\/JRL-YOUR-MICRO-WEDDING-02-200x300.jpg 200w, https:\/\/jaguarreefbelize.com\/wp-content\/uploads\/2026\/02\/JRL-YOUR-MICRO-WEDDING-02-768x1152.jpg 768w, https:\/\/jaguarreefbelize.com\/wp-content\/uploads\/2026\/02\/JRL-YOUR-MICRO-WEDDING-02-1024x1536.jpg 1024w, https:\/\/jaguarreefbelize.com\/wp-content\/uploads\/2026\/02\/JRL-YOUR-MICRO-WEDDING-02-370x555.jpg 370w, https:\/\/jaguarreefbelize.com\/wp-content\/uploads\/2026\/02\/JRL-YOUR-MICRO-WEDDING-02-840x1260.jpg 840w, https:\/\/jaguarreefbelize.com\/wp-content\/uploads\/2026\/02\/JRL-YOUR-MICRO-WEDDING-02-410x615.jpg 410w, https:\/\/jaguarreefbelize.com\/wp-content\/uploads\/2026\/02\/JRL-YOUR-MICRO-WEDDING-02.jpg 1080w\" sizes=\"(max-width: 683px) 100vw, 683px\" \/>\t\t\t\t\t\t\t\t<\/a>\n\t\t\t\t\t\t\t\t\t\t\t\t\t\t\t<\/div>\n\t\t\t\t<\/div>\n\t\t\t\t<\/div>\n\t\t<div class=\"elementor-element elementor-element-ee539ed e-con-full e-flex sc_layouts_column_icons_position_left e-con e-child\" data-id=\"ee539ed\" data-element_type=\"container\" data-e-type=\"container\">\n\t\t\t\t<div class=\"elementor-element elementor-element-48e340d8 sc_fly_static elementor-widget elementor-widget-image\" data-id=\"48e340d8\" data-element_type=\"widget\" data-e-type=\"widget\" data-widget_type=\"image.default\">\n\t\t\t\t<div class=\"elementor-widget-container\">\n\t\t\t\t\t\t\t\t\t\t\t\t\t\t\t\t<a href=\"https:\/\/jaguarreefbelize.com\/wp-content\/uploads\/2026\/02\/JRL-YOUR-MICRO-WEDDING-03.jpg\" data-elementor-open-lightbox=\"yes\" data-elementor-lightbox-title=\"Megan y Vanessa se dan el \u00abs\u00ed, quiero\u00bb | Belice\" data-e-action-hash=\"#elementor-action%3Aaction%3Dlightbox%26settings%3DeyJpZCI6NDU2MzgsInVybCI6Imh0dHBzOlwvXC9qYWd1YXJyZWVmYmVsaXplLmNvbVwvd3AtY29udGVudFwvdXBsb2Fkc1wvMjAyNlwvMDJcL0pSTC1ZT1VSLU1JQ1JPLVdFRERJTkctMDMuanBnIn0%3D\">\n\t\t\t\t\t\t\t<img decoding=\"async\" width=\"683\" height=\"1024\" src=\"https:\/\/jaguarreefbelize.com\/wp-content\/uploads\/2026\/02\/JRL-YOUR-MICRO-WEDDING-03-683x1024.jpg\" class=\"attachment-large size-large wp-image-45638\" alt=\"\" srcset=\"https:\/\/jaguarreefbelize.com\/wp-content\/uploads\/2026\/02\/JRL-YOUR-MICRO-WEDDING-03-683x1024.jpg 683w, https:\/\/jaguarreefbelize.com\/wp-content\/uploads\/2026\/02\/JRL-YOUR-MICRO-WEDDING-03-200x300.jpg 200w, https:\/\/jaguarreefbelize.com\/wp-content\/uploads\/2026\/02\/JRL-YOUR-MICRO-WEDDING-03-768x1152.jpg 768w, https:\/\/jaguarreefbelize.com\/wp-content\/uploads\/2026\/02\/JRL-YOUR-MICRO-WEDDING-03-1024x1536.jpg 1024w, https:\/\/jaguarreefbelize.com\/wp-content\/uploads\/2026\/02\/JRL-YOUR-MICRO-WEDDING-03-370x555.jpg 370w, https:\/\/jaguarreefbelize.com\/wp-content\/uploads\/2026\/02\/JRL-YOUR-MICRO-WEDDING-03-840x1260.jpg 840w, https:\/\/jaguarreefbelize.com\/wp-content\/uploads\/2026\/02\/JRL-YOUR-MICRO-WEDDING-03-410x615.jpg 410w, https:\/\/jaguarreefbelize.com\/wp-content\/uploads\/2026\/02\/JRL-YOUR-MICRO-WEDDING-03.jpg 1365w\" sizes=\"(max-width: 683px) 100vw, 683px\" \/>\t\t\t\t\t\t\t\t<\/a>\n\t\t\t\t\t\t\t\t\t\t\t\t\t\t\t<\/div>\n\t\t\t\t<\/div>\n\t\t\t\t<\/div>\n\t\t<div class=\"elementor-element elementor-element-1dcfb6ac e-con-full e-flex sc_layouts_column_icons_position_left e-con e-child\" data-id=\"1dcfb6ac\" data-element_type=\"container\" data-e-type=\"container\">\n\t\t\t\t<div class=\"elementor-element elementor-element-59ccf99d sc_fly_static elementor-widget elementor-widget-image\" data-id=\"59ccf99d\" data-element_type=\"widget\" data-e-type=\"widget\" data-widget_type=\"image.default\">\n\t\t\t\t<div class=\"elementor-widget-container\">\n\t\t\t\t\t\t\t\t\t\t\t\t\t\t\t\t<a href=\"https:\/\/jaguarreefbelize.com\/wp-content\/uploads\/2026\/02\/JRL-YOUR-MICRO-WEDDING-04.jpg\" data-elementor-open-lightbox=\"yes\" data-elementor-lightbox-title=\"Megan y Vanessa se dan el \u00abs\u00ed, quiero\u00bb | Belice\" data-e-action-hash=\"#elementor-action%3Aaction%3Dlightbox%26settings%3DeyJpZCI6NDU2MzksInVybCI6Imh0dHBzOlwvXC9qYWd1YXJyZWVmYmVsaXplLmNvbVwvd3AtY29udGVudFwvdXBsb2Fkc1wvMjAyNlwvMDJcL0pSTC1ZT1VSLU1JQ1JPLVdFRERJTkctMDQuanBnIn0%3D\">\n\t\t\t\t\t\t\t<img decoding=\"async\" width=\"683\" height=\"1024\" src=\"https:\/\/jaguarreefbelize.com\/wp-content\/uploads\/2026\/02\/JRL-YOUR-MICRO-WEDDING-04-683x1024.jpg\" class=\"attachment-large size-large wp-image-45639\" alt=\"\" srcset=\"https:\/\/jaguarreefbelize.com\/wp-content\/uploads\/2026\/02\/JRL-YOUR-MICRO-WEDDING-04-683x1024.jpg 683w, https:\/\/jaguarreefbelize.com\/wp-content\/uploads\/2026\/02\/JRL-YOUR-MICRO-WEDDING-04-200x300.jpg 200w, https:\/\/jaguarreefbelize.com\/wp-content\/uploads\/2026\/02\/JRL-YOUR-MICRO-WEDDING-04-768x1152.jpg 768w, https:\/\/jaguarreefbelize.com\/wp-content\/uploads\/2026\/02\/JRL-YOUR-MICRO-WEDDING-04-1024x1536.jpg 1024w, https:\/\/jaguarreefbelize.com\/wp-content\/uploads\/2026\/02\/JRL-YOUR-MICRO-WEDDING-04-370x555.jpg 370w, https:\/\/jaguarreefbelize.com\/wp-content\/uploads\/2026\/02\/JRL-YOUR-MICRO-WEDDING-04-840x1260.jpg 840w, https:\/\/jaguarreefbelize.com\/wp-content\/uploads\/2026\/02\/JRL-YOUR-MICRO-WEDDING-04-410x615.jpg 410w, https:\/\/jaguarreefbelize.com\/wp-content\/uploads\/2026\/02\/JRL-YOUR-MICRO-WEDDING-04.jpg 1365w\" sizes=\"(max-width: 683px) 100vw, 683px\" \/>\t\t\t\t\t\t\t\t<\/a>\n\t\t\t\t\t\t\t\t\t\t\t\t\t\t\t<\/div>\n\t\t\t\t<\/div>\n\t\t\t\t<\/div>\n\t\t\t\t\t<\/div>\n\t\t\t\t<\/div>\n\t\t\t\t<\/div>\n\t\t","protected":false},"excerpt":{"rendered":"<p>Su microboda en Belice Su microboda en Belice \u00a1Su nueva vida juntos comienza aqu\u00ed! \u00a1Compartir su d\u00eda especial con familiares y amigos es una alegr\u00eda! Nos complace ofrecerle nuestro paquete&hellip;<\/p>\n","protected":false},"author":1,"featured_media":0,"parent":45669,"menu_order":0,"comment_status":"closed","ping_status":"closed","template":"","meta":{"footnotes":""},"class_list":["post-45635","page","type-page","status-publish","hentry"],"yoast_head":"<!-- This site is optimized with the Yoast SEO plugin v27.5 - https:\/\/yoast.com\/product\/yoast-seo-wordpress\/ -->\n<title>Su microboda en Belice - The Lodge At Jaguar Reef<\/title>\n<meta name=\"robots\" content=\"index, follow, max-snippet:-1, max-image-preview:large, max-video-preview:-1\" \/>\n<link rel=\"canonical\" href=\"https:\/\/jaguarreefbelize.com\/es\/paquetes-de-vacaciones-en-belice\/su-microboda-en-belice\/\" \/>\n<meta property=\"og:locale\" content=\"es_ES\" \/>\n<meta property=\"og:type\" content=\"article\" \/>\n<meta property=\"og:title\" content=\"Su microboda en Belice - The Lodge At Jaguar Reef\" \/>\n<meta property=\"og:description\" content=\"Su microboda en Belice Su microboda en Belice \u00a1Su nueva vida juntos comienza aqu\u00ed! \u00a1Compartir su d\u00eda especial con familiares y amigos es una alegr\u00eda! Nos complace ofrecerle nuestro paquete&hellip;\" \/>\n<meta property=\"og:url\" content=\"https:\/\/jaguarreefbelize.com\/es\/paquetes-de-vacaciones-en-belice\/su-microboda-en-belice\/\" \/>\n<meta property=\"og:site_name\" content=\"The Lodge At Jaguar Reef\" \/>\n<meta property=\"article:modified_time\" content=\"2026-05-05T14:20:14+00:00\" \/>\n<meta property=\"og:image\" content=\"https:\/\/jaguarreefbelize.com\/wp-content\/uploads\/2026\/02\/JRL-YOUR-MICRO-WEDDING-02.jpg\" \/>\n\t<meta property=\"og:image:width\" content=\"1080\" \/>\n\t<meta property=\"og:image:height\" content=\"1620\" \/>\n\t<meta property=\"og:image:type\" content=\"image\/jpeg\" \/>\n<meta name=\"twitter:card\" content=\"summary_large_image\" \/>\n<meta name=\"twitter:label1\" content=\"Tiempo de lectura\" \/>\n\t<meta name=\"twitter:data1\" content=\"1 minuto\" \/>\n<script type=\"application\/ld+json\" class=\"yoast-schema-graph\">{\"@context\":\"https:\\\/\\\/schema.org\",\"@graph\":[{\"@type\":\"WebPage\",\"@id\":\"https:\\\/\\\/jaguarreefbelize.com\\\/es\\\/paquetes-de-vacaciones-en-belice\\\/su-microboda-en-belice\\\/\",\"url\":\"https:\\\/\\\/jaguarreefbelize.com\\\/es\\\/paquetes-de-vacaciones-en-belice\\\/su-microboda-en-belice\\\/\",\"name\":\"Su microboda en Belice - The Lodge At Jaguar Reef\",\"isPartOf\":{\"@id\":\"https:\\\/\\\/jaguarreefbelize.com\\\/es\\\/#website\"},\"primaryImageOfPage\":{\"@id\":\"https:\\\/\\\/jaguarreefbelize.com\\\/es\\\/paquetes-de-vacaciones-en-belice\\\/su-microboda-en-belice\\\/#primaryimage\"},\"image\":{\"@id\":\"https:\\\/\\\/jaguarreefbelize.com\\\/es\\\/paquetes-de-vacaciones-en-belice\\\/su-microboda-en-belice\\\/#primaryimage\"},\"thumbnailUrl\":\"https:\\\/\\\/jaguarreefbelize.com\\\/wp-content\\\/uploads\\\/2026\\\/02\\\/JRL-YOUR-MICRO-WEDDING-02-683x1024.jpg\",\"datePublished\":\"2026-02-09T19:51:31+00:00\",\"dateModified\":\"2026-05-05T14:20:14+00:00\",\"breadcrumb\":{\"@id\":\"https:\\\/\\\/jaguarreefbelize.com\\\/es\\\/paquetes-de-vacaciones-en-belice\\\/su-microboda-en-belice\\\/#breadcrumb\"},\"inLanguage\":\"es\",\"potentialAction\":[{\"@type\":\"ReadAction\",\"target\":[\"https:\\\/\\\/jaguarreefbelize.com\\\/es\\\/paquetes-de-vacaciones-en-belice\\\/su-microboda-en-belice\\\/\"]}]},{\"@type\":\"ImageObject\",\"inLanguage\":\"es\",\"@id\":\"https:\\\/\\\/jaguarreefbelize.com\\\/es\\\/paquetes-de-vacaciones-en-belice\\\/su-microboda-en-belice\\\/#primaryimage\",\"url\":\"https:\\\/\\\/jaguarreefbelize.com\\\/wp-content\\\/uploads\\\/2026\\\/02\\\/JRL-YOUR-MICRO-WEDDING-02-683x1024.jpg\",\"contentUrl\":\"https:\\\/\\\/jaguarreefbelize.com\\\/wp-content\\\/uploads\\\/2026\\\/02\\\/JRL-YOUR-MICRO-WEDDING-02-683x1024.jpg\"},{\"@type\":\"BreadcrumbList\",\"@id\":\"https:\\\/\\\/jaguarreefbelize.com\\\/es\\\/paquetes-de-vacaciones-en-belice\\\/su-microboda-en-belice\\\/#breadcrumb\",\"itemListElement\":[{\"@type\":\"ListItem\",\"position\":1,\"name\":\"Home\",\"item\":\"https:\\\/\\\/jaguarreefbelize.com\\\/es\\\/the-lodge-at-jaguar-reef\\\/\"},{\"@type\":\"ListItem\",\"position\":2,\"name\":\"Paquetes de vacaciones en Belice\",\"item\":\"https:\\\/\\\/jaguarreefbelize.com\\\/es\\\/paquetes-de-vacaciones-en-belice\\\/\"},{\"@type\":\"ListItem\",\"position\":3,\"name\":\"Su microboda en Belice\"}]},{\"@type\":\"WebSite\",\"@id\":\"https:\\\/\\\/jaguarreefbelize.com\\\/es\\\/#website\",\"url\":\"https:\\\/\\\/jaguarreefbelize.com\\\/es\\\/\",\"name\":\"The Lodge At Jaguar Reef\",\"description\":\"A beach chic getaway in Hopkins, Belize\",\"publisher\":{\"@id\":\"https:\\\/\\\/jaguarreefbelize.com\\\/es\\\/#organization\"},\"potentialAction\":[{\"@type\":\"SearchAction\",\"target\":{\"@type\":\"EntryPoint\",\"urlTemplate\":\"https:\\\/\\\/jaguarreefbelize.com\\\/es\\\/?s={search_term_string}\"},\"query-input\":{\"@type\":\"PropertyValueSpecification\",\"valueRequired\":true,\"valueName\":\"search_term_string\"}}],\"inLanguage\":\"es\"},{\"@type\":\"Organization\",\"@id\":\"https:\\\/\\\/jaguarreefbelize.com\\\/es\\\/#organization\",\"name\":\"The Lodge At Jaguar Reef\",\"url\":\"https:\\\/\\\/jaguarreefbelize.com\\\/es\\\/\",\"logo\":{\"@type\":\"ImageObject\",\"inLanguage\":\"es\",\"@id\":\"https:\\\/\\\/jaguarreefbelize.com\\\/es\\\/#\\\/schema\\\/logo\\\/image\\\/\",\"url\":\"https:\\\/\\\/jaguarreefbelize.com\\\/wp-content\\\/uploads\\\/2025\\\/12\\\/JRL-long-logo.png\",\"contentUrl\":\"https:\\\/\\\/jaguarreefbelize.com\\\/wp-content\\\/uploads\\\/2025\\\/12\\\/JRL-long-logo.png\",\"width\":1000,\"height\":182,\"caption\":\"The Lodge At Jaguar Reef\"},\"image\":{\"@id\":\"https:\\\/\\\/jaguarreefbelize.com\\\/es\\\/#\\\/schema\\\/logo\\\/image\\\/\"}}]}<\/script>\n<!-- \/ Yoast SEO plugin. -->","yoast_head_json":{"title":"Su microboda en Belice - The Lodge At Jaguar Reef","robots":{"index":"index","follow":"follow","max-snippet":"max-snippet:-1","max-image-preview":"max-image-preview:large","max-video-preview":"max-video-preview:-1"},"canonical":"https:\/\/jaguarreefbelize.com\/es\/paquetes-de-vacaciones-en-belice\/su-microboda-en-belice\/","og_locale":"es_ES","og_type":"article","og_title":"Su microboda en Belice - The Lodge At Jaguar Reef","og_description":"Su microboda en Belice Su microboda en Belice \u00a1Su nueva vida juntos comienza aqu\u00ed! \u00a1Compartir su d\u00eda especial con familiares y amigos es una alegr\u00eda! Nos complace ofrecerle nuestro paquete&hellip;","og_url":"https:\/\/jaguarreefbelize.com\/es\/paquetes-de-vacaciones-en-belice\/su-microboda-en-belice\/","og_site_name":"The Lodge At Jaguar Reef","article_modified_time":"2026-05-05T14:20:14+00:00","og_image":[{"width":1080,"height":1620,"url":"https:\/\/jaguarreefbelize.com\/wp-content\/uploads\/2026\/02\/JRL-YOUR-MICRO-WEDDING-02.jpg","type":"image\/jpeg"}],"twitter_card":"summary_large_image","twitter_misc":{"Tiempo de lectura":"1 minuto"},"schema":{"@context":"https:\/\/schema.org","@graph":[{"@type":"WebPage","@id":"https:\/\/jaguarreefbelize.com\/es\/paquetes-de-vacaciones-en-belice\/su-microboda-en-belice\/","url":"https:\/\/jaguarreefbelize.com\/es\/paquetes-de-vacaciones-en-belice\/su-microboda-en-belice\/","name":"Su microboda en Belice - The Lodge At Jaguar Reef","isPartOf":{"@id":"https:\/\/jaguarreefbelize.com\/es\/#website"},"primaryImageOfPage":{"@id":"https:\/\/jaguarreefbelize.com\/es\/paquetes-de-vacaciones-en-belice\/su-microboda-en-belice\/#primaryimage"},"image":{"@id":"https:\/\/jaguarreefbelize.com\/es\/paquetes-de-vacaciones-en-belice\/su-microboda-en-belice\/#primaryimage"},"thumbnailUrl":"https:\/\/jaguarreefbelize.com\/wp-content\/uploads\/2026\/02\/JRL-YOUR-MICRO-WEDDING-02-683x1024.jpg","datePublished":"2026-02-09T19:51:31+00:00","dateModified":"2026-05-05T14:20:14+00:00","breadcrumb":{"@id":"https:\/\/jaguarreefbelize.com\/es\/paquetes-de-vacaciones-en-belice\/su-microboda-en-belice\/#breadcrumb"},"inLanguage":"es","potentialAction":[{"@type":"ReadAction","target":["https:\/\/jaguarreefbelize.com\/es\/paquetes-de-vacaciones-en-belice\/su-microboda-en-belice\/"]}]},{"@type":"ImageObject","inLanguage":"es","@id":"https:\/\/jaguarreefbelize.com\/es\/paquetes-de-vacaciones-en-belice\/su-microboda-en-belice\/#primaryimage","url":"https:\/\/jaguarreefbelize.com\/wp-content\/uploads\/2026\/02\/JRL-YOUR-MICRO-WEDDING-02-683x1024.jpg","contentUrl":"https:\/\/jaguarreefbelize.com\/wp-content\/uploads\/2026\/02\/JRL-YOUR-MICRO-WEDDING-02-683x1024.jpg"},{"@type":"BreadcrumbList","@id":"https:\/\/jaguarreefbelize.com\/es\/paquetes-de-vacaciones-en-belice\/su-microboda-en-belice\/#breadcrumb","itemListElement":[{"@type":"ListItem","position":1,"name":"Home","item":"https:\/\/jaguarreefbelize.com\/es\/the-lodge-at-jaguar-reef\/"},{"@type":"ListItem","position":2,"name":"Paquetes de vacaciones en Belice","item":"https:\/\/jaguarreefbelize.com\/es\/paquetes-de-vacaciones-en-belice\/"},{"@type":"ListItem","position":3,"name":"Su microboda en Belice"}]},{"@type":"WebSite","@id":"https:\/\/jaguarreefbelize.com\/es\/#website","url":"https:\/\/jaguarreefbelize.com\/es\/","name":"The Lodge At Jaguar Reef","description":"A beach chic getaway in Hopkins, Belize","publisher":{"@id":"https:\/\/jaguarreefbelize.com\/es\/#organization"},"potentialAction":[{"@type":"SearchAction","target":{"@type":"EntryPoint","urlTemplate":"https:\/\/jaguarreefbelize.com\/es\/?s={search_term_string}"},"query-input":{"@type":"PropertyValueSpecification","valueRequired":true,"valueName":"search_term_string"}}],"inLanguage":"es"},{"@type":"Organization","@id":"https:\/\/jaguarreefbelize.com\/es\/#organization","name":"The Lodge At Jaguar Reef","url":"https:\/\/jaguarreefbelize.com\/es\/","logo":{"@type":"ImageObject","inLanguage":"es","@id":"https:\/\/jaguarreefbelize.com\/es\/#\/schema\/logo\/image\/","url":"https:\/\/jaguarreefbelize.com\/wp-content\/uploads\/2025\/12\/JRL-long-logo.png","contentUrl":"https:\/\/jaguarreefbelize.com\/wp-content\/uploads\/2025\/12\/JRL-long-logo.png","width":1000,"height":182,"caption":"The Lodge At Jaguar Reef"},"image":{"@id":"https:\/\/jaguarreefbelize.com\/es\/#\/schema\/logo\/image\/"}}]}},"jetpack_sharing_enabled":true,"_links":{"self":[{"href":"https:\/\/jaguarreefbelize.com\/es\/wp-json\/wp\/v2\/pages\/45635","targetHints":{"allow":["GET"]}}],"collection":[{"href":"https:\/\/jaguarreefbelize.com\/es\/wp-json\/wp\/v2\/pages"}],"about":[{"href":"https:\/\/jaguarreefbelize.com\/es\/wp-json\/wp\/v2\/types\/page"}],"author":[{"embeddable":true,"href":"https:\/\/jaguarreefbelize.com\/es\/wp-json\/wp\/v2\/users\/1"}],"replies":[{"embeddable":true,"href":"https:\/\/jaguarreefbelize.com\/es\/wp-json\/wp\/v2\/comments?post=45635"}],"version-history":[{"count":1,"href":"https:\/\/jaguarreefbelize.com\/es\/wp-json\/wp\/v2\/pages\/45635\/revisions"}],"predecessor-version":[{"id":45640,"href":"https:\/\/jaguarreefbelize.com\/es\/wp-json\/wp\/v2\/pages\/45635\/revisions\/45640"}],"up":[{"embeddable":true,"href":"https:\/\/jaguarreefbelize.com\/es\/wp-json\/wp\/v2\/pages\/45669"}],"wp:attachment":[{"href":"https:\/\/jaguarreefbelize.com\/es\/wp-json\/wp\/v2\/media?parent=45635"}],"curies":[{"name":"wp","href":"https:\/\/api.w.org\/{rel}","templated":true}]}}