{"id":45617,"date":"2026-02-09T14:09:49","date_gmt":"2026-02-09T20:09:49","guid":{"rendered":"https:\/\/jaguarreefbelize.com\/solo-nosotros-dos\/"},"modified":"2026-05-05T08:20:14","modified_gmt":"2026-05-05T14:20:14","slug":"solo-nosotros-dos","status":"publish","type":"page","link":"https:\/\/jaguarreefbelize.com\/es\/paquetes-de-vacaciones-en-belice\/solo-nosotros-dos\/","title":{"rendered":"Solo Nosotros Dos"},"content":{"rendered":"\t\t<div data-elementor-type=\"wp-page\" data-elementor-id=\"45617\" class=\"elementor elementor-45617 elementor-42787\" data-elementor-post-type=\"page\">\n\t\t\t\t<div class=\"elementor-element elementor-element-644dc58c e-con-full e-flex sc_layouts_column_icons_position_left e-con e-parent\" data-id=\"644dc58c\" data-element_type=\"container\" data-e-type=\"container\" data-settings=\"{&quot;background_background&quot;:&quot;classic&quot;,&quot;background_motion_fx_motion_fx_scrolling&quot;:&quot;yes&quot;,&quot;background_motion_fx_translateY_effect&quot;:&quot;yes&quot;,&quot;background_motion_fx_translateY_speed&quot;:{&quot;unit&quot;:&quot;px&quot;,&quot;size&quot;:4,&quot;sizes&quot;:[]},&quot;background_motion_fx_translateY_affectedRange&quot;:{&quot;unit&quot;:&quot;%&quot;,&quot;size&quot;:&quot;&quot;,&quot;sizes&quot;:{&quot;start&quot;:0,&quot;end&quot;:100}},&quot;background_motion_fx_devices&quot;:[&quot;desktop&quot;,&quot;tablet&quot;,&quot;mobile&quot;]}\">\n\t\t\t\t<div class=\"elementor-element elementor-element-3b20cf3f sc_fly_static elementor-widget elementor-widget-heading\" data-id=\"3b20cf3f\" data-element_type=\"widget\" data-e-type=\"widget\" data-widget_type=\"heading.default\">\n\t\t\t\t<div class=\"elementor-widget-container\">\n\t\t\t\t\t<h1 class=\"elementor-heading-title elementor-size-default\">Solo Nosotros Dos<\/h1>\t\t\t\t<\/div>\n\t\t\t\t<\/div>\n\t\t\t\t<\/div>\n\t\t<div class=\"elementor-element elementor-element-4c7590f8 e-flex e-con-boxed sc_layouts_column_icons_position_left e-con e-parent\" data-id=\"4c7590f8\" data-element_type=\"container\" data-e-type=\"container\">\n\t\t\t\t\t<div class=\"e-con-inner\">\n\t\t\t\t<div class=\"elementor-element elementor-element-64a64aa4 sc_fly_static elementor-widget elementor-widget-heading\" data-id=\"64a64aa4\" data-element_type=\"widget\" data-e-type=\"widget\" data-widget_type=\"heading.default\">\n\t\t\t\t<div class=\"elementor-widget-container\">\n\t\t\t\t\t<h2 class=\"elementor-heading-title elementor-size-default\">Solo Nosotros Dos<\/h2>\t\t\t\t<\/div>\n\t\t\t\t<\/div>\n\t\t\t\t\t<\/div>\n\t\t\t\t<\/div>\n\t\t<div class=\"elementor-element elementor-element-383dd1eb e-flex e-con-boxed sc_layouts_column_icons_position_left e-con e-parent\" data-id=\"383dd1eb\" data-element_type=\"container\" data-e-type=\"container\">\n\t\t\t\t\t<div class=\"e-con-inner\">\n\t\t<div class=\"elementor-element elementor-element-35788081 e-con-full e-flex sc_layouts_column_icons_position_left e-con e-child\" data-id=\"35788081\" data-element_type=\"container\" data-e-type=\"container\">\n\t\t\t\t<div class=\"elementor-element elementor-element-47ca3137 sc_fly_static elementor-widget elementor-widget-heading\" data-id=\"47ca3137\" data-element_type=\"widget\" data-e-type=\"widget\" data-widget_type=\"heading.default\">\n\t\t\t\t<div class=\"elementor-widget-container\">\n\t\t\t\t\t<h3 class=\"elementor-heading-title elementor-size-default\">La Luna de Miel Definitiva en Belice<\/h3>\t\t\t\t<\/div>\n\t\t\t\t<\/div>\n\t\t\t\t<div class=\"elementor-element elementor-element-5cd1e449 sc_fly_static elementor-widget elementor-widget-text-editor\" data-id=\"5cd1e449\" data-element_type=\"widget\" data-e-type=\"widget\" data-widget_type=\"text-editor.default\">\n\t\t\t\t<div class=\"elementor-widget-container\">\n\t\t\t\t\t\t\t\t\t<p>Ya sea celebrando una llama reci\u00e9n encendida o un fuego que lleva ardiendo tiempo, ponga el amor en primer plano con este paquete. Qu\u00e9 mejor lugar para celebrar el amor que aislados en la naturaleza, solo usted y su ser amado. La agenda incluye masajes relajantes, cenas rom\u00e1nticas y aventuras que le recordar\u00e1n por qu\u00e9 se enamor\u00f3.  <\/p>\t\t\t\t\t\t\t\t<\/div>\n\t\t\t\t<\/div>\n\t\t\t\t<div class=\"elementor-element elementor-element-3c13e58c elementor-align-center sc_fly_static elementor-widget elementor-widget-button\" data-id=\"3c13e58c\" data-element_type=\"widget\" data-e-type=\"widget\" data-widget_type=\"button.default\">\n\t\t\t\t<div class=\"elementor-widget-container\">\n\t\t\t\t\t\t\t\t\t<div class=\"elementor-button-wrapper\">\n\t\t\t\t\t<a class=\"elementor-button elementor-button-link elementor-size-sm\" href=\"#\">\n\t\t\t\t\t\t<span class=\"elementor-button-content-wrapper\">\n\t\t\t\t\t\t\t\t\t<span class=\"elementor-button-text\">CONT\u00c1CTENOS<\/span>\n\t\t\t\t\t<\/span>\n\t\t\t\t\t<\/a>\n\t\t\t\t<\/div>\n\t\t\t\t\t\t\t\t<\/div>\n\t\t\t\t<\/div>\n\t\t\t\t<\/div>\n\t\t<div class=\"elementor-element elementor-element-25c76349 e-con-full e-flex sc_layouts_column_icons_position_left e-con e-child\" data-id=\"25c76349\" data-element_type=\"container\" data-e-type=\"container\">\n\t\t\t\t<div class=\"elementor-element elementor-element-57f239df sc_fly_static elementor-widget elementor-widget-text-editor\" data-id=\"57f239df\" data-element_type=\"widget\" data-e-type=\"widget\" data-widget_type=\"text-editor.default\">\n\t\t\t\t<div class=\"elementor-widget-container\">\n\t\t\t\t\t\t\t\t\t<p><strong>Incluido en esta experiencia<\/strong><\/p>\t\t\t\t\t\t\t\t<\/div>\n\t\t\t\t<\/div>\n\t\t\t\t<div class=\"elementor-element elementor-element-5fb4475 sc_fly_static elementor-widget elementor-widget-text-editor\" data-id=\"5fb4475\" data-element_type=\"widget\" data-e-type=\"widget\" data-widget_type=\"text-editor.default\">\n\t\t\t\t<div class=\"elementor-widget-container\">\n\t\t\t\t\t\t\t\t\t<ul><li>7 noches de alojamiento en una <a href=\"https:\/\/thebelizecollection.com\/jaguar-reef-rt\/deluxe-suite-lower\/\" target=\"_blank\" rel=\"noopener\">Suite Deluxe<\/a> en <a href=\"https:\/\/thebelizecollection.com\/resorts\/beach-resorts\/jaguar-reef-lodge\/\" target=\"_blank\" rel=\"noopener\">The Lodge at Jaguar Reef<\/a> o <a href=\"https:\/\/thebelizecollection.com\/sleeping-giant-rt\/riverview-rooms\/\" target=\"_blank\" rel=\"noopener\">Habitaci\u00f3n con Vista al R\u00edo<\/a> en <a href=\"https:\/\/thebelizecollection.com\/resorts\/sleeping-giant-rainforest-lodge\/\" target=\"_blank\" rel=\"noopener\">The Rainforest Lodge at Sleeping Giant<\/a><\/li><li>1 botella de champ\u00e1n y bandeja de frutas a la llegada<\/li><li>Traslado a\u00e9reo de ida y vuelta desde el Aeropuerto Internacional de Belice hasta Dangriga o traslado terrestre hasta The Rainforest Lodge at Sleeping Giant.<\/li><li>Desayuno, almuerzo y cena<\/li><li>1 excursi\u00f3n de medio d\u00eda y tour de isla en isla<\/li><li>Masaje relajante rom\u00e1ntico en pareja y ambientaci\u00f3n rom\u00e1ntica<\/li><\/ul>\t\t\t\t\t\t\t\t<\/div>\n\t\t\t\t<\/div>\n\t\t\t\t<div class=\"elementor-element elementor-element-4b91110b sc_fly_static elementor-widget elementor-widget-text-editor\" data-id=\"4b91110b\" data-element_type=\"widget\" data-e-type=\"widget\" data-widget_type=\"text-editor.default\">\n\t\t\t\t<div class=\"elementor-widget-container\">\n\t\t\t\t\t\t\t\t\t<p><strong>Desde $6.200,00 USD<\/strong><\/p>\t\t\t\t\t\t\t\t<\/div>\n\t\t\t\t<\/div>\n\t\t\t\t<div class=\"elementor-element elementor-element-42da2847 sc_fly_static elementor-widget elementor-widget-text-editor\" data-id=\"42da2847\" data-element_type=\"widget\" data-e-type=\"widget\" data-widget_type=\"text-editor.default\">\n\t\t\t\t<div class=\"elementor-widget-container\">\n\t\t\t\t\t\t\t\t\t<ul><li>El precio del paquete est\u00e1 basado en 4 personas.<\/li><\/ul>\t\t\t\t\t\t\t\t<\/div>\n\t\t\t\t<\/div>\n\t\t\t\t<\/div>\n\t\t\t\t\t<\/div>\n\t\t\t\t<\/div>\n\t\t<div data-animation-type=\"sequental\" data-animation-stagger=\"\" class=\"elementor-element elementor-element-27f90fd9 animation_type_sequental e-flex e-con-boxed sc_layouts_column_icons_position_left elementor-invisible e-con e-parent\" data-id=\"27f90fd9\" data-element_type=\"container\" data-e-type=\"container\" data-settings=\"{&quot;animation&quot;:&quot;fadeInUp&quot;}\">\n\t\t\t\t\t<div class=\"e-con-inner\">\n\t\t<div class=\"elementor-element elementor-element-32ae4056 e-con-full e-flex sc_layouts_column_icons_position_left e-con e-child\" data-id=\"32ae4056\" data-element_type=\"container\" data-e-type=\"container\">\n\t\t\t\t<div class=\"elementor-element elementor-element-b21def8 sc_fly_static elementor-widget elementor-widget-image\" data-id=\"b21def8\" data-element_type=\"widget\" data-e-type=\"widget\" data-widget_type=\"image.default\">\n\t\t\t\t<div class=\"elementor-widget-container\">\n\t\t\t\t\t\t\t\t\t\t\t\t\t\t\t\t<a href=\"https:\/\/jaguarreefbelize.com\/wp-content\/uploads\/2026\/02\/JRL-JUST-THE-TWO-OF-US-02.jpg\" data-elementor-open-lightbox=\"yes\" data-elementor-lightbox-title=\"JRL-JUST-THE-TWO-OF-US-02\" data-e-action-hash=\"#elementor-action%3Aaction%3Dlightbox%26settings%3DeyJpZCI6NDU2MTksInVybCI6Imh0dHBzOlwvXC9qYWd1YXJyZWVmYmVsaXplLmNvbVwvd3AtY29udGVudFwvdXBsb2Fkc1wvMjAyNlwvMDJcL0pSTC1KVVNULVRIRS1UV08tT0YtVVMtMDIuanBnIn0%3D\">\n\t\t\t\t\t\t\t<img fetchpriority=\"high\" decoding=\"async\" width=\"683\" height=\"1024\" src=\"https:\/\/jaguarreefbelize.com\/wp-content\/uploads\/2026\/02\/JRL-JUST-THE-TWO-OF-US-02-683x1024.jpg\" class=\"attachment-large size-large wp-image-45619\" alt=\"\" srcset=\"https:\/\/jaguarreefbelize.com\/wp-content\/uploads\/2026\/02\/JRL-JUST-THE-TWO-OF-US-02-683x1024.jpg 683w, https:\/\/jaguarreefbelize.com\/wp-content\/uploads\/2026\/02\/JRL-JUST-THE-TWO-OF-US-02-200x300.jpg 200w, https:\/\/jaguarreefbelize.com\/wp-content\/uploads\/2026\/02\/JRL-JUST-THE-TWO-OF-US-02-768x1152.jpg 768w, https:\/\/jaguarreefbelize.com\/wp-content\/uploads\/2026\/02\/JRL-JUST-THE-TWO-OF-US-02-1024x1536.jpg 1024w, https:\/\/jaguarreefbelize.com\/wp-content\/uploads\/2026\/02\/JRL-JUST-THE-TWO-OF-US-02-370x555.jpg 370w, https:\/\/jaguarreefbelize.com\/wp-content\/uploads\/2026\/02\/JRL-JUST-THE-TWO-OF-US-02-840x1260.jpg 840w, https:\/\/jaguarreefbelize.com\/wp-content\/uploads\/2026\/02\/JRL-JUST-THE-TWO-OF-US-02-410x615.jpg 410w, https:\/\/jaguarreefbelize.com\/wp-content\/uploads\/2026\/02\/JRL-JUST-THE-TWO-OF-US-02.jpg 1080w\" sizes=\"(max-width: 683px) 100vw, 683px\" \/>\t\t\t\t\t\t\t\t<\/a>\n\t\t\t\t\t\t\t\t\t\t\t\t\t\t\t<\/div>\n\t\t\t\t<\/div>\n\t\t\t\t<\/div>\n\t\t<div class=\"elementor-element elementor-element-120416e2 e-con-full e-flex sc_layouts_column_icons_position_left e-con e-child\" data-id=\"120416e2\" data-element_type=\"container\" data-e-type=\"container\">\n\t\t\t\t<div class=\"elementor-element elementor-element-52f6d842 sc_fly_static elementor-widget elementor-widget-image\" data-id=\"52f6d842\" data-element_type=\"widget\" data-e-type=\"widget\" data-widget_type=\"image.default\">\n\t\t\t\t<div class=\"elementor-widget-container\">\n\t\t\t\t\t\t\t\t\t\t\t\t\t\t\t\t<a href=\"https:\/\/jaguarreefbelize.com\/wp-content\/uploads\/2026\/02\/LEX09809-3.jpg\" data-elementor-open-lightbox=\"yes\" data-elementor-lightbox-title=\"LEX09809-3\" data-e-action-hash=\"#elementor-action%3Aaction%3Dlightbox%26settings%3DeyJpZCI6NDU2MjEsInVybCI6Imh0dHBzOlwvXC9qYWd1YXJyZWVmYmVsaXplLmNvbVwvd3AtY29udGVudFwvdXBsb2Fkc1wvMjAyNlwvMDJcL0xFWDA5ODA5LTMuanBnIn0%3D\">\n\t\t\t\t\t\t\t<img decoding=\"async\" width=\"683\" height=\"1024\" src=\"https:\/\/jaguarreefbelize.com\/wp-content\/uploads\/2026\/02\/LEX09809-3-683x1024.jpg\" class=\"attachment-large size-large wp-image-45621\" alt=\"\" srcset=\"https:\/\/jaguarreefbelize.com\/wp-content\/uploads\/2026\/02\/LEX09809-3-683x1024.jpg 683w, https:\/\/jaguarreefbelize.com\/wp-content\/uploads\/2026\/02\/LEX09809-3-200x300.jpg 200w, https:\/\/jaguarreefbelize.com\/wp-content\/uploads\/2026\/02\/LEX09809-3-768x1152.jpg 768w, https:\/\/jaguarreefbelize.com\/wp-content\/uploads\/2026\/02\/LEX09809-3-1024x1536.jpg 1024w, https:\/\/jaguarreefbelize.com\/wp-content\/uploads\/2026\/02\/LEX09809-3-370x555.jpg 370w, https:\/\/jaguarreefbelize.com\/wp-content\/uploads\/2026\/02\/LEX09809-3-840x1260.jpg 840w, https:\/\/jaguarreefbelize.com\/wp-content\/uploads\/2026\/02\/LEX09809-3-410x615.jpg 410w, https:\/\/jaguarreefbelize.com\/wp-content\/uploads\/2026\/02\/LEX09809-3.jpg 1365w\" sizes=\"(max-width: 683px) 100vw, 683px\" \/>\t\t\t\t\t\t\t\t<\/a>\n\t\t\t\t\t\t\t\t\t\t\t\t\t\t\t<\/div>\n\t\t\t\t<\/div>\n\t\t\t\t<\/div>\n\t\t<div class=\"elementor-element elementor-element-3f44e52 e-con-full e-flex sc_layouts_column_icons_position_left e-con e-child\" data-id=\"3f44e52\" data-element_type=\"container\" data-e-type=\"container\">\n\t\t\t\t<div class=\"elementor-element elementor-element-4cf29f07 sc_fly_static elementor-widget elementor-widget-image\" data-id=\"4cf29f07\" data-element_type=\"widget\" data-e-type=\"widget\" data-widget_type=\"image.default\">\n\t\t\t\t<div class=\"elementor-widget-container\">\n\t\t\t\t\t\t\t\t\t\t\t\t\t\t\t\t<a href=\"https:\/\/jaguarreefbelize.com\/wp-content\/uploads\/2026\/02\/JRL-JUST-THE-TWO-OF-US-03.jpg\" data-elementor-open-lightbox=\"yes\" data-elementor-lightbox-title=\"JRL-JUST-THE-TWO-OF-US-03\" data-e-action-hash=\"#elementor-action%3Aaction%3Dlightbox%26settings%3DeyJpZCI6NDU2MjAsInVybCI6Imh0dHBzOlwvXC9qYWd1YXJyZWVmYmVsaXplLmNvbVwvd3AtY29udGVudFwvdXBsb2Fkc1wvMjAyNlwvMDJcL0pSTC1KVVNULVRIRS1UV08tT0YtVVMtMDMuanBnIn0%3D\">\n\t\t\t\t\t\t\t<img decoding=\"async\" width=\"683\" height=\"1024\" src=\"https:\/\/jaguarreefbelize.com\/wp-content\/uploads\/2026\/02\/JRL-JUST-THE-TWO-OF-US-03-683x1024.jpg\" class=\"attachment-large size-large wp-image-45620\" alt=\"\" srcset=\"https:\/\/jaguarreefbelize.com\/wp-content\/uploads\/2026\/02\/JRL-JUST-THE-TWO-OF-US-03-683x1024.jpg 683w, https:\/\/jaguarreefbelize.com\/wp-content\/uploads\/2026\/02\/JRL-JUST-THE-TWO-OF-US-03-200x300.jpg 200w, https:\/\/jaguarreefbelize.com\/wp-content\/uploads\/2026\/02\/JRL-JUST-THE-TWO-OF-US-03-768x1152.jpg 768w, https:\/\/jaguarreefbelize.com\/wp-content\/uploads\/2026\/02\/JRL-JUST-THE-TWO-OF-US-03-1024x1536.jpg 1024w, https:\/\/jaguarreefbelize.com\/wp-content\/uploads\/2026\/02\/JRL-JUST-THE-TWO-OF-US-03-370x555.jpg 370w, https:\/\/jaguarreefbelize.com\/wp-content\/uploads\/2026\/02\/JRL-JUST-THE-TWO-OF-US-03-840x1260.jpg 840w, https:\/\/jaguarreefbelize.com\/wp-content\/uploads\/2026\/02\/JRL-JUST-THE-TWO-OF-US-03-410x615.jpg 410w, https:\/\/jaguarreefbelize.com\/wp-content\/uploads\/2026\/02\/JRL-JUST-THE-TWO-OF-US-03.jpg 1080w\" sizes=\"(max-width: 683px) 100vw, 683px\" \/>\t\t\t\t\t\t\t\t<\/a>\n\t\t\t\t\t\t\t\t\t\t\t\t\t\t\t<\/div>\n\t\t\t\t<\/div>\n\t\t\t\t<\/div>\n\t\t\t\t\t<\/div>\n\t\t\t\t<\/div>\n\t\t\t\t<\/div>\n\t\t","protected":false},"excerpt":{"rendered":"<p>Solo Nosotros Dos Solo Nosotros Dos La Luna de Miel Definitiva en Belice Ya sea celebrando una llama reci\u00e9n encendida o un fuego que lleva ardiendo tiempo, ponga el amor&hellip;<\/p>\n","protected":false},"author":1,"featured_media":0,"parent":45669,"menu_order":0,"comment_status":"closed","ping_status":"closed","template":"","meta":{"footnotes":""},"class_list":["post-45617","page","type-page","status-publish","hentry"],"yoast_head":"<!-- This site is optimized with the Yoast SEO plugin v27.5 - https:\/\/yoast.com\/product\/yoast-seo-wordpress\/ -->\n<title>Solo Nosotros Dos - The Lodge At Jaguar Reef<\/title>\n<meta name=\"robots\" content=\"index, follow, max-snippet:-1, max-image-preview:large, max-video-preview:-1\" \/>\n<link rel=\"canonical\" href=\"https:\/\/jaguarreefbelize.com\/es\/paquetes-de-vacaciones-en-belice\/solo-nosotros-dos\/\" \/>\n<meta property=\"og:locale\" content=\"es_ES\" \/>\n<meta property=\"og:type\" content=\"article\" \/>\n<meta property=\"og:title\" content=\"Solo Nosotros Dos - The Lodge At Jaguar Reef\" \/>\n<meta property=\"og:description\" content=\"Solo Nosotros Dos Solo Nosotros Dos La Luna de Miel Definitiva en Belice Ya sea celebrando una llama reci\u00e9n encendida o un fuego que lleva ardiendo tiempo, ponga el amor&hellip;\" \/>\n<meta property=\"og:url\" content=\"https:\/\/jaguarreefbelize.com\/es\/paquetes-de-vacaciones-en-belice\/solo-nosotros-dos\/\" \/>\n<meta property=\"og:site_name\" content=\"The Lodge At Jaguar Reef\" \/>\n<meta property=\"article:modified_time\" content=\"2026-05-05T14:20:14+00:00\" \/>\n<meta property=\"og:image\" content=\"https:\/\/jaguarreefbelize.com\/wp-content\/uploads\/2026\/02\/JRL-JUST-THE-TWO-OF-US-02.jpg\" \/>\n\t<meta property=\"og:image:width\" content=\"1080\" \/>\n\t<meta property=\"og:image:height\" content=\"1620\" \/>\n\t<meta property=\"og:image:type\" content=\"image\/jpeg\" \/>\n<meta name=\"twitter:card\" content=\"summary_large_image\" \/>\n<meta name=\"twitter:label1\" content=\"Tiempo de lectura\" \/>\n\t<meta name=\"twitter:data1\" content=\"1 minuto\" \/>\n<script type=\"application\/ld+json\" class=\"yoast-schema-graph\">{\"@context\":\"https:\\\/\\\/schema.org\",\"@graph\":[{\"@type\":\"WebPage\",\"@id\":\"https:\\\/\\\/jaguarreefbelize.com\\\/es\\\/paquetes-de-vacaciones-en-belice\\\/solo-nosotros-dos\\\/\",\"url\":\"https:\\\/\\\/jaguarreefbelize.com\\\/es\\\/paquetes-de-vacaciones-en-belice\\\/solo-nosotros-dos\\\/\",\"name\":\"Solo Nosotros Dos - The Lodge At Jaguar Reef\",\"isPartOf\":{\"@id\":\"https:\\\/\\\/jaguarreefbelize.com\\\/es\\\/#website\"},\"primaryImageOfPage\":{\"@id\":\"https:\\\/\\\/jaguarreefbelize.com\\\/es\\\/paquetes-de-vacaciones-en-belice\\\/solo-nosotros-dos\\\/#primaryimage\"},\"image\":{\"@id\":\"https:\\\/\\\/jaguarreefbelize.com\\\/es\\\/paquetes-de-vacaciones-en-belice\\\/solo-nosotros-dos\\\/#primaryimage\"},\"thumbnailUrl\":\"https:\\\/\\\/jaguarreefbelize.com\\\/wp-content\\\/uploads\\\/2026\\\/02\\\/JRL-JUST-THE-TWO-OF-US-02-683x1024.jpg\",\"datePublished\":\"2026-02-09T20:09:49+00:00\",\"dateModified\":\"2026-05-05T14:20:14+00:00\",\"breadcrumb\":{\"@id\":\"https:\\\/\\\/jaguarreefbelize.com\\\/es\\\/paquetes-de-vacaciones-en-belice\\\/solo-nosotros-dos\\\/#breadcrumb\"},\"inLanguage\":\"es\",\"potentialAction\":[{\"@type\":\"ReadAction\",\"target\":[\"https:\\\/\\\/jaguarreefbelize.com\\\/es\\\/paquetes-de-vacaciones-en-belice\\\/solo-nosotros-dos\\\/\"]}]},{\"@type\":\"ImageObject\",\"inLanguage\":\"es\",\"@id\":\"https:\\\/\\\/jaguarreefbelize.com\\\/es\\\/paquetes-de-vacaciones-en-belice\\\/solo-nosotros-dos\\\/#primaryimage\",\"url\":\"https:\\\/\\\/jaguarreefbelize.com\\\/wp-content\\\/uploads\\\/2026\\\/02\\\/JRL-JUST-THE-TWO-OF-US-02-683x1024.jpg\",\"contentUrl\":\"https:\\\/\\\/jaguarreefbelize.com\\\/wp-content\\\/uploads\\\/2026\\\/02\\\/JRL-JUST-THE-TWO-OF-US-02-683x1024.jpg\"},{\"@type\":\"BreadcrumbList\",\"@id\":\"https:\\\/\\\/jaguarreefbelize.com\\\/es\\\/paquetes-de-vacaciones-en-belice\\\/solo-nosotros-dos\\\/#breadcrumb\",\"itemListElement\":[{\"@type\":\"ListItem\",\"position\":1,\"name\":\"Home\",\"item\":\"https:\\\/\\\/jaguarreefbelize.com\\\/es\\\/the-lodge-at-jaguar-reef\\\/\"},{\"@type\":\"ListItem\",\"position\":2,\"name\":\"Paquetes de vacaciones en Belice\",\"item\":\"https:\\\/\\\/jaguarreefbelize.com\\\/es\\\/paquetes-de-vacaciones-en-belice\\\/\"},{\"@type\":\"ListItem\",\"position\":3,\"name\":\"Solo Nosotros Dos\"}]},{\"@type\":\"WebSite\",\"@id\":\"https:\\\/\\\/jaguarreefbelize.com\\\/es\\\/#website\",\"url\":\"https:\\\/\\\/jaguarreefbelize.com\\\/es\\\/\",\"name\":\"The Lodge At Jaguar Reef\",\"description\":\"A beach chic getaway in Hopkins, Belize\",\"publisher\":{\"@id\":\"https:\\\/\\\/jaguarreefbelize.com\\\/es\\\/#organization\"},\"potentialAction\":[{\"@type\":\"SearchAction\",\"target\":{\"@type\":\"EntryPoint\",\"urlTemplate\":\"https:\\\/\\\/jaguarreefbelize.com\\\/es\\\/?s={search_term_string}\"},\"query-input\":{\"@type\":\"PropertyValueSpecification\",\"valueRequired\":true,\"valueName\":\"search_term_string\"}}],\"inLanguage\":\"es\"},{\"@type\":\"Organization\",\"@id\":\"https:\\\/\\\/jaguarreefbelize.com\\\/es\\\/#organization\",\"name\":\"The Lodge At Jaguar Reef\",\"url\":\"https:\\\/\\\/jaguarreefbelize.com\\\/es\\\/\",\"logo\":{\"@type\":\"ImageObject\",\"inLanguage\":\"es\",\"@id\":\"https:\\\/\\\/jaguarreefbelize.com\\\/es\\\/#\\\/schema\\\/logo\\\/image\\\/\",\"url\":\"https:\\\/\\\/jaguarreefbelize.com\\\/wp-content\\\/uploads\\\/2025\\\/12\\\/JRL-long-logo.png\",\"contentUrl\":\"https:\\\/\\\/jaguarreefbelize.com\\\/wp-content\\\/uploads\\\/2025\\\/12\\\/JRL-long-logo.png\",\"width\":1000,\"height\":182,\"caption\":\"The Lodge At Jaguar Reef\"},\"image\":{\"@id\":\"https:\\\/\\\/jaguarreefbelize.com\\\/es\\\/#\\\/schema\\\/logo\\\/image\\\/\"}}]}<\/script>\n<!-- \/ Yoast SEO plugin. -->","yoast_head_json":{"title":"Solo Nosotros Dos - The Lodge At Jaguar Reef","robots":{"index":"index","follow":"follow","max-snippet":"max-snippet:-1","max-image-preview":"max-image-preview:large","max-video-preview":"max-video-preview:-1"},"canonical":"https:\/\/jaguarreefbelize.com\/es\/paquetes-de-vacaciones-en-belice\/solo-nosotros-dos\/","og_locale":"es_ES","og_type":"article","og_title":"Solo Nosotros Dos - The Lodge At Jaguar Reef","og_description":"Solo Nosotros Dos Solo Nosotros Dos La Luna de Miel Definitiva en Belice Ya sea celebrando una llama reci\u00e9n encendida o un fuego que lleva ardiendo tiempo, ponga el amor&hellip;","og_url":"https:\/\/jaguarreefbelize.com\/es\/paquetes-de-vacaciones-en-belice\/solo-nosotros-dos\/","og_site_name":"The Lodge At Jaguar Reef","article_modified_time":"2026-05-05T14:20:14+00:00","og_image":[{"width":1080,"height":1620,"url":"https:\/\/jaguarreefbelize.com\/wp-content\/uploads\/2026\/02\/JRL-JUST-THE-TWO-OF-US-02.jpg","type":"image\/jpeg"}],"twitter_card":"summary_large_image","twitter_misc":{"Tiempo de lectura":"1 minuto"},"schema":{"@context":"https:\/\/schema.org","@graph":[{"@type":"WebPage","@id":"https:\/\/jaguarreefbelize.com\/es\/paquetes-de-vacaciones-en-belice\/solo-nosotros-dos\/","url":"https:\/\/jaguarreefbelize.com\/es\/paquetes-de-vacaciones-en-belice\/solo-nosotros-dos\/","name":"Solo Nosotros Dos - The Lodge At Jaguar Reef","isPartOf":{"@id":"https:\/\/jaguarreefbelize.com\/es\/#website"},"primaryImageOfPage":{"@id":"https:\/\/jaguarreefbelize.com\/es\/paquetes-de-vacaciones-en-belice\/solo-nosotros-dos\/#primaryimage"},"image":{"@id":"https:\/\/jaguarreefbelize.com\/es\/paquetes-de-vacaciones-en-belice\/solo-nosotros-dos\/#primaryimage"},"thumbnailUrl":"https:\/\/jaguarreefbelize.com\/wp-content\/uploads\/2026\/02\/JRL-JUST-THE-TWO-OF-US-02-683x1024.jpg","datePublished":"2026-02-09T20:09:49+00:00","dateModified":"2026-05-05T14:20:14+00:00","breadcrumb":{"@id":"https:\/\/jaguarreefbelize.com\/es\/paquetes-de-vacaciones-en-belice\/solo-nosotros-dos\/#breadcrumb"},"inLanguage":"es","potentialAction":[{"@type":"ReadAction","target":["https:\/\/jaguarreefbelize.com\/es\/paquetes-de-vacaciones-en-belice\/solo-nosotros-dos\/"]}]},{"@type":"ImageObject","inLanguage":"es","@id":"https:\/\/jaguarreefbelize.com\/es\/paquetes-de-vacaciones-en-belice\/solo-nosotros-dos\/#primaryimage","url":"https:\/\/jaguarreefbelize.com\/wp-content\/uploads\/2026\/02\/JRL-JUST-THE-TWO-OF-US-02-683x1024.jpg","contentUrl":"https:\/\/jaguarreefbelize.com\/wp-content\/uploads\/2026\/02\/JRL-JUST-THE-TWO-OF-US-02-683x1024.jpg"},{"@type":"BreadcrumbList","@id":"https:\/\/jaguarreefbelize.com\/es\/paquetes-de-vacaciones-en-belice\/solo-nosotros-dos\/#breadcrumb","itemListElement":[{"@type":"ListItem","position":1,"name":"Home","item":"https:\/\/jaguarreefbelize.com\/es\/the-lodge-at-jaguar-reef\/"},{"@type":"ListItem","position":2,"name":"Paquetes de vacaciones en Belice","item":"https:\/\/jaguarreefbelize.com\/es\/paquetes-de-vacaciones-en-belice\/"},{"@type":"ListItem","position":3,"name":"Solo Nosotros Dos"}]},{"@type":"WebSite","@id":"https:\/\/jaguarreefbelize.com\/es\/#website","url":"https:\/\/jaguarreefbelize.com\/es\/","name":"The Lodge At Jaguar Reef","description":"A beach chic getaway in Hopkins, Belize","publisher":{"@id":"https:\/\/jaguarreefbelize.com\/es\/#organization"},"potentialAction":[{"@type":"SearchAction","target":{"@type":"EntryPoint","urlTemplate":"https:\/\/jaguarreefbelize.com\/es\/?s={search_term_string}"},"query-input":{"@type":"PropertyValueSpecification","valueRequired":true,"valueName":"search_term_string"}}],"inLanguage":"es"},{"@type":"Organization","@id":"https:\/\/jaguarreefbelize.com\/es\/#organization","name":"The Lodge At Jaguar Reef","url":"https:\/\/jaguarreefbelize.com\/es\/","logo":{"@type":"ImageObject","inLanguage":"es","@id":"https:\/\/jaguarreefbelize.com\/es\/#\/schema\/logo\/image\/","url":"https:\/\/jaguarreefbelize.com\/wp-content\/uploads\/2025\/12\/JRL-long-logo.png","contentUrl":"https:\/\/jaguarreefbelize.com\/wp-content\/uploads\/2025\/12\/JRL-long-logo.png","width":1000,"height":182,"caption":"The Lodge At Jaguar Reef"},"image":{"@id":"https:\/\/jaguarreefbelize.com\/es\/#\/schema\/logo\/image\/"}}]}},"jetpack_sharing_enabled":true,"_links":{"self":[{"href":"https:\/\/jaguarreefbelize.com\/es\/wp-json\/wp\/v2\/pages\/45617","targetHints":{"allow":["GET"]}}],"collection":[{"href":"https:\/\/jaguarreefbelize.com\/es\/wp-json\/wp\/v2\/pages"}],"about":[{"href":"https:\/\/jaguarreefbelize.com\/es\/wp-json\/wp\/v2\/types\/page"}],"author":[{"embeddable":true,"href":"https:\/\/jaguarreefbelize.com\/es\/wp-json\/wp\/v2\/users\/1"}],"replies":[{"embeddable":true,"href":"https:\/\/jaguarreefbelize.com\/es\/wp-json\/wp\/v2\/comments?post=45617"}],"version-history":[{"count":1,"href":"https:\/\/jaguarreefbelize.com\/es\/wp-json\/wp\/v2\/pages\/45617\/revisions"}],"predecessor-version":[{"id":45622,"href":"https:\/\/jaguarreefbelize.com\/es\/wp-json\/wp\/v2\/pages\/45617\/revisions\/45622"}],"up":[{"embeddable":true,"href":"https:\/\/jaguarreefbelize.com\/es\/wp-json\/wp\/v2\/pages\/45669"}],"wp:attachment":[{"href":"https:\/\/jaguarreefbelize.com\/es\/wp-json\/wp\/v2\/media?parent=45617"}],"curies":[{"name":"wp","href":"https:\/\/api.w.org\/{rel}","templated":true}]}}