{"id":45433,"date":"2026-02-12T10:27:57","date_gmt":"2026-02-12T16:27:57","guid":{"rendered":"https:\/\/jaguarreefbelize.com\/eventos\/batalla-de-cocteleros\/"},"modified":"2026-05-05T08:16:40","modified_gmt":"2026-05-05T14:16:40","slug":"batalla-de-cocteleros","status":"publish","type":"page","link":"https:\/\/jaguarreefbelize.com\/es\/eventos\/batalla-de-cocteleros\/","title":{"rendered":"Batalla de Cocteleros"},"content":{"rendered":"\t\t<div data-elementor-type=\"wp-page\" data-elementor-id=\"45433\" class=\"elementor elementor-45433 elementor-43045\" data-elementor-post-type=\"page\">\n\t\t\t\t<div class=\"elementor-element elementor-element-7824e42f e-con-full e-flex sc_layouts_column_icons_position_left e-con e-parent\" data-id=\"7824e42f\" data-element_type=\"container\" data-e-type=\"container\" data-settings=\"{&quot;background_background&quot;:&quot;classic&quot;}\">\n\t\t\t\t<div class=\"elementor-element elementor-element-6547fb8 sc_fly_static elementor-widget elementor-widget-heading\" data-id=\"6547fb8\" data-element_type=\"widget\" data-e-type=\"widget\" data-widget_type=\"heading.default\">\n\t\t\t\t<div class=\"elementor-widget-container\">\n\t\t\t\t\t<h2 class=\"elementor-heading-title elementor-size-default\">Batalla de Cocteleros<\/h2>\t\t\t\t<\/div>\n\t\t\t\t<\/div>\n\t\t\t\t<\/div>\n\t\t<div class=\"elementor-element elementor-element-76e83ec7 e-flex e-con-boxed sc_layouts_column_icons_position_left e-con e-parent\" data-id=\"76e83ec7\" data-element_type=\"container\" data-e-type=\"container\">\n\t\t\t\t\t<div class=\"e-con-inner\">\n\t\t<div class=\"elementor-element elementor-element-1db459a7 e-con-full e-flex sc_layouts_column_icons_position_left e-con e-child\" data-id=\"1db459a7\" data-element_type=\"container\" data-e-type=\"container\">\n\t\t\t\t<div class=\"elementor-element elementor-element-62de929f sc_fly_static elementor-widget elementor-widget-heading\" data-id=\"62de929f\" data-element_type=\"widget\" data-e-type=\"widget\" data-widget_type=\"heading.default\">\n\t\t\t\t<div class=\"elementor-widget-container\">\n\t\t\t\t\t<h2 class=\"elementor-heading-title elementor-size-default\">Batalla de Cocteleros<\/h2>\t\t\t\t<\/div>\n\t\t\t\t<\/div>\n\t\t\t\t<div class=\"elementor-element elementor-element-2ccb296c sc_fly_static elementor-widget elementor-widget-text-editor\" data-id=\"2ccb296c\" data-element_type=\"widget\" data-e-type=\"widget\" data-widget_type=\"text-editor.default\">\n\t\t\t\t<div class=\"elementor-widget-container\">\n\t\t\t\t\t\t\t\t\t<p>The Belize Collection le invita a unirse a nosotros para nuestra tercera edici\u00f3n anual de la Batalla de Cocteleros, \u00a1una celebraci\u00f3n del D\u00eda Mundial del C\u00f3ctel!<\/p><p><strong>Ubicaci\u00f3n:<\/strong> Sala de conferencias<\/p><p><strong>Fecha:<\/strong> 13 de mayo de 2025<\/p><p><strong>Hora de inicio:<\/strong> 10:00<\/p>\t\t\t\t\t\t\t\t<\/div>\n\t\t\t\t<\/div>\n\t\t\t\t<div class=\"elementor-element elementor-element-f0e5f44 elementor-align-left sc_fly_static elementor-widget elementor-widget-button\" data-id=\"f0e5f44\" data-element_type=\"widget\" data-e-type=\"widget\" data-widget_type=\"button.default\">\n\t\t\t\t<div class=\"elementor-widget-container\">\n\t\t\t\t\t\t\t\t\t<div class=\"elementor-button-wrapper\">\n\t\t\t\t\t<a class=\"elementor-button elementor-button-link elementor-size-sm\" href=\"#\">\n\t\t\t\t\t\t<span class=\"elementor-button-content-wrapper\">\n\t\t\t\t\t\t\t\t\t<span class=\"elementor-button-text\">HAGA CLIC AQU\u00cd PARA CONFIRMAR SU ASISTENCIA<\/span>\n\t\t\t\t\t<\/span>\n\t\t\t\t\t<\/a>\n\t\t\t\t<\/div>\n\t\t\t\t\t\t\t\t<\/div>\n\t\t\t\t<\/div>\n\t\t\t\t<\/div>\n\t\t<div class=\"elementor-element elementor-element-48de0382 e-con-full e-flex sc_layouts_column_icons_position_left e-con e-child\" data-id=\"48de0382\" data-element_type=\"container\" data-e-type=\"container\">\n\t\t\t\t<div class=\"elementor-element elementor-element-8368adf elementor-arrows-position-inside sc_fly_static elementor-widget elementor-widget-image-carousel\" data-id=\"8368adf\" data-element_type=\"widget\" data-e-type=\"widget\" data-settings=\"{&quot;slides_to_show&quot;:&quot;1&quot;,&quot;navigation&quot;:&quot;arrows&quot;,&quot;autoplay&quot;:&quot;yes&quot;,&quot;pause_on_hover&quot;:&quot;yes&quot;,&quot;pause_on_interaction&quot;:&quot;yes&quot;,&quot;autoplay_speed&quot;:5000,&quot;infinite&quot;:&quot;yes&quot;,&quot;effect&quot;:&quot;slide&quot;,&quot;speed&quot;:500}\" data-widget_type=\"image-carousel.default\">\n\t\t\t\t<div class=\"elementor-widget-container\">\n\t\t\t\t\t\t\t<div class=\"elementor-image-carousel-wrapper swiper\" role=\"region\" aria-roledescription=\"carousel\" aria-label=\"Image Carousel\" dir=\"ltr\">\n\t\t\t<div class=\"elementor-image-carousel swiper-wrapper\" aria-live=\"off\">\n\t\t\t\t\t\t\t\t<div class=\"swiper-slide\" role=\"group\" aria-roledescription=\"slide\" aria-label=\"1 de 2\"><figure class=\"swiper-slide-inner\"><img decoding=\"async\" class=\"swiper-slide-image\" src=\"https:\/\/jaguarreefbelize.com\/wp-content\/uploads\/2026\/02\/JRL-Battle-of-Bartendars-02.webp\" alt=\"JRL-Batalla-de-Cocteleros-02\" \/><\/figure><\/div><div class=\"swiper-slide\" role=\"group\" aria-roledescription=\"slide\" aria-label=\"2 de 2\"><figure class=\"swiper-slide-inner\"><img decoding=\"async\" class=\"swiper-slide-image\" src=\"https:\/\/jaguarreefbelize.com\/wp-content\/uploads\/2026\/02\/JRL-Battle-of-Bartendars-03.webp\" alt=\"JRL-Batalla-de-Cocteleros-03\" \/><\/figure><\/div>\t\t\t<\/div>\n\t\t\t\t\t\t\t\t\t\t\t\t<div class=\"elementor-swiper-button elementor-swiper-button-prev\" role=\"button\" tabindex=\"0\">\n\t\t\t\t\t\t<svg aria-hidden=\"true\" class=\"e-font-icon-svg e-eicon-chevron-left\" viewBox=\"0 0 1000 1000\" xmlns=\"http:\/\/www.w3.org\/2000\/svg\"><path d=\"M646 125C629 125 613 133 604 142L308 442C296 454 292 471 292 487 292 504 296 521 308 533L604 854C617 867 629 875 646 875 663 875 679 871 692 858 704 846 713 829 713 812 713 796 708 779 692 767L438 487 692 225C700 217 708 204 708 187 708 171 704 154 692 142 675 129 663 125 646 125Z\"><\/path><\/svg>\t\t\t\t\t<\/div>\n\t\t\t\t\t<div class=\"elementor-swiper-button elementor-swiper-button-next\" role=\"button\" tabindex=\"0\">\n\t\t\t\t\t\t<svg aria-hidden=\"true\" class=\"e-font-icon-svg e-eicon-chevron-right\" viewBox=\"0 0 1000 1000\" xmlns=\"http:\/\/www.w3.org\/2000\/svg\"><path d=\"M696 533C708 521 713 504 713 487 713 471 708 454 696 446L400 146C388 133 375 125 354 125 338 125 325 129 313 142 300 154 292 171 292 187 292 204 296 221 308 233L563 492 304 771C292 783 288 800 288 817 288 833 296 850 308 863 321 871 338 875 354 875 371 875 388 867 400 854L696 533Z\"><\/path><\/svg>\t\t\t\t\t<\/div>\n\t\t\t\t\n\t\t\t\t\t\t\t\t\t<\/div>\n\t\t\t\t\t\t<\/div>\n\t\t\t\t<\/div>\n\t\t\t\t<\/div>\n\t\t\t\t\t<\/div>\n\t\t\t\t<\/div>\n\t\t\t\t<\/div>\n\t\t","protected":false},"excerpt":{"rendered":"<p>Batalla de Cocteleros Batalla de Cocteleros The Belize Collection le invita a unirse a nosotros para nuestra tercera edici\u00f3n anual de la Batalla de Cocteleros, \u00a1una celebraci\u00f3n del D\u00eda Mundial&hellip;<\/p>\n","protected":false},"author":1,"featured_media":0,"parent":45418,"menu_order":0,"comment_status":"closed","ping_status":"closed","template":"","meta":{"footnotes":""},"class_list":["post-45433","page","type-page","status-publish","hentry"],"yoast_head":"<!-- This site is optimized with the Yoast SEO plugin v27.5 - https:\/\/yoast.com\/product\/yoast-seo-wordpress\/ -->\n<title>Batalla de Cocteleros - The Lodge At Jaguar Reef<\/title>\n<meta name=\"robots\" content=\"index, follow, max-snippet:-1, max-image-preview:large, max-video-preview:-1\" \/>\n<link rel=\"canonical\" href=\"https:\/\/jaguarreefbelize.com\/es\/eventos\/batalla-de-cocteleros\/\" \/>\n<meta property=\"og:locale\" content=\"es_ES\" \/>\n<meta property=\"og:type\" content=\"article\" \/>\n<meta property=\"og:title\" content=\"Batalla de Cocteleros - The Lodge At Jaguar Reef\" \/>\n<meta property=\"og:description\" content=\"Batalla de Cocteleros Batalla de Cocteleros The Belize Collection le invita a unirse a nosotros para nuestra tercera edici\u00f3n anual de la Batalla de Cocteleros, \u00a1una celebraci\u00f3n del D\u00eda Mundial&hellip;\" \/>\n<meta property=\"og:url\" content=\"https:\/\/jaguarreefbelize.com\/es\/eventos\/batalla-de-cocteleros\/\" \/>\n<meta property=\"og:site_name\" content=\"The Lodge At Jaguar Reef\" \/>\n<meta property=\"article:modified_time\" content=\"2026-05-05T14:16:40+00:00\" \/>\n<meta property=\"og:image\" content=\"https:\/\/jaguarreefbelize.com\/wp-content\/uploads\/2026\/02\/JRL-Battle-of-Bartendars-02.webp\" \/>\n<meta name=\"twitter:card\" content=\"summary_large_image\" \/>\n<script type=\"application\/ld+json\" class=\"yoast-schema-graph\">{\"@context\":\"https:\\\/\\\/schema.org\",\"@graph\":[{\"@type\":\"WebPage\",\"@id\":\"https:\\\/\\\/jaguarreefbelize.com\\\/es\\\/eventos\\\/batalla-de-cocteleros\\\/\",\"url\":\"https:\\\/\\\/jaguarreefbelize.com\\\/es\\\/eventos\\\/batalla-de-cocteleros\\\/\",\"name\":\"Batalla de Cocteleros - The Lodge At Jaguar Reef\",\"isPartOf\":{\"@id\":\"https:\\\/\\\/jaguarreefbelize.com\\\/es\\\/#website\"},\"primaryImageOfPage\":{\"@id\":\"https:\\\/\\\/jaguarreefbelize.com\\\/es\\\/eventos\\\/batalla-de-cocteleros\\\/#primaryimage\"},\"image\":{\"@id\":\"https:\\\/\\\/jaguarreefbelize.com\\\/es\\\/eventos\\\/batalla-de-cocteleros\\\/#primaryimage\"},\"thumbnailUrl\":\"https:\\\/\\\/jaguarreefbelize.com\\\/wp-content\\\/uploads\\\/2026\\\/02\\\/JRL-Battle-of-Bartendars-02.webp\",\"datePublished\":\"2026-02-12T16:27:57+00:00\",\"dateModified\":\"2026-05-05T14:16:40+00:00\",\"breadcrumb\":{\"@id\":\"https:\\\/\\\/jaguarreefbelize.com\\\/es\\\/eventos\\\/batalla-de-cocteleros\\\/#breadcrumb\"},\"inLanguage\":\"es\",\"potentialAction\":[{\"@type\":\"ReadAction\",\"target\":[\"https:\\\/\\\/jaguarreefbelize.com\\\/es\\\/eventos\\\/batalla-de-cocteleros\\\/\"]}]},{\"@type\":\"ImageObject\",\"inLanguage\":\"es\",\"@id\":\"https:\\\/\\\/jaguarreefbelize.com\\\/es\\\/eventos\\\/batalla-de-cocteleros\\\/#primaryimage\",\"url\":\"https:\\\/\\\/jaguarreefbelize.com\\\/wp-content\\\/uploads\\\/2026\\\/02\\\/JRL-Battle-of-Bartendars-02.webp\",\"contentUrl\":\"https:\\\/\\\/jaguarreefbelize.com\\\/wp-content\\\/uploads\\\/2026\\\/02\\\/JRL-Battle-of-Bartendars-02.webp\"},{\"@type\":\"BreadcrumbList\",\"@id\":\"https:\\\/\\\/jaguarreefbelize.com\\\/es\\\/eventos\\\/batalla-de-cocteleros\\\/#breadcrumb\",\"itemListElement\":[{\"@type\":\"ListItem\",\"position\":1,\"name\":\"Home\",\"item\":\"https:\\\/\\\/jaguarreefbelize.com\\\/es\\\/the-lodge-at-jaguar-reef\\\/\"},{\"@type\":\"ListItem\",\"position\":2,\"name\":\"Eventos\",\"item\":\"https:\\\/\\\/jaguarreefbelize.com\\\/es\\\/eventos\\\/\"},{\"@type\":\"ListItem\",\"position\":3,\"name\":\"Batalla de Cocteleros\"}]},{\"@type\":\"WebSite\",\"@id\":\"https:\\\/\\\/jaguarreefbelize.com\\\/es\\\/#website\",\"url\":\"https:\\\/\\\/jaguarreefbelize.com\\\/es\\\/\",\"name\":\"The Lodge At Jaguar Reef\",\"description\":\"A beach chic getaway in Hopkins, Belize\",\"publisher\":{\"@id\":\"https:\\\/\\\/jaguarreefbelize.com\\\/es\\\/#organization\"},\"potentialAction\":[{\"@type\":\"SearchAction\",\"target\":{\"@type\":\"EntryPoint\",\"urlTemplate\":\"https:\\\/\\\/jaguarreefbelize.com\\\/es\\\/?s={search_term_string}\"},\"query-input\":{\"@type\":\"PropertyValueSpecification\",\"valueRequired\":true,\"valueName\":\"search_term_string\"}}],\"inLanguage\":\"es\"},{\"@type\":\"Organization\",\"@id\":\"https:\\\/\\\/jaguarreefbelize.com\\\/es\\\/#organization\",\"name\":\"The Lodge At Jaguar Reef\",\"url\":\"https:\\\/\\\/jaguarreefbelize.com\\\/es\\\/\",\"logo\":{\"@type\":\"ImageObject\",\"inLanguage\":\"es\",\"@id\":\"https:\\\/\\\/jaguarreefbelize.com\\\/es\\\/#\\\/schema\\\/logo\\\/image\\\/\",\"url\":\"https:\\\/\\\/jaguarreefbelize.com\\\/wp-content\\\/uploads\\\/2025\\\/12\\\/JRL-long-logo.png\",\"contentUrl\":\"https:\\\/\\\/jaguarreefbelize.com\\\/wp-content\\\/uploads\\\/2025\\\/12\\\/JRL-long-logo.png\",\"width\":1000,\"height\":182,\"caption\":\"The Lodge At Jaguar Reef\"},\"image\":{\"@id\":\"https:\\\/\\\/jaguarreefbelize.com\\\/es\\\/#\\\/schema\\\/logo\\\/image\\\/\"}}]}<\/script>\n<!-- \/ Yoast SEO plugin. -->","yoast_head_json":{"title":"Batalla de Cocteleros - The Lodge At Jaguar Reef","robots":{"index":"index","follow":"follow","max-snippet":"max-snippet:-1","max-image-preview":"max-image-preview:large","max-video-preview":"max-video-preview:-1"},"canonical":"https:\/\/jaguarreefbelize.com\/es\/eventos\/batalla-de-cocteleros\/","og_locale":"es_ES","og_type":"article","og_title":"Batalla de Cocteleros - The Lodge At Jaguar Reef","og_description":"Batalla de Cocteleros Batalla de Cocteleros The Belize Collection le invita a unirse a nosotros para nuestra tercera edici\u00f3n anual de la Batalla de Cocteleros, \u00a1una celebraci\u00f3n del D\u00eda Mundial&hellip;","og_url":"https:\/\/jaguarreefbelize.com\/es\/eventos\/batalla-de-cocteleros\/","og_site_name":"The Lodge At Jaguar Reef","article_modified_time":"2026-05-05T14:16:40+00:00","og_image":[{"url":"https:\/\/jaguarreefbelize.com\/wp-content\/uploads\/2026\/02\/JRL-Battle-of-Bartendars-02.webp","type":"","width":"","height":""}],"twitter_card":"summary_large_image","schema":{"@context":"https:\/\/schema.org","@graph":[{"@type":"WebPage","@id":"https:\/\/jaguarreefbelize.com\/es\/eventos\/batalla-de-cocteleros\/","url":"https:\/\/jaguarreefbelize.com\/es\/eventos\/batalla-de-cocteleros\/","name":"Batalla de Cocteleros - The Lodge At Jaguar Reef","isPartOf":{"@id":"https:\/\/jaguarreefbelize.com\/es\/#website"},"primaryImageOfPage":{"@id":"https:\/\/jaguarreefbelize.com\/es\/eventos\/batalla-de-cocteleros\/#primaryimage"},"image":{"@id":"https:\/\/jaguarreefbelize.com\/es\/eventos\/batalla-de-cocteleros\/#primaryimage"},"thumbnailUrl":"https:\/\/jaguarreefbelize.com\/wp-content\/uploads\/2026\/02\/JRL-Battle-of-Bartendars-02.webp","datePublished":"2026-02-12T16:27:57+00:00","dateModified":"2026-05-05T14:16:40+00:00","breadcrumb":{"@id":"https:\/\/jaguarreefbelize.com\/es\/eventos\/batalla-de-cocteleros\/#breadcrumb"},"inLanguage":"es","potentialAction":[{"@type":"ReadAction","target":["https:\/\/jaguarreefbelize.com\/es\/eventos\/batalla-de-cocteleros\/"]}]},{"@type":"ImageObject","inLanguage":"es","@id":"https:\/\/jaguarreefbelize.com\/es\/eventos\/batalla-de-cocteleros\/#primaryimage","url":"https:\/\/jaguarreefbelize.com\/wp-content\/uploads\/2026\/02\/JRL-Battle-of-Bartendars-02.webp","contentUrl":"https:\/\/jaguarreefbelize.com\/wp-content\/uploads\/2026\/02\/JRL-Battle-of-Bartendars-02.webp"},{"@type":"BreadcrumbList","@id":"https:\/\/jaguarreefbelize.com\/es\/eventos\/batalla-de-cocteleros\/#breadcrumb","itemListElement":[{"@type":"ListItem","position":1,"name":"Home","item":"https:\/\/jaguarreefbelize.com\/es\/the-lodge-at-jaguar-reef\/"},{"@type":"ListItem","position":2,"name":"Eventos","item":"https:\/\/jaguarreefbelize.com\/es\/eventos\/"},{"@type":"ListItem","position":3,"name":"Batalla de Cocteleros"}]},{"@type":"WebSite","@id":"https:\/\/jaguarreefbelize.com\/es\/#website","url":"https:\/\/jaguarreefbelize.com\/es\/","name":"The Lodge At Jaguar Reef","description":"A beach chic getaway in Hopkins, Belize","publisher":{"@id":"https:\/\/jaguarreefbelize.com\/es\/#organization"},"potentialAction":[{"@type":"SearchAction","target":{"@type":"EntryPoint","urlTemplate":"https:\/\/jaguarreefbelize.com\/es\/?s={search_term_string}"},"query-input":{"@type":"PropertyValueSpecification","valueRequired":true,"valueName":"search_term_string"}}],"inLanguage":"es"},{"@type":"Organization","@id":"https:\/\/jaguarreefbelize.com\/es\/#organization","name":"The Lodge At Jaguar Reef","url":"https:\/\/jaguarreefbelize.com\/es\/","logo":{"@type":"ImageObject","inLanguage":"es","@id":"https:\/\/jaguarreefbelize.com\/es\/#\/schema\/logo\/image\/","url":"https:\/\/jaguarreefbelize.com\/wp-content\/uploads\/2025\/12\/JRL-long-logo.png","contentUrl":"https:\/\/jaguarreefbelize.com\/wp-content\/uploads\/2025\/12\/JRL-long-logo.png","width":1000,"height":182,"caption":"The Lodge At Jaguar Reef"},"image":{"@id":"https:\/\/jaguarreefbelize.com\/es\/#\/schema\/logo\/image\/"}}]}},"jetpack_sharing_enabled":true,"_links":{"self":[{"href":"https:\/\/jaguarreefbelize.com\/es\/wp-json\/wp\/v2\/pages\/45433","targetHints":{"allow":["GET"]}}],"collection":[{"href":"https:\/\/jaguarreefbelize.com\/es\/wp-json\/wp\/v2\/pages"}],"about":[{"href":"https:\/\/jaguarreefbelize.com\/es\/wp-json\/wp\/v2\/types\/page"}],"author":[{"embeddable":true,"href":"https:\/\/jaguarreefbelize.com\/es\/wp-json\/wp\/v2\/users\/1"}],"replies":[{"embeddable":true,"href":"https:\/\/jaguarreefbelize.com\/es\/wp-json\/wp\/v2\/comments?post=45433"}],"version-history":[{"count":1,"href":"https:\/\/jaguarreefbelize.com\/es\/wp-json\/wp\/v2\/pages\/45433\/revisions"}],"predecessor-version":[{"id":45436,"href":"https:\/\/jaguarreefbelize.com\/es\/wp-json\/wp\/v2\/pages\/45433\/revisions\/45436"}],"up":[{"embeddable":true,"href":"https:\/\/jaguarreefbelize.com\/es\/wp-json\/wp\/v2\/pages\/45418"}],"wp:attachment":[{"href":"https:\/\/jaguarreefbelize.com\/es\/wp-json\/wp\/v2\/media?parent=45433"}],"curies":[{"name":"wp","href":"https:\/\/api.w.org\/{rel}","templated":true}]}}