{"id":45429,"date":"2026-02-10T15:50:33","date_gmt":"2026-02-10T21:50:33","guid":{"rendered":"https:\/\/jaguarreefbelize.com\/eventos\/mini-festival-de-la-langosta-y-mercado-artesanal\/"},"modified":"2026-05-05T08:16:40","modified_gmt":"2026-05-05T14:16:40","slug":"mini-festival-de-la-langosta-y-mercado-artesanal","status":"publish","type":"page","link":"https:\/\/jaguarreefbelize.com\/es\/eventos\/mini-festival-de-la-langosta-y-mercado-artesanal\/","title":{"rendered":"Mini Festival de la Langosta y Mercado Artesanal"},"content":{"rendered":"\t\t<div data-elementor-type=\"wp-page\" data-elementor-id=\"45429\" class=\"elementor elementor-45429 elementor-42928\" data-elementor-post-type=\"page\">\n\t\t\t\t<div class=\"e-con-gap-no elementor-element elementor-element-475f7787 e-con-full e-flex sc_layouts_column_icons_position_left e-con e-parent\" data-id=\"475f7787\" data-element_type=\"container\" data-e-type=\"container\" data-settings=\"{&quot;background_background&quot;:&quot;classic&quot;}\">\n\t\t\t\t<\/div>\n\t\t<div class=\"elementor-element elementor-element-24d2741 e-flex e-con-boxed sc_layouts_column_icons_position_left e-con e-parent\" data-id=\"24d2741\" data-element_type=\"container\" data-e-type=\"container\">\n\t\t\t\t\t<div class=\"e-con-inner\">\n\t\t\t\t<div class=\"elementor-element elementor-element-35a7361b sc_fly_static elementor-widget elementor-widget-heading\" data-id=\"35a7361b\" data-element_type=\"widget\" data-e-type=\"widget\" data-widget_type=\"heading.default\">\n\t\t\t\t<div class=\"elementor-widget-container\">\n\t\t\t\t\t<h2 class=\"elementor-heading-title elementor-size-default\">Mini Festival de la Langosta y Mercado Artesanal<\/h2>\t\t\t\t<\/div>\n\t\t\t\t<\/div>\n\t\t\t\t<div class=\"elementor-element elementor-element-16b8db4a sc_fly_static elementor-widget elementor-widget-text-editor\" data-id=\"16b8db4a\" data-element_type=\"widget\" data-e-type=\"widget\" data-widget_type=\"text-editor.default\">\n\t\t\t\t<div class=\"elementor-widget-container\">\n\t\t\t\t\t\t\t\t\t<p style=\"text-align: center;\"><strong>The Lodge At Jaguar Reef<\/strong><\/p>\t\t\t\t\t\t\t\t<\/div>\n\t\t\t\t<\/div>\n\t\t\t\t<div class=\"elementor-element elementor-element-bc13347 sc_fly_static elementor-widget elementor-widget-text-editor\" data-id=\"bc13347\" data-element_type=\"widget\" data-e-type=\"widget\" data-widget_type=\"text-editor.default\">\n\t\t\t\t<div class=\"elementor-widget-container\">\n\t\t\t\t\t\t\t\t\t<p style=\"text-align: center;\">Cada temporada de langosta, sum\u00e9rjase en el vibrante esp\u00edritu de Belice en nuestro Mini Festival de la Langosta y Mercado Artesanal. Acomp\u00e1\u00f1enos mientras celebramos los sabores del mar y, al mismo tiempo, mostramos con orgullo productos elaborados localmente por peque\u00f1as empresas artesanas belice\u00f1as. Disfrute del mejor ambiente para desconectar y relajarse mientras saborea deliciosos platos de langosta, toma bebidas refrescantes y se deja llevar por las cautivadoras melod\u00edas de una banda local de steel band.  <\/p>\t\t\t\t\t\t\t\t<\/div>\n\t\t\t\t<\/div>\n\t\t\t\t\t<\/div>\n\t\t\t\t<\/div>\n\t\t<div class=\"elementor-element elementor-element-712a5ab e-con-full e-flex sc_layouts_column_icons_position_left e-con e-parent\" data-id=\"712a5ab\" data-element_type=\"container\" data-e-type=\"container\" data-settings=\"{&quot;background_background&quot;:&quot;classic&quot;}\">\n\t\t\t\t<div class=\"elementor-element elementor-element-1bd8e67 elementor-view-framed with-elementor-animation-grow elementor-shape-circle sc_fly_static elementor-widget elementor-widget-icon\" data-id=\"1bd8e67\" data-element_type=\"widget\" data-e-type=\"widget\" data-widget_type=\"icon.default\">\n\t\t\t\t<div class=\"elementor-widget-container\">\n\t\t\t\t\t\t\t<div class=\"elementor-icon-wrapper\">\n\t\t\t<a class=\"elementor-icon elementor-animation-grow\" href=\"#\">\n\t\t\t<svg xmlns=\"http:\/\/www.w3.org\/2000\/svg\" xmlns:xlink=\"http:\/\/www.w3.org\/1999\/xlink\" id=\"Capa_1\" x=\"0px\" y=\"0px\" viewBox=\"0 0 512 512\" style=\"enable-background:new 0 0 512 512;\" xml:space=\"preserve\"><g>\t<path style=\"fill:none;stroke:#000000;stroke-width:15;stroke-linecap:round;stroke-linejoin:round;stroke-miterlimit:10;\" d=\"&#10;&#9;&#9;M430.907,112.093c-6.523-7.91-13.438-15.544-20.749-22.855l-72.953-72.953C331.58,10.66,323.95,7.5,315.995,7.5&#10;&#9;&#9;C299.429,7.5,286,20.929,286,37.495v43.607\"><\/path>\t<path style=\"fill:none;stroke:#000000;stroke-width:15;stroke-linecap:round;stroke-linejoin:round;stroke-miterlimit:10;\" d=\"&#10;&#9;&#9;M504.5,317c0-64.862-19.581-127.696-55.439-180.634\"><\/path>\t<path style=\"fill:none;stroke:#000000;stroke-width:15;stroke-linecap:round;stroke-linejoin:round;stroke-miterlimit:10;\" d=\"&#10;&#9;&#9;M81.093,112.093c6.523-7.91,13.438-15.544,20.749-22.855l72.953-72.953C180.42,10.66,188.05,7.5,196.005,7.5&#10;&#9;&#9;C212.571,7.5,226,20.929,226,37.495v43.607\"><\/path>\t<path style=\"fill:none;stroke:#000000;stroke-width:15;stroke-linecap:round;stroke-linejoin:round;stroke-miterlimit:10;\" d=\"&#10;&#9;&#9;M7.5,317c0-64.862,19.581-127.696,55.439-180.634\"><\/path>\t<path style=\"fill:none;stroke:#000000;stroke-width:15;stroke-linecap:round;stroke-linejoin:round;stroke-miterlimit:10;\" d=\"&#10;&#9;&#9;M284.23,429.5c10.278,0,19.674-5.807,24.27-15c-4.596-9.193-13.992-15-24.27-15\"><\/path>\t<path style=\"fill:none;stroke:#000000;stroke-width:15;stroke-linecap:round;stroke-linejoin:round;stroke-miterlimit:10;\" d=\"&#10;&#9;&#9;M227.771,399.5c-10.278,0-19.674,5.807-24.27,15c4.596,9.193,13.992,15,24.27,15\"><\/path>\t<path style=\"fill:none;stroke:#000000;stroke-width:15;stroke-linecap:round;stroke-linejoin:round;stroke-miterlimit:10;\" d=\"&#10;&#9;&#9;M271,399.5h13.23c10.278,0,19.674-5.807,24.27-15c-4.596-9.193-13.992-15-24.27-15\"><\/path>\t<path style=\"fill:none;stroke:#000000;stroke-width:15;stroke-linecap:round;stroke-linejoin:round;stroke-miterlimit:10;\" d=\"&#10;&#9;&#9;M227.771,369.5c-10.278,0-19.674,5.807-24.27,15c4.596,9.193,13.992,15,24.27,15H241\"><\/path>\t<path style=\"fill:none;stroke:#000000;stroke-width:15;stroke-linecap:round;stroke-linejoin:round;stroke-miterlimit:10;\" d=\"&#10;&#9;&#9;M227.771,339.5c-10.278,0-19.674,5.807-24.27,15c4.596,9.193,13.992,15,24.27,15h56.459c10.278,0,19.674-5.807,24.27-15&#10;&#9;&#9;c-4.596-9.193-13.992-15-24.27-15\"><\/path>\t<path style=\"fill:none;stroke:#000000;stroke-width:15;stroke-linecap:round;stroke-linejoin:round;stroke-miterlimit:10;\" d=\"&#10;&#9;&#9;M271,339.5h13.23c10.278,0,19.674-5.807,24.27-15c-4.596-9.193-13.992-15-24.27-15\"><\/path>\t<path style=\"fill:none;stroke:#000000;stroke-width:15;stroke-linecap:round;stroke-linejoin:round;stroke-miterlimit:10;\" d=\"&#10;&#9;&#9;M227.771,309.5c-10.278,0-19.674,5.807-24.27,15c4.596,9.193,13.992,15,24.27,15H241\"><\/path>\t\t\t<line style=\"fill:none;stroke:#000000;stroke-width:15;stroke-linecap:round;stroke-linejoin:round;stroke-miterlimit:10;\" x1=\"226\" y1=\"272\" x2=\"226\" y2=\"272\"><\/line>\t\t\t<line style=\"fill:none;stroke:#000000;stroke-width:15;stroke-linecap:round;stroke-linejoin:round;stroke-miterlimit:10;\" x1=\"286.001\" y1=\"272\" x2=\"286.001\" y2=\"272\"><\/line>\t\t\t<line style=\"fill:none;stroke:#000000;stroke-width:15;stroke-linecap:round;stroke-linejoin:round;stroke-miterlimit:10;\" x1=\"226\" y1=\"242\" x2=\"226\" y2=\"242\"><\/line>\t\t\t<line style=\"fill:none;stroke:#000000;stroke-width:15;stroke-linecap:round;stroke-linejoin:round;stroke-miterlimit:10;\" x1=\"256\" y1=\"272\" x2=\"256\" y2=\"272\"><\/line>\t\t\t<line style=\"fill:none;stroke:#000000;stroke-width:15;stroke-linecap:round;stroke-linejoin:round;stroke-miterlimit:10;\" x1=\"256\" y1=\"242\" x2=\"256\" y2=\"242\"><\/line>\t\t\t<line style=\"fill:none;stroke:#000000;stroke-width:15;stroke-linecap:round;stroke-linejoin:round;stroke-miterlimit:10;\" x1=\"286.001\" y1=\"242\" x2=\"286.001\" y2=\"242\"><\/line>\t<path style=\"fill:none;stroke:#000000;stroke-width:15;stroke-linecap:round;stroke-linejoin:round;stroke-miterlimit:10;\" d=\"&#10;&#9;&#9;M231.285,491.5H168c-9.389,0-17-7.611-17-17c0-24.853,20.147-45,45-45h120c24.853,0,45,20.147,45,45c0,9.389-7.611,17-17,17&#10;&#9;&#9;h-63.285\"><\/path>\t<path style=\"fill:none;stroke:#000000;stroke-width:15;stroke-linecap:round;stroke-linejoin:round;stroke-miterlimit:10;\" d=\"&#10;&#9;&#9;M314,491.5c9.389,0,17-7.611,17-17c0-24.853-20.147-45-45-45v45c0,16.569-13.431,30-30,30c-16.569,0-30-13.431-30-30l0-45&#10;&#9;&#9;c-24.853,0-45,20.147-45,45c0,9.389,7.611,17,17,17\"><\/path>\t\t\t<polyline style=\"fill:none;stroke:#000000;stroke-width:15;stroke-linecap:round;stroke-linejoin:round;stroke-miterlimit:10;\" points=\"&#10;&#9;&#9;196,287 166,287 136,317 &#9;\"><\/polyline>\t\t\t<line style=\"fill:none;stroke:#000000;stroke-width:15;stroke-linecap:round;stroke-linejoin:round;stroke-miterlimit:10;\" x1=\"196\" y1=\"257\" x2=\"151\" y2=\"257\"><\/line>\t<path style=\"fill:none;stroke:#000000;stroke-width:15;stroke-linecap:round;stroke-linejoin:round;stroke-miterlimit:10;\" d=\"&#10;&#9;&#9;M211,149.861V96.103c0-8.284,6.716-15,15-15c8.284,0,15,6.716,15,15v15\"><\/path>\t<path style=\"fill:none;stroke:#000000;stroke-width:15;stroke-linecap:round;stroke-linejoin:round;stroke-miterlimit:10;\" d=\"&#10;&#9;&#9;M301,149.861V96.103c0-8.284-6.716-15-15-15c-8.284,0-15,6.716-15,15v15\"><\/path>\t<path style=\"fill:none;stroke:#000000;stroke-width:15;stroke-linecap:round;stroke-linejoin:round;stroke-miterlimit:10;\" d=\"&#10;&#9;&#9;M256,99.5c-37.485,24.99-60,67.06-60,112.111V287c0,12.426,10.074,22.5,22.5,22.5h75c12.426,0,22.5-10.074,22.5-22.5v-75.389&#10;&#9;&#9;C316,166.56,293.485,124.49,256,99.5z\"><\/path>\t\t\t<polyline style=\"fill:none;stroke:#000000;stroke-width:15;stroke-linecap:round;stroke-linejoin:round;stroke-miterlimit:10;\" points=\"&#10;&#9;&#9;316.001,287 346.001,287 376.001,317 &#9;\"><\/polyline>\t\t\t<polyline style=\"fill:none;stroke:#000000;stroke-width:15;stroke-linecap:round;stroke-linejoin:round;stroke-miterlimit:10;\" points=\"&#10;&#9;&#9;196,227 153.574,227 114.787,188.213 &#9;\"><\/polyline>\t\t\t<polyline style=\"fill:none;stroke:#000000;stroke-width:15;stroke-linecap:round;stroke-linejoin:round;stroke-miterlimit:10;\" points=\"&#10;&#9;&#9;316,227 358.426,227 397.213,188.213 &#9;\"><\/polyline>\t\t\t<polyline style=\"fill:none;stroke:#000000;stroke-width:15;stroke-linecap:round;stroke-linejoin:round;stroke-miterlimit:10;\" points=\"&#10;&#9;&#9;196,197 166,197 136,167 &#9;\"><\/polyline>\t\t\t<polyline style=\"fill:none;stroke:#000000;stroke-width:15;stroke-linecap:round;stroke-linejoin:round;stroke-miterlimit:10;\" points=\"&#10;&#9;&#9;316.001,197 346.001,197 376.001,167 &#9;\"><\/polyline>\t\t\t<line style=\"fill:none;stroke:#000000;stroke-width:15;stroke-linecap:round;stroke-linejoin:round;stroke-miterlimit:10;\" x1=\"316.001\" y1=\"257\" x2=\"361.001\" y2=\"257\"><\/line><\/g><g><\/g><g><\/g><g><\/g><g><\/g><g><\/g><g><\/g><g><\/g><g><\/g><g><\/g><g><\/g><g><\/g><g><\/g><g><\/g><g><\/g><g><\/g><\/svg>\t\t\t<\/a>\n\t\t<\/div>\n\t\t\t\t\t\t<\/div>\n\t\t\t\t<\/div>\n\t\t\t\t<div class=\"elementor-element elementor-element-90a1d9f sc_fly_static elementor-widget elementor-widget-heading\" data-id=\"90a1d9f\" data-element_type=\"widget\" data-e-type=\"widget\" data-widget_type=\"heading.default\">\n\t\t\t\t<div class=\"elementor-widget-container\">\n\t\t\t\t\t<h2 class=\"elementor-heading-title elementor-size-default\">Men\u00fa del Food Truck 2025<\/h2>\t\t\t\t<\/div>\n\t\t\t\t<\/div>\n\t\t\t\t<\/div>\n\t\t\t\t<\/div>\n\t\t","protected":false},"excerpt":{"rendered":"<p>Mini Festival de la Langosta y Mercado Artesanal The Lodge At Jaguar Reef Cada temporada de langosta, sum\u00e9rjase en el vibrante esp\u00edritu de Belice en nuestro Mini Festival de la&hellip;<\/p>\n","protected":false},"author":1,"featured_media":0,"parent":45418,"menu_order":0,"comment_status":"closed","ping_status":"closed","template":"","meta":{"footnotes":""},"class_list":["post-45429","page","type-page","status-publish","hentry"],"yoast_head":"<!-- This site is optimized with the Yoast SEO plugin v27.5 - https:\/\/yoast.com\/product\/yoast-seo-wordpress\/ -->\n<title>Mini Festival de la Langosta y Mercado Artesanal - The Lodge At Jaguar Reef<\/title>\n<meta name=\"robots\" content=\"index, follow, max-snippet:-1, max-image-preview:large, max-video-preview:-1\" \/>\n<link rel=\"canonical\" href=\"https:\/\/jaguarreefbelize.com\/es\/eventos\/mini-festival-de-la-langosta-y-mercado-artesanal\/\" \/>\n<meta property=\"og:locale\" content=\"es_ES\" \/>\n<meta property=\"og:type\" content=\"article\" \/>\n<meta property=\"og:title\" content=\"Mini Festival de la Langosta y Mercado Artesanal - The Lodge At Jaguar Reef\" \/>\n<meta property=\"og:description\" content=\"Mini Festival de la Langosta y Mercado Artesanal The Lodge At Jaguar Reef Cada temporada de langosta, sum\u00e9rjase en el vibrante esp\u00edritu de Belice en nuestro Mini Festival de la&hellip;\" \/>\n<meta property=\"og:url\" content=\"https:\/\/jaguarreefbelize.com\/es\/eventos\/mini-festival-de-la-langosta-y-mercado-artesanal\/\" \/>\n<meta property=\"og:site_name\" content=\"The Lodge At Jaguar Reef\" \/>\n<meta property=\"article:modified_time\" content=\"2026-05-05T14:16:40+00:00\" \/>\n<meta name=\"twitter:card\" content=\"summary_large_image\" \/>\n<script type=\"application\/ld+json\" class=\"yoast-schema-graph\">{\"@context\":\"https:\\\/\\\/schema.org\",\"@graph\":[{\"@type\":\"WebPage\",\"@id\":\"https:\\\/\\\/jaguarreefbelize.com\\\/es\\\/eventos\\\/mini-festival-de-la-langosta-y-mercado-artesanal\\\/\",\"url\":\"https:\\\/\\\/jaguarreefbelize.com\\\/es\\\/eventos\\\/mini-festival-de-la-langosta-y-mercado-artesanal\\\/\",\"name\":\"Mini Festival de la Langosta y Mercado Artesanal - The Lodge At Jaguar Reef\",\"isPartOf\":{\"@id\":\"https:\\\/\\\/jaguarreefbelize.com\\\/es\\\/#website\"},\"datePublished\":\"2026-02-10T21:50:33+00:00\",\"dateModified\":\"2026-05-05T14:16:40+00:00\",\"breadcrumb\":{\"@id\":\"https:\\\/\\\/jaguarreefbelize.com\\\/es\\\/eventos\\\/mini-festival-de-la-langosta-y-mercado-artesanal\\\/#breadcrumb\"},\"inLanguage\":\"es\",\"potentialAction\":[{\"@type\":\"ReadAction\",\"target\":[\"https:\\\/\\\/jaguarreefbelize.com\\\/es\\\/eventos\\\/mini-festival-de-la-langosta-y-mercado-artesanal\\\/\"]}]},{\"@type\":\"BreadcrumbList\",\"@id\":\"https:\\\/\\\/jaguarreefbelize.com\\\/es\\\/eventos\\\/mini-festival-de-la-langosta-y-mercado-artesanal\\\/#breadcrumb\",\"itemListElement\":[{\"@type\":\"ListItem\",\"position\":1,\"name\":\"Home\",\"item\":\"https:\\\/\\\/jaguarreefbelize.com\\\/es\\\/the-lodge-at-jaguar-reef\\\/\"},{\"@type\":\"ListItem\",\"position\":2,\"name\":\"Eventos\",\"item\":\"https:\\\/\\\/jaguarreefbelize.com\\\/es\\\/eventos\\\/\"},{\"@type\":\"ListItem\",\"position\":3,\"name\":\"Mini Festival de la Langosta y Mercado Artesanal\"}]},{\"@type\":\"WebSite\",\"@id\":\"https:\\\/\\\/jaguarreefbelize.com\\\/es\\\/#website\",\"url\":\"https:\\\/\\\/jaguarreefbelize.com\\\/es\\\/\",\"name\":\"The Lodge At Jaguar Reef\",\"description\":\"A beach chic getaway in Hopkins, Belize\",\"publisher\":{\"@id\":\"https:\\\/\\\/jaguarreefbelize.com\\\/es\\\/#organization\"},\"potentialAction\":[{\"@type\":\"SearchAction\",\"target\":{\"@type\":\"EntryPoint\",\"urlTemplate\":\"https:\\\/\\\/jaguarreefbelize.com\\\/es\\\/?s={search_term_string}\"},\"query-input\":{\"@type\":\"PropertyValueSpecification\",\"valueRequired\":true,\"valueName\":\"search_term_string\"}}],\"inLanguage\":\"es\"},{\"@type\":\"Organization\",\"@id\":\"https:\\\/\\\/jaguarreefbelize.com\\\/es\\\/#organization\",\"name\":\"The Lodge At Jaguar Reef\",\"url\":\"https:\\\/\\\/jaguarreefbelize.com\\\/es\\\/\",\"logo\":{\"@type\":\"ImageObject\",\"inLanguage\":\"es\",\"@id\":\"https:\\\/\\\/jaguarreefbelize.com\\\/es\\\/#\\\/schema\\\/logo\\\/image\\\/\",\"url\":\"https:\\\/\\\/jaguarreefbelize.com\\\/wp-content\\\/uploads\\\/2025\\\/12\\\/JRL-long-logo.png\",\"contentUrl\":\"https:\\\/\\\/jaguarreefbelize.com\\\/wp-content\\\/uploads\\\/2025\\\/12\\\/JRL-long-logo.png\",\"width\":1000,\"height\":182,\"caption\":\"The Lodge At Jaguar Reef\"},\"image\":{\"@id\":\"https:\\\/\\\/jaguarreefbelize.com\\\/es\\\/#\\\/schema\\\/logo\\\/image\\\/\"}}]}<\/script>\n<!-- \/ Yoast SEO plugin. -->","yoast_head_json":{"title":"Mini Festival de la Langosta y Mercado Artesanal - The Lodge At Jaguar Reef","robots":{"index":"index","follow":"follow","max-snippet":"max-snippet:-1","max-image-preview":"max-image-preview:large","max-video-preview":"max-video-preview:-1"},"canonical":"https:\/\/jaguarreefbelize.com\/es\/eventos\/mini-festival-de-la-langosta-y-mercado-artesanal\/","og_locale":"es_ES","og_type":"article","og_title":"Mini Festival de la Langosta y Mercado Artesanal - The Lodge At Jaguar Reef","og_description":"Mini Festival de la Langosta y Mercado Artesanal The Lodge At Jaguar Reef Cada temporada de langosta, sum\u00e9rjase en el vibrante esp\u00edritu de Belice en nuestro Mini Festival de la&hellip;","og_url":"https:\/\/jaguarreefbelize.com\/es\/eventos\/mini-festival-de-la-langosta-y-mercado-artesanal\/","og_site_name":"The Lodge At Jaguar Reef","article_modified_time":"2026-05-05T14:16:40+00:00","twitter_card":"summary_large_image","schema":{"@context":"https:\/\/schema.org","@graph":[{"@type":"WebPage","@id":"https:\/\/jaguarreefbelize.com\/es\/eventos\/mini-festival-de-la-langosta-y-mercado-artesanal\/","url":"https:\/\/jaguarreefbelize.com\/es\/eventos\/mini-festival-de-la-langosta-y-mercado-artesanal\/","name":"Mini Festival de la Langosta y Mercado Artesanal - The Lodge At Jaguar Reef","isPartOf":{"@id":"https:\/\/jaguarreefbelize.com\/es\/#website"},"datePublished":"2026-02-10T21:50:33+00:00","dateModified":"2026-05-05T14:16:40+00:00","breadcrumb":{"@id":"https:\/\/jaguarreefbelize.com\/es\/eventos\/mini-festival-de-la-langosta-y-mercado-artesanal\/#breadcrumb"},"inLanguage":"es","potentialAction":[{"@type":"ReadAction","target":["https:\/\/jaguarreefbelize.com\/es\/eventos\/mini-festival-de-la-langosta-y-mercado-artesanal\/"]}]},{"@type":"BreadcrumbList","@id":"https:\/\/jaguarreefbelize.com\/es\/eventos\/mini-festival-de-la-langosta-y-mercado-artesanal\/#breadcrumb","itemListElement":[{"@type":"ListItem","position":1,"name":"Home","item":"https:\/\/jaguarreefbelize.com\/es\/the-lodge-at-jaguar-reef\/"},{"@type":"ListItem","position":2,"name":"Eventos","item":"https:\/\/jaguarreefbelize.com\/es\/eventos\/"},{"@type":"ListItem","position":3,"name":"Mini Festival de la Langosta y Mercado Artesanal"}]},{"@type":"WebSite","@id":"https:\/\/jaguarreefbelize.com\/es\/#website","url":"https:\/\/jaguarreefbelize.com\/es\/","name":"The Lodge At Jaguar Reef","description":"A beach chic getaway in Hopkins, Belize","publisher":{"@id":"https:\/\/jaguarreefbelize.com\/es\/#organization"},"potentialAction":[{"@type":"SearchAction","target":{"@type":"EntryPoint","urlTemplate":"https:\/\/jaguarreefbelize.com\/es\/?s={search_term_string}"},"query-input":{"@type":"PropertyValueSpecification","valueRequired":true,"valueName":"search_term_string"}}],"inLanguage":"es"},{"@type":"Organization","@id":"https:\/\/jaguarreefbelize.com\/es\/#organization","name":"The Lodge At Jaguar Reef","url":"https:\/\/jaguarreefbelize.com\/es\/","logo":{"@type":"ImageObject","inLanguage":"es","@id":"https:\/\/jaguarreefbelize.com\/es\/#\/schema\/logo\/image\/","url":"https:\/\/jaguarreefbelize.com\/wp-content\/uploads\/2025\/12\/JRL-long-logo.png","contentUrl":"https:\/\/jaguarreefbelize.com\/wp-content\/uploads\/2025\/12\/JRL-long-logo.png","width":1000,"height":182,"caption":"The Lodge At Jaguar Reef"},"image":{"@id":"https:\/\/jaguarreefbelize.com\/es\/#\/schema\/logo\/image\/"}}]}},"jetpack_sharing_enabled":true,"_links":{"self":[{"href":"https:\/\/jaguarreefbelize.com\/es\/wp-json\/wp\/v2\/pages\/45429","targetHints":{"allow":["GET"]}}],"collection":[{"href":"https:\/\/jaguarreefbelize.com\/es\/wp-json\/wp\/v2\/pages"}],"about":[{"href":"https:\/\/jaguarreefbelize.com\/es\/wp-json\/wp\/v2\/types\/page"}],"author":[{"embeddable":true,"href":"https:\/\/jaguarreefbelize.com\/es\/wp-json\/wp\/v2\/users\/1"}],"replies":[{"embeddable":true,"href":"https:\/\/jaguarreefbelize.com\/es\/wp-json\/wp\/v2\/comments?post=45429"}],"version-history":[{"count":1,"href":"https:\/\/jaguarreefbelize.com\/es\/wp-json\/wp\/v2\/pages\/45429\/revisions"}],"predecessor-version":[{"id":45432,"href":"https:\/\/jaguarreefbelize.com\/es\/wp-json\/wp\/v2\/pages\/45429\/revisions\/45432"}],"up":[{"embeddable":true,"href":"https:\/\/jaguarreefbelize.com\/es\/wp-json\/wp\/v2\/pages\/45418"}],"wp:attachment":[{"href":"https:\/\/jaguarreefbelize.com\/es\/wp-json\/wp\/v2\/media?parent=45429"}],"curies":[{"name":"wp","href":"https:\/\/api.w.org\/{rel}","templated":true}]}}