{"id":45267,"date":"2026-02-27T09:03:37","date_gmt":"2026-02-27T15:03:37","guid":{"rendered":"https:\/\/jaguarreefbelize.com\/luces-fuera\/"},"modified":"2026-05-05T08:07:42","modified_gmt":"2026-05-05T14:07:42","slug":"luces-fuera","status":"publish","type":"page","link":"https:\/\/jaguarreefbelize.com\/es\/luces-fuera\/","title":{"rendered":"Luces fuera"},"content":{"rendered":"\t\t<div data-elementor-type=\"wp-page\" data-elementor-id=\"45267\" class=\"elementor elementor-45267 elementor-44452\" data-elementor-post-type=\"page\">\n\t\t\t\t<div class=\"e-con-gap-no elementor-element elementor-element-79ea8605 e-con-full e-flex sc_layouts_column_icons_position_left e-con e-parent\" data-id=\"79ea8605\" data-element_type=\"container\" data-e-type=\"container\" data-settings=\"{&quot;background_background&quot;:&quot;classic&quot;,&quot;background_motion_fx_motion_fx_scrolling&quot;:&quot;yes&quot;,&quot;background_motion_fx_translateY_effect&quot;:&quot;yes&quot;,&quot;background_motion_fx_translateY_speed&quot;:{&quot;unit&quot;:&quot;px&quot;,&quot;size&quot;:4,&quot;sizes&quot;:[]},&quot;background_motion_fx_translateY_affectedRange&quot;:{&quot;unit&quot;:&quot;%&quot;,&quot;size&quot;:&quot;&quot;,&quot;sizes&quot;:{&quot;start&quot;:0,&quot;end&quot;:100}},&quot;background_motion_fx_devices&quot;:[&quot;desktop&quot;,&quot;tablet&quot;,&quot;mobile&quot;]}\">\n\t\t\t\t<\/div>\n\t\t<div class=\"elementor-element elementor-element-c54e8fc e-flex e-con-boxed sc_layouts_column_icons_position_left e-con e-parent\" data-id=\"c54e8fc\" data-element_type=\"container\" data-e-type=\"container\">\n\t\t\t\t\t<div class=\"e-con-inner\">\n\t\t\t\t<div class=\"elementor-element elementor-element-eec5c6f sc_fly_static elementor-widget elementor-widget-spacer\" data-id=\"eec5c6f\" data-element_type=\"widget\" data-e-type=\"widget\" data-widget_type=\"spacer.default\">\n\t\t\t\t<div class=\"elementor-widget-container\">\n\t\t\t\t\t\t\t<div class=\"elementor-spacer\">\n\t\t\t<div class=\"elementor-spacer-inner\"><\/div>\n\t\t<\/div>\n\t\t\t\t\t\t<\/div>\n\t\t\t\t<\/div>\n\t\t\t\t\t<\/div>\n\t\t\t\t<\/div>\n\t\t<div class=\"elementor-element elementor-element-4dcc465e e-flex e-con-boxed sc_layouts_column_icons_position_left e-con e-parent\" data-id=\"4dcc465e\" data-element_type=\"container\" data-e-type=\"container\">\n\t\t\t\t\t<div class=\"e-con-inner\">\n\t\t<div class=\"elementor-element elementor-element-b955c7b e-con-full e-flex sc_layouts_column_icons_position_left e-con e-child\" data-id=\"b955c7b\" data-element_type=\"container\" data-e-type=\"container\">\n\t\t\t\t<div class=\"elementor-element elementor-element-835c477 sc_fly_static elementor-widget elementor-widget-heading\" data-id=\"835c477\" data-element_type=\"widget\" data-e-type=\"widget\" data-widget_type=\"heading.default\">\n\t\t\t\t<div class=\"elementor-widget-container\">\n\t\t\t\t\t<h2 class=\"elementor-heading-title elementor-size-default\">Luces fuera<\/h2>\t\t\t\t<\/div>\n\t\t\t\t<\/div>\n\t\t\t\t<div class=\"elementor-element elementor-element-47c9d84 sc_fly_static elementor-widget elementor-widget-text-editor\" data-id=\"47c9d84\" data-element_type=\"widget\" data-e-type=\"widget\" data-widget_type=\"text-editor.default\">\n\t\t\t\t<div class=\"elementor-widget-container\">\n\t\t\t\t\t\t\t\t\t<div class=\"elementor-element elementor-element-3fd73d8 elementor-widget elementor-widget-text-editor\" data-id=\"3fd73d8\" data-element_type=\"widget\" data-widget_type=\"text-editor.default\"><div class=\"elementor-widget-container\"><p>\u00danase a nosotros en Paddle House para una noche de elegancia junto al mar, encanto a la luz de las velas y reflexi\u00f3n bajo la luna. Este evento \u00fanico le invita a desacelerar, saborear cada matiz y sumergirse por completo en la belleza de Hopkins. Al reducir el consumo de electricidad y abrazar los elementos naturales, damos un paso hacia la sostenibilidad y fomentamos una vida consciente y peque\u00f1as decisiones que pueden generar un impacto duradero.  <\/p><\/div><\/div>\t\t\t\t\t\t\t\t<\/div>\n\t\t\t\t<\/div>\n\t\t\t\t<div class=\"elementor-element elementor-element-7726cd0 sc_fly_static elementor-widget elementor-widget-text-editor\" data-id=\"7726cd0\" data-element_type=\"widget\" data-e-type=\"widget\" data-widget_type=\"text-editor.default\">\n\t\t\t\t<div class=\"elementor-widget-container\">\n\t\t\t\t\t\t\t\t\t<p><strong>Lugar:<\/strong> Paddle House<\/p><p><strong>Fecha:<\/strong> 1 de mayo de 2026<\/p><p><strong>Hora:<\/strong> 17:30<\/p><p><strong>Entretenimiento musical:<\/strong> a cargo de Ivan Middleton<\/p>\t\t\t\t\t\t\t\t<\/div>\n\t\t\t\t<\/div>\n\t\t\t\t<div class=\"elementor-element elementor-element-6ac76b6 elementor-align-left sc_fly_static elementor-widget elementor-widget-button\" data-id=\"6ac76b6\" data-element_type=\"widget\" data-e-type=\"widget\" data-widget_type=\"button.default\">\n\t\t\t\t<div class=\"elementor-widget-container\">\n\t\t\t\t\t\t\t\t\t<div class=\"elementor-button-wrapper\">\n\t\t\t\t\t<a class=\"elementor-button elementor-button-link elementor-size-sm\" href=\"\">\n\t\t\t\t\t\t<span class=\"elementor-button-content-wrapper\">\n\t\t\t\t\t\t\t\t\t<span class=\"elementor-button-text\">HAGA CLIC AQU\u00cd PARA CONFIRMAR SU ASISTENCIA<\/span>\n\t\t\t\t\t<\/span>\n\t\t\t\t\t<\/a>\n\t\t\t\t<\/div>\n\t\t\t\t\t\t\t\t<\/div>\n\t\t\t\t<\/div>\n\t\t\t\t<\/div>\n\t\t<div class=\"elementor-element elementor-element-709d2277 e-con-full e-flex sc_layouts_column_icons_position_left e-con e-child\" data-id=\"709d2277\" data-element_type=\"container\" data-e-type=\"container\">\n\t\t\t\t<div class=\"elementor-element elementor-element-7062587 elementor-arrows-position-inside sc_fly_static elementor-widget elementor-widget-image-carousel\" data-id=\"7062587\" data-element_type=\"widget\" data-e-type=\"widget\" data-settings=\"{&quot;slides_to_show&quot;:&quot;1&quot;,&quot;effect&quot;:&quot;fade&quot;,&quot;navigation&quot;:&quot;arrows&quot;,&quot;autoplay&quot;:&quot;yes&quot;,&quot;autoplay_speed&quot;:5000,&quot;infinite&quot;:&quot;yes&quot;,&quot;speed&quot;:500}\" data-widget_type=\"image-carousel.default\">\n\t\t\t\t<div class=\"elementor-widget-container\">\n\t\t\t\t\t\t\t<div class=\"elementor-image-carousel-wrapper swiper\" role=\"region\" aria-roledescription=\"carousel\" aria-label=\"Image Carousel\" dir=\"ltr\">\n\t\t\t<div class=\"elementor-image-carousel swiper-wrapper\" aria-live=\"off\">\n\t\t\t\t\t\t\t\t<div class=\"swiper-slide\" role=\"group\" aria-roledescription=\"slide\" aria-label=\"1 de 2\"><figure class=\"swiper-slide-inner\"><img decoding=\"async\" class=\"swiper-slide-image\" src=\"https:\/\/jaguarreefbelize.com\/wp-content\/uploads\/2026\/02\/The-Belize-Collection-Almond-Beach-Resort-Featured-Image-02.jpg\" alt=\"The-Belize-Collection-Almond-Beach-Resort-Featured-Image-02.jpg\" \/><\/figure><\/div><div class=\"swiper-slide\" role=\"group\" aria-roledescription=\"slide\" aria-label=\"2 de 2\"><figure class=\"swiper-slide-inner\"><img decoding=\"async\" class=\"swiper-slide-image\" src=\"https:\/\/jaguarreefbelize.com\/wp-content\/uploads\/2026\/02\/MOB5981.jpg\" alt=\"MOB598~1\" \/><\/figure><\/div>\t\t\t<\/div>\n\t\t\t\t\t\t\t\t\t\t\t\t<div class=\"elementor-swiper-button elementor-swiper-button-prev\" role=\"button\" tabindex=\"0\">\n\t\t\t\t\t\t<svg aria-hidden=\"true\" class=\"e-font-icon-svg e-eicon-chevron-left\" viewBox=\"0 0 1000 1000\" xmlns=\"http:\/\/www.w3.org\/2000\/svg\"><path d=\"M646 125C629 125 613 133 604 142L308 442C296 454 292 471 292 487 292 504 296 521 308 533L604 854C617 867 629 875 646 875 663 875 679 871 692 858 704 846 713 829 713 812 713 796 708 779 692 767L438 487 692 225C700 217 708 204 708 187 708 171 704 154 692 142 675 129 663 125 646 125Z\"><\/path><\/svg>\t\t\t\t\t<\/div>\n\t\t\t\t\t<div class=\"elementor-swiper-button elementor-swiper-button-next\" role=\"button\" tabindex=\"0\">\n\t\t\t\t\t\t<svg aria-hidden=\"true\" class=\"e-font-icon-svg e-eicon-chevron-right\" viewBox=\"0 0 1000 1000\" xmlns=\"http:\/\/www.w3.org\/2000\/svg\"><path d=\"M696 533C708 521 713 504 713 487 713 471 708 454 696 446L400 146C388 133 375 125 354 125 338 125 325 129 313 142 300 154 292 171 292 187 292 204 296 221 308 233L563 492 304 771C292 783 288 800 288 817 288 833 296 850 308 863 321 871 338 875 354 875 371 875 388 867 400 854L696 533Z\"><\/path><\/svg>\t\t\t\t\t<\/div>\n\t\t\t\t\n\t\t\t\t\t\t\t\t\t<\/div>\n\t\t\t\t\t\t<\/div>\n\t\t\t\t<\/div>\n\t\t\t\t<\/div>\n\t\t\t\t\t<\/div>\n\t\t\t\t<\/div>\n\t\t<div class=\"elementor-element elementor-element-070969c e-flex e-con-boxed sc_layouts_column_icons_position_left e-con e-parent\" data-id=\"070969c\" data-element_type=\"container\" data-e-type=\"container\">\n\t\t\t\t\t<div class=\"e-con-inner\">\n\t\t\t\t<div class=\"elementor-element elementor-element-9bd9fbe sc_fly_static elementor-widget elementor-widget-spacer\" data-id=\"9bd9fbe\" data-element_type=\"widget\" data-e-type=\"widget\" data-widget_type=\"spacer.default\">\n\t\t\t\t<div class=\"elementor-widget-container\">\n\t\t\t\t\t\t\t<div class=\"elementor-spacer\">\n\t\t\t<div class=\"elementor-spacer-inner\"><\/div>\n\t\t<\/div>\n\t\t\t\t\t\t<\/div>\n\t\t\t\t<\/div>\n\t\t\t\t\t<\/div>\n\t\t\t\t<\/div>\n\t\t\t\t<\/div>\n\t\t","protected":false},"excerpt":{"rendered":"<p>Luces fuera \u00danase a nosotros en Paddle House para una noche de elegancia junto al mar, encanto a la luz de las velas y reflexi\u00f3n bajo la luna. Este evento&hellip;<\/p>\n","protected":false},"author":2,"featured_media":0,"parent":0,"menu_order":0,"comment_status":"closed","ping_status":"closed","template":"elementor_header_footer","meta":{"footnotes":""},"class_list":["post-45267","page","type-page","status-publish","hentry"],"yoast_head":"<!-- This site is optimized with the Yoast SEO plugin v27.5 - https:\/\/yoast.com\/product\/yoast-seo-wordpress\/ -->\n<title>Luces fuera - The Lodge At Jaguar Reef<\/title>\n<meta name=\"robots\" content=\"index, follow, max-snippet:-1, max-image-preview:large, max-video-preview:-1\" \/>\n<link rel=\"canonical\" href=\"https:\/\/jaguarreefbelize.com\/es\/luces-fuera\/\" \/>\n<meta property=\"og:locale\" content=\"es_ES\" \/>\n<meta property=\"og:type\" content=\"article\" \/>\n<meta property=\"og:title\" content=\"Luces fuera - The Lodge At Jaguar Reef\" \/>\n<meta property=\"og:description\" content=\"Luces fuera \u00danase a nosotros en Paddle House para una noche de elegancia junto al mar, encanto a la luz de las velas y reflexi\u00f3n bajo la luna. Este evento&hellip;\" \/>\n<meta property=\"og:url\" content=\"https:\/\/jaguarreefbelize.com\/es\/luces-fuera\/\" \/>\n<meta property=\"og:site_name\" content=\"The Lodge At Jaguar Reef\" \/>\n<meta property=\"article:modified_time\" content=\"2026-05-05T14:07:42+00:00\" \/>\n<meta property=\"og:image\" content=\"https:\/\/jaguarreefbelize.com\/wp-content\/uploads\/2026\/02\/The-Belize-Collection-Almond-Beach-Resort-Featured-Image-02.jpg\" \/>\n<meta name=\"twitter:card\" content=\"summary_large_image\" \/>\n<meta name=\"twitter:label1\" content=\"Tiempo de lectura\" \/>\n\t<meta name=\"twitter:data1\" content=\"1 minuto\" \/>\n<script type=\"application\/ld+json\" class=\"yoast-schema-graph\">{\"@context\":\"https:\\\/\\\/schema.org\",\"@graph\":[{\"@type\":\"WebPage\",\"@id\":\"https:\\\/\\\/jaguarreefbelize.com\\\/es\\\/luces-fuera\\\/\",\"url\":\"https:\\\/\\\/jaguarreefbelize.com\\\/es\\\/luces-fuera\\\/\",\"name\":\"Luces fuera - The Lodge At Jaguar Reef\",\"isPartOf\":{\"@id\":\"https:\\\/\\\/jaguarreefbelize.com\\\/es\\\/#website\"},\"primaryImageOfPage\":{\"@id\":\"https:\\\/\\\/jaguarreefbelize.com\\\/es\\\/luces-fuera\\\/#primaryimage\"},\"image\":{\"@id\":\"https:\\\/\\\/jaguarreefbelize.com\\\/es\\\/luces-fuera\\\/#primaryimage\"},\"thumbnailUrl\":\"https:\\\/\\\/jaguarreefbelize.com\\\/wp-content\\\/uploads\\\/2026\\\/02\\\/The-Belize-Collection-Almond-Beach-Resort-Featured-Image-02.jpg\",\"datePublished\":\"2026-02-27T15:03:37+00:00\",\"dateModified\":\"2026-05-05T14:07:42+00:00\",\"breadcrumb\":{\"@id\":\"https:\\\/\\\/jaguarreefbelize.com\\\/es\\\/luces-fuera\\\/#breadcrumb\"},\"inLanguage\":\"es\",\"potentialAction\":[{\"@type\":\"ReadAction\",\"target\":[\"https:\\\/\\\/jaguarreefbelize.com\\\/es\\\/luces-fuera\\\/\"]}]},{\"@type\":\"ImageObject\",\"inLanguage\":\"es\",\"@id\":\"https:\\\/\\\/jaguarreefbelize.com\\\/es\\\/luces-fuera\\\/#primaryimage\",\"url\":\"https:\\\/\\\/jaguarreefbelize.com\\\/wp-content\\\/uploads\\\/2026\\\/02\\\/The-Belize-Collection-Almond-Beach-Resort-Featured-Image-02.jpg\",\"contentUrl\":\"https:\\\/\\\/jaguarreefbelize.com\\\/wp-content\\\/uploads\\\/2026\\\/02\\\/The-Belize-Collection-Almond-Beach-Resort-Featured-Image-02.jpg\"},{\"@type\":\"BreadcrumbList\",\"@id\":\"https:\\\/\\\/jaguarreefbelize.com\\\/es\\\/luces-fuera\\\/#breadcrumb\",\"itemListElement\":[{\"@type\":\"ListItem\",\"position\":1,\"name\":\"Home\",\"item\":\"https:\\\/\\\/jaguarreefbelize.com\\\/es\\\/the-lodge-at-jaguar-reef\\\/\"},{\"@type\":\"ListItem\",\"position\":2,\"name\":\"Luces fuera\"}]},{\"@type\":\"WebSite\",\"@id\":\"https:\\\/\\\/jaguarreefbelize.com\\\/es\\\/#website\",\"url\":\"https:\\\/\\\/jaguarreefbelize.com\\\/es\\\/\",\"name\":\"The Lodge At Jaguar Reef\",\"description\":\"A beach chic getaway in Hopkins, Belize\",\"publisher\":{\"@id\":\"https:\\\/\\\/jaguarreefbelize.com\\\/es\\\/#organization\"},\"potentialAction\":[{\"@type\":\"SearchAction\",\"target\":{\"@type\":\"EntryPoint\",\"urlTemplate\":\"https:\\\/\\\/jaguarreefbelize.com\\\/es\\\/?s={search_term_string}\"},\"query-input\":{\"@type\":\"PropertyValueSpecification\",\"valueRequired\":true,\"valueName\":\"search_term_string\"}}],\"inLanguage\":\"es\"},{\"@type\":\"Organization\",\"@id\":\"https:\\\/\\\/jaguarreefbelize.com\\\/es\\\/#organization\",\"name\":\"The Lodge At Jaguar Reef\",\"url\":\"https:\\\/\\\/jaguarreefbelize.com\\\/es\\\/\",\"logo\":{\"@type\":\"ImageObject\",\"inLanguage\":\"es\",\"@id\":\"https:\\\/\\\/jaguarreefbelize.com\\\/es\\\/#\\\/schema\\\/logo\\\/image\\\/\",\"url\":\"https:\\\/\\\/jaguarreefbelize.com\\\/wp-content\\\/uploads\\\/2025\\\/12\\\/JRL-long-logo.png\",\"contentUrl\":\"https:\\\/\\\/jaguarreefbelize.com\\\/wp-content\\\/uploads\\\/2025\\\/12\\\/JRL-long-logo.png\",\"width\":1000,\"height\":182,\"caption\":\"The Lodge At Jaguar Reef\"},\"image\":{\"@id\":\"https:\\\/\\\/jaguarreefbelize.com\\\/es\\\/#\\\/schema\\\/logo\\\/image\\\/\"}}]}<\/script>\n<!-- \/ Yoast SEO plugin. -->","yoast_head_json":{"title":"Luces fuera - The Lodge At Jaguar Reef","robots":{"index":"index","follow":"follow","max-snippet":"max-snippet:-1","max-image-preview":"max-image-preview:large","max-video-preview":"max-video-preview:-1"},"canonical":"https:\/\/jaguarreefbelize.com\/es\/luces-fuera\/","og_locale":"es_ES","og_type":"article","og_title":"Luces fuera - The Lodge At Jaguar Reef","og_description":"Luces fuera \u00danase a nosotros en Paddle House para una noche de elegancia junto al mar, encanto a la luz de las velas y reflexi\u00f3n bajo la luna. Este evento&hellip;","og_url":"https:\/\/jaguarreefbelize.com\/es\/luces-fuera\/","og_site_name":"The Lodge At Jaguar Reef","article_modified_time":"2026-05-05T14:07:42+00:00","og_image":[{"url":"https:\/\/jaguarreefbelize.com\/wp-content\/uploads\/2026\/02\/The-Belize-Collection-Almond-Beach-Resort-Featured-Image-02.jpg","type":"","width":"","height":""}],"twitter_card":"summary_large_image","twitter_misc":{"Tiempo de lectura":"1 minuto"},"schema":{"@context":"https:\/\/schema.org","@graph":[{"@type":"WebPage","@id":"https:\/\/jaguarreefbelize.com\/es\/luces-fuera\/","url":"https:\/\/jaguarreefbelize.com\/es\/luces-fuera\/","name":"Luces fuera - The Lodge At Jaguar Reef","isPartOf":{"@id":"https:\/\/jaguarreefbelize.com\/es\/#website"},"primaryImageOfPage":{"@id":"https:\/\/jaguarreefbelize.com\/es\/luces-fuera\/#primaryimage"},"image":{"@id":"https:\/\/jaguarreefbelize.com\/es\/luces-fuera\/#primaryimage"},"thumbnailUrl":"https:\/\/jaguarreefbelize.com\/wp-content\/uploads\/2026\/02\/The-Belize-Collection-Almond-Beach-Resort-Featured-Image-02.jpg","datePublished":"2026-02-27T15:03:37+00:00","dateModified":"2026-05-05T14:07:42+00:00","breadcrumb":{"@id":"https:\/\/jaguarreefbelize.com\/es\/luces-fuera\/#breadcrumb"},"inLanguage":"es","potentialAction":[{"@type":"ReadAction","target":["https:\/\/jaguarreefbelize.com\/es\/luces-fuera\/"]}]},{"@type":"ImageObject","inLanguage":"es","@id":"https:\/\/jaguarreefbelize.com\/es\/luces-fuera\/#primaryimage","url":"https:\/\/jaguarreefbelize.com\/wp-content\/uploads\/2026\/02\/The-Belize-Collection-Almond-Beach-Resort-Featured-Image-02.jpg","contentUrl":"https:\/\/jaguarreefbelize.com\/wp-content\/uploads\/2026\/02\/The-Belize-Collection-Almond-Beach-Resort-Featured-Image-02.jpg"},{"@type":"BreadcrumbList","@id":"https:\/\/jaguarreefbelize.com\/es\/luces-fuera\/#breadcrumb","itemListElement":[{"@type":"ListItem","position":1,"name":"Home","item":"https:\/\/jaguarreefbelize.com\/es\/the-lodge-at-jaguar-reef\/"},{"@type":"ListItem","position":2,"name":"Luces fuera"}]},{"@type":"WebSite","@id":"https:\/\/jaguarreefbelize.com\/es\/#website","url":"https:\/\/jaguarreefbelize.com\/es\/","name":"The Lodge At Jaguar Reef","description":"A beach chic getaway in Hopkins, Belize","publisher":{"@id":"https:\/\/jaguarreefbelize.com\/es\/#organization"},"potentialAction":[{"@type":"SearchAction","target":{"@type":"EntryPoint","urlTemplate":"https:\/\/jaguarreefbelize.com\/es\/?s={search_term_string}"},"query-input":{"@type":"PropertyValueSpecification","valueRequired":true,"valueName":"search_term_string"}}],"inLanguage":"es"},{"@type":"Organization","@id":"https:\/\/jaguarreefbelize.com\/es\/#organization","name":"The Lodge At Jaguar Reef","url":"https:\/\/jaguarreefbelize.com\/es\/","logo":{"@type":"ImageObject","inLanguage":"es","@id":"https:\/\/jaguarreefbelize.com\/es\/#\/schema\/logo\/image\/","url":"https:\/\/jaguarreefbelize.com\/wp-content\/uploads\/2025\/12\/JRL-long-logo.png","contentUrl":"https:\/\/jaguarreefbelize.com\/wp-content\/uploads\/2025\/12\/JRL-long-logo.png","width":1000,"height":182,"caption":"The Lodge At Jaguar Reef"},"image":{"@id":"https:\/\/jaguarreefbelize.com\/es\/#\/schema\/logo\/image\/"}}]}},"jetpack_sharing_enabled":true,"_links":{"self":[{"href":"https:\/\/jaguarreefbelize.com\/es\/wp-json\/wp\/v2\/pages\/45267","targetHints":{"allow":["GET"]}}],"collection":[{"href":"https:\/\/jaguarreefbelize.com\/es\/wp-json\/wp\/v2\/pages"}],"about":[{"href":"https:\/\/jaguarreefbelize.com\/es\/wp-json\/wp\/v2\/types\/page"}],"author":[{"embeddable":true,"href":"https:\/\/jaguarreefbelize.com\/es\/wp-json\/wp\/v2\/users\/2"}],"replies":[{"embeddable":true,"href":"https:\/\/jaguarreefbelize.com\/es\/wp-json\/wp\/v2\/comments?post=45267"}],"version-history":[{"count":1,"href":"https:\/\/jaguarreefbelize.com\/es\/wp-json\/wp\/v2\/pages\/45267\/revisions"}],"predecessor-version":[{"id":45271,"href":"https:\/\/jaguarreefbelize.com\/es\/wp-json\/wp\/v2\/pages\/45267\/revisions\/45271"}],"wp:attachment":[{"href":"https:\/\/jaguarreefbelize.com\/es\/wp-json\/wp\/v2\/media?parent=45267"}],"curies":[{"name":"wp","href":"https:\/\/api.w.org\/{rel}","templated":true}]}}