{"id":45262,"date":"2026-02-20T16:31:25","date_gmt":"2026-02-20T22:31:25","guid":{"rendered":"https:\/\/jaguarreefbelize.com\/casas-vacacionales\/casa-de-vacaciones-muna-numa\/"},"modified":"2026-05-05T08:07:32","modified_gmt":"2026-05-05T14:07:32","slug":"casa-de-vacaciones-muna-numa","status":"publish","type":"page","link":"https:\/\/jaguarreefbelize.com\/es\/casas-vacacionales\/casa-de-vacaciones-muna-numa\/","title":{"rendered":"Casa de Vacaciones Muna Numa"},"content":{"rendered":"\t\t<div data-elementor-type=\"wp-page\" data-elementor-id=\"45262\" class=\"elementor elementor-45262 elementor-44099\" data-elementor-post-type=\"page\">\n\t\t\t\t<div class=\"elementor-element elementor-element-2bc64ad4 e-con-full e-flex sc_layouts_column_icons_position_left e-con e-parent\" data-id=\"2bc64ad4\" data-element_type=\"container\" data-e-type=\"container\">\n\t\t<div class=\"elementor-element elementor-element-401be098 e-con-full e-flex sc_layouts_column_icons_position_left e-con e-child\" data-id=\"401be098\" data-element_type=\"container\" data-e-type=\"container\">\n\t\t\t\t<div class=\"elementor-element elementor-element-466fcb17 elementor-arrows-position-inside sc_fly_static elementor-widget elementor-widget-image-carousel\" data-id=\"466fcb17\" data-element_type=\"widget\" data-e-type=\"widget\" data-settings=\"{&quot;slides_to_show&quot;:&quot;1&quot;,&quot;navigation&quot;:&quot;arrows&quot;,&quot;effect&quot;:&quot;fade&quot;,&quot;autoplay&quot;:&quot;yes&quot;,&quot;pause_on_hover&quot;:&quot;yes&quot;,&quot;pause_on_interaction&quot;:&quot;yes&quot;,&quot;autoplay_speed&quot;:5000,&quot;infinite&quot;:&quot;yes&quot;,&quot;speed&quot;:500}\" data-widget_type=\"image-carousel.default\">\n\t\t\t\t<div class=\"elementor-widget-container\">\n\t\t\t\t\t\t\t<div class=\"elementor-image-carousel-wrapper swiper\" role=\"region\" aria-roledescription=\"carousel\" aria-label=\"Image Carousel\" dir=\"ltr\">\n\t\t\t<div class=\"elementor-image-carousel swiper-wrapper\" aria-live=\"off\">\n\t\t\t\t\t\t\t\t<div class=\"swiper-slide\" role=\"group\" aria-roledescription=\"slide\" aria-label=\"1 de 3\"><figure class=\"swiper-slide-inner\"><img decoding=\"async\" class=\"swiper-slide-image\" src=\"https:\/\/jaguarreefbelize.com\/wp-content\/uploads\/2026\/02\/MUNA-NUMA-VACATION-HOME-01.jpg\" alt=\"MUNA-NUMA-VACATION-HOME-01\" \/><\/figure><\/div><div class=\"swiper-slide\" role=\"group\" aria-roledescription=\"slide\" aria-label=\"2 de 3\"><figure class=\"swiper-slide-inner\"><img decoding=\"async\" class=\"swiper-slide-image\" src=\"https:\/\/jaguarreefbelize.com\/wp-content\/uploads\/2026\/02\/MUNA-NUMA-VACATION-HOME-02.jpg\" alt=\"MUNA-NUMA-VACATION-HOME-02\" \/><\/figure><\/div><div class=\"swiper-slide\" role=\"group\" aria-roledescription=\"slide\" aria-label=\"3 de 3\"><figure class=\"swiper-slide-inner\"><img decoding=\"async\" class=\"swiper-slide-image\" src=\"https:\/\/jaguarreefbelize.com\/wp-content\/uploads\/2026\/02\/MUNA-NUMA-VACATION-HOME-03.jpg\" alt=\"MUNA-NUMA-VACATION-HOME-03\" \/><\/figure><\/div>\t\t\t<\/div>\n\t\t\t\t\t\t\t\t\t\t\t\t<div class=\"elementor-swiper-button elementor-swiper-button-prev\" role=\"button\" tabindex=\"0\">\n\t\t\t\t\t\t<svg aria-hidden=\"true\" class=\"e-font-icon-svg e-fas-chevron-circle-left\" viewBox=\"0 0 512 512\" xmlns=\"http:\/\/www.w3.org\/2000\/svg\"><path d=\"M256 504C119 504 8 393 8 256S119 8 256 8s248 111 248 248-111 248-248 248zM142.1 273l135.5 135.5c9.4 9.4 24.6 9.4 33.9 0l17-17c9.4-9.4 9.4-24.6 0-33.9L226.9 256l101.6-101.6c9.4-9.4 9.4-24.6 0-33.9l-17-17c-9.4-9.4-24.6-9.4-33.9 0L142.1 239c-9.4 9.4-9.4 24.6 0 34z\"><\/path><\/svg>\t\t\t\t\t<\/div>\n\t\t\t\t\t<div class=\"elementor-swiper-button elementor-swiper-button-next\" role=\"button\" tabindex=\"0\">\n\t\t\t\t\t\t<svg aria-hidden=\"true\" class=\"e-font-icon-svg e-fas-chevron-circle-right\" viewBox=\"0 0 512 512\" xmlns=\"http:\/\/www.w3.org\/2000\/svg\"><path d=\"M256 8c137 0 248 111 248 248S393 504 256 504 8 393 8 256 119 8 256 8zm113.9 231L234.4 103.5c-9.4-9.4-24.6-9.4-33.9 0l-17 17c-9.4 9.4-9.4 24.6 0 33.9L285.1 256 183.5 357.6c-9.4 9.4-9.4 24.6 0 33.9l17 17c9.4 9.4 24.6 9.4 33.9 0L369.9 273c9.4-9.4 9.4-24.6 0-34z\"><\/path><\/svg>\t\t\t\t\t<\/div>\n\t\t\t\t\n\t\t\t\t\t\t\t\t\t<\/div>\n\t\t\t\t\t\t<\/div>\n\t\t\t\t<\/div>\n\t\t\t\t<\/div>\n\t\t<div class=\"elementor-element elementor-element-35c4e98 e-con-full e-flex sc_layouts_column_icons_position_left e-con e-child\" data-id=\"35c4e98\" data-element_type=\"container\" data-e-type=\"container\">\n\t\t\t\t<div class=\"elementor-element elementor-element-6f726355 sc_fly_static elementor-widget elementor-widget-heading\" data-id=\"6f726355\" data-element_type=\"widget\" data-e-type=\"widget\" data-widget_type=\"heading.default\">\n\t\t\t\t<div class=\"elementor-widget-container\">\n\t\t\t\t\t<h2 class=\"elementor-heading-title elementor-size-default\">Muna Numa<\/h2>\t\t\t\t<\/div>\n\t\t\t\t<\/div>\n\t\t\t\t<div class=\"elementor-element elementor-element-2ca88ef sc_fly_static elementor-widget elementor-widget-heading\" data-id=\"2ca88ef\" data-element_type=\"widget\" data-e-type=\"widget\" data-widget_type=\"heading.default\">\n\t\t\t\t<div class=\"elementor-widget-container\">\n\t\t\t\t\t<h2 class=\"elementor-heading-title elementor-size-default\">CASA DE VACACIONES<\/h2>\t\t\t\t<\/div>\n\t\t\t\t<\/div>\n\t\t\t\t<div class=\"elementor-element elementor-element-7948f291 sc_fly_static elementor-widget elementor-widget-text-editor\" data-id=\"7948f291\" data-element_type=\"widget\" data-e-type=\"widget\" data-widget_type=\"text-editor.default\">\n\t\t\t\t<div class=\"elementor-widget-container\">\n\t\t\t\t\t\t\t\t\t<p><em>Capacidad para 4 personas<\/em><br><em>2 camas King<\/em><br><em>2 ba\u00f1os completos<\/em><br><em>Vista al jard\u00edn<\/em><br><em>Caracter\u00edstica \u00fanica:<br>Privacidad personal &#8211; ubicada en<br>zona residencial, no situada<br>directamente en la playa<\/em><\/p>\t\t\t\t\t\t\t\t<\/div>\n\t\t\t\t<\/div>\n\t\t\t\t<div class=\"elementor-element elementor-element-2f3da222 sc_fly_static elementor-widget elementor-widget-text-editor\" data-id=\"2f3da222\" data-element_type=\"widget\" data-e-type=\"widget\" data-widget_type=\"text-editor.default\">\n\t\t\t\t<div class=\"elementor-widget-container\">\n\t\t\t\t\t\t\t\t\t<p>Ubicada en la zona residencial de Savannah Homes by Jaguar Reef, Muna Numa es una acogedora casa de dos dormitorios decorada con arte inspirado en la cultura local. Tenga en cuenta que, aunque est\u00e1 convenientemente situada frente a The Lodge at Jaguar Reef, no se encuentra directamente en la playa. Esta casa de vacaciones incluye un carrito de golf para acceder f\u00e1cilmente a todas las instalaciones del complejo y al pueblo de Hopkins.  <\/p><p>Esta casa de vacaciones incluye dos dormitorios y dos ba\u00f1os completos, una cocina totalmente equipada y zona de estar. Dise\u00f1ada para alojar c\u00f3modamente a cuatro personas, la cama King del dormitorio secundario puede separarse en dos camas individuales para ofrecer opciones \u00f3ptimas de descanso. La casa tambi\u00e9n cuenta con un porche delantero privado y un patio trasero para reuniones matutinas y vespertinas. Con un jard\u00edn completamente vallado, ni\u00f1os y adultos pueden disfrutar plenamente de actividades al aire libre.   <\/p><p>Muna Numa se encuentra a un corto paseo de la playa y de The Lodge at Jaguar Reef, donde los hu\u00e9spedes pueden aprovechar todas las instalaciones del complejo y el restaurante.<\/p><p><em>Nota: Existe un requisito de estancia m\u00ednima de dos (2) noches durante la temporada regular y tres (3) noches durante las fechas de temporada alta para esta casa de vacaciones.<br><strong>Este alquiler no est\u00e1 ubicado en la playa.<\/strong><\/em><\/p>\t\t\t\t\t\t\t\t<\/div>\n\t\t\t\t<\/div>\n\t\t<div class=\"elementor-element elementor-element-385a97f6 e-grid e-con-full sc_layouts_column_icons_position_left e-con e-child\" data-id=\"385a97f6\" data-element_type=\"container\" data-e-type=\"container\">\n\t\t\t\t<div class=\"elementor-element elementor-element-a051608 sc_fly_static elementor-widget elementor-widget-text-editor\" data-id=\"a051608\" data-element_type=\"widget\" data-e-type=\"widget\" data-widget_type=\"text-editor.default\">\n\t\t\t\t<div class=\"elementor-widget-container\">\n\t\t\t\t\t\t\t\t\t<ul><li>Cocina totalmente equipada<\/li><li>Dispensador de agua purificada<\/li><li>Aire acondicionado<\/li><li>Cafetera<\/li><li>Wifi<\/li><li>Porche privado<\/li><li>Televisores<\/li><\/ul>\t\t\t\t\t\t\t\t<\/div>\n\t\t\t\t<\/div>\n\t\t\t\t<div class=\"elementor-element elementor-element-6e7bf9f2 sc_fly_static elementor-widget elementor-widget-text-editor\" data-id=\"6e7bf9f2\" data-element_type=\"widget\" data-e-type=\"widget\" data-widget_type=\"text-editor.default\">\n\t\t\t\t<div class=\"elementor-widget-container\">\n\t\t\t\t\t\t\t\t\t<ul><li>Ba\u00f1era de inmersi\u00f3n en dormitorio principal<\/li><li>Patio interior privado<\/li><li>Patio privado<\/li><li>Juegos de mesa<\/li><li>Jard\u00edn vallado<\/li><li>Carrito de golf<\/li><\/ul>\t\t\t\t\t\t\t\t<\/div>\n\t\t\t\t<\/div>\n\t\t\t\t<\/div>\n\t\t<div class=\"elementor-element elementor-element-73cfbb76 e-grid e-con-full sc_layouts_column_icons_position_left e-con e-child\" data-id=\"73cfbb76\" data-element_type=\"container\" data-e-type=\"container\">\n\t\t\t\t<div class=\"elementor-element elementor-element-17d5ab7e elementor-align-center sc_fly_static elementor-widget elementor-widget-button\" data-id=\"17d5ab7e\" data-element_type=\"widget\" data-e-type=\"widget\" data-widget_type=\"button.default\">\n\t\t\t\t<div class=\"elementor-widget-container\">\n\t\t\t\t\t\t\t\t\t<div class=\"elementor-button-wrapper\">\n\t\t\t\t\t<a class=\"elementor-button elementor-button-link elementor-size-sm\" href=\"https:\/\/reservations.jaguarreefbelize.com\/114373?RoomTypeID=543830#\/guestsandrooms\">\n\t\t\t\t\t\t<span class=\"elementor-button-content-wrapper\">\n\t\t\t\t\t\t\t\t\t<span class=\"elementor-button-text\">CONSULTAR DISPONIBILIDAD<\/span>\n\t\t\t\t\t<\/span>\n\t\t\t\t\t<\/a>\n\t\t\t\t<\/div>\n\t\t\t\t\t\t\t\t<\/div>\n\t\t\t\t<\/div>\n\t\t\t\t<div class=\"elementor-element elementor-element-5241e871 elementor-align-center sc_fly_static elementor-widget elementor-widget-button\" data-id=\"5241e871\" data-element_type=\"widget\" data-e-type=\"widget\" data-widget_type=\"button.default\">\n\t\t\t\t<div class=\"elementor-widget-container\">\n\t\t\t\t\t\t\t\t\t<div class=\"elementor-button-wrapper\">\n\t\t\t\t\t<a class=\"elementor-button elementor-button-link elementor-size-sm\" href=\"https:\/\/www.jaguarreefbelize.com\/#all-rooms\">\n\t\t\t\t\t\t<span class=\"elementor-button-content-wrapper\">\n\t\t\t\t\t\t\t\t\t<span class=\"elementor-button-text\">VER TODAS LAS HABITACIONES<\/span>\n\t\t\t\t\t<\/span>\n\t\t\t\t\t<\/a>\n\t\t\t\t<\/div>\n\t\t\t\t\t\t\t\t<\/div>\n\t\t\t\t<\/div>\n\t\t\t\t<div class=\"elementor-element elementor-element-44a7c2d1 sc_fly_static elementor-widget elementor-widget-image\" data-id=\"44a7c2d1\" data-element_type=\"widget\" data-e-type=\"widget\" data-widget_type=\"image.default\">\n\t\t\t\t<div class=\"elementor-widget-container\">\n\t\t\t\t\t\t\t\t\t\t\t\t\t\t\t\t<a href=\"#elementor-action%3Aaction%3Dpopup%3Aopen%26settings%3DeyJpZCI6NDU5MTksInRvZ2dsZSI6ZmFsc2V9\">\n\t\t\t\t\t\t\t<img decoding=\"async\" src=\"https:\/\/jaguarreefbelize.com\/wp-content\/uploads\/elementor\/thumbs\/360-degree-icon-1-rmeqkgm3n2bwhycu785vtrjayqaxz5992lrntx2ogk.png\" title=\"360-degree-icon\" alt=\"360-degree-icon\" loading=\"lazy\" \/>\t\t\t\t\t\t\t\t<\/a>\n\t\t\t\t\t\t\t\t\t\t\t\t\t\t\t<\/div>\n\t\t\t\t<\/div>\n\t\t\t\t<\/div>\n\t\t\t\t<\/div>\n\t\t\t\t<\/div>\n\t\t\t\t<\/div>\n\t\t","protected":false},"excerpt":{"rendered":"<p>Muna Numa CASA DE VACACIONES Capacidad para 4 personas2 camas King2 ba\u00f1os completosVista al jard\u00ednCaracter\u00edstica \u00fanica:Privacidad personal &#8211; ubicada enzona residencial, no situadadirectamente en la playa Ubicada en la zona&hellip;<\/p>\n","protected":false},"author":1,"featured_media":0,"parent":45119,"menu_order":0,"comment_status":"closed","ping_status":"closed","template":"","meta":{"footnotes":""},"class_list":["post-45262","page","type-page","status-publish","hentry"],"yoast_head":"<!-- This site is optimized with the Yoast SEO plugin v27.5 - https:\/\/yoast.com\/product\/yoast-seo-wordpress\/ -->\n<title>Casa de Vacaciones Muna Numa - The Lodge At Jaguar Reef<\/title>\n<meta name=\"robots\" content=\"index, follow, max-snippet:-1, max-image-preview:large, max-video-preview:-1\" \/>\n<link rel=\"canonical\" href=\"https:\/\/jaguarreefbelize.com\/es\/casas-vacacionales\/casa-de-vacaciones-muna-numa\/\" \/>\n<meta property=\"og:locale\" content=\"es_ES\" \/>\n<meta property=\"og:type\" content=\"article\" \/>\n<meta property=\"og:title\" content=\"Casa de Vacaciones Muna Numa - The Lodge At Jaguar Reef\" \/>\n<meta property=\"og:description\" content=\"Muna Numa CASA DE VACACIONES Capacidad para 4 personas2 camas King2 ba\u00f1os completosVista al jard\u00ednCaracter\u00edstica \u00fanica:Privacidad personal &#8211; ubicada enzona residencial, no situadadirectamente en la playa Ubicada en la zona&hellip;\" \/>\n<meta property=\"og:url\" content=\"https:\/\/jaguarreefbelize.com\/es\/casas-vacacionales\/casa-de-vacaciones-muna-numa\/\" \/>\n<meta property=\"og:site_name\" content=\"The Lodge At Jaguar Reef\" \/>\n<meta property=\"article:modified_time\" content=\"2026-05-05T14:07:32+00:00\" \/>\n<meta property=\"og:image\" content=\"https:\/\/jaguarreefbelize.com\/wp-content\/uploads\/2026\/02\/MUNA-NUMA-VACATION-HOME-01.jpg\" \/>\n<meta name=\"twitter:card\" content=\"summary_large_image\" \/>\n<meta name=\"twitter:label1\" content=\"Tiempo de lectura\" \/>\n\t<meta name=\"twitter:data1\" content=\"1 minuto\" \/>\n<script type=\"application\/ld+json\" class=\"yoast-schema-graph\">{\"@context\":\"https:\\\/\\\/schema.org\",\"@graph\":[{\"@type\":\"WebPage\",\"@id\":\"https:\\\/\\\/jaguarreefbelize.com\\\/es\\\/casas-vacacionales\\\/casa-de-vacaciones-muna-numa\\\/\",\"url\":\"https:\\\/\\\/jaguarreefbelize.com\\\/es\\\/casas-vacacionales\\\/casa-de-vacaciones-muna-numa\\\/\",\"name\":\"Casa de Vacaciones Muna Numa - The Lodge At Jaguar Reef\",\"isPartOf\":{\"@id\":\"https:\\\/\\\/jaguarreefbelize.com\\\/es\\\/#website\"},\"primaryImageOfPage\":{\"@id\":\"https:\\\/\\\/jaguarreefbelize.com\\\/es\\\/casas-vacacionales\\\/casa-de-vacaciones-muna-numa\\\/#primaryimage\"},\"image\":{\"@id\":\"https:\\\/\\\/jaguarreefbelize.com\\\/es\\\/casas-vacacionales\\\/casa-de-vacaciones-muna-numa\\\/#primaryimage\"},\"thumbnailUrl\":\"https:\\\/\\\/jaguarreefbelize.com\\\/wp-content\\\/uploads\\\/2026\\\/02\\\/MUNA-NUMA-VACATION-HOME-01.jpg\",\"datePublished\":\"2026-02-20T22:31:25+00:00\",\"dateModified\":\"2026-05-05T14:07:32+00:00\",\"breadcrumb\":{\"@id\":\"https:\\\/\\\/jaguarreefbelize.com\\\/es\\\/casas-vacacionales\\\/casa-de-vacaciones-muna-numa\\\/#breadcrumb\"},\"inLanguage\":\"es\",\"potentialAction\":[{\"@type\":\"ReadAction\",\"target\":[\"https:\\\/\\\/jaguarreefbelize.com\\\/es\\\/casas-vacacionales\\\/casa-de-vacaciones-muna-numa\\\/\"]}]},{\"@type\":\"ImageObject\",\"inLanguage\":\"es\",\"@id\":\"https:\\\/\\\/jaguarreefbelize.com\\\/es\\\/casas-vacacionales\\\/casa-de-vacaciones-muna-numa\\\/#primaryimage\",\"url\":\"https:\\\/\\\/jaguarreefbelize.com\\\/wp-content\\\/uploads\\\/2026\\\/02\\\/MUNA-NUMA-VACATION-HOME-01.jpg\",\"contentUrl\":\"https:\\\/\\\/jaguarreefbelize.com\\\/wp-content\\\/uploads\\\/2026\\\/02\\\/MUNA-NUMA-VACATION-HOME-01.jpg\"},{\"@type\":\"BreadcrumbList\",\"@id\":\"https:\\\/\\\/jaguarreefbelize.com\\\/es\\\/casas-vacacionales\\\/casa-de-vacaciones-muna-numa\\\/#breadcrumb\",\"itemListElement\":[{\"@type\":\"ListItem\",\"position\":1,\"name\":\"Home\",\"item\":\"https:\\\/\\\/jaguarreefbelize.com\\\/es\\\/the-lodge-at-jaguar-reef\\\/\"},{\"@type\":\"ListItem\",\"position\":2,\"name\":\"Casas vacacionales\",\"item\":\"https:\\\/\\\/jaguarreefbelize.com\\\/es\\\/casas-vacacionales\\\/\"},{\"@type\":\"ListItem\",\"position\":3,\"name\":\"Casa de Vacaciones Muna Numa\"}]},{\"@type\":\"WebSite\",\"@id\":\"https:\\\/\\\/jaguarreefbelize.com\\\/es\\\/#website\",\"url\":\"https:\\\/\\\/jaguarreefbelize.com\\\/es\\\/\",\"name\":\"The Lodge At Jaguar Reef\",\"description\":\"A beach chic getaway in Hopkins, Belize\",\"publisher\":{\"@id\":\"https:\\\/\\\/jaguarreefbelize.com\\\/es\\\/#organization\"},\"potentialAction\":[{\"@type\":\"SearchAction\",\"target\":{\"@type\":\"EntryPoint\",\"urlTemplate\":\"https:\\\/\\\/jaguarreefbelize.com\\\/es\\\/?s={search_term_string}\"},\"query-input\":{\"@type\":\"PropertyValueSpecification\",\"valueRequired\":true,\"valueName\":\"search_term_string\"}}],\"inLanguage\":\"es\"},{\"@type\":\"Organization\",\"@id\":\"https:\\\/\\\/jaguarreefbelize.com\\\/es\\\/#organization\",\"name\":\"The Lodge At Jaguar Reef\",\"url\":\"https:\\\/\\\/jaguarreefbelize.com\\\/es\\\/\",\"logo\":{\"@type\":\"ImageObject\",\"inLanguage\":\"es\",\"@id\":\"https:\\\/\\\/jaguarreefbelize.com\\\/es\\\/#\\\/schema\\\/logo\\\/image\\\/\",\"url\":\"https:\\\/\\\/jaguarreefbelize.com\\\/wp-content\\\/uploads\\\/2025\\\/12\\\/JRL-long-logo.png\",\"contentUrl\":\"https:\\\/\\\/jaguarreefbelize.com\\\/wp-content\\\/uploads\\\/2025\\\/12\\\/JRL-long-logo.png\",\"width\":1000,\"height\":182,\"caption\":\"The Lodge At Jaguar Reef\"},\"image\":{\"@id\":\"https:\\\/\\\/jaguarreefbelize.com\\\/es\\\/#\\\/schema\\\/logo\\\/image\\\/\"}}]}<\/script>\n<!-- \/ Yoast SEO plugin. -->","yoast_head_json":{"title":"Casa de Vacaciones Muna Numa - The Lodge At Jaguar Reef","robots":{"index":"index","follow":"follow","max-snippet":"max-snippet:-1","max-image-preview":"max-image-preview:large","max-video-preview":"max-video-preview:-1"},"canonical":"https:\/\/jaguarreefbelize.com\/es\/casas-vacacionales\/casa-de-vacaciones-muna-numa\/","og_locale":"es_ES","og_type":"article","og_title":"Casa de Vacaciones Muna Numa - The Lodge At Jaguar Reef","og_description":"Muna Numa CASA DE VACACIONES Capacidad para 4 personas2 camas King2 ba\u00f1os completosVista al jard\u00ednCaracter\u00edstica \u00fanica:Privacidad personal &#8211; ubicada enzona residencial, no situadadirectamente en la playa Ubicada en la zona&hellip;","og_url":"https:\/\/jaguarreefbelize.com\/es\/casas-vacacionales\/casa-de-vacaciones-muna-numa\/","og_site_name":"The Lodge At Jaguar Reef","article_modified_time":"2026-05-05T14:07:32+00:00","og_image":[{"url":"https:\/\/jaguarreefbelize.com\/wp-content\/uploads\/2026\/02\/MUNA-NUMA-VACATION-HOME-01.jpg","type":"","width":"","height":""}],"twitter_card":"summary_large_image","twitter_misc":{"Tiempo de lectura":"1 minuto"},"schema":{"@context":"https:\/\/schema.org","@graph":[{"@type":"WebPage","@id":"https:\/\/jaguarreefbelize.com\/es\/casas-vacacionales\/casa-de-vacaciones-muna-numa\/","url":"https:\/\/jaguarreefbelize.com\/es\/casas-vacacionales\/casa-de-vacaciones-muna-numa\/","name":"Casa de Vacaciones Muna Numa - The Lodge At Jaguar Reef","isPartOf":{"@id":"https:\/\/jaguarreefbelize.com\/es\/#website"},"primaryImageOfPage":{"@id":"https:\/\/jaguarreefbelize.com\/es\/casas-vacacionales\/casa-de-vacaciones-muna-numa\/#primaryimage"},"image":{"@id":"https:\/\/jaguarreefbelize.com\/es\/casas-vacacionales\/casa-de-vacaciones-muna-numa\/#primaryimage"},"thumbnailUrl":"https:\/\/jaguarreefbelize.com\/wp-content\/uploads\/2026\/02\/MUNA-NUMA-VACATION-HOME-01.jpg","datePublished":"2026-02-20T22:31:25+00:00","dateModified":"2026-05-05T14:07:32+00:00","breadcrumb":{"@id":"https:\/\/jaguarreefbelize.com\/es\/casas-vacacionales\/casa-de-vacaciones-muna-numa\/#breadcrumb"},"inLanguage":"es","potentialAction":[{"@type":"ReadAction","target":["https:\/\/jaguarreefbelize.com\/es\/casas-vacacionales\/casa-de-vacaciones-muna-numa\/"]}]},{"@type":"ImageObject","inLanguage":"es","@id":"https:\/\/jaguarreefbelize.com\/es\/casas-vacacionales\/casa-de-vacaciones-muna-numa\/#primaryimage","url":"https:\/\/jaguarreefbelize.com\/wp-content\/uploads\/2026\/02\/MUNA-NUMA-VACATION-HOME-01.jpg","contentUrl":"https:\/\/jaguarreefbelize.com\/wp-content\/uploads\/2026\/02\/MUNA-NUMA-VACATION-HOME-01.jpg"},{"@type":"BreadcrumbList","@id":"https:\/\/jaguarreefbelize.com\/es\/casas-vacacionales\/casa-de-vacaciones-muna-numa\/#breadcrumb","itemListElement":[{"@type":"ListItem","position":1,"name":"Home","item":"https:\/\/jaguarreefbelize.com\/es\/the-lodge-at-jaguar-reef\/"},{"@type":"ListItem","position":2,"name":"Casas vacacionales","item":"https:\/\/jaguarreefbelize.com\/es\/casas-vacacionales\/"},{"@type":"ListItem","position":3,"name":"Casa de Vacaciones Muna Numa"}]},{"@type":"WebSite","@id":"https:\/\/jaguarreefbelize.com\/es\/#website","url":"https:\/\/jaguarreefbelize.com\/es\/","name":"The Lodge At Jaguar Reef","description":"A beach chic getaway in Hopkins, Belize","publisher":{"@id":"https:\/\/jaguarreefbelize.com\/es\/#organization"},"potentialAction":[{"@type":"SearchAction","target":{"@type":"EntryPoint","urlTemplate":"https:\/\/jaguarreefbelize.com\/es\/?s={search_term_string}"},"query-input":{"@type":"PropertyValueSpecification","valueRequired":true,"valueName":"search_term_string"}}],"inLanguage":"es"},{"@type":"Organization","@id":"https:\/\/jaguarreefbelize.com\/es\/#organization","name":"The Lodge At Jaguar Reef","url":"https:\/\/jaguarreefbelize.com\/es\/","logo":{"@type":"ImageObject","inLanguage":"es","@id":"https:\/\/jaguarreefbelize.com\/es\/#\/schema\/logo\/image\/","url":"https:\/\/jaguarreefbelize.com\/wp-content\/uploads\/2025\/12\/JRL-long-logo.png","contentUrl":"https:\/\/jaguarreefbelize.com\/wp-content\/uploads\/2025\/12\/JRL-long-logo.png","width":1000,"height":182,"caption":"The Lodge At Jaguar Reef"},"image":{"@id":"https:\/\/jaguarreefbelize.com\/es\/#\/schema\/logo\/image\/"}}]}},"jetpack_sharing_enabled":true,"_links":{"self":[{"href":"https:\/\/jaguarreefbelize.com\/es\/wp-json\/wp\/v2\/pages\/45262","targetHints":{"allow":["GET"]}}],"collection":[{"href":"https:\/\/jaguarreefbelize.com\/es\/wp-json\/wp\/v2\/pages"}],"about":[{"href":"https:\/\/jaguarreefbelize.com\/es\/wp-json\/wp\/v2\/types\/page"}],"author":[{"embeddable":true,"href":"https:\/\/jaguarreefbelize.com\/es\/wp-json\/wp\/v2\/users\/1"}],"replies":[{"embeddable":true,"href":"https:\/\/jaguarreefbelize.com\/es\/wp-json\/wp\/v2\/comments?post=45262"}],"version-history":[{"count":1,"href":"https:\/\/jaguarreefbelize.com\/es\/wp-json\/wp\/v2\/pages\/45262\/revisions"}],"predecessor-version":[{"id":45266,"href":"https:\/\/jaguarreefbelize.com\/es\/wp-json\/wp\/v2\/pages\/45262\/revisions\/45266"}],"up":[{"embeddable":true,"href":"https:\/\/jaguarreefbelize.com\/es\/wp-json\/wp\/v2\/pages\/45119"}],"wp:attachment":[{"href":"https:\/\/jaguarreefbelize.com\/es\/wp-json\/wp\/v2\/media?parent=45262"}],"curies":[{"name":"wp","href":"https:\/\/api.w.org\/{rel}","templated":true}]}}