{"id":45167,"date":"2026-02-20T16:56:16","date_gmt":"2026-02-20T22:56:16","guid":{"rendered":"https:\/\/jaguarreefbelize.com\/casas-vacacionales\/casa-de-vacaciones-casa-sirena\/"},"modified":"2026-05-05T08:06:33","modified_gmt":"2026-05-05T14:06:33","slug":"casa-de-vacaciones-casa-sirena","status":"publish","type":"page","link":"https:\/\/jaguarreefbelize.com\/es\/casas-vacacionales\/casa-de-vacaciones-casa-sirena\/","title":{"rendered":"Casa de vacaciones Casa Sirena"},"content":{"rendered":"\t\t<div data-elementor-type=\"wp-page\" data-elementor-id=\"45167\" class=\"elementor elementor-45167 elementor-44115\" data-elementor-post-type=\"page\">\n\t\t\t\t<div class=\"elementor-element elementor-element-7e6283f3 e-con-full e-flex sc_layouts_column_icons_position_left e-con e-parent\" data-id=\"7e6283f3\" data-element_type=\"container\" data-e-type=\"container\">\n\t\t<div class=\"elementor-element elementor-element-7361e928 e-con-full e-flex sc_layouts_column_icons_position_left e-con e-child\" data-id=\"7361e928\" data-element_type=\"container\" data-e-type=\"container\">\n\t\t\t\t<div class=\"elementor-element elementor-element-c6ea143 elementor-arrows-position-inside sc_fly_static elementor-widget elementor-widget-image-carousel\" data-id=\"c6ea143\" data-element_type=\"widget\" data-e-type=\"widget\" data-settings=\"{&quot;slides_to_show&quot;:&quot;1&quot;,&quot;navigation&quot;:&quot;arrows&quot;,&quot;effect&quot;:&quot;fade&quot;,&quot;autoplay&quot;:&quot;yes&quot;,&quot;pause_on_hover&quot;:&quot;yes&quot;,&quot;pause_on_interaction&quot;:&quot;yes&quot;,&quot;autoplay_speed&quot;:5000,&quot;infinite&quot;:&quot;yes&quot;,&quot;speed&quot;:500}\" data-widget_type=\"image-carousel.default\">\n\t\t\t\t<div class=\"elementor-widget-container\">\n\t\t\t\t\t\t\t<div class=\"elementor-image-carousel-wrapper swiper\" role=\"region\" aria-roledescription=\"carousel\" aria-label=\"Image Carousel\" dir=\"ltr\">\n\t\t\t<div class=\"elementor-image-carousel swiper-wrapper\" aria-live=\"off\">\n\t\t\t\t\t\t\t\t<div class=\"swiper-slide\" role=\"group\" aria-roledescription=\"slide\" aria-label=\"1 de 4\"><figure class=\"swiper-slide-inner\"><img decoding=\"async\" class=\"swiper-slide-image\" src=\"https:\/\/jaguarreefbelize.com\/wp-content\/uploads\/2026\/02\/CASA-SIRENA-VACATION-HOME-01.jpg\" alt=\"CASA-SIRENA-VACATION-HOME-01\" \/><\/figure><\/div><div class=\"swiper-slide\" role=\"group\" aria-roledescription=\"slide\" aria-label=\"2 de 4\"><figure class=\"swiper-slide-inner\"><img decoding=\"async\" class=\"swiper-slide-image\" src=\"https:\/\/jaguarreefbelize.com\/wp-content\/uploads\/2026\/02\/CASA-SIRENA-VACATION-HOME-02.jpg\" alt=\"CASA-SIRENA-VACATION-HOME-02\" \/><\/figure><\/div><div class=\"swiper-slide\" role=\"group\" aria-roledescription=\"slide\" aria-label=\"3 de 4\"><figure class=\"swiper-slide-inner\"><img decoding=\"async\" class=\"swiper-slide-image\" src=\"https:\/\/jaguarreefbelize.com\/wp-content\/uploads\/2026\/02\/CASA-SIRENA-VACATION-HOME-03.jpg\" alt=\"CASA-SIRENA-VACATION-HOME-03\" \/><\/figure><\/div><div class=\"swiper-slide\" role=\"group\" aria-roledescription=\"slide\" aria-label=\"4 de 4\"><figure class=\"swiper-slide-inner\"><img decoding=\"async\" class=\"swiper-slide-image\" src=\"https:\/\/jaguarreefbelize.com\/wp-content\/uploads\/2026\/02\/CASA-SIRENA-VACATION-HOME-04.jpg\" alt=\"CASA-SIRENA-VACATION-HOME-04\" \/><\/figure><\/div>\t\t\t<\/div>\n\t\t\t\t\t\t\t\t\t\t\t\t<div class=\"elementor-swiper-button elementor-swiper-button-prev\" role=\"button\" tabindex=\"0\">\n\t\t\t\t\t\t<svg aria-hidden=\"true\" class=\"e-font-icon-svg e-fas-chevron-circle-left\" viewBox=\"0 0 512 512\" xmlns=\"http:\/\/www.w3.org\/2000\/svg\"><path d=\"M256 504C119 504 8 393 8 256S119 8 256 8s248 111 248 248-111 248-248 248zM142.1 273l135.5 135.5c9.4 9.4 24.6 9.4 33.9 0l17-17c9.4-9.4 9.4-24.6 0-33.9L226.9 256l101.6-101.6c9.4-9.4 9.4-24.6 0-33.9l-17-17c-9.4-9.4-24.6-9.4-33.9 0L142.1 239c-9.4 9.4-9.4 24.6 0 34z\"><\/path><\/svg>\t\t\t\t\t<\/div>\n\t\t\t\t\t<div class=\"elementor-swiper-button elementor-swiper-button-next\" role=\"button\" tabindex=\"0\">\n\t\t\t\t\t\t<svg aria-hidden=\"true\" class=\"e-font-icon-svg e-fas-chevron-circle-right\" viewBox=\"0 0 512 512\" xmlns=\"http:\/\/www.w3.org\/2000\/svg\"><path d=\"M256 8c137 0 248 111 248 248S393 504 256 504 8 393 8 256 119 8 256 8zm113.9 231L234.4 103.5c-9.4-9.4-24.6-9.4-33.9 0l-17 17c-9.4 9.4-9.4 24.6 0 33.9L285.1 256 183.5 357.6c-9.4 9.4-9.4 24.6 0 33.9l17 17c9.4 9.4 24.6 9.4 33.9 0L369.9 273c9.4-9.4 9.4-24.6 0-34z\"><\/path><\/svg>\t\t\t\t\t<\/div>\n\t\t\t\t\n\t\t\t\t\t\t\t\t\t<\/div>\n\t\t\t\t\t\t<\/div>\n\t\t\t\t<\/div>\n\t\t\t\t<\/div>\n\t\t<div class=\"elementor-element elementor-element-805227d e-con-full e-flex sc_layouts_column_icons_position_left e-con e-child\" data-id=\"805227d\" data-element_type=\"container\" data-e-type=\"container\">\n\t\t\t\t<div class=\"elementor-element elementor-element-3d0024de sc_fly_static elementor-widget elementor-widget-heading\" data-id=\"3d0024de\" data-element_type=\"widget\" data-e-type=\"widget\" data-widget_type=\"heading.default\">\n\t\t\t\t<div class=\"elementor-widget-container\">\n\t\t\t\t\t<h2 class=\"elementor-heading-title elementor-size-default\">Casa Sirena<\/h2>\t\t\t\t<\/div>\n\t\t\t\t<\/div>\n\t\t\t\t<div class=\"elementor-element elementor-element-6df1f137 sc_fly_static elementor-widget elementor-widget-heading\" data-id=\"6df1f137\" data-element_type=\"widget\" data-e-type=\"widget\" data-widget_type=\"heading.default\">\n\t\t\t\t<div class=\"elementor-widget-container\">\n\t\t\t\t\t<h2 class=\"elementor-heading-title elementor-size-default\">CASA DE VACACIONES<\/h2>\t\t\t\t<\/div>\n\t\t\t\t<\/div>\n\t\t\t\t<div class=\"elementor-element elementor-element-70b0609f sc_fly_static elementor-widget elementor-widget-text-editor\" data-id=\"70b0609f\" data-element_type=\"widget\" data-e-type=\"widget\" data-widget_type=\"text-editor.default\">\n\t\t\t\t<div class=\"elementor-widget-container\">\n\t\t\t\t\t\t\t\t\t<p><em>Capacidad para 6 personas<\/em><br><em>1 cama king, 1 cama queen<\/em><br><em>2 ba\u00f1os completos<\/em><br><em>Vista al jard\u00edn<\/em><br><em>Caracter\u00edstica \u00fanica:<br>Privacidad: ubicada en una zona<br>residencial, no situada directamente en la playa<\/em><\/p>\t\t\t\t\t\t\t\t<\/div>\n\t\t\t\t<\/div>\n\t\t\t\t<div class=\"elementor-element elementor-element-53a5f0 sc_fly_static elementor-widget elementor-widget-text-editor\" data-id=\"53a5f0\" data-element_type=\"widget\" data-e-type=\"widget\" data-widget_type=\"text-editor.default\">\n\t\t\t\t<div class=\"elementor-widget-container\">\n\t\t\t\t\t\t\t\t\t<p>Escondida dentro de la tranquila comunidad residencial de Savannah Homes by Jaguar Reef, Casa Sirena es un encantador refugio de dos dormitorios. Situada justo al cruzar la calle desde The Lodge at Jaguar Reef, esta casa ofrece tanto la privacidad de una escapada residencial como la comodidad de los servicios del complejo a solo unos pasos. Tenga en cuenta que, aunque est\u00e1 convenientemente ubicada frente a The Lodge at Jaguar Reef, no se encuentra directamente en la playa.<\/p><p>Casa Sirena cuenta con dos amplios dormitorios y dos ba\u00f1os completos, dise\u00f1ados para alojar c\u00f3modamente hasta seis hu\u00e9spedes. La sala de estar incluye un sof\u00e1 que se convierte en cama doble, ideal para familias o amigos que viajan juntos. La cocina totalmente equipada y la zona de estar facilitan las comidas y el descanso, mientras que un porche delantero privado le invita a disfrutar de sus ma\u00f1anas con un caf\u00e9 o a relajarse por las noches.<\/p><p>Los hu\u00e9spedes de Casa Sirena disfrutan del uso de un carrito de golf, lo que facilita el acceso a la playa, al pueblo de Hopkins y a todas las instalaciones de The Lodge at Jaguar Reef, incluidas las piscinas del complejo y el restaurante.<\/p><p><em>Nota: Se requiere un alquiler m\u00ednimo de dos (2) noches durante la temporada regular y de tres (3) noches durante las fechas de temporada alta para esta casa de vacaciones.<br><strong>Este alojamiento no se encuentra en la playa.<\/strong><\/em><\/p>\t\t\t\t\t\t\t\t<\/div>\n\t\t\t\t<\/div>\n\t\t<div class=\"elementor-element elementor-element-7419d996 e-grid e-con-full sc_layouts_column_icons_position_left e-con e-child\" data-id=\"7419d996\" data-element_type=\"container\" data-e-type=\"container\">\n\t\t\t\t<div class=\"elementor-element elementor-element-5b48960c sc_fly_static elementor-widget elementor-widget-text-editor\" data-id=\"5b48960c\" data-element_type=\"widget\" data-e-type=\"widget\" data-widget_type=\"text-editor.default\">\n\t\t\t\t<div class=\"elementor-widget-container\">\n\t\t\t\t\t\t\t\t\t<ul><li>Cocina totalmente equipada<\/li><li>TV<\/li><li>Wifi<\/li><li>Porche privado<\/li><li>Cafetera<\/li><\/ul>\t\t\t\t\t\t\t\t<\/div>\n\t\t\t\t<\/div>\n\t\t\t\t<div class=\"elementor-element elementor-element-2542ab47 sc_fly_static elementor-widget elementor-widget-text-editor\" data-id=\"2542ab47\" data-element_type=\"widget\" data-e-type=\"widget\" data-widget_type=\"text-editor.default\">\n\t\t\t\t<div class=\"elementor-widget-container\">\n\t\t\t\t\t\t\t\t\t<ul><li>Dispensador de agua<\/li><li>Sof\u00e1 cama<\/li><li>Aire acondicionado<\/li><li>Carrito de golf<\/li><\/ul>\t\t\t\t\t\t\t\t<\/div>\n\t\t\t\t<\/div>\n\t\t\t\t<\/div>\n\t\t<div class=\"elementor-element elementor-element-6affcb57 e-grid e-con-full sc_layouts_column_icons_position_left e-con e-child\" data-id=\"6affcb57\" data-element_type=\"container\" data-e-type=\"container\">\n\t\t\t\t<div class=\"elementor-element elementor-element-776714c8 elementor-align-center sc_fly_static elementor-widget elementor-widget-button\" data-id=\"776714c8\" data-element_type=\"widget\" data-e-type=\"widget\" data-widget_type=\"button.default\">\n\t\t\t\t<div class=\"elementor-widget-container\">\n\t\t\t\t\t\t\t\t\t<div class=\"elementor-button-wrapper\">\n\t\t\t\t\t<a class=\"elementor-button elementor-button-link elementor-size-sm\" href=\"https:\/\/reservations.travelclick.com\/114373?RoomTypeID=555155\" target=\"_blank\">\n\t\t\t\t\t\t<span class=\"elementor-button-content-wrapper\">\n\t\t\t\t\t\t\t\t\t<span class=\"elementor-button-text\">CONSULTAR DISPONIBILIDAD<\/span>\n\t\t\t\t\t<\/span>\n\t\t\t\t\t<\/a>\n\t\t\t\t<\/div>\n\t\t\t\t\t\t\t\t<\/div>\n\t\t\t\t<\/div>\n\t\t\t\t<div class=\"elementor-element elementor-element-4f0e8770 elementor-align-center sc_fly_static elementor-widget elementor-widget-button\" data-id=\"4f0e8770\" data-element_type=\"widget\" data-e-type=\"widget\" data-widget_type=\"button.default\">\n\t\t\t\t<div class=\"elementor-widget-container\">\n\t\t\t\t\t\t\t\t\t<div class=\"elementor-button-wrapper\">\n\t\t\t\t\t<a class=\"elementor-button elementor-button-link elementor-size-sm\" href=\"https:\/\/www.jaguarreefbelize.com\/#all-rooms\">\n\t\t\t\t\t\t<span class=\"elementor-button-content-wrapper\">\n\t\t\t\t\t\t\t\t\t<span class=\"elementor-button-text\">VER TODAS LAS HABITACIONES<\/span>\n\t\t\t\t\t<\/span>\n\t\t\t\t\t<\/a>\n\t\t\t\t<\/div>\n\t\t\t\t\t\t\t\t<\/div>\n\t\t\t\t<\/div>\n\t\t\t\t<div class=\"elementor-element elementor-element-75b09995 sc_layouts_hide_on_wide sc_layouts_hide_on_desktop sc_layouts_hide_on_notebook sc_layouts_hide_on_tablet sc_layouts_hide_on_mobile sc_fly_static elementor-widget elementor-widget-image\" data-id=\"75b09995\" data-element_type=\"widget\" data-e-type=\"widget\" data-widget_type=\"image.default\">\n\t\t\t\t<div class=\"elementor-widget-container\">\n\t\t\t\t\t\t\t\t\t\t\t\t\t\t\t<img decoding=\"async\" src=\"https:\/\/jaguarreefbelize.com\/wp-content\/uploads\/elementor\/thumbs\/360-degree-icon-1-rmeqkgm3n2bwhycu785vtrjayqaxz5992lrntx2ogk.png\" title=\"360-degree-icon\" alt=\"360-degree-icon\" loading=\"lazy\" \/>\t\t\t\t\t\t\t\t\t\t\t\t\t\t\t<\/div>\n\t\t\t\t<\/div>\n\t\t\t\t<\/div>\n\t\t\t\t<\/div>\n\t\t\t\t<\/div>\n\t\t\t\t<\/div>\n\t\t","protected":false},"excerpt":{"rendered":"<p>Casa Sirena CASA DE VACACIONES Capacidad para 6 personas1 cama king, 1 cama queen2 ba\u00f1os completosVista al jard\u00ednCaracter\u00edstica \u00fanica:Privacidad: ubicada en una zonaresidencial, no situada directamente en la playa Escondida&hellip;<\/p>\n","protected":false},"author":1,"featured_media":0,"parent":45119,"menu_order":0,"comment_status":"closed","ping_status":"closed","template":"","meta":{"footnotes":""},"class_list":["post-45167","page","type-page","status-publish","hentry"],"yoast_head":"<!-- This site is optimized with the Yoast SEO plugin v27.5 - https:\/\/yoast.com\/product\/yoast-seo-wordpress\/ -->\n<title>Casa de vacaciones Casa Sirena - The Lodge At Jaguar Reef<\/title>\n<meta name=\"robots\" content=\"index, follow, max-snippet:-1, max-image-preview:large, max-video-preview:-1\" \/>\n<link rel=\"canonical\" href=\"https:\/\/jaguarreefbelize.com\/es\/casas-vacacionales\/casa-de-vacaciones-casa-sirena\/\" \/>\n<meta property=\"og:locale\" content=\"es_ES\" \/>\n<meta property=\"og:type\" content=\"article\" \/>\n<meta property=\"og:title\" content=\"Casa de vacaciones Casa Sirena - The Lodge At Jaguar Reef\" \/>\n<meta property=\"og:description\" content=\"Casa Sirena CASA DE VACACIONES Capacidad para 6 personas1 cama king, 1 cama queen2 ba\u00f1os completosVista al jard\u00ednCaracter\u00edstica \u00fanica:Privacidad: ubicada en una zonaresidencial, no situada directamente en la playa Escondida&hellip;\" \/>\n<meta property=\"og:url\" content=\"https:\/\/jaguarreefbelize.com\/es\/casas-vacacionales\/casa-de-vacaciones-casa-sirena\/\" \/>\n<meta property=\"og:site_name\" content=\"The Lodge At Jaguar Reef\" \/>\n<meta property=\"article:modified_time\" content=\"2026-05-05T14:06:33+00:00\" \/>\n<meta property=\"og:image\" content=\"https:\/\/jaguarreefbelize.com\/wp-content\/uploads\/2026\/02\/CASA-SIRENA-VACATION-HOME-01.jpg\" \/>\n<meta name=\"twitter:card\" content=\"summary_large_image\" \/>\n<meta name=\"twitter:label1\" content=\"Tiempo de lectura\" \/>\n\t<meta name=\"twitter:data1\" content=\"1 minuto\" \/>\n<script type=\"application\/ld+json\" class=\"yoast-schema-graph\">{\"@context\":\"https:\\\/\\\/schema.org\",\"@graph\":[{\"@type\":\"WebPage\",\"@id\":\"https:\\\/\\\/jaguarreefbelize.com\\\/es\\\/casas-vacacionales\\\/casa-de-vacaciones-casa-sirena\\\/\",\"url\":\"https:\\\/\\\/jaguarreefbelize.com\\\/es\\\/casas-vacacionales\\\/casa-de-vacaciones-casa-sirena\\\/\",\"name\":\"Casa de vacaciones Casa Sirena - The Lodge At Jaguar Reef\",\"isPartOf\":{\"@id\":\"https:\\\/\\\/jaguarreefbelize.com\\\/es\\\/#website\"},\"primaryImageOfPage\":{\"@id\":\"https:\\\/\\\/jaguarreefbelize.com\\\/es\\\/casas-vacacionales\\\/casa-de-vacaciones-casa-sirena\\\/#primaryimage\"},\"image\":{\"@id\":\"https:\\\/\\\/jaguarreefbelize.com\\\/es\\\/casas-vacacionales\\\/casa-de-vacaciones-casa-sirena\\\/#primaryimage\"},\"thumbnailUrl\":\"https:\\\/\\\/jaguarreefbelize.com\\\/wp-content\\\/uploads\\\/2026\\\/02\\\/CASA-SIRENA-VACATION-HOME-01.jpg\",\"datePublished\":\"2026-02-20T22:56:16+00:00\",\"dateModified\":\"2026-05-05T14:06:33+00:00\",\"breadcrumb\":{\"@id\":\"https:\\\/\\\/jaguarreefbelize.com\\\/es\\\/casas-vacacionales\\\/casa-de-vacaciones-casa-sirena\\\/#breadcrumb\"},\"inLanguage\":\"es\",\"potentialAction\":[{\"@type\":\"ReadAction\",\"target\":[\"https:\\\/\\\/jaguarreefbelize.com\\\/es\\\/casas-vacacionales\\\/casa-de-vacaciones-casa-sirena\\\/\"]}]},{\"@type\":\"ImageObject\",\"inLanguage\":\"es\",\"@id\":\"https:\\\/\\\/jaguarreefbelize.com\\\/es\\\/casas-vacacionales\\\/casa-de-vacaciones-casa-sirena\\\/#primaryimage\",\"url\":\"https:\\\/\\\/jaguarreefbelize.com\\\/wp-content\\\/uploads\\\/2026\\\/02\\\/CASA-SIRENA-VACATION-HOME-01.jpg\",\"contentUrl\":\"https:\\\/\\\/jaguarreefbelize.com\\\/wp-content\\\/uploads\\\/2026\\\/02\\\/CASA-SIRENA-VACATION-HOME-01.jpg\"},{\"@type\":\"BreadcrumbList\",\"@id\":\"https:\\\/\\\/jaguarreefbelize.com\\\/es\\\/casas-vacacionales\\\/casa-de-vacaciones-casa-sirena\\\/#breadcrumb\",\"itemListElement\":[{\"@type\":\"ListItem\",\"position\":1,\"name\":\"Home\",\"item\":\"https:\\\/\\\/jaguarreefbelize.com\\\/es\\\/the-lodge-at-jaguar-reef\\\/\"},{\"@type\":\"ListItem\",\"position\":2,\"name\":\"Casas vacacionales\",\"item\":\"https:\\\/\\\/jaguarreefbelize.com\\\/es\\\/casas-vacacionales\\\/\"},{\"@type\":\"ListItem\",\"position\":3,\"name\":\"Casa de vacaciones Casa Sirena\"}]},{\"@type\":\"WebSite\",\"@id\":\"https:\\\/\\\/jaguarreefbelize.com\\\/es\\\/#website\",\"url\":\"https:\\\/\\\/jaguarreefbelize.com\\\/es\\\/\",\"name\":\"The Lodge At Jaguar Reef\",\"description\":\"A beach chic getaway in Hopkins, Belize\",\"publisher\":{\"@id\":\"https:\\\/\\\/jaguarreefbelize.com\\\/es\\\/#organization\"},\"potentialAction\":[{\"@type\":\"SearchAction\",\"target\":{\"@type\":\"EntryPoint\",\"urlTemplate\":\"https:\\\/\\\/jaguarreefbelize.com\\\/es\\\/?s={search_term_string}\"},\"query-input\":{\"@type\":\"PropertyValueSpecification\",\"valueRequired\":true,\"valueName\":\"search_term_string\"}}],\"inLanguage\":\"es\"},{\"@type\":\"Organization\",\"@id\":\"https:\\\/\\\/jaguarreefbelize.com\\\/es\\\/#organization\",\"name\":\"The Lodge At Jaguar Reef\",\"url\":\"https:\\\/\\\/jaguarreefbelize.com\\\/es\\\/\",\"logo\":{\"@type\":\"ImageObject\",\"inLanguage\":\"es\",\"@id\":\"https:\\\/\\\/jaguarreefbelize.com\\\/es\\\/#\\\/schema\\\/logo\\\/image\\\/\",\"url\":\"https:\\\/\\\/jaguarreefbelize.com\\\/wp-content\\\/uploads\\\/2025\\\/12\\\/JRL-long-logo.png\",\"contentUrl\":\"https:\\\/\\\/jaguarreefbelize.com\\\/wp-content\\\/uploads\\\/2025\\\/12\\\/JRL-long-logo.png\",\"width\":1000,\"height\":182,\"caption\":\"The Lodge At Jaguar Reef\"},\"image\":{\"@id\":\"https:\\\/\\\/jaguarreefbelize.com\\\/es\\\/#\\\/schema\\\/logo\\\/image\\\/\"}}]}<\/script>\n<!-- \/ Yoast SEO plugin. -->","yoast_head_json":{"title":"Casa de vacaciones Casa Sirena - The Lodge At Jaguar Reef","robots":{"index":"index","follow":"follow","max-snippet":"max-snippet:-1","max-image-preview":"max-image-preview:large","max-video-preview":"max-video-preview:-1"},"canonical":"https:\/\/jaguarreefbelize.com\/es\/casas-vacacionales\/casa-de-vacaciones-casa-sirena\/","og_locale":"es_ES","og_type":"article","og_title":"Casa de vacaciones Casa Sirena - The Lodge At Jaguar Reef","og_description":"Casa Sirena CASA DE VACACIONES Capacidad para 6 personas1 cama king, 1 cama queen2 ba\u00f1os completosVista al jard\u00ednCaracter\u00edstica \u00fanica:Privacidad: ubicada en una zonaresidencial, no situada directamente en la playa Escondida&hellip;","og_url":"https:\/\/jaguarreefbelize.com\/es\/casas-vacacionales\/casa-de-vacaciones-casa-sirena\/","og_site_name":"The Lodge At Jaguar Reef","article_modified_time":"2026-05-05T14:06:33+00:00","og_image":[{"url":"https:\/\/jaguarreefbelize.com\/wp-content\/uploads\/2026\/02\/CASA-SIRENA-VACATION-HOME-01.jpg","type":"","width":"","height":""}],"twitter_card":"summary_large_image","twitter_misc":{"Tiempo de lectura":"1 minuto"},"schema":{"@context":"https:\/\/schema.org","@graph":[{"@type":"WebPage","@id":"https:\/\/jaguarreefbelize.com\/es\/casas-vacacionales\/casa-de-vacaciones-casa-sirena\/","url":"https:\/\/jaguarreefbelize.com\/es\/casas-vacacionales\/casa-de-vacaciones-casa-sirena\/","name":"Casa de vacaciones Casa Sirena - The Lodge At Jaguar Reef","isPartOf":{"@id":"https:\/\/jaguarreefbelize.com\/es\/#website"},"primaryImageOfPage":{"@id":"https:\/\/jaguarreefbelize.com\/es\/casas-vacacionales\/casa-de-vacaciones-casa-sirena\/#primaryimage"},"image":{"@id":"https:\/\/jaguarreefbelize.com\/es\/casas-vacacionales\/casa-de-vacaciones-casa-sirena\/#primaryimage"},"thumbnailUrl":"https:\/\/jaguarreefbelize.com\/wp-content\/uploads\/2026\/02\/CASA-SIRENA-VACATION-HOME-01.jpg","datePublished":"2026-02-20T22:56:16+00:00","dateModified":"2026-05-05T14:06:33+00:00","breadcrumb":{"@id":"https:\/\/jaguarreefbelize.com\/es\/casas-vacacionales\/casa-de-vacaciones-casa-sirena\/#breadcrumb"},"inLanguage":"es","potentialAction":[{"@type":"ReadAction","target":["https:\/\/jaguarreefbelize.com\/es\/casas-vacacionales\/casa-de-vacaciones-casa-sirena\/"]}]},{"@type":"ImageObject","inLanguage":"es","@id":"https:\/\/jaguarreefbelize.com\/es\/casas-vacacionales\/casa-de-vacaciones-casa-sirena\/#primaryimage","url":"https:\/\/jaguarreefbelize.com\/wp-content\/uploads\/2026\/02\/CASA-SIRENA-VACATION-HOME-01.jpg","contentUrl":"https:\/\/jaguarreefbelize.com\/wp-content\/uploads\/2026\/02\/CASA-SIRENA-VACATION-HOME-01.jpg"},{"@type":"BreadcrumbList","@id":"https:\/\/jaguarreefbelize.com\/es\/casas-vacacionales\/casa-de-vacaciones-casa-sirena\/#breadcrumb","itemListElement":[{"@type":"ListItem","position":1,"name":"Home","item":"https:\/\/jaguarreefbelize.com\/es\/the-lodge-at-jaguar-reef\/"},{"@type":"ListItem","position":2,"name":"Casas vacacionales","item":"https:\/\/jaguarreefbelize.com\/es\/casas-vacacionales\/"},{"@type":"ListItem","position":3,"name":"Casa de vacaciones Casa Sirena"}]},{"@type":"WebSite","@id":"https:\/\/jaguarreefbelize.com\/es\/#website","url":"https:\/\/jaguarreefbelize.com\/es\/","name":"The Lodge At Jaguar Reef","description":"A beach chic getaway in Hopkins, Belize","publisher":{"@id":"https:\/\/jaguarreefbelize.com\/es\/#organization"},"potentialAction":[{"@type":"SearchAction","target":{"@type":"EntryPoint","urlTemplate":"https:\/\/jaguarreefbelize.com\/es\/?s={search_term_string}"},"query-input":{"@type":"PropertyValueSpecification","valueRequired":true,"valueName":"search_term_string"}}],"inLanguage":"es"},{"@type":"Organization","@id":"https:\/\/jaguarreefbelize.com\/es\/#organization","name":"The Lodge At Jaguar Reef","url":"https:\/\/jaguarreefbelize.com\/es\/","logo":{"@type":"ImageObject","inLanguage":"es","@id":"https:\/\/jaguarreefbelize.com\/es\/#\/schema\/logo\/image\/","url":"https:\/\/jaguarreefbelize.com\/wp-content\/uploads\/2025\/12\/JRL-long-logo.png","contentUrl":"https:\/\/jaguarreefbelize.com\/wp-content\/uploads\/2025\/12\/JRL-long-logo.png","width":1000,"height":182,"caption":"The Lodge At Jaguar Reef"},"image":{"@id":"https:\/\/jaguarreefbelize.com\/es\/#\/schema\/logo\/image\/"}}]}},"jetpack_sharing_enabled":true,"_links":{"self":[{"href":"https:\/\/jaguarreefbelize.com\/es\/wp-json\/wp\/v2\/pages\/45167","targetHints":{"allow":["GET"]}}],"collection":[{"href":"https:\/\/jaguarreefbelize.com\/es\/wp-json\/wp\/v2\/pages"}],"about":[{"href":"https:\/\/jaguarreefbelize.com\/es\/wp-json\/wp\/v2\/types\/page"}],"author":[{"embeddable":true,"href":"https:\/\/jaguarreefbelize.com\/es\/wp-json\/wp\/v2\/users\/1"}],"replies":[{"embeddable":true,"href":"https:\/\/jaguarreefbelize.com\/es\/wp-json\/wp\/v2\/comments?post=45167"}],"version-history":[{"count":1,"href":"https:\/\/jaguarreefbelize.com\/es\/wp-json\/wp\/v2\/pages\/45167\/revisions"}],"predecessor-version":[{"id":45173,"href":"https:\/\/jaguarreefbelize.com\/es\/wp-json\/wp\/v2\/pages\/45167\/revisions\/45173"}],"up":[{"embeddable":true,"href":"https:\/\/jaguarreefbelize.com\/es\/wp-json\/wp\/v2\/pages\/45119"}],"wp:attachment":[{"href":"https:\/\/jaguarreefbelize.com\/es\/wp-json\/wp\/v2\/media?parent=45167"}],"curies":[{"name":"wp","href":"https:\/\/api.w.org\/{rel}","templated":true}]}}