{"id":45135,"date":"2026-02-13T08:56:49","date_gmt":"2026-02-13T14:56:49","guid":{"rendered":"https:\/\/jaguarreefbelize.com\/hopkins\/"},"modified":"2026-05-05T08:06:14","modified_gmt":"2026-05-05T14:06:14","slug":"hopkins","status":"publish","type":"page","link":"https:\/\/jaguarreefbelize.com\/es\/hopkins\/","title":{"rendered":"Hopkins"},"content":{"rendered":"\t\t<div data-elementor-type=\"wp-page\" data-elementor-id=\"45135\" class=\"elementor elementor-45135 elementor-43245\" data-elementor-post-type=\"page\">\n\t\t\t\t<div class=\"e-con-gap-no elementor-element elementor-element-16df1338 e-con-full e-flex sc_layouts_column_icons_position_left e-con e-parent\" data-id=\"16df1338\" data-element_type=\"container\" data-e-type=\"container\" data-settings=\"{&quot;background_background&quot;:&quot;classic&quot;}\">\n\t\t\t\t<\/div>\n\t\t<div class=\"elementor-element elementor-element-1606bfab e-flex e-con-boxed sc_layouts_column_icons_position_left e-con e-parent\" data-id=\"1606bfab\" data-element_type=\"container\" data-e-type=\"container\">\n\t\t\t\t\t<div class=\"e-con-inner\">\n\t\t\t\t<div class=\"elementor-element elementor-element-5c5cb12e sc_fly_static elementor-widget elementor-widget-heading\" data-id=\"5c5cb12e\" data-element_type=\"widget\" data-e-type=\"widget\" data-widget_type=\"heading.default\">\n\t\t\t\t<div class=\"elementor-widget-container\">\n\t\t\t\t\t<h2 class=\"elementor-heading-title elementor-size-default\">Sobre Hopkins<\/h2>\t\t\t\t<\/div>\n\t\t\t\t<\/div>\n\t\t\t\t\t<\/div>\n\t\t\t\t<\/div>\n\t\t<div class=\"elementor-element elementor-element-1ba6fced e-flex e-con-boxed sc_layouts_column_icons_position_left e-con e-parent\" data-id=\"1ba6fced\" data-element_type=\"container\" data-e-type=\"container\">\n\t\t\t\t\t<div class=\"e-con-inner\">\n\t\t<div class=\"elementor-element elementor-element-696f0e73 e-con-full e-flex sc_layouts_column_icons_position_left e-con e-child\" data-id=\"696f0e73\" data-element_type=\"container\" data-e-type=\"container\">\n\t\t\t\t<div class=\"elementor-element elementor-element-1fdf8f1e sc_fly_static elementor-widget elementor-widget-text-editor\" data-id=\"1fdf8f1e\" data-element_type=\"widget\" data-e-type=\"widget\" data-widget_type=\"text-editor.default\">\n\t\t\t\t<div class=\"elementor-widget-container\">\n\t\t\t\t\t\t\t\t\t<p>Bienvenido a Hopkins, un peque\u00f1o pueblo pesquero en la costa del sur de Belice. Hopkins se encuentra en el distrito de Stann Creek, siendo el aeropuerto local m\u00e1s cercano el de Dangriga. Los visitantes que vuelen al Aeropuerto Internacional de Belice pueden reservar un servicio de transporte o alquilar un veh\u00edculo para viajar a Hopkins, un trayecto de 2,5 horas en coche desde el aeropuerto. Otra opci\u00f3n es volar desde el Aeropuerto Internacional de Belice hasta Dangriga, que es un vuelo de unos 15 minutos, y luego conducir desde el aeropuerto de Dangriga hasta Hopkins, lo que dura 30 minutos.   <\/p><p>Hopkins es el hogar de unos 2.000 residentes, todos conocidos por ser acogedores y amables. De hecho, Dangriga es conocida localmente como la capital cultural de Belice. Hopkins es el centro de la cultura gar\u00edfuna, famosa por sus platos tradicionales de marisco y su m\u00fasica, de los cuales podr\u00e1 aprender directamente de los lugare\u00f1os a trav\u00e9s de nuestras actividades en The Lodge at Jaguar Reef. Los platos de The Paddle House est\u00e1n fuertemente influenciados por la cultura gar\u00edfuna, y podr\u00e1 degustar una versi\u00f3n \u00fanica de los platos tradicionales de marisco.   <\/p><p>El pueblo ahora prospera gracias al turismo, y se pueden encontrar muchos restaurantes locales y tiendas de artesan\u00eda para explorar. The Lodge at Jaguar Reef dispone de bicicletas gratuitas perfectas para un paseo por el pueblo y carritos de golf disponibles para alquilar. Si busca un d\u00eda en el que el pueblo cobre vida, visite Hopkins el 19 de noviembre, que se celebra como el D\u00eda del Asentamiento Gar\u00edfuna. El d\u00eda est\u00e1 lleno de tambores, comida tradicional y una recreaci\u00f3n de la llegada de los gar\u00edfunas a Belice.   <\/p><p>Visitar Hopkins significa relajarse en playas doradas, disfrutar de las vistas del mar Caribe y sumergirse en la cultura. The Lodge at Jaguar Reef es su base para explorar todo lo que Hopkins ofrece. <\/p>\t\t\t\t\t\t\t\t<\/div>\n\t\t\t\t<\/div>\n\t\t\t\t<\/div>\n\t\t<div class=\"e-con-gap-no elementor-element elementor-element-67232c5a e-con-full e-flex sc_layouts_column_icons_position_left e-con e-child\" data-id=\"67232c5a\" data-element_type=\"container\" data-e-type=\"container\" data-settings=\"{&quot;background_background&quot;:&quot;classic&quot;}\">\n\t\t\t\t<\/div>\n\t\t\t\t\t<\/div>\n\t\t\t\t<\/div>\n\t\t\t\t<\/div>\n\t\t","protected":false},"excerpt":{"rendered":"<p>Sobre Hopkins Bienvenido a Hopkins, un peque\u00f1o pueblo pesquero en la costa del sur de Belice. Hopkins se encuentra en el distrito de Stann Creek, siendo el aeropuerto local m\u00e1s&hellip;<\/p>\n","protected":false},"author":1,"featured_media":0,"parent":0,"menu_order":0,"comment_status":"closed","ping_status":"closed","template":"","meta":{"footnotes":""},"class_list":["post-45135","page","type-page","status-publish","hentry"],"yoast_head":"<!-- This site is optimized with the Yoast SEO plugin v27.5 - https:\/\/yoast.com\/product\/yoast-seo-wordpress\/ -->\n<title>Hopkins - The Lodge At Jaguar Reef<\/title>\n<meta name=\"robots\" content=\"index, follow, max-snippet:-1, max-image-preview:large, max-video-preview:-1\" \/>\n<link rel=\"canonical\" href=\"https:\/\/jaguarreefbelize.com\/es\/hopkins\/\" \/>\n<meta property=\"og:locale\" content=\"es_ES\" \/>\n<meta property=\"og:type\" content=\"article\" \/>\n<meta property=\"og:title\" content=\"Hopkins - The Lodge At Jaguar Reef\" \/>\n<meta property=\"og:description\" content=\"Sobre Hopkins Bienvenido a Hopkins, un peque\u00f1o pueblo pesquero en la costa del sur de Belice. Hopkins se encuentra en el distrito de Stann Creek, siendo el aeropuerto local m\u00e1s&hellip;\" \/>\n<meta property=\"og:url\" content=\"https:\/\/jaguarreefbelize.com\/es\/hopkins\/\" \/>\n<meta property=\"og:site_name\" content=\"The Lodge At Jaguar Reef\" \/>\n<meta property=\"article:modified_time\" content=\"2026-05-05T14:06:14+00:00\" \/>\n<meta name=\"twitter:card\" content=\"summary_large_image\" \/>\n<meta name=\"twitter:label1\" content=\"Tiempo de lectura\" \/>\n\t<meta name=\"twitter:data1\" content=\"2 minutos\" \/>\n<script type=\"application\/ld+json\" class=\"yoast-schema-graph\">{\"@context\":\"https:\\\/\\\/schema.org\",\"@graph\":[{\"@type\":\"WebPage\",\"@id\":\"https:\\\/\\\/jaguarreefbelize.com\\\/es\\\/hopkins\\\/\",\"url\":\"https:\\\/\\\/jaguarreefbelize.com\\\/es\\\/hopkins\\\/\",\"name\":\"Hopkins - The Lodge At Jaguar Reef\",\"isPartOf\":{\"@id\":\"https:\\\/\\\/jaguarreefbelize.com\\\/es\\\/#website\"},\"datePublished\":\"2026-02-13T14:56:49+00:00\",\"dateModified\":\"2026-05-05T14:06:14+00:00\",\"breadcrumb\":{\"@id\":\"https:\\\/\\\/jaguarreefbelize.com\\\/es\\\/hopkins\\\/#breadcrumb\"},\"inLanguage\":\"es\",\"potentialAction\":[{\"@type\":\"ReadAction\",\"target\":[\"https:\\\/\\\/jaguarreefbelize.com\\\/es\\\/hopkins\\\/\"]}]},{\"@type\":\"BreadcrumbList\",\"@id\":\"https:\\\/\\\/jaguarreefbelize.com\\\/es\\\/hopkins\\\/#breadcrumb\",\"itemListElement\":[{\"@type\":\"ListItem\",\"position\":1,\"name\":\"Home\",\"item\":\"https:\\\/\\\/jaguarreefbelize.com\\\/es\\\/the-lodge-at-jaguar-reef\\\/\"},{\"@type\":\"ListItem\",\"position\":2,\"name\":\"Hopkins\"}]},{\"@type\":\"WebSite\",\"@id\":\"https:\\\/\\\/jaguarreefbelize.com\\\/es\\\/#website\",\"url\":\"https:\\\/\\\/jaguarreefbelize.com\\\/es\\\/\",\"name\":\"The Lodge At Jaguar Reef\",\"description\":\"A beach chic getaway in Hopkins, Belize\",\"publisher\":{\"@id\":\"https:\\\/\\\/jaguarreefbelize.com\\\/es\\\/#organization\"},\"potentialAction\":[{\"@type\":\"SearchAction\",\"target\":{\"@type\":\"EntryPoint\",\"urlTemplate\":\"https:\\\/\\\/jaguarreefbelize.com\\\/es\\\/?s={search_term_string}\"},\"query-input\":{\"@type\":\"PropertyValueSpecification\",\"valueRequired\":true,\"valueName\":\"search_term_string\"}}],\"inLanguage\":\"es\"},{\"@type\":\"Organization\",\"@id\":\"https:\\\/\\\/jaguarreefbelize.com\\\/es\\\/#organization\",\"name\":\"The Lodge At Jaguar Reef\",\"url\":\"https:\\\/\\\/jaguarreefbelize.com\\\/es\\\/\",\"logo\":{\"@type\":\"ImageObject\",\"inLanguage\":\"es\",\"@id\":\"https:\\\/\\\/jaguarreefbelize.com\\\/es\\\/#\\\/schema\\\/logo\\\/image\\\/\",\"url\":\"https:\\\/\\\/jaguarreefbelize.com\\\/wp-content\\\/uploads\\\/2025\\\/12\\\/JRL-long-logo.png\",\"contentUrl\":\"https:\\\/\\\/jaguarreefbelize.com\\\/wp-content\\\/uploads\\\/2025\\\/12\\\/JRL-long-logo.png\",\"width\":1000,\"height\":182,\"caption\":\"The Lodge At Jaguar Reef\"},\"image\":{\"@id\":\"https:\\\/\\\/jaguarreefbelize.com\\\/es\\\/#\\\/schema\\\/logo\\\/image\\\/\"}}]}<\/script>\n<!-- \/ Yoast SEO plugin. -->","yoast_head_json":{"title":"Hopkins - The Lodge At Jaguar Reef","robots":{"index":"index","follow":"follow","max-snippet":"max-snippet:-1","max-image-preview":"max-image-preview:large","max-video-preview":"max-video-preview:-1"},"canonical":"https:\/\/jaguarreefbelize.com\/es\/hopkins\/","og_locale":"es_ES","og_type":"article","og_title":"Hopkins - The Lodge At Jaguar Reef","og_description":"Sobre Hopkins Bienvenido a Hopkins, un peque\u00f1o pueblo pesquero en la costa del sur de Belice. Hopkins se encuentra en el distrito de Stann Creek, siendo el aeropuerto local m\u00e1s&hellip;","og_url":"https:\/\/jaguarreefbelize.com\/es\/hopkins\/","og_site_name":"The Lodge At Jaguar Reef","article_modified_time":"2026-05-05T14:06:14+00:00","twitter_card":"summary_large_image","twitter_misc":{"Tiempo de lectura":"2 minutos"},"schema":{"@context":"https:\/\/schema.org","@graph":[{"@type":"WebPage","@id":"https:\/\/jaguarreefbelize.com\/es\/hopkins\/","url":"https:\/\/jaguarreefbelize.com\/es\/hopkins\/","name":"Hopkins - The Lodge At Jaguar Reef","isPartOf":{"@id":"https:\/\/jaguarreefbelize.com\/es\/#website"},"datePublished":"2026-02-13T14:56:49+00:00","dateModified":"2026-05-05T14:06:14+00:00","breadcrumb":{"@id":"https:\/\/jaguarreefbelize.com\/es\/hopkins\/#breadcrumb"},"inLanguage":"es","potentialAction":[{"@type":"ReadAction","target":["https:\/\/jaguarreefbelize.com\/es\/hopkins\/"]}]},{"@type":"BreadcrumbList","@id":"https:\/\/jaguarreefbelize.com\/es\/hopkins\/#breadcrumb","itemListElement":[{"@type":"ListItem","position":1,"name":"Home","item":"https:\/\/jaguarreefbelize.com\/es\/the-lodge-at-jaguar-reef\/"},{"@type":"ListItem","position":2,"name":"Hopkins"}]},{"@type":"WebSite","@id":"https:\/\/jaguarreefbelize.com\/es\/#website","url":"https:\/\/jaguarreefbelize.com\/es\/","name":"The Lodge At Jaguar Reef","description":"A beach chic getaway in Hopkins, Belize","publisher":{"@id":"https:\/\/jaguarreefbelize.com\/es\/#organization"},"potentialAction":[{"@type":"SearchAction","target":{"@type":"EntryPoint","urlTemplate":"https:\/\/jaguarreefbelize.com\/es\/?s={search_term_string}"},"query-input":{"@type":"PropertyValueSpecification","valueRequired":true,"valueName":"search_term_string"}}],"inLanguage":"es"},{"@type":"Organization","@id":"https:\/\/jaguarreefbelize.com\/es\/#organization","name":"The Lodge At Jaguar Reef","url":"https:\/\/jaguarreefbelize.com\/es\/","logo":{"@type":"ImageObject","inLanguage":"es","@id":"https:\/\/jaguarreefbelize.com\/es\/#\/schema\/logo\/image\/","url":"https:\/\/jaguarreefbelize.com\/wp-content\/uploads\/2025\/12\/JRL-long-logo.png","contentUrl":"https:\/\/jaguarreefbelize.com\/wp-content\/uploads\/2025\/12\/JRL-long-logo.png","width":1000,"height":182,"caption":"The Lodge At Jaguar Reef"},"image":{"@id":"https:\/\/jaguarreefbelize.com\/es\/#\/schema\/logo\/image\/"}}]}},"jetpack_sharing_enabled":true,"_links":{"self":[{"href":"https:\/\/jaguarreefbelize.com\/es\/wp-json\/wp\/v2\/pages\/45135","targetHints":{"allow":["GET"]}}],"collection":[{"href":"https:\/\/jaguarreefbelize.com\/es\/wp-json\/wp\/v2\/pages"}],"about":[{"href":"https:\/\/jaguarreefbelize.com\/es\/wp-json\/wp\/v2\/types\/page"}],"author":[{"embeddable":true,"href":"https:\/\/jaguarreefbelize.com\/es\/wp-json\/wp\/v2\/users\/1"}],"replies":[{"embeddable":true,"href":"https:\/\/jaguarreefbelize.com\/es\/wp-json\/wp\/v2\/comments?post=45135"}],"version-history":[{"count":1,"href":"https:\/\/jaguarreefbelize.com\/es\/wp-json\/wp\/v2\/pages\/45135\/revisions"}],"predecessor-version":[{"id":45138,"href":"https:\/\/jaguarreefbelize.com\/es\/wp-json\/wp\/v2\/pages\/45135\/revisions\/45138"}],"wp:attachment":[{"href":"https:\/\/jaguarreefbelize.com\/es\/wp-json\/wp\/v2\/media?parent=45135"}],"curies":[{"name":"wp","href":"https:\/\/api.w.org\/{rel}","templated":true}]}}