{"id":45079,"date":"2026-02-13T09:05:35","date_gmt":"2026-02-13T15:05:35","guid":{"rendered":"https:\/\/jaguarreefbelize.com\/como-llegar\/"},"modified":"2026-05-05T08:06:02","modified_gmt":"2026-05-05T14:06:02","slug":"como-llegar","status":"publish","type":"page","link":"https:\/\/jaguarreefbelize.com\/es\/como-llegar\/","title":{"rendered":"C\u00f3mo llegar"},"content":{"rendered":"\t\t<div data-elementor-type=\"wp-page\" data-elementor-id=\"45079\" class=\"elementor elementor-45079 elementor-43256\" data-elementor-post-type=\"page\">\n\t\t\t\t\t\t<section class=\"elementor-section elementor-top-section elementor-element elementor-element-7d29e6dd elementor-section-full_width elementor-section-height-min-height elementor-section-height-default elementor-section-items-middle sc_fly_static\" data-id=\"7d29e6dd\" data-element_type=\"section\" data-e-type=\"section\" data-settings=\"{&quot;background_background&quot;:&quot;classic&quot;}\">\n\t\t\t\t\t\t<div class=\"elementor-container elementor-column-gap-extended\">\n\t\t\t\t\t<div class=\"elementor-column elementor-col-100 elementor-top-column elementor-element elementor-element-1d1149ec sc_content_align_inherit sc_layouts_column_icons_position_left sc_fly_static\" data-id=\"1d1149ec\" data-element_type=\"column\" data-e-type=\"column\">\n\t\t\t<div class=\"elementor-widget-wrap\">\n\t\t\t\t\t\t\t<\/div>\n\t\t<\/div>\n\t\t\t\t\t<\/div>\n\t\t<\/section>\n\t\t\t\t<section data-animation-type=\"block\" class=\"elementor-section elementor-top-section elementor-element elementor-element-48c29b18 elementor-section-stretched elementor-section-boxed elementor-section-height-default elementor-section-height-default sc_fly_static\" data-id=\"48c29b18\" data-element_type=\"section\" data-e-type=\"section\" data-settings=\"{&quot;stretch_section&quot;:&quot;section-stretched&quot;,&quot;animation&quot;:&quot;none&quot;}\">\n\t\t\t\t\t\t<div class=\"elementor-container elementor-column-gap-extended\">\n\t\t\t\t\t<div class=\"elementor-column elementor-col-100 elementor-top-column elementor-element elementor-element-4c17d8cb sc_layouts_column_align_center sc_layouts_column sc_content_align_inherit sc_layouts_column_icons_position_left sc_fly_static\" data-id=\"4c17d8cb\" data-element_type=\"column\" data-e-type=\"column\">\n\t\t\t<div class=\"elementor-widget-wrap elementor-element-populated\">\n\t\t\t\t\t\t<div class=\"elementor-element elementor-element-3e4dbf90 elementor-widget__width-initial elementor-widget-mobile__width-inherit sc_fly_static elementor-widget elementor-widget-trx_sc_title\" data-id=\"3e4dbf90\" data-element_type=\"widget\" data-e-type=\"widget\" data-widget_type=\"trx_sc_title.default\">\n\t\t\t\t<div class=\"elementor-widget-container\">\n\t\t\t\t\t<div\t\tclass=\"sc_title color_style_dark sc_title_default\" ><h1 class=\"sc_item_title sc_title_title sc_align_center sc_item_title_style_default sc_item_title_tag\"\n\t\t\t><span class=\"sc_item_title_text\">C\u00f3mo llegar<\/span><\/h1><\/div>\t\t\t\t<\/div>\n\t\t\t\t<\/div>\n\t\t\t\t\t<\/div>\n\t\t<\/div>\n\t\t\t\t\t<\/div>\n\t\t<\/section>\n\t\t<div class=\"elementor-element elementor-element-5537592 e-flex e-con-boxed sc_layouts_column_icons_position_left e-con e-parent\" data-id=\"5537592\" data-element_type=\"container\" data-e-type=\"container\">\n\t\t\t\t\t<div class=\"e-con-inner\">\n\t\t\t\t<div class=\"elementor-element elementor-element-a946a6f sc_fly_static elementor-widget elementor-widget-heading\" data-id=\"a946a6f\" data-element_type=\"widget\" data-e-type=\"widget\" data-widget_type=\"heading.default\">\n\t\t\t\t<div class=\"elementor-widget-container\">\n\t\t\t\t\t<h2 class=\"elementor-heading-title elementor-size-default\">Mapa de vuelos<\/h2>\t\t\t\t<\/div>\n\t\t\t\t<\/div>\n\t\t\t\t\t<\/div>\n\t\t\t\t<\/div>\n\t\t<div class=\"elementor-element elementor-element-eae9095 e-con-full e-flex sc_layouts_column_icons_position_left e-con e-parent\" data-id=\"eae9095\" data-element_type=\"container\" data-e-type=\"container\">\n\t\t\t\t<div class=\"elementor-element elementor-element-4ee04dc sc_fly_static elementor-widget elementor-widget-image\" data-id=\"4ee04dc\" data-element_type=\"widget\" data-e-type=\"widget\" data-widget_type=\"image.default\">\n\t\t\t\t<div class=\"elementor-widget-container\">\n\t\t\t\t\t\t\t\t\t\t\t\t\t\t\t<img fetchpriority=\"high\" decoding=\"async\" width=\"2048\" height=\"1180\" src=\"https:\/\/jaguarreefbelize.com\/wp-content\/uploads\/2026\/02\/JR_Intl-Map.jpg\" class=\"attachment-full size-full wp-image-45080\" alt=\"\" srcset=\"https:\/\/jaguarreefbelize.com\/wp-content\/uploads\/2026\/02\/JR_Intl-Map.jpg 2048w, https:\/\/jaguarreefbelize.com\/wp-content\/uploads\/2026\/02\/JR_Intl-Map-300x173.jpg 300w, https:\/\/jaguarreefbelize.com\/wp-content\/uploads\/2026\/02\/JR_Intl-Map-1024x590.jpg 1024w, https:\/\/jaguarreefbelize.com\/wp-content\/uploads\/2026\/02\/JR_Intl-Map-768x443.jpg 768w, https:\/\/jaguarreefbelize.com\/wp-content\/uploads\/2026\/02\/JR_Intl-Map-1536x885.jpg 1536w, https:\/\/jaguarreefbelize.com\/wp-content\/uploads\/2026\/02\/JR_Intl-Map-370x213.jpg 370w, https:\/\/jaguarreefbelize.com\/wp-content\/uploads\/2026\/02\/JR_Intl-Map-840x484.jpg 840w, https:\/\/jaguarreefbelize.com\/wp-content\/uploads\/2026\/02\/JR_Intl-Map-410x236.jpg 410w\" sizes=\"(max-width: 2048px) 100vw, 2048px\" \/>\t\t\t\t\t\t\t\t\t\t\t\t\t\t\t<\/div>\n\t\t\t\t<\/div>\n\t\t\t\t<\/div>\n\t\t<div class=\"elementor-element elementor-element-7e525ed e-flex e-con-boxed sc_layouts_column_icons_position_left e-con e-parent\" data-id=\"7e525ed\" data-element_type=\"container\" data-e-type=\"container\">\n\t\t\t\t\t<div class=\"e-con-inner\">\n\t\t\t\t<div class=\"elementor-element elementor-element-1bb8516 sc_fly_static elementor-widget elementor-widget-text-editor\" data-id=\"1bb8516\" data-element_type=\"widget\" data-e-type=\"widget\" data-widget_type=\"text-editor.default\">\n\t\t\t\t<div class=\"elementor-widget-container\">\n\t\t\t\t\t\t\t\t\t<p>\u00a1Llegar a Belice nunca ha sido tan f\u00e1cil! Las principales aerol\u00edneas, incluidas American Airlines, WestJet, JetBlue, Alaska Airlines, Delta Airlines, Southwest Airlines, SunCountry Airlines, Air Canada y Spirit Airlines, ofrecen vuelos a Belice. <\/p><p>Y ahora, Spirit Airlines y Air Canada ofrecen vuelos directos a Belice, brindando a los viajeros una experiencia de viaje fluida y c\u00f3moda.<\/p>\t\t\t\t\t\t\t\t<\/div>\n\t\t\t\t<\/div>\n\t\t\t\t\t<\/div>\n\t\t\t\t<\/div>\n\t\t<div class=\"elementor-element elementor-element-e0895d2 e-flex e-con-boxed sc_layouts_column_icons_position_left e-con e-parent\" data-id=\"e0895d2\" data-element_type=\"container\" data-e-type=\"container\">\n\t\t\t\t\t<div class=\"e-con-inner\">\n\t\t\t\t<div class=\"elementor-element elementor-element-fb11076 sc_fly_static elementor-widget elementor-widget-heading\" data-id=\"fb11076\" data-element_type=\"widget\" data-e-type=\"widget\" data-widget_type=\"heading.default\">\n\t\t\t\t<div class=\"elementor-widget-container\">\n\t\t\t\t\t<h2 class=\"elementor-heading-title elementor-size-default\">C\u00f3mo llegar al resort<\/h2>\t\t\t\t<\/div>\n\t\t\t\t<\/div>\n\t\t\t\t\t<\/div>\n\t\t\t\t<\/div>\n\t\t<div class=\"elementor-element elementor-element-83368b5 e-con-full e-flex sc_layouts_column_icons_position_left e-con e-parent\" data-id=\"83368b5\" data-element_type=\"container\" data-e-type=\"container\">\n\t\t\t\t<div class=\"elementor-element elementor-element-404dead sc_fly_static elementor-widget elementor-widget-image\" data-id=\"404dead\" data-element_type=\"widget\" data-e-type=\"widget\" data-widget_type=\"image.default\">\n\t\t\t\t<div class=\"elementor-widget-container\">\n\t\t\t\t\t\t\t\t\t\t\t\t\t\t\t<img decoding=\"async\" width=\"2048\" height=\"1170\" src=\"https:\/\/jaguarreefbelize.com\/wp-content\/uploads\/2026\/02\/JR_Local-Map.jpg\" class=\"attachment-full size-full wp-image-45081\" alt=\"\" srcset=\"https:\/\/jaguarreefbelize.com\/wp-content\/uploads\/2026\/02\/JR_Local-Map.jpg 2048w, https:\/\/jaguarreefbelize.com\/wp-content\/uploads\/2026\/02\/JR_Local-Map-300x171.jpg 300w, https:\/\/jaguarreefbelize.com\/wp-content\/uploads\/2026\/02\/JR_Local-Map-1024x585.jpg 1024w, https:\/\/jaguarreefbelize.com\/wp-content\/uploads\/2026\/02\/JR_Local-Map-768x439.jpg 768w, https:\/\/jaguarreefbelize.com\/wp-content\/uploads\/2026\/02\/JR_Local-Map-1536x878.jpg 1536w, https:\/\/jaguarreefbelize.com\/wp-content\/uploads\/2026\/02\/JR_Local-Map-370x211.jpg 370w, https:\/\/jaguarreefbelize.com\/wp-content\/uploads\/2026\/02\/JR_Local-Map-840x480.jpg 840w, https:\/\/jaguarreefbelize.com\/wp-content\/uploads\/2026\/02\/JR_Local-Map-410x234.jpg 410w\" sizes=\"(max-width: 2048px) 100vw, 2048px\" \/>\t\t\t\t\t\t\t\t\t\t\t\t\t\t\t<\/div>\n\t\t\t\t<\/div>\n\t\t\t\t<\/div>\n\t\t<div class=\"elementor-element elementor-element-9039ec8 e-flex e-con-boxed sc_layouts_column_icons_position_left e-con e-parent\" data-id=\"9039ec8\" data-element_type=\"container\" data-e-type=\"container\">\n\t\t\t\t\t<div class=\"e-con-inner\">\n\t\t\t\t<div class=\"elementor-element elementor-element-a74ec07 sc_fly_static elementor-widget elementor-widget-text-editor\" data-id=\"a74ec07\" data-element_type=\"widget\" data-e-type=\"widget\" data-widget_type=\"text-editor.default\">\n\t\t\t\t<div class=\"elementor-widget-container\">\n\t\t\t\t\t\t\t\t\t<p>Ofrecemos un traslado por carretera desde el aeropuerto hasta el resort. Para solicitar precios y reservar su traslado, env\u00ede un correo electr\u00f3nico a <a href=\"http:\/\/reservations@thebelizecollection.com.\">reservations@thebelizecollection.com.<\/a> <\/p>\t\t\t\t\t\t\t\t<\/div>\n\t\t\t\t<\/div>\n\t\t\t\t<div class=\"elementor-element elementor-element-3401f26 sc_fly_static elementor-widget elementor-widget-heading\" data-id=\"3401f26\" data-element_type=\"widget\" data-e-type=\"widget\" data-widget_type=\"heading.default\">\n\t\t\t\t<div class=\"elementor-widget-container\">\n\t\t\t\t\t<h2 class=\"elementor-heading-title elementor-size-default\">Tiempo de traslado<\/h2>\t\t\t\t<\/div>\n\t\t\t\t<\/div>\n\t\t\t\t<div class=\"elementor-element elementor-element-078de78 sc_fly_static elementor-widget elementor-widget-shortcode\" data-id=\"078de78\" data-element_type=\"widget\" data-e-type=\"widget\" data-widget_type=\"shortcode.default\">\n\t\t\t\t<div class=\"elementor-widget-container\">\n\t\t\t\t\t\t\t<div class=\"elementor-shortcode\">\n<table id=\"tablepress-30\" class=\"tablepress tablepress-id-30\">\n<tbody class=\"row-striping row-hover\">\n<tr class=\"row-1\">\n\t<td class=\"column-1\"><b>Resort<\/b><\/td><td class=\"column-2\"><b>Road Transfer<\/b><\/td><td class=\"column-3\"><b>Flight + Transfer<\/b><\/td><td class=\"column-4\"><b>Notes<\/b><\/td>\n<\/tr>\n<tr class=\"row-2\">\n\t<td class=\"column-1\"><b>The Lodge at Jaguar Reef \/ The Resort at Almond Beach<\/b><\/td><td class=\"column-2\">Approx. 2.5 \u2013 3 hours<\/td><td class=\"column-3\">15 \u2013 20 min flight to DGA + 30 \u2013 40 min drive<\/td><td class=\"column-4\">Flights land in Dangriga, then short ground transfer to Hopkins<\/td>\n<\/tr>\n<\/tbody>\n<\/table>\n<!-- #tablepress-30 from cache --><\/div>\n\t\t\t\t\t\t<\/div>\n\t\t\t\t<\/div>\n\t\t\t\t<div class=\"elementor-element elementor-element-2aaa637 sc_fly_static elementor-widget elementor-widget-text-editor\" data-id=\"2aaa637\" data-element_type=\"widget\" data-e-type=\"widget\" data-widget_type=\"text-editor.default\">\n\t\t\t\t<div class=\"elementor-widget-container\">\n\t\t\t\t\t\t\t\t\t<p><strong>BZE<\/strong> \u2013 Aeropuerto Internacional Philip S. W. Goldson (Belize City)<\/p><p><strong>DGA<\/strong> \u2013 Pista de aterrizaje de Dangriga<\/p><p><strong>Traslado por carretera<\/strong> \u2013 Transporte terrestre proporcionado por The Belize Collection<\/p><p><strong>Vuelo + traslado<\/strong> \u2013 Vuelo nacional desde BZE hasta la pista de aterrizaje m\u00e1s cercana, seguido de un traslado terrestre al resort<\/p><p><strong>*<\/strong>Tenga en cuenta que los traslados deben reservarse al menos 48 horas antes de su llegada, con el pago correspondiente.<\/p>\t\t\t\t\t\t\t\t<\/div>\n\t\t\t\t<\/div>\n\t\t\t\t<div class=\"elementor-element elementor-element-c1be768 sc_fly_static elementor-widget elementor-widget-heading\" data-id=\"c1be768\" data-element_type=\"widget\" data-e-type=\"widget\" data-widget_type=\"heading.default\">\n\t\t\t\t<div class=\"elementor-widget-container\">\n\t\t\t\t\t<h2 class=\"elementor-heading-title elementor-size-default\">Traslado privado en helic\u00f3ptero<\/h2>\t\t\t\t<\/div>\n\t\t\t\t<\/div>\n\t\t\t\t<div class=\"elementor-element elementor-element-19f4de1 sc_fly_static elementor-widget elementor-widget-text-editor\" data-id=\"19f4de1\" data-element_type=\"widget\" data-e-type=\"widget\" data-widget_type=\"text-editor.default\">\n\t\t\t\t<div class=\"elementor-widget-container\">\n\t\t\t\t\t\t\t\t\t<p>Si prefiere evitar el trayecto por carretera, puede llegar con estilo gracias a los traslados privados en helic\u00f3ptero disponibles a The Lodge at Jaguar Reef a trav\u00e9s de Astrum Helicopters. Elija un vuelo directo desde el Aeropuerto Internacional de Belice hasta el resort, u opte por una ruta panor\u00e1mica que sobrevuele las monta\u00f1as Mayas y cascadas, o el impresionante Blue Hole. <\/p><p>Los hu\u00e9spedes llegar\u00e1n al Aeropuerto de Dangriga y ser\u00e1n trasladados a The Lodge at Jaguar Reef.<\/p>\t\t\t\t\t\t\t\t<\/div>\n\t\t\t\t<\/div>\n\t\t\t\t<div class=\"elementor-element elementor-element-bd61bac sc_fly_static elementor-widget elementor-widget-shortcode\" data-id=\"bd61bac\" data-element_type=\"widget\" data-e-type=\"widget\" data-widget_type=\"shortcode.default\">\n\t\t\t\t<div class=\"elementor-widget-container\">\n\t\t\t\t\t\t\t<div class=\"elementor-shortcode\">\n<table id=\"tablepress-31\" class=\"tablepress tablepress-id-31\">\n<tbody class=\"row-striping row-hover\">\n<tr class=\"row-1\">\n\t<td class=\"column-1\"><b>Helicopter Trasnfer<\/b><\/td><td class=\"column-2\"><b>Flight Time<\/b><\/td><td class=\"column-3\"><b>Price uSD (Group of 3)<\/b><\/td><td class=\"column-4\"><b>Price USD (Broup of 5)<\/b><\/td>\n<\/tr>\n<tr class=\"row-2\">\n\t<td class=\"column-1\">Direct: BZE Airport \u2194 Dangriga Airport<\/td><td class=\"column-2\">30 mins<\/td><td class=\"column-3\">$2,095<\/td><td class=\"column-4\">$2,328<\/td>\n<\/tr>\n<tr class=\"row-3\">\n\t<td class=\"column-1\">BZE Airport \u2194 Dangriga Airport via Mountains &amp; Waterfalls<\/td><td class=\"column-2\">48 mins<\/td><td class=\"column-3\">$2,793<\/td><td class=\"column-4\"> \t$3,103<\/td>\n<\/tr>\n<tr class=\"row-4\">\n\t<td class=\"column-1\">BZE Airport \u2194 Dangriga Airport via Reef<\/td><td class=\"column-2\">48 mins<\/td><td class=\"column-3\">$2,793<\/td><td class=\"column-4\">$3,103<\/td>\n<\/tr>\n<tr class=\"row-5\">\n\t<td class=\"column-1\">BZE Airport \u2194 Dangriga Airport via Belize Blue Hole<\/td><td class=\"column-2\">1 hr 12 mins<\/td><td class=\"column-3\">$3,724<\/td><td class=\"column-4\">$4,138<\/td>\n<\/tr>\n<\/tbody>\n<\/table>\n<!-- #tablepress-31 from cache --><\/div>\n\t\t\t\t\t\t<\/div>\n\t\t\t\t<\/div>\n\t\t\t\t<div class=\"elementor-element elementor-element-c911da8 sc_fly_static elementor-widget elementor-widget-text-editor\" data-id=\"c911da8\" data-element_type=\"widget\" data-e-type=\"widget\" data-widget_type=\"text-editor.default\">\n\t\t\t\t<div class=\"elementor-widget-container\">\n\t\t\t\t\t\t\t\t\t<p>P\u00f3ngase en contacto con nosotros en <a href=\"mailto:reservations@thebelizecollection.com\">reservations@thebelizecollection.com<\/a> para reservar.<br>*Los vuelos deben organizarse con al menos 30 d\u00edas de antelaci\u00f3n.<\/p>\t\t\t\t\t\t\t\t<\/div>\n\t\t\t\t<\/div>\n\t\t\t\t\t<\/div>\n\t\t\t\t<\/div>\n\t\t\t\t<\/div>\n\t\t","protected":false},"excerpt":{"rendered":"<p>C\u00f3mo llegar Mapa de vuelos \u00a1Llegar a Belice nunca ha sido tan f\u00e1cil! Las principales aerol\u00edneas, incluidas American Airlines, WestJet, JetBlue, Alaska Airlines, Delta Airlines, Southwest Airlines, SunCountry Airlines, Air&hellip;<\/p>\n","protected":false},"author":1,"featured_media":0,"parent":0,"menu_order":0,"comment_status":"closed","ping_status":"closed","template":"","meta":{"footnotes":""},"class_list":["post-45079","page","type-page","status-publish","hentry"],"yoast_head":"<!-- This site is optimized with the Yoast SEO plugin v27.5 - https:\/\/yoast.com\/product\/yoast-seo-wordpress\/ -->\n<title>C\u00f3mo llegar - The Lodge At Jaguar Reef<\/title>\n<meta name=\"robots\" content=\"index, follow, max-snippet:-1, max-image-preview:large, max-video-preview:-1\" \/>\n<link rel=\"canonical\" href=\"https:\/\/jaguarreefbelize.com\/es\/como-llegar\/\" \/>\n<meta property=\"og:locale\" content=\"es_ES\" \/>\n<meta property=\"og:type\" content=\"article\" \/>\n<meta property=\"og:title\" content=\"C\u00f3mo llegar - The Lodge At Jaguar Reef\" \/>\n<meta property=\"og:description\" content=\"C\u00f3mo llegar Mapa de vuelos \u00a1Llegar a Belice nunca ha sido tan f\u00e1cil! Las principales aerol\u00edneas, incluidas American Airlines, WestJet, JetBlue, Alaska Airlines, Delta Airlines, Southwest Airlines, SunCountry Airlines, Air&hellip;\" \/>\n<meta property=\"og:url\" content=\"https:\/\/jaguarreefbelize.com\/es\/como-llegar\/\" \/>\n<meta property=\"og:site_name\" content=\"The Lodge At Jaguar Reef\" \/>\n<meta property=\"article:modified_time\" content=\"2026-05-05T14:06:02+00:00\" \/>\n<meta property=\"og:image\" content=\"https:\/\/jaguarreefbelize.com\/wp-content\/uploads\/2026\/02\/JR_Intl-Map.jpg\" \/>\n\t<meta property=\"og:image:width\" content=\"2048\" \/>\n\t<meta property=\"og:image:height\" content=\"1180\" \/>\n\t<meta property=\"og:image:type\" content=\"image\/jpeg\" \/>\n<meta name=\"twitter:card\" content=\"summary_large_image\" \/>\n<meta name=\"twitter:label1\" content=\"Tiempo de lectura\" \/>\n\t<meta name=\"twitter:data1\" content=\"1 minuto\" \/>\n<script type=\"application\/ld+json\" class=\"yoast-schema-graph\">{\"@context\":\"https:\\\/\\\/schema.org\",\"@graph\":[{\"@type\":\"WebPage\",\"@id\":\"https:\\\/\\\/jaguarreefbelize.com\\\/es\\\/como-llegar\\\/\",\"url\":\"https:\\\/\\\/jaguarreefbelize.com\\\/es\\\/como-llegar\\\/\",\"name\":\"C\u00f3mo llegar - The Lodge At Jaguar Reef\",\"isPartOf\":{\"@id\":\"https:\\\/\\\/jaguarreefbelize.com\\\/es\\\/#website\"},\"primaryImageOfPage\":{\"@id\":\"https:\\\/\\\/jaguarreefbelize.com\\\/es\\\/como-llegar\\\/#primaryimage\"},\"image\":{\"@id\":\"https:\\\/\\\/jaguarreefbelize.com\\\/es\\\/como-llegar\\\/#primaryimage\"},\"thumbnailUrl\":\"https:\\\/\\\/jaguarreefbelize.com\\\/wp-content\\\/uploads\\\/2026\\\/02\\\/JR_Intl-Map.jpg\",\"datePublished\":\"2026-02-13T15:05:35+00:00\",\"dateModified\":\"2026-05-05T14:06:02+00:00\",\"breadcrumb\":{\"@id\":\"https:\\\/\\\/jaguarreefbelize.com\\\/es\\\/como-llegar\\\/#breadcrumb\"},\"inLanguage\":\"es\",\"potentialAction\":[{\"@type\":\"ReadAction\",\"target\":[\"https:\\\/\\\/jaguarreefbelize.com\\\/es\\\/como-llegar\\\/\"]}]},{\"@type\":\"ImageObject\",\"inLanguage\":\"es\",\"@id\":\"https:\\\/\\\/jaguarreefbelize.com\\\/es\\\/como-llegar\\\/#primaryimage\",\"url\":\"https:\\\/\\\/jaguarreefbelize.com\\\/wp-content\\\/uploads\\\/2026\\\/02\\\/JR_Intl-Map.jpg\",\"contentUrl\":\"https:\\\/\\\/jaguarreefbelize.com\\\/wp-content\\\/uploads\\\/2026\\\/02\\\/JR_Intl-Map.jpg\"},{\"@type\":\"BreadcrumbList\",\"@id\":\"https:\\\/\\\/jaguarreefbelize.com\\\/es\\\/como-llegar\\\/#breadcrumb\",\"itemListElement\":[{\"@type\":\"ListItem\",\"position\":1,\"name\":\"Home\",\"item\":\"https:\\\/\\\/jaguarreefbelize.com\\\/es\\\/the-lodge-at-jaguar-reef\\\/\"},{\"@type\":\"ListItem\",\"position\":2,\"name\":\"C\u00f3mo llegar\"}]},{\"@type\":\"WebSite\",\"@id\":\"https:\\\/\\\/jaguarreefbelize.com\\\/es\\\/#website\",\"url\":\"https:\\\/\\\/jaguarreefbelize.com\\\/es\\\/\",\"name\":\"The Lodge At Jaguar Reef\",\"description\":\"A beach chic getaway in Hopkins, Belize\",\"publisher\":{\"@id\":\"https:\\\/\\\/jaguarreefbelize.com\\\/es\\\/#organization\"},\"potentialAction\":[{\"@type\":\"SearchAction\",\"target\":{\"@type\":\"EntryPoint\",\"urlTemplate\":\"https:\\\/\\\/jaguarreefbelize.com\\\/es\\\/?s={search_term_string}\"},\"query-input\":{\"@type\":\"PropertyValueSpecification\",\"valueRequired\":true,\"valueName\":\"search_term_string\"}}],\"inLanguage\":\"es\"},{\"@type\":\"Organization\",\"@id\":\"https:\\\/\\\/jaguarreefbelize.com\\\/es\\\/#organization\",\"name\":\"The Lodge At Jaguar Reef\",\"url\":\"https:\\\/\\\/jaguarreefbelize.com\\\/es\\\/\",\"logo\":{\"@type\":\"ImageObject\",\"inLanguage\":\"es\",\"@id\":\"https:\\\/\\\/jaguarreefbelize.com\\\/es\\\/#\\\/schema\\\/logo\\\/image\\\/\",\"url\":\"https:\\\/\\\/jaguarreefbelize.com\\\/wp-content\\\/uploads\\\/2025\\\/12\\\/JRL-long-logo.png\",\"contentUrl\":\"https:\\\/\\\/jaguarreefbelize.com\\\/wp-content\\\/uploads\\\/2025\\\/12\\\/JRL-long-logo.png\",\"width\":1000,\"height\":182,\"caption\":\"The Lodge At Jaguar Reef\"},\"image\":{\"@id\":\"https:\\\/\\\/jaguarreefbelize.com\\\/es\\\/#\\\/schema\\\/logo\\\/image\\\/\"}}]}<\/script>\n<!-- \/ Yoast SEO plugin. -->","yoast_head_json":{"title":"C\u00f3mo llegar - The Lodge At Jaguar Reef","robots":{"index":"index","follow":"follow","max-snippet":"max-snippet:-1","max-image-preview":"max-image-preview:large","max-video-preview":"max-video-preview:-1"},"canonical":"https:\/\/jaguarreefbelize.com\/es\/como-llegar\/","og_locale":"es_ES","og_type":"article","og_title":"C\u00f3mo llegar - The Lodge At Jaguar Reef","og_description":"C\u00f3mo llegar Mapa de vuelos \u00a1Llegar a Belice nunca ha sido tan f\u00e1cil! Las principales aerol\u00edneas, incluidas American Airlines, WestJet, JetBlue, Alaska Airlines, Delta Airlines, Southwest Airlines, SunCountry Airlines, Air&hellip;","og_url":"https:\/\/jaguarreefbelize.com\/es\/como-llegar\/","og_site_name":"The Lodge At Jaguar Reef","article_modified_time":"2026-05-05T14:06:02+00:00","og_image":[{"width":2048,"height":1180,"url":"https:\/\/jaguarreefbelize.com\/wp-content\/uploads\/2026\/02\/JR_Intl-Map.jpg","type":"image\/jpeg"}],"twitter_card":"summary_large_image","twitter_misc":{"Tiempo de lectura":"1 minuto"},"schema":{"@context":"https:\/\/schema.org","@graph":[{"@type":"WebPage","@id":"https:\/\/jaguarreefbelize.com\/es\/como-llegar\/","url":"https:\/\/jaguarreefbelize.com\/es\/como-llegar\/","name":"C\u00f3mo llegar - The Lodge At Jaguar Reef","isPartOf":{"@id":"https:\/\/jaguarreefbelize.com\/es\/#website"},"primaryImageOfPage":{"@id":"https:\/\/jaguarreefbelize.com\/es\/como-llegar\/#primaryimage"},"image":{"@id":"https:\/\/jaguarreefbelize.com\/es\/como-llegar\/#primaryimage"},"thumbnailUrl":"https:\/\/jaguarreefbelize.com\/wp-content\/uploads\/2026\/02\/JR_Intl-Map.jpg","datePublished":"2026-02-13T15:05:35+00:00","dateModified":"2026-05-05T14:06:02+00:00","breadcrumb":{"@id":"https:\/\/jaguarreefbelize.com\/es\/como-llegar\/#breadcrumb"},"inLanguage":"es","potentialAction":[{"@type":"ReadAction","target":["https:\/\/jaguarreefbelize.com\/es\/como-llegar\/"]}]},{"@type":"ImageObject","inLanguage":"es","@id":"https:\/\/jaguarreefbelize.com\/es\/como-llegar\/#primaryimage","url":"https:\/\/jaguarreefbelize.com\/wp-content\/uploads\/2026\/02\/JR_Intl-Map.jpg","contentUrl":"https:\/\/jaguarreefbelize.com\/wp-content\/uploads\/2026\/02\/JR_Intl-Map.jpg"},{"@type":"BreadcrumbList","@id":"https:\/\/jaguarreefbelize.com\/es\/como-llegar\/#breadcrumb","itemListElement":[{"@type":"ListItem","position":1,"name":"Home","item":"https:\/\/jaguarreefbelize.com\/es\/the-lodge-at-jaguar-reef\/"},{"@type":"ListItem","position":2,"name":"C\u00f3mo llegar"}]},{"@type":"WebSite","@id":"https:\/\/jaguarreefbelize.com\/es\/#website","url":"https:\/\/jaguarreefbelize.com\/es\/","name":"The Lodge At Jaguar Reef","description":"A beach chic getaway in Hopkins, Belize","publisher":{"@id":"https:\/\/jaguarreefbelize.com\/es\/#organization"},"potentialAction":[{"@type":"SearchAction","target":{"@type":"EntryPoint","urlTemplate":"https:\/\/jaguarreefbelize.com\/es\/?s={search_term_string}"},"query-input":{"@type":"PropertyValueSpecification","valueRequired":true,"valueName":"search_term_string"}}],"inLanguage":"es"},{"@type":"Organization","@id":"https:\/\/jaguarreefbelize.com\/es\/#organization","name":"The Lodge At Jaguar Reef","url":"https:\/\/jaguarreefbelize.com\/es\/","logo":{"@type":"ImageObject","inLanguage":"es","@id":"https:\/\/jaguarreefbelize.com\/es\/#\/schema\/logo\/image\/","url":"https:\/\/jaguarreefbelize.com\/wp-content\/uploads\/2025\/12\/JRL-long-logo.png","contentUrl":"https:\/\/jaguarreefbelize.com\/wp-content\/uploads\/2025\/12\/JRL-long-logo.png","width":1000,"height":182,"caption":"The Lodge At Jaguar Reef"},"image":{"@id":"https:\/\/jaguarreefbelize.com\/es\/#\/schema\/logo\/image\/"}}]}},"jetpack_sharing_enabled":true,"_links":{"self":[{"href":"https:\/\/jaguarreefbelize.com\/es\/wp-json\/wp\/v2\/pages\/45079","targetHints":{"allow":["GET"]}}],"collection":[{"href":"https:\/\/jaguarreefbelize.com\/es\/wp-json\/wp\/v2\/pages"}],"about":[{"href":"https:\/\/jaguarreefbelize.com\/es\/wp-json\/wp\/v2\/types\/page"}],"author":[{"embeddable":true,"href":"https:\/\/jaguarreefbelize.com\/es\/wp-json\/wp\/v2\/users\/1"}],"replies":[{"embeddable":true,"href":"https:\/\/jaguarreefbelize.com\/es\/wp-json\/wp\/v2\/comments?post=45079"}],"version-history":[{"count":1,"href":"https:\/\/jaguarreefbelize.com\/es\/wp-json\/wp\/v2\/pages\/45079\/revisions"}],"predecessor-version":[{"id":45086,"href":"https:\/\/jaguarreefbelize.com\/es\/wp-json\/wp\/v2\/pages\/45079\/revisions\/45086"}],"wp:attachment":[{"href":"https:\/\/jaguarreefbelize.com\/es\/wp-json\/wp\/v2\/media?parent=45079"}],"curies":[{"name":"wp","href":"https:\/\/api.w.org\/{rel}","templated":true}]}}