{"id":45015,"date":"2026-02-19T11:05:45","date_gmt":"2026-02-19T17:05:45","guid":{"rendered":"https:\/\/jaguarreefbelize.com\/charlies-pool-bar\/"},"modified":"2026-05-05T08:04:54","modified_gmt":"2026-05-05T14:04:54","slug":"charlies-pool-bar","status":"publish","type":"page","link":"https:\/\/jaguarreefbelize.com\/es\/charlies-pool-bar\/","title":{"rendered":"Charlie&#8217;s Pool Bar"},"content":{"rendered":"\t\t<div data-elementor-type=\"wp-page\" data-elementor-id=\"45015\" class=\"elementor elementor-45015 elementor-43750\" data-elementor-post-type=\"page\">\n\t\t\t\t<div class=\"e-con-gap-no elementor-element elementor-element-2107ee6d e-con-full e-flex sc_layouts_column_icons_position_left e-con e-parent\" data-id=\"2107ee6d\" data-element_type=\"container\" data-e-type=\"container\" data-settings=\"{&quot;background_background&quot;:&quot;classic&quot;,&quot;background_motion_fx_motion_fx_scrolling&quot;:&quot;yes&quot;,&quot;background_motion_fx_translateY_effect&quot;:&quot;yes&quot;,&quot;background_motion_fx_translateY_speed&quot;:{&quot;unit&quot;:&quot;px&quot;,&quot;size&quot;:4,&quot;sizes&quot;:[]},&quot;background_motion_fx_translateY_affectedRange&quot;:{&quot;unit&quot;:&quot;%&quot;,&quot;size&quot;:&quot;&quot;,&quot;sizes&quot;:{&quot;start&quot;:0,&quot;end&quot;:100}},&quot;background_motion_fx_devices&quot;:[&quot;desktop&quot;,&quot;tablet&quot;,&quot;mobile&quot;]}\">\n\t\t\t\t<\/div>\n\t\t<div class=\"elementor-element elementor-element-399f02dc e-flex e-con-boxed sc_layouts_column_icons_position_left e-con e-parent\" data-id=\"399f02dc\" data-element_type=\"container\" data-e-type=\"container\">\n\t\t\t\t\t<div class=\"e-con-inner\">\n\t\t\t\t<div class=\"elementor-element elementor-element-622e3de8 sc_fly_static elementor-widget elementor-widget-heading\" data-id=\"622e3de8\" data-element_type=\"widget\" data-e-type=\"widget\" data-widget_type=\"heading.default\">\n\t\t\t\t<div class=\"elementor-widget-container\">\n\t\t\t\t\t<h2 class=\"elementor-heading-title elementor-size-default\">Charlie's Pool Bar<\/h2>\t\t\t\t<\/div>\n\t\t\t\t<\/div>\n\t\t\t\t<div class=\"elementor-element elementor-element-578122a sc_fly_static elementor-widget elementor-widget-text-editor\" data-id=\"578122a\" data-element_type=\"widget\" data-e-type=\"widget\" data-widget_type=\"text-editor.default\">\n\t\t\t\t<div class=\"elementor-widget-container\">\n\t\t\t\t\t\t\t\t\t<p><strong>Nade hasta la barra y rel\u00e1jese<\/strong><\/p>\t\t\t\t\t\t\t\t<\/div>\n\t\t\t\t<\/div>\n\t\t\t\t<div class=\"elementor-element elementor-element-10f14a6a sc_fly_static elementor-widget elementor-widget-text-editor\" data-id=\"10f14a6a\" data-element_type=\"widget\" data-e-type=\"widget\" data-widget_type=\"text-editor.default\">\n\t\t\t\t<div class=\"elementor-widget-container\">\n\t\t\t\t\t\t\t\t\t<p>Nade hasta la barra, tome un sorbo y disfrute del sol en Charlie\u2019s Pool Bar. El lugar perfecto para darse un chapuz\u00f3n sin aventurarse en el mar; desl\u00edcese y pida una bebida sin tener que salir de la piscina. Charlie\u2019s Pool Bar es un c\u00edrculo perfecto con una configuraci\u00f3n de doble acceso: la mitad de la barra funciona como bar acu\u00e1tico y la otra mitad es accesible por tierra para quienes prefieren mantenerse secos y pedir sentados en un c\u00f3modo taburete. Elija entre una selecci\u00f3n de c\u00f3cteles locales y bebidas cl\u00e1sicas creadas espec\u00edficamente para la experiencia local de Hopkins, beba y rel\u00e1jese. <\/p>\t\t\t\t\t\t\t\t<\/div>\n\t\t\t\t<\/div>\n\t\t\t\t<div class=\"elementor-element elementor-element-2a29447 e-transform elementor-view-default elementor-position-block-start elementor-mobile-position-block-start sc_fly_static elementor-widget elementor-widget-icon-box\" data-id=\"2a29447\" data-element_type=\"widget\" data-e-type=\"widget\" data-settings=\"{&quot;_transform_scale_effect_hover&quot;:{&quot;unit&quot;:&quot;px&quot;,&quot;size&quot;:0.9,&quot;sizes&quot;:[]},&quot;_transform_scale_effect_hover_tablet&quot;:{&quot;unit&quot;:&quot;px&quot;,&quot;size&quot;:&quot;&quot;,&quot;sizes&quot;:[]},&quot;_transform_scale_effect_hover_mobile&quot;:{&quot;unit&quot;:&quot;px&quot;,&quot;size&quot;:&quot;&quot;,&quot;sizes&quot;:[]}}\" data-widget_type=\"icon-box.default\">\n\t\t\t\t<div class=\"elementor-widget-container\">\n\t\t\t\t\t\t\t<div class=\"elementor-icon-box-wrapper\">\n\n\t\t\t\t\t\t<div class=\"elementor-icon-box-icon\">\n\t\t\t\t<a href=\"#elementor-action%3Aaction%3Dpopup%3Aopen%26settings%3DeyJpZCI6NDIyODksInRvZ2dsZSI6ZmFsc2V9\" class=\"elementor-icon\" tabindex=\"-1\" aria-label=\"Carta del bar\">\n\t\t\t\t<svg xmlns=\"http:\/\/www.w3.org\/2000\/svg\" height=\"512\" viewBox=\"0 0 64 64\" width=\"512\"><g id=\"_28-cocktail\" data-name=\"28-cocktail\"><path d=\"m63 0h-38a1 1 0 0 0 -.883 1.469l5.332 10.036a13.014 13.014 0 0 0 -9.4 11.5h-5.636l-3.445-13.257a1 1 0 0 0 -.968-.748h-9a1 1 0 0 0 -1 1v4a1 1 0 0 0 1 1h5.228l2.087 8h-3.315a1 1 0 0 0 -1 1.105l4.146 39a1 1 0 0 0 1 .9h19.708a1 1 0 0 0 1-.9l2.777-26.124c.125 0 .248.019.374.019a12.922 12.922 0 0 0 8-2.775v25.082l-7.352 2.756a1 1 0 0 0 .347 1.937h20a1 1 0 0 0 .352-1.937l-7.352-2.756v-26.059l16.883-31.779a1 1 0 0 0 -.883-1.469zm-19.775 32a12.967 12.967 0 0 0 -9.325-20.954 8.379 8.379 0 0 1 4.3-1.146 7.038 7.038 0 0 1 5.045 2.755 8.949 8.949 0 0 0 6.471 3.445c.122 0 .242.007.362.007a10.129 10.129 0 0 0 4.32-1.05l-8.998 16.943zm-1.777-15.034a10.946 10.946 0 0 1 2.501 6.034h-8.535zm-7.448 4.62v-8.535a10.946 10.946 0 0 1 6.034 2.5zm-2-8.535v8.535l-6.034-6.034a10.946 10.946 0 0 1 6.034-2.501zm-1.414 9.949h-8.535a10.946 10.946 0 0 1 2.5-6.034zm0 2-6.034 6.034a10.946 10.946 0 0 1 -2.501-6.034zm1.121 1.707-.859 8.079a10.97 10.97 0 0 1 -4.882-2.338zm2.293-.293 6.034 6.034a10.946 10.946 0 0 1 -6.034 2.501zm1.414-1.414h8.535a10.946 10.946 0 0 1 -2.5 6.034zm-27.446-11.252a1 1 0 0 0 -.968-.748h-5v-2h7.227l3.12 12h-1.965zm19.987 48.252h-17.91l-2.551-24h14.506v-2h-4.207l-2.665-10.252-1.936.5 2.535 9.752h-1.954l-2.673-10.252-1.935.5 2.541 9.752h-4.425l-1.169-11h13.939a13.019 13.019 0 0 0 7.957 11h-2.008v2h4.506zm20.53 0h-8.97l2.837-1.063a1 1 0 0 0 .648-.937v-26h2v26a1 1 0 0 0 .648.937zm7.867-50.618c-.551.5-3.351 2.868-6.548 2.723a7.038 7.038 0 0 1 -5.045-2.755 8.949 8.949 0 0 0 -6.475-3.45 11.523 11.523 0 0 0 -7.136 2.545l-4.484-8.445h34.672z\"><\/path><path d=\"m24 20h2v2h-2z\"><\/path><path d=\"m24 26h2v2h-2z\"><\/path><path d=\"m28 31h2v2h-2z\"><\/path><path d=\"m35 31h2v2h-2z\"><\/path><path d=\"m40 26h2v2h-2z\"><\/path><path d=\"m40 20h2v2h-2z\"><\/path><path d=\"m35 15h2v2h-2z\"><\/path><path d=\"m29 15h2v2h-2z\"><\/path><path d=\"m18.508 38.748-1.936.5 5.135 19.752h-1.935l-5.282-20.252-1.936.5 5.478 21a1 1 0 0 0 .968.752h4a1 1 0 0 0 .968-1.252z\"><\/path><path d=\"m26 41h2v2h-2z\"><\/path><path d=\"m24 45h2v2h-2z\"><\/path><path d=\"m50 6h2v2h-2z\"><\/path><path d=\"m53 9h2v2h-2z\"><\/path><path d=\"m54 4h2v2h-2z\"><\/path><path d=\"m61 29.5a.5.5 0 0 1 -1 0v-3a2.5 2.5 0 0 0 -5 0v8a.5.5 0 0 1 -1 0v-8h-2v8a2.5 2.5 0 0 0 5 0v-8a.5.5 0 0 1 1 0v3a2.5 2.5 0 0 0 5 0v-6.5h-2z\"><\/path><path d=\"m58 45v-3a3 3 0 0 0 -6 0v3a3 3 0 0 0 6 0zm-2 0a1 1 0 0 1 -2 0v-3a1 1 0 0 1 2 0z\"><\/path><path d=\"m60 45h2v2h-2z\"><\/path><path d=\"m57 49h2v2h-2z\"><\/path><path d=\"m61 52h2v2h-2z\"><\/path><\/g><\/svg>\t\t\t\t<\/a>\n\t\t\t<\/div>\n\t\t\t\n\t\t\t\t\t\t<div class=\"elementor-icon-box-content\">\n\n\t\t\t\t\t\t\t\t\t<h3 class=\"elementor-icon-box-title\">\n\t\t\t\t\t\t<a href=\"#elementor-action%3Aaction%3Dpopup%3Aopen%26settings%3DeyJpZCI6NDIyODksInRvZ2dsZSI6ZmFsc2V9\" >\n\t\t\t\t\t\t\tCarta del bar\t\t\t\t\t\t<\/a>\n\t\t\t\t\t<\/h3>\n\t\t\t\t\n\t\t\t\t\n\t\t\t<\/div>\n\t\t\t\n\t\t<\/div>\n\t\t\t\t\t\t<\/div>\n\t\t\t\t<\/div>\n\t\t\t\t\t<\/div>\n\t\t\t\t<\/div>\n\t\t<div class=\"elementor-element elementor-element-aa36e5b e-flex e-con-boxed sc_layouts_column_icons_position_left e-con e-parent\" data-id=\"aa36e5b\" data-element_type=\"container\" data-e-type=\"container\">\n\t\t\t\t\t<div class=\"e-con-inner\">\n\t\t\t\t<div class=\"elementor-element elementor-element-9bc61a2 sc_fly_static elementor-widget elementor-widget-spacer\" data-id=\"9bc61a2\" data-element_type=\"widget\" data-e-type=\"widget\" data-widget_type=\"spacer.default\">\n\t\t\t\t<div class=\"elementor-widget-container\">\n\t\t\t\t\t\t\t<div class=\"elementor-spacer\">\n\t\t\t<div class=\"elementor-spacer-inner\"><\/div>\n\t\t<\/div>\n\t\t\t\t\t\t<\/div>\n\t\t\t\t<\/div>\n\t\t\t\t\t<\/div>\n\t\t\t\t<\/div>\n\t\t<div class=\"elementor-element elementor-element-4b5ae31 e-flex e-con-boxed sc_layouts_column_icons_position_left e-con e-parent\" data-id=\"4b5ae31\" data-element_type=\"container\" data-e-type=\"container\">\n\t\t\t\t\t<div class=\"e-con-inner\">\n\t\t<div class=\"elementor-element elementor-element-5c95204 e-con-full e-flex sc_layouts_column_icons_position_left e-con e-child\" data-id=\"5c95204\" data-element_type=\"container\" data-e-type=\"container\">\n\t\t\t\t<div class=\"elementor-element elementor-element-b11cd33 sc_fly_static elementor-widget elementor-widget-heading\" data-id=\"b11cd33\" data-element_type=\"widget\" data-e-type=\"widget\" data-widget_type=\"heading.default\">\n\t\t\t\t<div class=\"elementor-widget-container\">\n\t\t\t\t\t<h2 class=\"elementor-heading-title elementor-size-default\">Informaci\u00f3n del bar<\/h2>\t\t\t\t<\/div>\n\t\t\t\t<\/div>\n\t\t\t\t<div class=\"elementor-element elementor-element-0c38dd4 sc_fly_static elementor-widget elementor-widget-text-editor\" data-id=\"0c38dd4\" data-element_type=\"widget\" data-e-type=\"widget\" data-widget_type=\"text-editor.default\">\n\t\t\t\t<div class=\"elementor-widget-container\">\n\t\t\t\t\t\t\t\t\t<p><strong>Horario de apertura<\/strong><\/p>\t\t\t\t\t\t\t\t<\/div>\n\t\t\t\t<\/div>\n\t\t\t\t<div class=\"elementor-element elementor-element-0b7c565 sc_fly_static elementor-widget elementor-widget-text-editor\" data-id=\"0b7c565\" data-element_type=\"widget\" data-e-type=\"widget\" data-widget_type=\"text-editor.default\">\n\t\t\t\t<div class=\"elementor-widget-container\">\n\t\t\t\t\t\t\t\t\t<p>De 12:00 a 20:00<\/p>\t\t\t\t\t\t\t\t<\/div>\n\t\t\t\t<\/div>\n\t\t\t\t<div class=\"elementor-element elementor-element-e12714b sc_fly_static elementor-widget elementor-widget-text-editor\" data-id=\"e12714b\" data-element_type=\"widget\" data-e-type=\"widget\" data-widget_type=\"text-editor.default\">\n\t\t\t\t<div class=\"elementor-widget-container\">\n\t\t\t\t\t\t\t\t\t<p><strong>Hora feliz<\/strong><\/p>\t\t\t\t\t\t\t\t<\/div>\n\t\t\t\t<\/div>\n\t\t\t\t<div class=\"elementor-element elementor-element-26f55ed sc_fly_static elementor-widget elementor-widget-text-editor\" data-id=\"26f55ed\" data-element_type=\"widget\" data-e-type=\"widget\" data-widget_type=\"text-editor.default\">\n\t\t\t\t<div class=\"elementor-widget-container\">\n\t\t\t\t\t\t\t\t\t<p>De 14:00 a 16:00<\/p>\t\t\t\t\t\t\t\t<\/div>\n\t\t\t\t<\/div>\n\t\t\t\t<div class=\"elementor-element elementor-element-9ddd89e sc_fly_static elementor-widget elementor-widget-text-editor\" data-id=\"9ddd89e\" data-element_type=\"widget\" data-e-type=\"widget\" data-widget_type=\"text-editor.default\">\n\t\t\t\t<div class=\"elementor-widget-container\">\n\t\t\t\t\t\t\t\t\t<p><strong>Beba y rel\u00e1jese<\/strong><\/p>\t\t\t\t\t\t\t\t<\/div>\n\t\t\t\t<\/div>\n\t\t\t\t<div class=\"elementor-element elementor-element-022fb3f sc_fly_static elementor-widget elementor-widget-text-editor\" data-id=\"022fb3f\" data-element_type=\"widget\" data-e-type=\"widget\" data-widget_type=\"text-editor.default\">\n\t\t\t\t<div class=\"elementor-widget-container\">\n\t\t\t\t\t\t\t\t\t<p>Simplemente rel\u00e1jese y deje que nosotros vayamos a usted. Para realizar un pedido o hacer una solicitud, env\u00ede un mensaje a nuestro equipo de recepci\u00f3n directamente por WhatsApp al<a href=\"callto:+501%20615-6208\"> +501 615-6208<\/a> para un servicio r\u00e1pido y c\u00f3modo durante toda su estancia.<\/p>\t\t\t\t\t\t\t\t<\/div>\n\t\t\t\t<\/div>\n\t\t\t\t<\/div>\n\t\t<div class=\"elementor-element elementor-element-5924d23 e-con-full e-flex sc_layouts_column_icons_position_left e-con e-child\" data-id=\"5924d23\" data-element_type=\"container\" data-e-type=\"container\">\n\t\t\t\t<div class=\"elementor-element elementor-element-b4bf950 elementor-arrows-position-inside elementor-pagination-position-outside sc_fly_static elementor-widget elementor-widget-image-carousel\" data-id=\"b4bf950\" data-element_type=\"widget\" data-e-type=\"widget\" data-settings=\"{&quot;slides_to_show&quot;:&quot;1&quot;,&quot;effect&quot;:&quot;fade&quot;,&quot;navigation&quot;:&quot;both&quot;,&quot;autoplay&quot;:&quot;yes&quot;,&quot;autoplay_speed&quot;:5000,&quot;infinite&quot;:&quot;yes&quot;,&quot;speed&quot;:500}\" data-widget_type=\"image-carousel.default\">\n\t\t\t\t<div class=\"elementor-widget-container\">\n\t\t\t\t\t\t\t<div class=\"elementor-image-carousel-wrapper swiper\" role=\"region\" aria-roledescription=\"carousel\" aria-label=\"Image Carousel\" dir=\"ltr\">\n\t\t\t<div class=\"elementor-image-carousel swiper-wrapper\" aria-live=\"off\">\n\t\t\t\t\t\t\t\t<div class=\"swiper-slide\" role=\"group\" aria-roledescription=\"slide\" aria-label=\"1 de 4\"><figure class=\"swiper-slide-inner\"><img decoding=\"async\" class=\"swiper-slide-image\" src=\"https:\/\/jaguarreefbelize.com\/wp-content\/uploads\/2026\/02\/MO33011.jpg\" alt=\"MO3301~1\" \/><\/figure><\/div><div class=\"swiper-slide\" role=\"group\" aria-roledescription=\"slide\" aria-label=\"2 de 4\"><figure class=\"swiper-slide-inner\"><img decoding=\"async\" class=\"swiper-slide-image\" src=\"https:\/\/jaguarreefbelize.com\/wp-content\/uploads\/2026\/02\/JAGUAR-REEF-0974-webopd.webp\" alt=\"JAGUAR-REEF-0974 webopd\" \/><\/figure><\/div><div class=\"swiper-slide\" role=\"group\" aria-roledescription=\"slide\" aria-label=\"3 de 4\"><figure class=\"swiper-slide-inner\"><img decoding=\"async\" class=\"swiper-slide-image\" src=\"https:\/\/jaguarreefbelize.com\/wp-content\/uploads\/2026\/02\/MO0DC41.jpg\" alt=\"MO0DC4~1\" \/><\/figure><\/div><div class=\"swiper-slide\" role=\"group\" aria-roledescription=\"slide\" aria-label=\"4 de 4\"><figure class=\"swiper-slide-inner\"><img decoding=\"async\" class=\"swiper-slide-image\" src=\"https:\/\/jaguarreefbelize.com\/wp-content\/uploads\/2026\/02\/JAGUAR-REEF-0992-webopd.webp\" alt=\"JAGUAR-REEF-0992 webopd\" \/><\/figure><\/div>\t\t\t<\/div>\n\t\t\t\t\t\t\t\t\t\t\t\t<div class=\"elementor-swiper-button elementor-swiper-button-prev\" role=\"button\" tabindex=\"0\">\n\t\t\t\t\t\t<svg aria-hidden=\"true\" class=\"e-font-icon-svg e-eicon-chevron-left\" viewBox=\"0 0 1000 1000\" xmlns=\"http:\/\/www.w3.org\/2000\/svg\"><path d=\"M646 125C629 125 613 133 604 142L308 442C296 454 292 471 292 487 292 504 296 521 308 533L604 854C617 867 629 875 646 875 663 875 679 871 692 858 704 846 713 829 713 812 713 796 708 779 692 767L438 487 692 225C700 217 708 204 708 187 708 171 704 154 692 142 675 129 663 125 646 125Z\"><\/path><\/svg>\t\t\t\t\t<\/div>\n\t\t\t\t\t<div class=\"elementor-swiper-button elementor-swiper-button-next\" role=\"button\" tabindex=\"0\">\n\t\t\t\t\t\t<svg aria-hidden=\"true\" class=\"e-font-icon-svg e-eicon-chevron-right\" viewBox=\"0 0 1000 1000\" xmlns=\"http:\/\/www.w3.org\/2000\/svg\"><path d=\"M696 533C708 521 713 504 713 487 713 471 708 454 696 446L400 146C388 133 375 125 354 125 338 125 325 129 313 142 300 154 292 171 292 187 292 204 296 221 308 233L563 492 304 771C292 783 288 800 288 817 288 833 296 850 308 863 321 871 338 875 354 875 371 875 388 867 400 854L696 533Z\"><\/path><\/svg>\t\t\t\t\t<\/div>\n\t\t\t\t\n\t\t\t\t\t\t\t\t\t<div class=\"swiper-pagination\"><\/div>\n\t\t\t\t\t\t\t\t\t<\/div>\n\t\t\t\t\t\t<\/div>\n\t\t\t\t<\/div>\n\t\t\t\t<\/div>\n\t\t\t\t\t<\/div>\n\t\t\t\t<\/div>\n\t\t\t\t<\/div>\n\t\t","protected":false},"excerpt":{"rendered":"<p>Charlie&#8217;s Pool Bar Nade hasta la barra y rel\u00e1jese Nade hasta la barra, tome un sorbo y disfrute del sol en Charlie\u2019s Pool Bar. El lugar perfecto para darse un&hellip;<\/p>\n","protected":false},"author":1,"featured_media":0,"parent":0,"menu_order":0,"comment_status":"closed","ping_status":"closed","template":"","meta":{"footnotes":""},"class_list":["post-45015","page","type-page","status-publish","hentry"],"yoast_head":"<!-- This site is optimized with the Yoast SEO plugin v27.5 - https:\/\/yoast.com\/product\/yoast-seo-wordpress\/ -->\n<title>Charlie&#039;s Pool Bar - The Lodge At Jaguar Reef<\/title>\n<meta name=\"robots\" content=\"index, follow, max-snippet:-1, max-image-preview:large, max-video-preview:-1\" \/>\n<link rel=\"canonical\" href=\"https:\/\/jaguarreefbelize.com\/es\/charlies-pool-bar\/\" \/>\n<meta property=\"og:locale\" content=\"es_ES\" \/>\n<meta property=\"og:type\" content=\"article\" \/>\n<meta property=\"og:title\" content=\"Charlie&#039;s Pool Bar - The Lodge At Jaguar Reef\" \/>\n<meta property=\"og:description\" content=\"Charlie&#8217;s Pool Bar Nade hasta la barra y rel\u00e1jese Nade hasta la barra, tome un sorbo y disfrute del sol en Charlie\u2019s Pool Bar. El lugar perfecto para darse un&hellip;\" \/>\n<meta property=\"og:url\" content=\"https:\/\/jaguarreefbelize.com\/es\/charlies-pool-bar\/\" \/>\n<meta property=\"og:site_name\" content=\"The Lodge At Jaguar Reef\" \/>\n<meta property=\"article:modified_time\" content=\"2026-05-05T14:04:54+00:00\" \/>\n<meta property=\"og:image\" content=\"https:\/\/jaguarreefbelize.com\/wp-content\/uploads\/2026\/02\/MO33011.jpg\" \/>\n<meta name=\"twitter:card\" content=\"summary_large_image\" \/>\n<meta name=\"twitter:label1\" content=\"Tiempo de lectura\" \/>\n\t<meta name=\"twitter:data1\" content=\"1 minuto\" \/>\n<script type=\"application\/ld+json\" class=\"yoast-schema-graph\">{\"@context\":\"https:\\\/\\\/schema.org\",\"@graph\":[{\"@type\":\"WebPage\",\"@id\":\"https:\\\/\\\/jaguarreefbelize.com\\\/es\\\/charlies-pool-bar\\\/\",\"url\":\"https:\\\/\\\/jaguarreefbelize.com\\\/es\\\/charlies-pool-bar\\\/\",\"name\":\"Charlie's Pool Bar - The Lodge At Jaguar Reef\",\"isPartOf\":{\"@id\":\"https:\\\/\\\/jaguarreefbelize.com\\\/es\\\/#website\"},\"primaryImageOfPage\":{\"@id\":\"https:\\\/\\\/jaguarreefbelize.com\\\/es\\\/charlies-pool-bar\\\/#primaryimage\"},\"image\":{\"@id\":\"https:\\\/\\\/jaguarreefbelize.com\\\/es\\\/charlies-pool-bar\\\/#primaryimage\"},\"thumbnailUrl\":\"https:\\\/\\\/jaguarreefbelize.com\\\/wp-content\\\/uploads\\\/2026\\\/02\\\/MO33011.jpg\",\"datePublished\":\"2026-02-19T17:05:45+00:00\",\"dateModified\":\"2026-05-05T14:04:54+00:00\",\"breadcrumb\":{\"@id\":\"https:\\\/\\\/jaguarreefbelize.com\\\/es\\\/charlies-pool-bar\\\/#breadcrumb\"},\"inLanguage\":\"es\",\"potentialAction\":[{\"@type\":\"ReadAction\",\"target\":[\"https:\\\/\\\/jaguarreefbelize.com\\\/es\\\/charlies-pool-bar\\\/\"]}]},{\"@type\":\"ImageObject\",\"inLanguage\":\"es\",\"@id\":\"https:\\\/\\\/jaguarreefbelize.com\\\/es\\\/charlies-pool-bar\\\/#primaryimage\",\"url\":\"https:\\\/\\\/jaguarreefbelize.com\\\/wp-content\\\/uploads\\\/2026\\\/02\\\/MO33011.jpg\",\"contentUrl\":\"https:\\\/\\\/jaguarreefbelize.com\\\/wp-content\\\/uploads\\\/2026\\\/02\\\/MO33011.jpg\"},{\"@type\":\"BreadcrumbList\",\"@id\":\"https:\\\/\\\/jaguarreefbelize.com\\\/es\\\/charlies-pool-bar\\\/#breadcrumb\",\"itemListElement\":[{\"@type\":\"ListItem\",\"position\":1,\"name\":\"Home\",\"item\":\"https:\\\/\\\/jaguarreefbelize.com\\\/es\\\/the-lodge-at-jaguar-reef\\\/\"},{\"@type\":\"ListItem\",\"position\":2,\"name\":\"Charlie&#8217;s Pool Bar\"}]},{\"@type\":\"WebSite\",\"@id\":\"https:\\\/\\\/jaguarreefbelize.com\\\/es\\\/#website\",\"url\":\"https:\\\/\\\/jaguarreefbelize.com\\\/es\\\/\",\"name\":\"The Lodge At Jaguar Reef\",\"description\":\"A beach chic getaway in Hopkins, Belize\",\"publisher\":{\"@id\":\"https:\\\/\\\/jaguarreefbelize.com\\\/es\\\/#organization\"},\"potentialAction\":[{\"@type\":\"SearchAction\",\"target\":{\"@type\":\"EntryPoint\",\"urlTemplate\":\"https:\\\/\\\/jaguarreefbelize.com\\\/es\\\/?s={search_term_string}\"},\"query-input\":{\"@type\":\"PropertyValueSpecification\",\"valueRequired\":true,\"valueName\":\"search_term_string\"}}],\"inLanguage\":\"es\"},{\"@type\":\"Organization\",\"@id\":\"https:\\\/\\\/jaguarreefbelize.com\\\/es\\\/#organization\",\"name\":\"The Lodge At Jaguar Reef\",\"url\":\"https:\\\/\\\/jaguarreefbelize.com\\\/es\\\/\",\"logo\":{\"@type\":\"ImageObject\",\"inLanguage\":\"es\",\"@id\":\"https:\\\/\\\/jaguarreefbelize.com\\\/es\\\/#\\\/schema\\\/logo\\\/image\\\/\",\"url\":\"https:\\\/\\\/jaguarreefbelize.com\\\/wp-content\\\/uploads\\\/2025\\\/12\\\/JRL-long-logo.png\",\"contentUrl\":\"https:\\\/\\\/jaguarreefbelize.com\\\/wp-content\\\/uploads\\\/2025\\\/12\\\/JRL-long-logo.png\",\"width\":1000,\"height\":182,\"caption\":\"The Lodge At Jaguar Reef\"},\"image\":{\"@id\":\"https:\\\/\\\/jaguarreefbelize.com\\\/es\\\/#\\\/schema\\\/logo\\\/image\\\/\"}}]}<\/script>\n<!-- \/ Yoast SEO plugin. -->","yoast_head_json":{"title":"Charlie's Pool Bar - The Lodge At Jaguar Reef","robots":{"index":"index","follow":"follow","max-snippet":"max-snippet:-1","max-image-preview":"max-image-preview:large","max-video-preview":"max-video-preview:-1"},"canonical":"https:\/\/jaguarreefbelize.com\/es\/charlies-pool-bar\/","og_locale":"es_ES","og_type":"article","og_title":"Charlie's Pool Bar - The Lodge At Jaguar Reef","og_description":"Charlie&#8217;s Pool Bar Nade hasta la barra y rel\u00e1jese Nade hasta la barra, tome un sorbo y disfrute del sol en Charlie\u2019s Pool Bar. El lugar perfecto para darse un&hellip;","og_url":"https:\/\/jaguarreefbelize.com\/es\/charlies-pool-bar\/","og_site_name":"The Lodge At Jaguar Reef","article_modified_time":"2026-05-05T14:04:54+00:00","og_image":[{"url":"https:\/\/jaguarreefbelize.com\/wp-content\/uploads\/2026\/02\/MO33011.jpg","type":"","width":"","height":""}],"twitter_card":"summary_large_image","twitter_misc":{"Tiempo de lectura":"1 minuto"},"schema":{"@context":"https:\/\/schema.org","@graph":[{"@type":"WebPage","@id":"https:\/\/jaguarreefbelize.com\/es\/charlies-pool-bar\/","url":"https:\/\/jaguarreefbelize.com\/es\/charlies-pool-bar\/","name":"Charlie's Pool Bar - The Lodge At Jaguar Reef","isPartOf":{"@id":"https:\/\/jaguarreefbelize.com\/es\/#website"},"primaryImageOfPage":{"@id":"https:\/\/jaguarreefbelize.com\/es\/charlies-pool-bar\/#primaryimage"},"image":{"@id":"https:\/\/jaguarreefbelize.com\/es\/charlies-pool-bar\/#primaryimage"},"thumbnailUrl":"https:\/\/jaguarreefbelize.com\/wp-content\/uploads\/2026\/02\/MO33011.jpg","datePublished":"2026-02-19T17:05:45+00:00","dateModified":"2026-05-05T14:04:54+00:00","breadcrumb":{"@id":"https:\/\/jaguarreefbelize.com\/es\/charlies-pool-bar\/#breadcrumb"},"inLanguage":"es","potentialAction":[{"@type":"ReadAction","target":["https:\/\/jaguarreefbelize.com\/es\/charlies-pool-bar\/"]}]},{"@type":"ImageObject","inLanguage":"es","@id":"https:\/\/jaguarreefbelize.com\/es\/charlies-pool-bar\/#primaryimage","url":"https:\/\/jaguarreefbelize.com\/wp-content\/uploads\/2026\/02\/MO33011.jpg","contentUrl":"https:\/\/jaguarreefbelize.com\/wp-content\/uploads\/2026\/02\/MO33011.jpg"},{"@type":"BreadcrumbList","@id":"https:\/\/jaguarreefbelize.com\/es\/charlies-pool-bar\/#breadcrumb","itemListElement":[{"@type":"ListItem","position":1,"name":"Home","item":"https:\/\/jaguarreefbelize.com\/es\/the-lodge-at-jaguar-reef\/"},{"@type":"ListItem","position":2,"name":"Charlie&#8217;s Pool Bar"}]},{"@type":"WebSite","@id":"https:\/\/jaguarreefbelize.com\/es\/#website","url":"https:\/\/jaguarreefbelize.com\/es\/","name":"The Lodge At Jaguar Reef","description":"A beach chic getaway in Hopkins, Belize","publisher":{"@id":"https:\/\/jaguarreefbelize.com\/es\/#organization"},"potentialAction":[{"@type":"SearchAction","target":{"@type":"EntryPoint","urlTemplate":"https:\/\/jaguarreefbelize.com\/es\/?s={search_term_string}"},"query-input":{"@type":"PropertyValueSpecification","valueRequired":true,"valueName":"search_term_string"}}],"inLanguage":"es"},{"@type":"Organization","@id":"https:\/\/jaguarreefbelize.com\/es\/#organization","name":"The Lodge At Jaguar Reef","url":"https:\/\/jaguarreefbelize.com\/es\/","logo":{"@type":"ImageObject","inLanguage":"es","@id":"https:\/\/jaguarreefbelize.com\/es\/#\/schema\/logo\/image\/","url":"https:\/\/jaguarreefbelize.com\/wp-content\/uploads\/2025\/12\/JRL-long-logo.png","contentUrl":"https:\/\/jaguarreefbelize.com\/wp-content\/uploads\/2025\/12\/JRL-long-logo.png","width":1000,"height":182,"caption":"The Lodge At Jaguar Reef"},"image":{"@id":"https:\/\/jaguarreefbelize.com\/es\/#\/schema\/logo\/image\/"}}]}},"jetpack_sharing_enabled":true,"_links":{"self":[{"href":"https:\/\/jaguarreefbelize.com\/es\/wp-json\/wp\/v2\/pages\/45015","targetHints":{"allow":["GET"]}}],"collection":[{"href":"https:\/\/jaguarreefbelize.com\/es\/wp-json\/wp\/v2\/pages"}],"about":[{"href":"https:\/\/jaguarreefbelize.com\/es\/wp-json\/wp\/v2\/types\/page"}],"author":[{"embeddable":true,"href":"https:\/\/jaguarreefbelize.com\/es\/wp-json\/wp\/v2\/users\/1"}],"replies":[{"embeddable":true,"href":"https:\/\/jaguarreefbelize.com\/es\/wp-json\/wp\/v2\/comments?post=45015"}],"version-history":[{"count":1,"href":"https:\/\/jaguarreefbelize.com\/es\/wp-json\/wp\/v2\/pages\/45015\/revisions"}],"predecessor-version":[{"id":45022,"href":"https:\/\/jaguarreefbelize.com\/es\/wp-json\/wp\/v2\/pages\/45015\/revisions\/45022"}],"wp:attachment":[{"href":"https:\/\/jaguarreefbelize.com\/es\/wp-json\/wp\/v2\/media?parent=45015"}],"curies":[{"name":"wp","href":"https:\/\/api.w.org\/{rel}","templated":true}]}}