{"id":45505,"date":"2026-02-13T09:05:35","date_gmt":"2026-02-13T15:05:35","guid":{"rendered":"https:\/\/jaguarreefbelize.com\/anreise\/"},"modified":"2026-05-05T08:17:57","modified_gmt":"2026-05-05T14:17:57","slug":"anreise","status":"publish","type":"page","link":"https:\/\/jaguarreefbelize.com\/de\/anreise\/","title":{"rendered":"Anreise"},"content":{"rendered":"\t\t<div data-elementor-type=\"wp-page\" data-elementor-id=\"45505\" class=\"elementor elementor-45505 elementor-43256\" data-elementor-post-type=\"page\">\n\t\t\t\t\t\t<section class=\"elementor-section elementor-top-section elementor-element elementor-element-7d29e6dd elementor-section-full_width elementor-section-height-min-height elementor-section-height-default elementor-section-items-middle sc_fly_static\" data-id=\"7d29e6dd\" data-element_type=\"section\" data-e-type=\"section\" data-settings=\"{&quot;background_background&quot;:&quot;classic&quot;}\">\n\t\t\t\t\t\t<div class=\"elementor-container elementor-column-gap-extended\">\n\t\t\t\t\t<div class=\"elementor-column elementor-col-100 elementor-top-column elementor-element elementor-element-1d1149ec sc_content_align_inherit sc_layouts_column_icons_position_left sc_fly_static\" data-id=\"1d1149ec\" data-element_type=\"column\" data-e-type=\"column\">\n\t\t\t<div class=\"elementor-widget-wrap\">\n\t\t\t\t\t\t\t<\/div>\n\t\t<\/div>\n\t\t\t\t\t<\/div>\n\t\t<\/section>\n\t\t\t\t<section data-animation-type=\"block\" class=\"elementor-section elementor-top-section elementor-element elementor-element-48c29b18 elementor-section-stretched elementor-section-boxed elementor-section-height-default elementor-section-height-default sc_fly_static\" data-id=\"48c29b18\" data-element_type=\"section\" data-e-type=\"section\" data-settings=\"{&quot;stretch_section&quot;:&quot;section-stretched&quot;,&quot;animation&quot;:&quot;none&quot;}\">\n\t\t\t\t\t\t<div class=\"elementor-container elementor-column-gap-extended\">\n\t\t\t\t\t<div class=\"elementor-column elementor-col-100 elementor-top-column elementor-element elementor-element-4c17d8cb sc_layouts_column_align_center sc_layouts_column sc_content_align_inherit sc_layouts_column_icons_position_left sc_fly_static\" data-id=\"4c17d8cb\" data-element_type=\"column\" data-e-type=\"column\">\n\t\t\t<div class=\"elementor-widget-wrap elementor-element-populated\">\n\t\t\t\t\t\t<div class=\"elementor-element elementor-element-3e4dbf90 elementor-widget__width-initial elementor-widget-mobile__width-inherit sc_fly_static elementor-widget elementor-widget-trx_sc_title\" data-id=\"3e4dbf90\" data-element_type=\"widget\" data-e-type=\"widget\" data-widget_type=\"trx_sc_title.default\">\n\t\t\t\t<div class=\"elementor-widget-container\">\n\t\t\t\t\t<div\t\tclass=\"sc_title color_style_dark sc_title_default\" ><h1 class=\"sc_item_title sc_title_title sc_align_center sc_item_title_style_default sc_item_title_tag\"\n\t\t\t><span class=\"sc_item_title_text\">Anreise<\/span><\/h1><\/div>\t\t\t\t<\/div>\n\t\t\t\t<\/div>\n\t\t\t\t\t<\/div>\n\t\t<\/div>\n\t\t\t\t\t<\/div>\n\t\t<\/section>\n\t\t<div class=\"elementor-element elementor-element-5537592 e-flex e-con-boxed sc_layouts_column_icons_position_left e-con e-parent\" data-id=\"5537592\" data-element_type=\"container\" data-e-type=\"container\">\n\t\t\t\t\t<div class=\"e-con-inner\">\n\t\t\t\t<div class=\"elementor-element elementor-element-a946a6f sc_fly_static elementor-widget elementor-widget-heading\" data-id=\"a946a6f\" data-element_type=\"widget\" data-e-type=\"widget\" data-widget_type=\"heading.default\">\n\t\t\t\t<div class=\"elementor-widget-container\">\n\t\t\t\t\t<h2 class=\"elementor-heading-title elementor-size-default\">Flugplan<\/h2>\t\t\t\t<\/div>\n\t\t\t\t<\/div>\n\t\t\t\t\t<\/div>\n\t\t\t\t<\/div>\n\t\t<div class=\"elementor-element elementor-element-eae9095 e-con-full e-flex sc_layouts_column_icons_position_left e-con e-parent\" data-id=\"eae9095\" data-element_type=\"container\" data-e-type=\"container\">\n\t\t\t\t<div class=\"elementor-element elementor-element-4ee04dc sc_fly_static elementor-widget elementor-widget-image\" data-id=\"4ee04dc\" data-element_type=\"widget\" data-e-type=\"widget\" data-widget_type=\"image.default\">\n\t\t\t\t<div class=\"elementor-widget-container\">\n\t\t\t\t\t\t\t\t\t\t\t\t\t\t\t<img fetchpriority=\"high\" decoding=\"async\" width=\"2048\" height=\"1180\" src=\"https:\/\/jaguarreefbelize.com\/wp-content\/uploads\/2026\/02\/JR_Intl-Map.jpg\" class=\"attachment-full size-full wp-image-45506\" alt=\"\" srcset=\"https:\/\/jaguarreefbelize.com\/wp-content\/uploads\/2026\/02\/JR_Intl-Map.jpg 2048w, https:\/\/jaguarreefbelize.com\/wp-content\/uploads\/2026\/02\/JR_Intl-Map-300x173.jpg 300w, https:\/\/jaguarreefbelize.com\/wp-content\/uploads\/2026\/02\/JR_Intl-Map-1024x590.jpg 1024w, https:\/\/jaguarreefbelize.com\/wp-content\/uploads\/2026\/02\/JR_Intl-Map-768x443.jpg 768w, https:\/\/jaguarreefbelize.com\/wp-content\/uploads\/2026\/02\/JR_Intl-Map-1536x885.jpg 1536w, https:\/\/jaguarreefbelize.com\/wp-content\/uploads\/2026\/02\/JR_Intl-Map-370x213.jpg 370w, https:\/\/jaguarreefbelize.com\/wp-content\/uploads\/2026\/02\/JR_Intl-Map-840x484.jpg 840w, https:\/\/jaguarreefbelize.com\/wp-content\/uploads\/2026\/02\/JR_Intl-Map-410x236.jpg 410w\" sizes=\"(max-width: 2048px) 100vw, 2048px\" \/>\t\t\t\t\t\t\t\t\t\t\t\t\t\t\t<\/div>\n\t\t\t\t<\/div>\n\t\t\t\t<\/div>\n\t\t<div class=\"elementor-element elementor-element-7e525ed e-flex e-con-boxed sc_layouts_column_icons_position_left e-con e-parent\" data-id=\"7e525ed\" data-element_type=\"container\" data-e-type=\"container\">\n\t\t\t\t\t<div class=\"e-con-inner\">\n\t\t\t\t<div class=\"elementor-element elementor-element-1bb8516 sc_fly_static elementor-widget elementor-widget-text-editor\" data-id=\"1bb8516\" data-element_type=\"widget\" data-e-type=\"widget\" data-widget_type=\"text-editor.default\">\n\t\t\t\t<div class=\"elementor-widget-container\">\n\t\t\t\t\t\t\t\t\t<p>Die Anreise nach Belize war noch nie so einfach! Gro\u00dfe Fluggesellschaften wie American Airlines, WestJet, JetBlue, Alaska Airlines, Delta Airlines, Southwest Airlines, SunCountry Airlines, Air Canada und Spirit Airlines bieten Fl\u00fcge nach Belize an.<\/p><p>Ab sofort bieten Spirit Airlines und Air Canada Nonstop-Fl\u00fcge nach Belize an und erm\u00f6glichen Reisenden so ein nahtloses und komfortables Reiseerlebnis.<\/p>\t\t\t\t\t\t\t\t<\/div>\n\t\t\t\t<\/div>\n\t\t\t\t\t<\/div>\n\t\t\t\t<\/div>\n\t\t<div class=\"elementor-element elementor-element-e0895d2 e-flex e-con-boxed sc_layouts_column_icons_position_left e-con e-parent\" data-id=\"e0895d2\" data-element_type=\"container\" data-e-type=\"container\">\n\t\t\t\t\t<div class=\"e-con-inner\">\n\t\t\t\t<div class=\"elementor-element elementor-element-fb11076 sc_fly_static elementor-widget elementor-widget-heading\" data-id=\"fb11076\" data-element_type=\"widget\" data-e-type=\"widget\" data-widget_type=\"heading.default\">\n\t\t\t\t<div class=\"elementor-widget-container\">\n\t\t\t\t\t<h2 class=\"elementor-heading-title elementor-size-default\">Anreise zum Resort<\/h2>\t\t\t\t<\/div>\n\t\t\t\t<\/div>\n\t\t\t\t\t<\/div>\n\t\t\t\t<\/div>\n\t\t<div class=\"elementor-element elementor-element-83368b5 e-con-full e-flex sc_layouts_column_icons_position_left e-con e-parent\" data-id=\"83368b5\" data-element_type=\"container\" data-e-type=\"container\">\n\t\t\t\t<div class=\"elementor-element elementor-element-404dead sc_fly_static elementor-widget elementor-widget-image\" data-id=\"404dead\" data-element_type=\"widget\" data-e-type=\"widget\" data-widget_type=\"image.default\">\n\t\t\t\t<div class=\"elementor-widget-container\">\n\t\t\t\t\t\t\t\t\t\t\t\t\t\t\t<img decoding=\"async\" width=\"2048\" height=\"1170\" src=\"https:\/\/jaguarreefbelize.com\/wp-content\/uploads\/2026\/02\/JR_Local-Map.jpg\" class=\"attachment-full size-full wp-image-45507\" alt=\"\" srcset=\"https:\/\/jaguarreefbelize.com\/wp-content\/uploads\/2026\/02\/JR_Local-Map.jpg 2048w, https:\/\/jaguarreefbelize.com\/wp-content\/uploads\/2026\/02\/JR_Local-Map-300x171.jpg 300w, https:\/\/jaguarreefbelize.com\/wp-content\/uploads\/2026\/02\/JR_Local-Map-1024x585.jpg 1024w, https:\/\/jaguarreefbelize.com\/wp-content\/uploads\/2026\/02\/JR_Local-Map-768x439.jpg 768w, https:\/\/jaguarreefbelize.com\/wp-content\/uploads\/2026\/02\/JR_Local-Map-1536x878.jpg 1536w, https:\/\/jaguarreefbelize.com\/wp-content\/uploads\/2026\/02\/JR_Local-Map-370x211.jpg 370w, https:\/\/jaguarreefbelize.com\/wp-content\/uploads\/2026\/02\/JR_Local-Map-840x480.jpg 840w, https:\/\/jaguarreefbelize.com\/wp-content\/uploads\/2026\/02\/JR_Local-Map-410x234.jpg 410w\" sizes=\"(max-width: 2048px) 100vw, 2048px\" \/>\t\t\t\t\t\t\t\t\t\t\t\t\t\t\t<\/div>\n\t\t\t\t<\/div>\n\t\t\t\t<\/div>\n\t\t<div class=\"elementor-element elementor-element-9039ec8 e-flex e-con-boxed sc_layouts_column_icons_position_left e-con e-parent\" data-id=\"9039ec8\" data-element_type=\"container\" data-e-type=\"container\">\n\t\t\t\t\t<div class=\"e-con-inner\">\n\t\t\t\t<div class=\"elementor-element elementor-element-a74ec07 sc_fly_static elementor-widget elementor-widget-text-editor\" data-id=\"a74ec07\" data-element_type=\"widget\" data-e-type=\"widget\" data-widget_type=\"text-editor.default\">\n\t\t\t\t<div class=\"elementor-widget-container\">\n\t\t\t\t\t\t\t\t\t<p>Wir bieten einen Stra\u00dfentransfer vom Flughafen zum Resort an. Um Preise anzufragen und Ihren Transfer zu buchen, senden Sie bitte eine E-Mail an <a href=\"http:\/\/reservations@thebelizecollection.com.\">reservations@thebelizecollection.com.<\/a><\/p>\t\t\t\t\t\t\t\t<\/div>\n\t\t\t\t<\/div>\n\t\t\t\t<div class=\"elementor-element elementor-element-3401f26 sc_fly_static elementor-widget elementor-widget-heading\" data-id=\"3401f26\" data-element_type=\"widget\" data-e-type=\"widget\" data-widget_type=\"heading.default\">\n\t\t\t\t<div class=\"elementor-widget-container\">\n\t\t\t\t\t<h2 class=\"elementor-heading-title elementor-size-default\">Transferzeit<\/h2>\t\t\t\t<\/div>\n\t\t\t\t<\/div>\n\t\t\t\t<div class=\"elementor-element elementor-element-078de78 sc_fly_static elementor-widget elementor-widget-shortcode\" data-id=\"078de78\" data-element_type=\"widget\" data-e-type=\"widget\" data-widget_type=\"shortcode.default\">\n\t\t\t\t<div class=\"elementor-widget-container\">\n\t\t\t\t\t\t\t<div class=\"elementor-shortcode\">\n<table id=\"tablepress-30\" class=\"tablepress tablepress-id-30\">\n<tbody class=\"row-striping row-hover\">\n<tr class=\"row-1\">\n\t<td class=\"column-1\"><b>Resort<\/b><\/td><td class=\"column-2\"><b>Road Transfer<\/b><\/td><td class=\"column-3\"><b>Flight + Transfer<\/b><\/td><td class=\"column-4\"><b>Notes<\/b><\/td>\n<\/tr>\n<tr class=\"row-2\">\n\t<td class=\"column-1\"><b>The Lodge at Jaguar Reef \/ The Resort at Almond Beach<\/b><\/td><td class=\"column-2\">Approx. 2.5 \u2013 3 hours<\/td><td class=\"column-3\">15 \u2013 20 min flight to DGA + 30 \u2013 40 min drive<\/td><td class=\"column-4\">Flights land in Dangriga, then short ground transfer to Hopkins<\/td>\n<\/tr>\n<\/tbody>\n<\/table>\n<!-- #tablepress-30 from cache --><\/div>\n\t\t\t\t\t\t<\/div>\n\t\t\t\t<\/div>\n\t\t\t\t<div class=\"elementor-element elementor-element-2aaa637 sc_fly_static elementor-widget elementor-widget-text-editor\" data-id=\"2aaa637\" data-element_type=\"widget\" data-e-type=\"widget\" data-widget_type=\"text-editor.default\">\n\t\t\t\t<div class=\"elementor-widget-container\">\n\t\t\t\t\t\t\t\t\t<p><strong>BZE<\/strong> \u2013 Philip S. W. Goldson International Airport (Belize City)<\/p><p><strong>DGA<\/strong> \u2013 Dangriga Airstrip<\/p><p><strong>Stra\u00dfentransfer<\/strong> \u2013 Bodentransport durch The Belize Collection<\/p><p><strong>Flug + Transfer<\/strong> \u2013 Inlandsflug von BZE zum n\u00e4chstgelegenen Flugplatz, gefolgt von einem Bodentransfer zum Resort<\/p><p><strong>*<\/strong>Bitte beachten Sie, dass Transfers mindestens 48 Stunden vor Ihrer Ankunft inklusive Zahlung gebucht werden m\u00fcssen.<\/p>\t\t\t\t\t\t\t\t<\/div>\n\t\t\t\t<\/div>\n\t\t\t\t<div class=\"elementor-element elementor-element-c1be768 sc_fly_static elementor-widget elementor-widget-heading\" data-id=\"c1be768\" data-element_type=\"widget\" data-e-type=\"widget\" data-widget_type=\"heading.default\">\n\t\t\t\t<div class=\"elementor-widget-container\">\n\t\t\t\t\t<h2 class=\"elementor-heading-title elementor-size-default\">Privater Hubschrauber-Transfer<\/h2>\t\t\t\t<\/div>\n\t\t\t\t<\/div>\n\t\t\t\t<div class=\"elementor-element elementor-element-19f4de1 sc_fly_static elementor-widget elementor-widget-text-editor\" data-id=\"19f4de1\" data-element_type=\"widget\" data-e-type=\"widget\" data-widget_type=\"text-editor.default\">\n\t\t\t\t<div class=\"elementor-widget-container\">\n\t\t\t\t\t\t\t\t\t<p>Wenn Sie die Fahrt lieber \u00fcberspringen m\u00f6chten, k\u00f6nnen Sie stilvoll mit einem privaten Hubschrauber-Transfer von Astrum Helicopters zur Lodge at Jaguar Reef anreisen. W\u00e4hlen Sie einen Direktflug vom Belize International Airport zum Resort oder entscheiden Sie sich f\u00fcr eine Panorama-Route \u00fcber die Maya-Berge und Wasserf\u00e4lle oder das atemberaubende Blue Hole.<\/p><p>G\u00e4ste kommen am Flughafen Dangriga an und werden mit einem Shuttle zur Lodge at Jaguar Reef gebracht.<\/p>\t\t\t\t\t\t\t\t<\/div>\n\t\t\t\t<\/div>\n\t\t\t\t<div class=\"elementor-element elementor-element-bd61bac sc_fly_static elementor-widget elementor-widget-shortcode\" data-id=\"bd61bac\" data-element_type=\"widget\" data-e-type=\"widget\" data-widget_type=\"shortcode.default\">\n\t\t\t\t<div class=\"elementor-widget-container\">\n\t\t\t\t\t\t\t<div class=\"elementor-shortcode\">\n<table id=\"tablepress-31\" class=\"tablepress tablepress-id-31\">\n<tbody class=\"row-striping row-hover\">\n<tr class=\"row-1\">\n\t<td class=\"column-1\"><b>Helicopter Trasnfer<\/b><\/td><td class=\"column-2\"><b>Flight Time<\/b><\/td><td class=\"column-3\"><b>Price uSD (Group of 3)<\/b><\/td><td class=\"column-4\"><b>Price USD (Broup of 5)<\/b><\/td>\n<\/tr>\n<tr class=\"row-2\">\n\t<td class=\"column-1\">Direct: BZE Airport \u2194 Dangriga Airport<\/td><td class=\"column-2\">30 mins<\/td><td class=\"column-3\">$2,095<\/td><td class=\"column-4\">$2,328<\/td>\n<\/tr>\n<tr class=\"row-3\">\n\t<td class=\"column-1\">BZE Airport \u2194 Dangriga Airport via Mountains &amp; Waterfalls<\/td><td class=\"column-2\">48 mins<\/td><td class=\"column-3\">$2,793<\/td><td class=\"column-4\"> \t$3,103<\/td>\n<\/tr>\n<tr class=\"row-4\">\n\t<td class=\"column-1\">BZE Airport \u2194 Dangriga Airport via Reef<\/td><td class=\"column-2\">48 mins<\/td><td class=\"column-3\">$2,793<\/td><td class=\"column-4\">$3,103<\/td>\n<\/tr>\n<tr class=\"row-5\">\n\t<td class=\"column-1\">BZE Airport \u2194 Dangriga Airport via Belize Blue Hole<\/td><td class=\"column-2\">1 hr 12 mins<\/td><td class=\"column-3\">$3,724<\/td><td class=\"column-4\">$4,138<\/td>\n<\/tr>\n<\/tbody>\n<\/table>\n<!-- #tablepress-31 from cache --><\/div>\n\t\t\t\t\t\t<\/div>\n\t\t\t\t<\/div>\n\t\t\t\t<div class=\"elementor-element elementor-element-c911da8 sc_fly_static elementor-widget elementor-widget-text-editor\" data-id=\"c911da8\" data-element_type=\"widget\" data-e-type=\"widget\" data-widget_type=\"text-editor.default\">\n\t\t\t\t<div class=\"elementor-widget-container\">\n\t\t\t\t\t\t\t\t\t<p>Kontaktieren Sie uns unter <a href=\"mailto:reservations@thebelizecollection.com\">reservations@thebelizecollection.com<\/a>, um zu buchen.<br>*Fl\u00fcge m\u00fcssen mindestens 30 Tage im Voraus arrangiert werden.<\/p>\t\t\t\t\t\t\t\t<\/div>\n\t\t\t\t<\/div>\n\t\t\t\t\t<\/div>\n\t\t\t\t<\/div>\n\t\t\t\t<\/div>\n\t\t","protected":false},"excerpt":{"rendered":"<p>Anreise Flugplan Die Anreise nach Belize war noch nie so einfach! Gro\u00dfe Fluggesellschaften wie American Airlines, WestJet, JetBlue, Alaska Airlines, Delta Airlines, Southwest Airlines, SunCountry Airlines, Air Canada und Spirit&hellip;<\/p>\n","protected":false},"author":1,"featured_media":0,"parent":0,"menu_order":0,"comment_status":"closed","ping_status":"closed","template":"","meta":{"footnotes":""},"class_list":["post-45505","page","type-page","status-publish","hentry"],"yoast_head":"<!-- This site is optimized with the Yoast SEO plugin v27.5 - https:\/\/yoast.com\/product\/yoast-seo-wordpress\/ -->\n<title>Anreise - The Lodge At Jaguar Reef<\/title>\n<meta name=\"robots\" content=\"index, follow, max-snippet:-1, max-image-preview:large, max-video-preview:-1\" \/>\n<link rel=\"canonical\" href=\"https:\/\/jaguarreefbelize.com\/de\/anreise\/\" \/>\n<meta property=\"og:locale\" content=\"de_DE\" \/>\n<meta property=\"og:type\" content=\"article\" \/>\n<meta property=\"og:title\" content=\"Anreise - The Lodge At Jaguar Reef\" \/>\n<meta property=\"og:description\" content=\"Anreise Flugplan Die Anreise nach Belize war noch nie so einfach! Gro\u00dfe Fluggesellschaften wie American Airlines, WestJet, JetBlue, Alaska Airlines, Delta Airlines, Southwest Airlines, SunCountry Airlines, Air Canada und Spirit&hellip;\" \/>\n<meta property=\"og:url\" content=\"https:\/\/jaguarreefbelize.com\/de\/anreise\/\" \/>\n<meta property=\"og:site_name\" content=\"The Lodge At Jaguar Reef\" \/>\n<meta property=\"article:modified_time\" content=\"2026-05-05T14:17:57+00:00\" \/>\n<meta property=\"og:image\" content=\"https:\/\/jaguarreefbelize.com\/wp-content\/uploads\/2026\/02\/JR_Intl-Map.jpg\" \/>\n\t<meta property=\"og:image:width\" content=\"2048\" \/>\n\t<meta property=\"og:image:height\" content=\"1180\" \/>\n\t<meta property=\"og:image:type\" content=\"image\/jpeg\" \/>\n<meta name=\"twitter:card\" content=\"summary_large_image\" \/>\n<meta name=\"twitter:label1\" content=\"Gesch\u00e4tzte Lesezeit\" \/>\n\t<meta name=\"twitter:data1\" content=\"1\u00a0Minute\" \/>\n<script type=\"application\/ld+json\" class=\"yoast-schema-graph\">{\"@context\":\"https:\\\/\\\/schema.org\",\"@graph\":[{\"@type\":\"WebPage\",\"@id\":\"https:\\\/\\\/jaguarreefbelize.com\\\/de\\\/anreise\\\/\",\"url\":\"https:\\\/\\\/jaguarreefbelize.com\\\/de\\\/anreise\\\/\",\"name\":\"Anreise - The Lodge At Jaguar Reef\",\"isPartOf\":{\"@id\":\"https:\\\/\\\/jaguarreefbelize.com\\\/de\\\/#website\"},\"primaryImageOfPage\":{\"@id\":\"https:\\\/\\\/jaguarreefbelize.com\\\/de\\\/anreise\\\/#primaryimage\"},\"image\":{\"@id\":\"https:\\\/\\\/jaguarreefbelize.com\\\/de\\\/anreise\\\/#primaryimage\"},\"thumbnailUrl\":\"https:\\\/\\\/jaguarreefbelize.com\\\/wp-content\\\/uploads\\\/2026\\\/02\\\/JR_Intl-Map.jpg\",\"datePublished\":\"2026-02-13T15:05:35+00:00\",\"dateModified\":\"2026-05-05T14:17:57+00:00\",\"breadcrumb\":{\"@id\":\"https:\\\/\\\/jaguarreefbelize.com\\\/de\\\/anreise\\\/#breadcrumb\"},\"inLanguage\":\"de\",\"potentialAction\":[{\"@type\":\"ReadAction\",\"target\":[\"https:\\\/\\\/jaguarreefbelize.com\\\/de\\\/anreise\\\/\"]}]},{\"@type\":\"ImageObject\",\"inLanguage\":\"de\",\"@id\":\"https:\\\/\\\/jaguarreefbelize.com\\\/de\\\/anreise\\\/#primaryimage\",\"url\":\"https:\\\/\\\/jaguarreefbelize.com\\\/wp-content\\\/uploads\\\/2026\\\/02\\\/JR_Intl-Map.jpg\",\"contentUrl\":\"https:\\\/\\\/jaguarreefbelize.com\\\/wp-content\\\/uploads\\\/2026\\\/02\\\/JR_Intl-Map.jpg\"},{\"@type\":\"BreadcrumbList\",\"@id\":\"https:\\\/\\\/jaguarreefbelize.com\\\/de\\\/anreise\\\/#breadcrumb\",\"itemListElement\":[{\"@type\":\"ListItem\",\"position\":1,\"name\":\"Home\",\"item\":\"https:\\\/\\\/jaguarreefbelize.com\\\/de\\\/\"},{\"@type\":\"ListItem\",\"position\":2,\"name\":\"Anreise\"}]},{\"@type\":\"WebSite\",\"@id\":\"https:\\\/\\\/jaguarreefbelize.com\\\/de\\\/#website\",\"url\":\"https:\\\/\\\/jaguarreefbelize.com\\\/de\\\/\",\"name\":\"The Lodge At Jaguar Reef\",\"description\":\"A beach chic getaway in Hopkins, Belize\",\"publisher\":{\"@id\":\"https:\\\/\\\/jaguarreefbelize.com\\\/de\\\/#organization\"},\"potentialAction\":[{\"@type\":\"SearchAction\",\"target\":{\"@type\":\"EntryPoint\",\"urlTemplate\":\"https:\\\/\\\/jaguarreefbelize.com\\\/de\\\/?s={search_term_string}\"},\"query-input\":{\"@type\":\"PropertyValueSpecification\",\"valueRequired\":true,\"valueName\":\"search_term_string\"}}],\"inLanguage\":\"de\"},{\"@type\":\"Organization\",\"@id\":\"https:\\\/\\\/jaguarreefbelize.com\\\/de\\\/#organization\",\"name\":\"The Lodge At Jaguar Reef\",\"url\":\"https:\\\/\\\/jaguarreefbelize.com\\\/de\\\/\",\"logo\":{\"@type\":\"ImageObject\",\"inLanguage\":\"de\",\"@id\":\"https:\\\/\\\/jaguarreefbelize.com\\\/de\\\/#\\\/schema\\\/logo\\\/image\\\/\",\"url\":\"https:\\\/\\\/jaguarreefbelize.com\\\/wp-content\\\/uploads\\\/2025\\\/12\\\/JRL-long-logo.png\",\"contentUrl\":\"https:\\\/\\\/jaguarreefbelize.com\\\/wp-content\\\/uploads\\\/2025\\\/12\\\/JRL-long-logo.png\",\"width\":1000,\"height\":182,\"caption\":\"The Lodge At Jaguar Reef\"},\"image\":{\"@id\":\"https:\\\/\\\/jaguarreefbelize.com\\\/de\\\/#\\\/schema\\\/logo\\\/image\\\/\"}}]}<\/script>\n<!-- \/ Yoast SEO plugin. -->","yoast_head_json":{"title":"Anreise - The Lodge At Jaguar Reef","robots":{"index":"index","follow":"follow","max-snippet":"max-snippet:-1","max-image-preview":"max-image-preview:large","max-video-preview":"max-video-preview:-1"},"canonical":"https:\/\/jaguarreefbelize.com\/de\/anreise\/","og_locale":"de_DE","og_type":"article","og_title":"Anreise - The Lodge At Jaguar Reef","og_description":"Anreise Flugplan Die Anreise nach Belize war noch nie so einfach! Gro\u00dfe Fluggesellschaften wie American Airlines, WestJet, JetBlue, Alaska Airlines, Delta Airlines, Southwest Airlines, SunCountry Airlines, Air Canada und Spirit&hellip;","og_url":"https:\/\/jaguarreefbelize.com\/de\/anreise\/","og_site_name":"The Lodge At Jaguar Reef","article_modified_time":"2026-05-05T14:17:57+00:00","og_image":[{"width":2048,"height":1180,"url":"https:\/\/jaguarreefbelize.com\/wp-content\/uploads\/2026\/02\/JR_Intl-Map.jpg","type":"image\/jpeg"}],"twitter_card":"summary_large_image","twitter_misc":{"Gesch\u00e4tzte Lesezeit":"1\u00a0Minute"},"schema":{"@context":"https:\/\/schema.org","@graph":[{"@type":"WebPage","@id":"https:\/\/jaguarreefbelize.com\/de\/anreise\/","url":"https:\/\/jaguarreefbelize.com\/de\/anreise\/","name":"Anreise - The Lodge At Jaguar Reef","isPartOf":{"@id":"https:\/\/jaguarreefbelize.com\/de\/#website"},"primaryImageOfPage":{"@id":"https:\/\/jaguarreefbelize.com\/de\/anreise\/#primaryimage"},"image":{"@id":"https:\/\/jaguarreefbelize.com\/de\/anreise\/#primaryimage"},"thumbnailUrl":"https:\/\/jaguarreefbelize.com\/wp-content\/uploads\/2026\/02\/JR_Intl-Map.jpg","datePublished":"2026-02-13T15:05:35+00:00","dateModified":"2026-05-05T14:17:57+00:00","breadcrumb":{"@id":"https:\/\/jaguarreefbelize.com\/de\/anreise\/#breadcrumb"},"inLanguage":"de","potentialAction":[{"@type":"ReadAction","target":["https:\/\/jaguarreefbelize.com\/de\/anreise\/"]}]},{"@type":"ImageObject","inLanguage":"de","@id":"https:\/\/jaguarreefbelize.com\/de\/anreise\/#primaryimage","url":"https:\/\/jaguarreefbelize.com\/wp-content\/uploads\/2026\/02\/JR_Intl-Map.jpg","contentUrl":"https:\/\/jaguarreefbelize.com\/wp-content\/uploads\/2026\/02\/JR_Intl-Map.jpg"},{"@type":"BreadcrumbList","@id":"https:\/\/jaguarreefbelize.com\/de\/anreise\/#breadcrumb","itemListElement":[{"@type":"ListItem","position":1,"name":"Home","item":"https:\/\/jaguarreefbelize.com\/de\/"},{"@type":"ListItem","position":2,"name":"Anreise"}]},{"@type":"WebSite","@id":"https:\/\/jaguarreefbelize.com\/de\/#website","url":"https:\/\/jaguarreefbelize.com\/de\/","name":"The Lodge At Jaguar Reef","description":"A beach chic getaway in Hopkins, Belize","publisher":{"@id":"https:\/\/jaguarreefbelize.com\/de\/#organization"},"potentialAction":[{"@type":"SearchAction","target":{"@type":"EntryPoint","urlTemplate":"https:\/\/jaguarreefbelize.com\/de\/?s={search_term_string}"},"query-input":{"@type":"PropertyValueSpecification","valueRequired":true,"valueName":"search_term_string"}}],"inLanguage":"de"},{"@type":"Organization","@id":"https:\/\/jaguarreefbelize.com\/de\/#organization","name":"The Lodge At Jaguar Reef","url":"https:\/\/jaguarreefbelize.com\/de\/","logo":{"@type":"ImageObject","inLanguage":"de","@id":"https:\/\/jaguarreefbelize.com\/de\/#\/schema\/logo\/image\/","url":"https:\/\/jaguarreefbelize.com\/wp-content\/uploads\/2025\/12\/JRL-long-logo.png","contentUrl":"https:\/\/jaguarreefbelize.com\/wp-content\/uploads\/2025\/12\/JRL-long-logo.png","width":1000,"height":182,"caption":"The Lodge At Jaguar Reef"},"image":{"@id":"https:\/\/jaguarreefbelize.com\/de\/#\/schema\/logo\/image\/"}}]}},"jetpack_sharing_enabled":true,"_links":{"self":[{"href":"https:\/\/jaguarreefbelize.com\/de\/wp-json\/wp\/v2\/pages\/45505","targetHints":{"allow":["GET"]}}],"collection":[{"href":"https:\/\/jaguarreefbelize.com\/de\/wp-json\/wp\/v2\/pages"}],"about":[{"href":"https:\/\/jaguarreefbelize.com\/de\/wp-json\/wp\/v2\/types\/page"}],"author":[{"embeddable":true,"href":"https:\/\/jaguarreefbelize.com\/de\/wp-json\/wp\/v2\/users\/1"}],"replies":[{"embeddable":true,"href":"https:\/\/jaguarreefbelize.com\/de\/wp-json\/wp\/v2\/comments?post=45505"}],"version-history":[{"count":1,"href":"https:\/\/jaguarreefbelize.com\/de\/wp-json\/wp\/v2\/pages\/45505\/revisions"}],"predecessor-version":[{"id":45509,"href":"https:\/\/jaguarreefbelize.com\/de\/wp-json\/wp\/v2\/pages\/45505\/revisions\/45509"}],"wp:attachment":[{"href":"https:\/\/jaguarreefbelize.com\/de\/wp-json\/wp\/v2\/media?parent=45505"}],"curies":[{"name":"wp","href":"https:\/\/api.w.org\/{rel}","templated":true}]}}