{"id":45495,"date":"2026-02-13T08:56:49","date_gmt":"2026-02-13T14:56:49","guid":{"rendered":"https:\/\/jaguarreefbelize.com\/hopkins\/"},"modified":"2026-05-05T08:17:57","modified_gmt":"2026-05-05T14:17:57","slug":"hopkins","status":"publish","type":"page","link":"https:\/\/jaguarreefbelize.com\/de\/hopkins\/","title":{"rendered":"Hopkins"},"content":{"rendered":"\t\t<div data-elementor-type=\"wp-page\" data-elementor-id=\"45495\" class=\"elementor elementor-45495 elementor-43245\" data-elementor-post-type=\"page\">\n\t\t\t\t<div class=\"e-con-gap-no elementor-element elementor-element-16df1338 e-con-full e-flex sc_layouts_column_icons_position_left e-con e-parent\" data-id=\"16df1338\" data-element_type=\"container\" data-e-type=\"container\" data-settings=\"{&quot;background_background&quot;:&quot;classic&quot;}\">\n\t\t\t\t<\/div>\n\t\t<div class=\"elementor-element elementor-element-1606bfab e-flex e-con-boxed sc_layouts_column_icons_position_left e-con e-parent\" data-id=\"1606bfab\" data-element_type=\"container\" data-e-type=\"container\">\n\t\t\t\t\t<div class=\"e-con-inner\">\n\t\t\t\t<div class=\"elementor-element elementor-element-5c5cb12e sc_fly_static elementor-widget elementor-widget-heading\" data-id=\"5c5cb12e\" data-element_type=\"widget\" data-e-type=\"widget\" data-widget_type=\"heading.default\">\n\t\t\t\t<div class=\"elementor-widget-container\">\n\t\t\t\t\t<h2 class=\"elementor-heading-title elementor-size-default\">\u00dcber Hopkins<\/h2>\t\t\t\t<\/div>\n\t\t\t\t<\/div>\n\t\t\t\t\t<\/div>\n\t\t\t\t<\/div>\n\t\t<div class=\"elementor-element elementor-element-1ba6fced e-flex e-con-boxed sc_layouts_column_icons_position_left e-con e-parent\" data-id=\"1ba6fced\" data-element_type=\"container\" data-e-type=\"container\">\n\t\t\t\t\t<div class=\"e-con-inner\">\n\t\t<div class=\"elementor-element elementor-element-696f0e73 e-con-full e-flex sc_layouts_column_icons_position_left e-con e-child\" data-id=\"696f0e73\" data-element_type=\"container\" data-e-type=\"container\">\n\t\t\t\t<div class=\"elementor-element elementor-element-1fdf8f1e sc_fly_static elementor-widget elementor-widget-text-editor\" data-id=\"1fdf8f1e\" data-element_type=\"widget\" data-e-type=\"widget\" data-widget_type=\"text-editor.default\">\n\t\t\t\t<div class=\"elementor-widget-container\">\n\t\t\t\t\t\t\t\t\t<p>Willkommen in Hopkins, einem kleinen Fischerdorf an der K\u00fcste von S\u00fcd-Belize. Hopkins liegt im Stann Creek District; der n\u00e4chstgelegene lokale Flughafen befindet sich in Dangriga Town. Besucher, die zum Belize International Airport fliegen, k\u00f6nnen einen Shuttle buchen oder ein Fahrzeug mieten, um nach Hopkins zu gelangen \u2013 eine 2,5-st\u00fcndige Fahrt vom Flughafen entfernt. Eine weitere M\u00f6glichkeit ist ein Flug vom Belize International Airport nach Dangriga (ca. 15 Minuten) und anschlie\u00dfend die Fahrt vom Flughafen in Dangriga nach Hopkins (ca. 30 Minuten).<\/p><p>Hopkins ist die Heimat von etwa 2.000 Einwohnern, die alle daf\u00fcr bekannt sind, herzlich und freundlich zu sein. Dangriga ist vor Ort sogar als Kulturhauptstadt von Belize bekannt. Hopkins ist das Zentrum der Garifuna-Kultur, die vor allem f\u00fcr traditionelle Meeresfr\u00fcchtegerichte und Musik bekannt ist \u2013 beides k\u00f6nnen Sie durch unsere Aktivit\u00e4ten im The Lodge at Jaguar Reef direkt von Einheimischen kennenlernen. Die Gerichte im Paddle House sind stark von der Garifuna-Kultur gepr\u00e4gt, und Sie werden eine einzigartige Interpretation traditioneller Meeresfr\u00fcchtegerichte kosten k\u00f6nnen.<\/p><p>Das Dorf lebt heute vom Tourismus, und es gibt viele lokale Restaurants und Kunsthandwerksl\u00e4den zu entdecken. The Lodge at Jaguar Reef bietet kostenlose Fahrr\u00e4der, ideal f\u00fcr eine Fahrt durch das Dorf, sowie Golfcarts zur Miete. Wenn Sie einen Tag erleben m\u00f6chten, an dem das Dorf zum Leben erwacht, besuchen Sie Hopkins am 19. November \u2013 dieser Tag wird als Garifuna Settlement Day gefeiert. Der Tag ist gepr\u00e4gt von Trommeln, traditionellem Essen und einer Nachstellung der Ankunft der Garifuna in Belize.<\/p><p>Ein Besuch in Hopkins bedeutet Entspannung an goldenen Str\u00e4nden, den Blick auf das Karibische Meer zu genie\u00dfen und in Kultur einzutauchen. The Lodge at Jaguar Reef ist Ihr Ausgangspunkt, um alles rund um Hopkins zu entdecken.<\/p>\t\t\t\t\t\t\t\t<\/div>\n\t\t\t\t<\/div>\n\t\t\t\t<\/div>\n\t\t<div class=\"e-con-gap-no elementor-element elementor-element-67232c5a e-con-full e-flex sc_layouts_column_icons_position_left e-con e-child\" data-id=\"67232c5a\" data-element_type=\"container\" data-e-type=\"container\" data-settings=\"{&quot;background_background&quot;:&quot;classic&quot;}\">\n\t\t\t\t<\/div>\n\t\t\t\t\t<\/div>\n\t\t\t\t<\/div>\n\t\t\t\t<\/div>\n\t\t","protected":false},"excerpt":{"rendered":"<p>\u00dcber Hopkins Willkommen in Hopkins, einem kleinen Fischerdorf an der K\u00fcste von S\u00fcd-Belize. Hopkins liegt im Stann Creek District; der n\u00e4chstgelegene lokale Flughafen befindet sich in Dangriga Town. Besucher, die&hellip;<\/p>\n","protected":false},"author":1,"featured_media":0,"parent":0,"menu_order":0,"comment_status":"closed","ping_status":"closed","template":"","meta":{"footnotes":""},"class_list":["post-45495","page","type-page","status-publish","hentry"],"yoast_head":"<!-- This site is optimized with the Yoast SEO plugin v27.5 - https:\/\/yoast.com\/product\/yoast-seo-wordpress\/ -->\n<title>Hopkins - The Lodge At Jaguar Reef<\/title>\n<meta name=\"robots\" content=\"index, follow, max-snippet:-1, max-image-preview:large, max-video-preview:-1\" \/>\n<link rel=\"canonical\" href=\"https:\/\/jaguarreefbelize.com\/de\/hopkins\/\" \/>\n<meta property=\"og:locale\" content=\"de_DE\" \/>\n<meta property=\"og:type\" content=\"article\" \/>\n<meta property=\"og:title\" content=\"Hopkins - The Lodge At Jaguar Reef\" \/>\n<meta property=\"og:description\" content=\"\u00dcber Hopkins Willkommen in Hopkins, einem kleinen Fischerdorf an der K\u00fcste von S\u00fcd-Belize. Hopkins liegt im Stann Creek District; der n\u00e4chstgelegene lokale Flughafen befindet sich in Dangriga Town. Besucher, die&hellip;\" \/>\n<meta property=\"og:url\" content=\"https:\/\/jaguarreefbelize.com\/de\/hopkins\/\" \/>\n<meta property=\"og:site_name\" content=\"The Lodge At Jaguar Reef\" \/>\n<meta property=\"article:modified_time\" content=\"2026-05-05T14:17:57+00:00\" \/>\n<meta name=\"twitter:card\" content=\"summary_large_image\" \/>\n<meta name=\"twitter:label1\" content=\"Gesch\u00e4tzte Lesezeit\" \/>\n\t<meta name=\"twitter:data1\" content=\"1\u00a0Minute\" \/>\n<script type=\"application\/ld+json\" class=\"yoast-schema-graph\">{\"@context\":\"https:\\\/\\\/schema.org\",\"@graph\":[{\"@type\":\"WebPage\",\"@id\":\"https:\\\/\\\/jaguarreefbelize.com\\\/de\\\/hopkins\\\/\",\"url\":\"https:\\\/\\\/jaguarreefbelize.com\\\/de\\\/hopkins\\\/\",\"name\":\"Hopkins - The Lodge At Jaguar Reef\",\"isPartOf\":{\"@id\":\"https:\\\/\\\/jaguarreefbelize.com\\\/de\\\/#website\"},\"datePublished\":\"2026-02-13T14:56:49+00:00\",\"dateModified\":\"2026-05-05T14:17:57+00:00\",\"breadcrumb\":{\"@id\":\"https:\\\/\\\/jaguarreefbelize.com\\\/de\\\/hopkins\\\/#breadcrumb\"},\"inLanguage\":\"de\",\"potentialAction\":[{\"@type\":\"ReadAction\",\"target\":[\"https:\\\/\\\/jaguarreefbelize.com\\\/de\\\/hopkins\\\/\"]}]},{\"@type\":\"BreadcrumbList\",\"@id\":\"https:\\\/\\\/jaguarreefbelize.com\\\/de\\\/hopkins\\\/#breadcrumb\",\"itemListElement\":[{\"@type\":\"ListItem\",\"position\":1,\"name\":\"Home\",\"item\":\"https:\\\/\\\/jaguarreefbelize.com\\\/de\\\/\"},{\"@type\":\"ListItem\",\"position\":2,\"name\":\"Hopkins\"}]},{\"@type\":\"WebSite\",\"@id\":\"https:\\\/\\\/jaguarreefbelize.com\\\/de\\\/#website\",\"url\":\"https:\\\/\\\/jaguarreefbelize.com\\\/de\\\/\",\"name\":\"The Lodge At Jaguar Reef\",\"description\":\"A beach chic getaway in Hopkins, Belize\",\"publisher\":{\"@id\":\"https:\\\/\\\/jaguarreefbelize.com\\\/de\\\/#organization\"},\"potentialAction\":[{\"@type\":\"SearchAction\",\"target\":{\"@type\":\"EntryPoint\",\"urlTemplate\":\"https:\\\/\\\/jaguarreefbelize.com\\\/de\\\/?s={search_term_string}\"},\"query-input\":{\"@type\":\"PropertyValueSpecification\",\"valueRequired\":true,\"valueName\":\"search_term_string\"}}],\"inLanguage\":\"de\"},{\"@type\":\"Organization\",\"@id\":\"https:\\\/\\\/jaguarreefbelize.com\\\/de\\\/#organization\",\"name\":\"The Lodge At Jaguar Reef\",\"url\":\"https:\\\/\\\/jaguarreefbelize.com\\\/de\\\/\",\"logo\":{\"@type\":\"ImageObject\",\"inLanguage\":\"de\",\"@id\":\"https:\\\/\\\/jaguarreefbelize.com\\\/de\\\/#\\\/schema\\\/logo\\\/image\\\/\",\"url\":\"https:\\\/\\\/jaguarreefbelize.com\\\/wp-content\\\/uploads\\\/2025\\\/12\\\/JRL-long-logo.png\",\"contentUrl\":\"https:\\\/\\\/jaguarreefbelize.com\\\/wp-content\\\/uploads\\\/2025\\\/12\\\/JRL-long-logo.png\",\"width\":1000,\"height\":182,\"caption\":\"The Lodge At Jaguar Reef\"},\"image\":{\"@id\":\"https:\\\/\\\/jaguarreefbelize.com\\\/de\\\/#\\\/schema\\\/logo\\\/image\\\/\"}}]}<\/script>\n<!-- \/ Yoast SEO plugin. -->","yoast_head_json":{"title":"Hopkins - The Lodge At Jaguar Reef","robots":{"index":"index","follow":"follow","max-snippet":"max-snippet:-1","max-image-preview":"max-image-preview:large","max-video-preview":"max-video-preview:-1"},"canonical":"https:\/\/jaguarreefbelize.com\/de\/hopkins\/","og_locale":"de_DE","og_type":"article","og_title":"Hopkins - The Lodge At Jaguar Reef","og_description":"\u00dcber Hopkins Willkommen in Hopkins, einem kleinen Fischerdorf an der K\u00fcste von S\u00fcd-Belize. Hopkins liegt im Stann Creek District; der n\u00e4chstgelegene lokale Flughafen befindet sich in Dangriga Town. Besucher, die&hellip;","og_url":"https:\/\/jaguarreefbelize.com\/de\/hopkins\/","og_site_name":"The Lodge At Jaguar Reef","article_modified_time":"2026-05-05T14:17:57+00:00","twitter_card":"summary_large_image","twitter_misc":{"Gesch\u00e4tzte Lesezeit":"1\u00a0Minute"},"schema":{"@context":"https:\/\/schema.org","@graph":[{"@type":"WebPage","@id":"https:\/\/jaguarreefbelize.com\/de\/hopkins\/","url":"https:\/\/jaguarreefbelize.com\/de\/hopkins\/","name":"Hopkins - The Lodge At Jaguar Reef","isPartOf":{"@id":"https:\/\/jaguarreefbelize.com\/de\/#website"},"datePublished":"2026-02-13T14:56:49+00:00","dateModified":"2026-05-05T14:17:57+00:00","breadcrumb":{"@id":"https:\/\/jaguarreefbelize.com\/de\/hopkins\/#breadcrumb"},"inLanguage":"de","potentialAction":[{"@type":"ReadAction","target":["https:\/\/jaguarreefbelize.com\/de\/hopkins\/"]}]},{"@type":"BreadcrumbList","@id":"https:\/\/jaguarreefbelize.com\/de\/hopkins\/#breadcrumb","itemListElement":[{"@type":"ListItem","position":1,"name":"Home","item":"https:\/\/jaguarreefbelize.com\/de\/"},{"@type":"ListItem","position":2,"name":"Hopkins"}]},{"@type":"WebSite","@id":"https:\/\/jaguarreefbelize.com\/de\/#website","url":"https:\/\/jaguarreefbelize.com\/de\/","name":"The Lodge At Jaguar Reef","description":"A beach chic getaway in Hopkins, Belize","publisher":{"@id":"https:\/\/jaguarreefbelize.com\/de\/#organization"},"potentialAction":[{"@type":"SearchAction","target":{"@type":"EntryPoint","urlTemplate":"https:\/\/jaguarreefbelize.com\/de\/?s={search_term_string}"},"query-input":{"@type":"PropertyValueSpecification","valueRequired":true,"valueName":"search_term_string"}}],"inLanguage":"de"},{"@type":"Organization","@id":"https:\/\/jaguarreefbelize.com\/de\/#organization","name":"The Lodge At Jaguar Reef","url":"https:\/\/jaguarreefbelize.com\/de\/","logo":{"@type":"ImageObject","inLanguage":"de","@id":"https:\/\/jaguarreefbelize.com\/de\/#\/schema\/logo\/image\/","url":"https:\/\/jaguarreefbelize.com\/wp-content\/uploads\/2025\/12\/JRL-long-logo.png","contentUrl":"https:\/\/jaguarreefbelize.com\/wp-content\/uploads\/2025\/12\/JRL-long-logo.png","width":1000,"height":182,"caption":"The Lodge At Jaguar Reef"},"image":{"@id":"https:\/\/jaguarreefbelize.com\/de\/#\/schema\/logo\/image\/"}}]}},"jetpack_sharing_enabled":true,"_links":{"self":[{"href":"https:\/\/jaguarreefbelize.com\/de\/wp-json\/wp\/v2\/pages\/45495","targetHints":{"allow":["GET"]}}],"collection":[{"href":"https:\/\/jaguarreefbelize.com\/de\/wp-json\/wp\/v2\/pages"}],"about":[{"href":"https:\/\/jaguarreefbelize.com\/de\/wp-json\/wp\/v2\/types\/page"}],"author":[{"embeddable":true,"href":"https:\/\/jaguarreefbelize.com\/de\/wp-json\/wp\/v2\/users\/1"}],"replies":[{"embeddable":true,"href":"https:\/\/jaguarreefbelize.com\/de\/wp-json\/wp\/v2\/comments?post=45495"}],"version-history":[{"count":1,"href":"https:\/\/jaguarreefbelize.com\/de\/wp-json\/wp\/v2\/pages\/45495\/revisions"}],"predecessor-version":[{"id":45504,"href":"https:\/\/jaguarreefbelize.com\/de\/wp-json\/wp\/v2\/pages\/45495\/revisions\/45504"}],"wp:attachment":[{"href":"https:\/\/jaguarreefbelize.com\/de\/wp-json\/wp\/v2\/media?parent=45495"}],"curies":[{"name":"wp","href":"https:\/\/api.w.org\/{rel}","templated":true}]}}