{"id":45356,"date":"2026-03-25T10:51:29","date_gmt":"2026-03-25T16:51:29","guid":{"rendered":"https:\/\/jaguarreefbelize.com\/belize-dschungel-strand-auszeit\/"},"modified":"2026-05-05T08:15:17","modified_gmt":"2026-05-05T14:15:17","slug":"belize-dschungel-strand-auszeit","status":"publish","type":"page","link":"https:\/\/jaguarreefbelize.com\/de\/belize-dschungel-strand-auszeit\/","title":{"rendered":"Belize Dschungel &amp; Strand Auszeit"},"content":{"rendered":"\t\t<div data-elementor-type=\"wp-page\" data-elementor-id=\"45356\" class=\"elementor elementor-45356 elementor-44626\" data-elementor-post-type=\"page\">\n\t\t\t\t<div class=\"elementor-element elementor-element-3cd670a5 e-con-full e-flex sc_layouts_column_icons_position_left e-con e-parent\" data-id=\"3cd670a5\" data-element_type=\"container\" data-e-type=\"container\" data-settings=\"{&quot;background_background&quot;:&quot;classic&quot;,&quot;background_motion_fx_motion_fx_scrolling&quot;:&quot;yes&quot;,&quot;background_motion_fx_translateY_effect&quot;:&quot;yes&quot;,&quot;background_motion_fx_translateY_speed&quot;:{&quot;unit&quot;:&quot;px&quot;,&quot;size&quot;:4,&quot;sizes&quot;:[]},&quot;background_motion_fx_translateY_affectedRange&quot;:{&quot;unit&quot;:&quot;%&quot;,&quot;size&quot;:&quot;&quot;,&quot;sizes&quot;:{&quot;start&quot;:0,&quot;end&quot;:100}},&quot;background_motion_fx_devices&quot;:[&quot;desktop&quot;,&quot;tablet&quot;,&quot;mobile&quot;]}\">\n\t\t\t\t<div class=\"elementor-element elementor-element-6c216471 sc_fly_static elementor-widget elementor-widget-heading\" data-id=\"6c216471\" data-element_type=\"widget\" data-e-type=\"widget\" data-widget_type=\"heading.default\">\n\t\t\t\t<div class=\"elementor-widget-container\">\n\t\t\t\t\t<h1 class=\"elementor-heading-title elementor-size-default\">Belize Dschungel &amp; Strand Auszeit<\/h1>\t\t\t\t<\/div>\n\t\t\t\t<\/div>\n\t\t\t\t<\/div>\n\t\t<div class=\"elementor-element elementor-element-18ea95f0 e-flex e-con-boxed sc_layouts_column_icons_position_left e-con e-parent\" data-id=\"18ea95f0\" data-element_type=\"container\" data-e-type=\"container\">\n\t\t\t\t\t<div class=\"e-con-inner\">\n\t\t\t\t<div class=\"elementor-element elementor-element-5dd24ca6 sc_fly_static elementor-widget elementor-widget-heading\" data-id=\"5dd24ca6\" data-element_type=\"widget\" data-e-type=\"widget\" data-widget_type=\"heading.default\">\n\t\t\t\t<div class=\"elementor-widget-container\">\n\t\t\t\t\t<h2 class=\"elementor-heading-title elementor-size-default\">Belize Dschungel &amp; Strand Auszeit<\/h2>\t\t\t\t<\/div>\n\t\t\t\t<\/div>\n\t\t\t\t\t<\/div>\n\t\t\t\t<\/div>\n\t\t<div class=\"elementor-element elementor-element-4b97b21d e-flex e-con-boxed sc_layouts_column_icons_position_left e-con e-parent\" data-id=\"4b97b21d\" data-element_type=\"container\" data-e-type=\"container\">\n\t\t\t\t\t<div class=\"e-con-inner\">\n\t\t<div class=\"elementor-element elementor-element-31b8188c e-con-full e-flex sc_layouts_column_icons_position_left e-con e-child\" data-id=\"31b8188c\" data-element_type=\"container\" data-e-type=\"container\">\n\t\t\t\t<div class=\"elementor-element elementor-element-229eb29f sc_fly_static elementor-widget elementor-widget-heading\" data-id=\"229eb29f\" data-element_type=\"widget\" data-e-type=\"widget\" data-widget_type=\"heading.default\">\n\t\t\t\t<div class=\"elementor-widget-container\">\n\t\t\t\t\t<h3 class=\"elementor-heading-title elementor-size-default\">Entdecken Sie Belize, vom Dschungel bis zur K\u00fcste<\/h3>\t\t\t\t<\/div>\n\t\t\t\t<\/div>\n\t\t\t\t<div class=\"elementor-element elementor-element-53c2c45d sc_fly_static elementor-widget elementor-widget-text-editor\" data-id=\"53c2c45d\" data-element_type=\"widget\" data-e-type=\"widget\" data-widget_type=\"text-editor.default\">\n\t\t\t\t<div class=\"elementor-widget-container\">\n\t\t\t\t\t\t\t\t\t<p>Begeben Sie sich auf eine Reise durch das Herz von Belize, wo jeder Moment Abenteuer, Kultur und Entspannung vereint. Beginnen Sie Ihre Auszeit in den \u00fcppigen Regenw\u00e4ldern der Rainforest Lodge at Sleeping Giant, wo ruhige Flussblicke und die Kl\u00e4nge der Natur die perfekte Kulisse bilden. Setzen Sie Ihre Reise dann an der Karibikk\u00fcste in der Lodge at Jaguar Reef fort. Hier laden pudrige Str\u00e4nde, t\u00fcrkisfarbenes Wasser und lebendige Korallenriffe zum Schnorcheln, Schwimmen oder einfach zum luxuri\u00f6sen Entspannen ein. Jeder Tag bringt neue Erlebnisse mit sich, von lokaler K\u00fcche bis hin zu unvergesslichen Touren, und schafft die perfekte Balance zwischen Abenteuer und Ruhe. Ob Sie einen romantischen Kurzurlaub, eine luxuri\u00f6se Auszeit oder ein intensives Abenteuer suchen \u2013 dieses Paket bietet das Beste von Belize in einer nahtlosen Reise.     <\/p>\t\t\t\t\t\t\t\t<\/div>\n\t\t\t\t<\/div>\n\t\t\t\t<div class=\"elementor-element elementor-element-17bb8db4 elementor-align-center sc_fly_static elementor-widget elementor-widget-button\" data-id=\"17bb8db4\" data-element_type=\"widget\" data-e-type=\"widget\" data-widget_type=\"button.default\">\n\t\t\t\t<div class=\"elementor-widget-container\">\n\t\t\t\t\t\t\t\t\t<div class=\"elementor-button-wrapper\">\n\t\t\t\t\t<a class=\"elementor-button elementor-button-link elementor-size-sm\" href=\"#\">\n\t\t\t\t\t\t<span class=\"elementor-button-content-wrapper\">\n\t\t\t\t\t\t\t\t\t<span class=\"elementor-button-text\">KONTAKTIEREN SIE UNS<\/span>\n\t\t\t\t\t<\/span>\n\t\t\t\t\t<\/a>\n\t\t\t\t<\/div>\n\t\t\t\t\t\t\t\t<\/div>\n\t\t\t\t<\/div>\n\t\t\t\t<\/div>\n\t\t<div class=\"elementor-element elementor-element-54a4e4b5 e-con-full e-flex sc_layouts_column_icons_position_left e-con e-child\" data-id=\"54a4e4b5\" data-element_type=\"container\" data-e-type=\"container\">\n\t\t\t\t<div class=\"elementor-element elementor-element-81df987 sc_fly_static elementor-widget elementor-widget-text-editor\" data-id=\"81df987\" data-element_type=\"widget\" data-e-type=\"widget\" data-widget_type=\"text-editor.default\">\n\t\t\t\t<div class=\"elementor-widget-container\">\n\t\t\t\t\t\t\t\t\t<p><strong>In diesem Erlebnis enthalten<\/strong><\/p>\t\t\t\t\t\t\t\t<\/div>\n\t\t\t\t<\/div>\n\t\t\t\t<div class=\"elementor-element elementor-element-2e62569f sc_fly_static elementor-widget elementor-widget-text-editor\" data-id=\"2e62569f\" data-element_type=\"widget\" data-e-type=\"widget\" data-widget_type=\"text-editor.default\">\n\t\t\t\t<div class=\"elementor-widget-container\">\n\t\t\t\t\t\t\t\t\t<ul><li style=\"font-weight: 400;\" aria-level=\"1\"><span style=\"font-weight: 400;\">Privattransfer vom Belize International Airport zur Rainforest Lodge at Sleeping Giant am Anreisetag<\/span><\/li><li style=\"font-weight: 400;\" aria-level=\"1\"><span style=\"font-weight: 400;\">3 \u00dcbernachtungen in einer Riverview Suite mit Tauchbecken<\/span><\/li><li style=\"font-weight: 400;\" aria-level=\"1\"><span style=\"font-weight: 400;\">T\u00e4glich 1-G\u00e4nge-Fr\u00fchst\u00fcck, 2-G\u00e4nge- und 3-G\u00e4nge-Abendessen. Aufpreis von 18,38 $ f\u00fcr Hummer und Steaks <\/span><\/li><li style=\"font-weight: 400;\" aria-level=\"1\"><span style=\"font-weight: 400;\">Xunantunich Maya-Ruinen-Tour f\u00fcr 2 Personen<\/span><\/li><li style=\"font-weight: 400;\" aria-level=\"1\"><span style=\"font-weight: 400;\">Privattransfer zur Lodge at Jaguar Reef<\/span><\/li><li style=\"font-weight: 400;\" aria-level=\"1\"><span style=\"font-weight: 400;\">4 \u00dcbernachtungen in einer Deluxe Suite mit Tauchbecken<\/span><\/li><li style=\"font-weight: 400;\" aria-level=\"1\"><span style=\"font-weight: 400;\">T\u00e4glich 1-G\u00e4nge-Fr\u00fchst\u00fcck, 2-G\u00e4nge- und 3-G\u00e4nge-Abendessen. Aufpreis von 18,38 $ f\u00fcr Hummer und Steaks <\/span><\/li><li style=\"font-weight: 400;\" aria-level=\"1\"><span style=\"font-weight: 400;\">South Water Caye Schnorcheltour f\u00fcr 2 Personen<\/span><\/li><li style=\"font-weight: 400;\" aria-level=\"1\"><span style=\"font-weight: 400;\">Privattransfer zum Belize International Airport am Abreisetag<\/span><\/li><\/ul>\t\t\t\t\t\t\t\t<\/div>\n\t\t\t\t<\/div>\n\t\t\t\t<div class=\"elementor-element elementor-element-4109d5b1 sc_fly_static elementor-widget elementor-widget-text-editor\" data-id=\"4109d5b1\" data-element_type=\"widget\" data-e-type=\"widget\" data-widget_type=\"text-editor.default\">\n\t\t\t\t<div class=\"elementor-widget-container\">\n\t\t\t\t\t\t\t\t\t<p><strong>Ab 4.999,00 $<\/strong><\/p>\t\t\t\t\t\t\t\t<\/div>\n\t\t\t\t<\/div>\n\t\t\t\t<div class=\"elementor-element elementor-element-4daf2fc5 sc_fly_static elementor-widget elementor-widget-text-editor\" data-id=\"4daf2fc5\" data-element_type=\"widget\" data-e-type=\"widget\" data-widget_type=\"text-editor.default\">\n\t\t\t\t<div class=\"elementor-widget-container\">\n\t\t\t\t\t\t\t\t\t<ul><li>Preis basierend auf 2 Personen.<\/li><\/ul>\t\t\t\t\t\t\t\t<\/div>\n\t\t\t\t<\/div>\n\t\t\t\t<\/div>\n\t\t\t\t\t<\/div>\n\t\t\t\t<\/div>\n\t\t<div data-animation-type=\"sequental\" data-animation-stagger=\"\" class=\"elementor-element elementor-element-5c4a7883 animation_type_sequental e-flex e-con-boxed sc_layouts_column_icons_position_left elementor-invisible e-con e-parent\" data-id=\"5c4a7883\" data-element_type=\"container\" data-e-type=\"container\" data-settings=\"{&quot;animation&quot;:&quot;fadeInUp&quot;}\">\n\t\t\t\t\t<div class=\"e-con-inner\">\n\t\t<div class=\"elementor-element elementor-element-4974f092 e-con-full e-flex sc_layouts_column_icons_position_left e-con e-child\" data-id=\"4974f092\" data-element_type=\"container\" data-e-type=\"container\">\n\t\t\t\t<div class=\"elementor-element elementor-element-58cc1d61 sc_fly_static elementor-widget elementor-widget-image\" data-id=\"58cc1d61\" data-element_type=\"widget\" data-e-type=\"widget\" data-widget_type=\"image.default\">\n\t\t\t\t<div class=\"elementor-widget-container\">\n\t\t\t\t\t\t\t\t\t\t\t\t\t\t\t\t<a href=\"https:\/\/jaguarreefbelize.com\/wp-content\/uploads\/2026\/03\/ACP_TBC_GIANT_0697.jpg\" data-elementor-open-lightbox=\"yes\" data-elementor-lightbox-title=\"ACP_TBC_GIANT_0697\" data-e-action-hash=\"#elementor-action%3Aaction%3Dlightbox%26settings%3DeyJpZCI6NDUzNjQsInVybCI6Imh0dHBzOlwvXC9qYWd1YXJyZWVmYmVsaXplLmNvbVwvd3AtY29udGVudFwvdXBsb2Fkc1wvMjAyNlwvMDNcL0FDUF9UQkNfR0lBTlRfMDY5Ny5qcGcifQ%3D%3D\">\n\t\t\t\t\t\t\t<img fetchpriority=\"high\" decoding=\"async\" width=\"768\" height=\"1024\" src=\"https:\/\/jaguarreefbelize.com\/wp-content\/uploads\/2026\/03\/ACP_TBC_GIANT_0697-768x1024.jpg\" class=\"attachment-large size-large wp-image-45364\" alt=\"\" srcset=\"https:\/\/jaguarreefbelize.com\/wp-content\/uploads\/2026\/03\/ACP_TBC_GIANT_0697-768x1024.jpg 768w, https:\/\/jaguarreefbelize.com\/wp-content\/uploads\/2026\/03\/ACP_TBC_GIANT_0697-225x300.jpg 225w, https:\/\/jaguarreefbelize.com\/wp-content\/uploads\/2026\/03\/ACP_TBC_GIANT_0697-1152x1536.jpg 1152w, https:\/\/jaguarreefbelize.com\/wp-content\/uploads\/2026\/03\/ACP_TBC_GIANT_0697-370x493.jpg 370w, https:\/\/jaguarreefbelize.com\/wp-content\/uploads\/2026\/03\/ACP_TBC_GIANT_0697-840x1120.jpg 840w, https:\/\/jaguarreefbelize.com\/wp-content\/uploads\/2026\/03\/ACP_TBC_GIANT_0697-410x547.jpg 410w, https:\/\/jaguarreefbelize.com\/wp-content\/uploads\/2026\/03\/ACP_TBC_GIANT_0697.jpg 1536w\" sizes=\"(max-width: 768px) 100vw, 768px\" \/>\t\t\t\t\t\t\t\t<\/a>\n\t\t\t\t\t\t\t\t\t\t\t\t\t\t\t<\/div>\n\t\t\t\t<\/div>\n\t\t\t\t<\/div>\n\t\t<div class=\"elementor-element elementor-element-4b6c6afb e-con-full e-flex sc_layouts_column_icons_position_left e-con e-child\" data-id=\"4b6c6afb\" data-element_type=\"container\" data-e-type=\"container\">\n\t\t\t\t<div class=\"elementor-element elementor-element-6332ad35 sc_fly_static elementor-widget elementor-widget-image\" data-id=\"6332ad35\" data-element_type=\"widget\" data-e-type=\"widget\" data-widget_type=\"image.default\">\n\t\t\t\t<div class=\"elementor-widget-container\">\n\t\t\t\t\t\t\t\t\t\t\t\t\t\t\t\t<a href=\"https:\/\/jaguarreefbelize.com\/wp-content\/uploads\/2026\/03\/LEX07866-3.jpg\" data-elementor-open-lightbox=\"yes\" data-elementor-lightbox-title=\"LEX07866-3\" data-e-action-hash=\"#elementor-action%3Aaction%3Dlightbox%26settings%3DeyJpZCI6NDUzNjcsInVybCI6Imh0dHBzOlwvXC9qYWd1YXJyZWVmYmVsaXplLmNvbVwvd3AtY29udGVudFwvdXBsb2Fkc1wvMjAyNlwvMDNcL0xFWDA3ODY2LTMuanBnIn0%3D\">\n\t\t\t\t\t\t\t<img decoding=\"async\" width=\"768\" height=\"1024\" src=\"https:\/\/jaguarreefbelize.com\/wp-content\/uploads\/2026\/03\/LEX07866-3-768x1024.jpg\" class=\"attachment-large size-large wp-image-45367\" alt=\"\" srcset=\"https:\/\/jaguarreefbelize.com\/wp-content\/uploads\/2026\/03\/LEX07866-3-768x1024.jpg 768w, https:\/\/jaguarreefbelize.com\/wp-content\/uploads\/2026\/03\/LEX07866-3-225x300.jpg 225w, https:\/\/jaguarreefbelize.com\/wp-content\/uploads\/2026\/03\/LEX07866-3-1152x1536.jpg 1152w, https:\/\/jaguarreefbelize.com\/wp-content\/uploads\/2026\/03\/LEX07866-3-370x493.jpg 370w, https:\/\/jaguarreefbelize.com\/wp-content\/uploads\/2026\/03\/LEX07866-3-840x1120.jpg 840w, https:\/\/jaguarreefbelize.com\/wp-content\/uploads\/2026\/03\/LEX07866-3-410x547.jpg 410w, https:\/\/jaguarreefbelize.com\/wp-content\/uploads\/2026\/03\/LEX07866-3.jpg 1536w\" sizes=\"(max-width: 768px) 100vw, 768px\" \/>\t\t\t\t\t\t\t\t<\/a>\n\t\t\t\t\t\t\t\t\t\t\t\t\t\t\t<\/div>\n\t\t\t\t<\/div>\n\t\t\t\t<\/div>\n\t\t<div class=\"elementor-element elementor-element-59f2e640 e-con-full e-flex sc_layouts_column_icons_position_left e-con e-child\" data-id=\"59f2e640\" data-element_type=\"container\" data-e-type=\"container\">\n\t\t\t\t<div class=\"elementor-element elementor-element-50b06982 sc_fly_static elementor-widget elementor-widget-image\" data-id=\"50b06982\" data-element_type=\"widget\" data-e-type=\"widget\" data-widget_type=\"image.default\">\n\t\t\t\t<div class=\"elementor-widget-container\">\n\t\t\t\t\t\t\t\t\t\t\t\t\t\t\t\t<a href=\"https:\/\/jaguarreefbelize.com\/wp-content\/uploads\/2026\/03\/DJI_20251218093637_0028_D.jpg\" data-elementor-open-lightbox=\"yes\" data-elementor-lightbox-title=\"DJI_20251218093637_0028_D\" data-e-action-hash=\"#elementor-action%3Aaction%3Dlightbox%26settings%3DeyJpZCI6NDUzNjUsInVybCI6Imh0dHBzOlwvXC9qYWd1YXJyZWVmYmVsaXplLmNvbVwvd3AtY29udGVudFwvdXBsb2Fkc1wvMjAyNlwvMDNcL0RKSV8yMDI1MTIxODA5MzYzN18wMDI4X0QuanBnIn0%3D\">\n\t\t\t\t\t\t\t<img decoding=\"async\" width=\"768\" height=\"1024\" src=\"https:\/\/jaguarreefbelize.com\/wp-content\/uploads\/2026\/03\/DJI_20251218093637_0028_D-768x1024.jpg\" class=\"attachment-large size-large wp-image-45365\" alt=\"\" srcset=\"https:\/\/jaguarreefbelize.com\/wp-content\/uploads\/2026\/03\/DJI_20251218093637_0028_D-768x1024.jpg 768w, https:\/\/jaguarreefbelize.com\/wp-content\/uploads\/2026\/03\/DJI_20251218093637_0028_D-225x300.jpg 225w, https:\/\/jaguarreefbelize.com\/wp-content\/uploads\/2026\/03\/DJI_20251218093637_0028_D-1152x1536.jpg 1152w, https:\/\/jaguarreefbelize.com\/wp-content\/uploads\/2026\/03\/DJI_20251218093637_0028_D-370x493.jpg 370w, https:\/\/jaguarreefbelize.com\/wp-content\/uploads\/2026\/03\/DJI_20251218093637_0028_D-840x1120.jpg 840w, https:\/\/jaguarreefbelize.com\/wp-content\/uploads\/2026\/03\/DJI_20251218093637_0028_D-410x547.jpg 410w, https:\/\/jaguarreefbelize.com\/wp-content\/uploads\/2026\/03\/DJI_20251218093637_0028_D.jpg 1536w\" sizes=\"(max-width: 768px) 100vw, 768px\" \/>\t\t\t\t\t\t\t\t<\/a>\n\t\t\t\t\t\t\t\t\t\t\t\t\t\t\t<\/div>\n\t\t\t\t<\/div>\n\t\t\t\t<\/div>\n\t\t\t\t\t<\/div>\n\t\t\t\t<\/div>\n\t\t\t\t<\/div>\n\t\t","protected":false},"excerpt":{"rendered":"<p>Belize Dschungel &amp; Strand Auszeit Belize Dschungel &amp; Strand Auszeit Entdecken Sie Belize, vom Dschungel bis zur K\u00fcste Begeben Sie sich auf eine Reise durch das Herz von Belize, wo&hellip;<\/p>\n","protected":false},"author":2,"featured_media":0,"parent":0,"menu_order":0,"comment_status":"closed","ping_status":"closed","template":"elementor_header_footer","meta":{"footnotes":""},"class_list":["post-45356","page","type-page","status-publish","hentry"],"yoast_head":"<!-- This site is optimized with the Yoast SEO plugin v27.5 - https:\/\/yoast.com\/product\/yoast-seo-wordpress\/ -->\n<title>Belize Dschungel &amp; Strand Auszeit - The Lodge At Jaguar Reef<\/title>\n<meta name=\"robots\" content=\"index, follow, max-snippet:-1, max-image-preview:large, max-video-preview:-1\" \/>\n<link rel=\"canonical\" href=\"https:\/\/jaguarreefbelize.com\/de\/belize-dschungel-strand-auszeit\/\" \/>\n<meta property=\"og:locale\" content=\"de_DE\" \/>\n<meta property=\"og:type\" content=\"article\" \/>\n<meta property=\"og:title\" content=\"Belize Dschungel &amp; Strand Auszeit - The Lodge At Jaguar Reef\" \/>\n<meta property=\"og:description\" content=\"Belize Dschungel &amp; Strand Auszeit Belize Dschungel &amp; Strand Auszeit Entdecken Sie Belize, vom Dschungel bis zur K\u00fcste Begeben Sie sich auf eine Reise durch das Herz von Belize, wo&hellip;\" \/>\n<meta property=\"og:url\" content=\"https:\/\/jaguarreefbelize.com\/de\/belize-dschungel-strand-auszeit\/\" \/>\n<meta property=\"og:site_name\" content=\"The Lodge At Jaguar Reef\" \/>\n<meta property=\"article:modified_time\" content=\"2026-05-05T14:15:17+00:00\" \/>\n<meta property=\"og:image\" content=\"https:\/\/jaguarreefbelize.com\/wp-content\/uploads\/2026\/03\/ACP_TBC_GIANT_0697.jpg\" \/>\n\t<meta property=\"og:image:width\" content=\"1536\" \/>\n\t<meta property=\"og:image:height\" content=\"2048\" \/>\n\t<meta property=\"og:image:type\" content=\"image\/jpeg\" \/>\n<meta name=\"twitter:card\" content=\"summary_large_image\" \/>\n<meta name=\"twitter:label1\" content=\"Gesch\u00e4tzte Lesezeit\" \/>\n\t<meta name=\"twitter:data1\" content=\"1\u00a0Minute\" \/>\n<script type=\"application\/ld+json\" class=\"yoast-schema-graph\">{\"@context\":\"https:\\\/\\\/schema.org\",\"@graph\":[{\"@type\":\"WebPage\",\"@id\":\"https:\\\/\\\/jaguarreefbelize.com\\\/de\\\/belize-dschungel-strand-auszeit\\\/\",\"url\":\"https:\\\/\\\/jaguarreefbelize.com\\\/de\\\/belize-dschungel-strand-auszeit\\\/\",\"name\":\"Belize Dschungel &amp; Strand Auszeit - The Lodge At Jaguar Reef\",\"isPartOf\":{\"@id\":\"https:\\\/\\\/jaguarreefbelize.com\\\/de\\\/#website\"},\"primaryImageOfPage\":{\"@id\":\"https:\\\/\\\/jaguarreefbelize.com\\\/de\\\/belize-dschungel-strand-auszeit\\\/#primaryimage\"},\"image\":{\"@id\":\"https:\\\/\\\/jaguarreefbelize.com\\\/de\\\/belize-dschungel-strand-auszeit\\\/#primaryimage\"},\"thumbnailUrl\":\"https:\\\/\\\/jaguarreefbelize.com\\\/wp-content\\\/uploads\\\/2026\\\/03\\\/ACP_TBC_GIANT_0697-768x1024.jpg\",\"datePublished\":\"2026-03-25T16:51:29+00:00\",\"dateModified\":\"2026-05-05T14:15:17+00:00\",\"breadcrumb\":{\"@id\":\"https:\\\/\\\/jaguarreefbelize.com\\\/de\\\/belize-dschungel-strand-auszeit\\\/#breadcrumb\"},\"inLanguage\":\"de\",\"potentialAction\":[{\"@type\":\"ReadAction\",\"target\":[\"https:\\\/\\\/jaguarreefbelize.com\\\/de\\\/belize-dschungel-strand-auszeit\\\/\"]}]},{\"@type\":\"ImageObject\",\"inLanguage\":\"de\",\"@id\":\"https:\\\/\\\/jaguarreefbelize.com\\\/de\\\/belize-dschungel-strand-auszeit\\\/#primaryimage\",\"url\":\"https:\\\/\\\/jaguarreefbelize.com\\\/wp-content\\\/uploads\\\/2026\\\/03\\\/ACP_TBC_GIANT_0697-768x1024.jpg\",\"contentUrl\":\"https:\\\/\\\/jaguarreefbelize.com\\\/wp-content\\\/uploads\\\/2026\\\/03\\\/ACP_TBC_GIANT_0697-768x1024.jpg\"},{\"@type\":\"BreadcrumbList\",\"@id\":\"https:\\\/\\\/jaguarreefbelize.com\\\/de\\\/belize-dschungel-strand-auszeit\\\/#breadcrumb\",\"itemListElement\":[{\"@type\":\"ListItem\",\"position\":1,\"name\":\"Home\",\"item\":\"https:\\\/\\\/jaguarreefbelize.com\\\/de\\\/\"},{\"@type\":\"ListItem\",\"position\":2,\"name\":\"Belize Dschungel &amp; Strand Auszeit\"}]},{\"@type\":\"WebSite\",\"@id\":\"https:\\\/\\\/jaguarreefbelize.com\\\/de\\\/#website\",\"url\":\"https:\\\/\\\/jaguarreefbelize.com\\\/de\\\/\",\"name\":\"The Lodge At Jaguar Reef\",\"description\":\"A beach chic getaway in Hopkins, Belize\",\"publisher\":{\"@id\":\"https:\\\/\\\/jaguarreefbelize.com\\\/de\\\/#organization\"},\"potentialAction\":[{\"@type\":\"SearchAction\",\"target\":{\"@type\":\"EntryPoint\",\"urlTemplate\":\"https:\\\/\\\/jaguarreefbelize.com\\\/de\\\/?s={search_term_string}\"},\"query-input\":{\"@type\":\"PropertyValueSpecification\",\"valueRequired\":true,\"valueName\":\"search_term_string\"}}],\"inLanguage\":\"de\"},{\"@type\":\"Organization\",\"@id\":\"https:\\\/\\\/jaguarreefbelize.com\\\/de\\\/#organization\",\"name\":\"The Lodge At Jaguar Reef\",\"url\":\"https:\\\/\\\/jaguarreefbelize.com\\\/de\\\/\",\"logo\":{\"@type\":\"ImageObject\",\"inLanguage\":\"de\",\"@id\":\"https:\\\/\\\/jaguarreefbelize.com\\\/de\\\/#\\\/schema\\\/logo\\\/image\\\/\",\"url\":\"https:\\\/\\\/jaguarreefbelize.com\\\/wp-content\\\/uploads\\\/2025\\\/12\\\/JRL-long-logo.png\",\"contentUrl\":\"https:\\\/\\\/jaguarreefbelize.com\\\/wp-content\\\/uploads\\\/2025\\\/12\\\/JRL-long-logo.png\",\"width\":1000,\"height\":182,\"caption\":\"The Lodge At Jaguar Reef\"},\"image\":{\"@id\":\"https:\\\/\\\/jaguarreefbelize.com\\\/de\\\/#\\\/schema\\\/logo\\\/image\\\/\"}}]}<\/script>\n<!-- \/ Yoast SEO plugin. -->","yoast_head_json":{"title":"Belize Dschungel &amp; Strand Auszeit - The Lodge At Jaguar Reef","robots":{"index":"index","follow":"follow","max-snippet":"max-snippet:-1","max-image-preview":"max-image-preview:large","max-video-preview":"max-video-preview:-1"},"canonical":"https:\/\/jaguarreefbelize.com\/de\/belize-dschungel-strand-auszeit\/","og_locale":"de_DE","og_type":"article","og_title":"Belize Dschungel &amp; Strand Auszeit - The Lodge At Jaguar Reef","og_description":"Belize Dschungel &amp; Strand Auszeit Belize Dschungel &amp; Strand Auszeit Entdecken Sie Belize, vom Dschungel bis zur K\u00fcste Begeben Sie sich auf eine Reise durch das Herz von Belize, wo&hellip;","og_url":"https:\/\/jaguarreefbelize.com\/de\/belize-dschungel-strand-auszeit\/","og_site_name":"The Lodge At Jaguar Reef","article_modified_time":"2026-05-05T14:15:17+00:00","og_image":[{"width":1536,"height":2048,"url":"https:\/\/jaguarreefbelize.com\/wp-content\/uploads\/2026\/03\/ACP_TBC_GIANT_0697.jpg","type":"image\/jpeg"}],"twitter_card":"summary_large_image","twitter_misc":{"Gesch\u00e4tzte Lesezeit":"1\u00a0Minute"},"schema":{"@context":"https:\/\/schema.org","@graph":[{"@type":"WebPage","@id":"https:\/\/jaguarreefbelize.com\/de\/belize-dschungel-strand-auszeit\/","url":"https:\/\/jaguarreefbelize.com\/de\/belize-dschungel-strand-auszeit\/","name":"Belize Dschungel &amp; Strand Auszeit - The Lodge At Jaguar Reef","isPartOf":{"@id":"https:\/\/jaguarreefbelize.com\/de\/#website"},"primaryImageOfPage":{"@id":"https:\/\/jaguarreefbelize.com\/de\/belize-dschungel-strand-auszeit\/#primaryimage"},"image":{"@id":"https:\/\/jaguarreefbelize.com\/de\/belize-dschungel-strand-auszeit\/#primaryimage"},"thumbnailUrl":"https:\/\/jaguarreefbelize.com\/wp-content\/uploads\/2026\/03\/ACP_TBC_GIANT_0697-768x1024.jpg","datePublished":"2026-03-25T16:51:29+00:00","dateModified":"2026-05-05T14:15:17+00:00","breadcrumb":{"@id":"https:\/\/jaguarreefbelize.com\/de\/belize-dschungel-strand-auszeit\/#breadcrumb"},"inLanguage":"de","potentialAction":[{"@type":"ReadAction","target":["https:\/\/jaguarreefbelize.com\/de\/belize-dschungel-strand-auszeit\/"]}]},{"@type":"ImageObject","inLanguage":"de","@id":"https:\/\/jaguarreefbelize.com\/de\/belize-dschungel-strand-auszeit\/#primaryimage","url":"https:\/\/jaguarreefbelize.com\/wp-content\/uploads\/2026\/03\/ACP_TBC_GIANT_0697-768x1024.jpg","contentUrl":"https:\/\/jaguarreefbelize.com\/wp-content\/uploads\/2026\/03\/ACP_TBC_GIANT_0697-768x1024.jpg"},{"@type":"BreadcrumbList","@id":"https:\/\/jaguarreefbelize.com\/de\/belize-dschungel-strand-auszeit\/#breadcrumb","itemListElement":[{"@type":"ListItem","position":1,"name":"Home","item":"https:\/\/jaguarreefbelize.com\/de\/"},{"@type":"ListItem","position":2,"name":"Belize Dschungel &amp; Strand Auszeit"}]},{"@type":"WebSite","@id":"https:\/\/jaguarreefbelize.com\/de\/#website","url":"https:\/\/jaguarreefbelize.com\/de\/","name":"The Lodge At Jaguar Reef","description":"A beach chic getaway in Hopkins, Belize","publisher":{"@id":"https:\/\/jaguarreefbelize.com\/de\/#organization"},"potentialAction":[{"@type":"SearchAction","target":{"@type":"EntryPoint","urlTemplate":"https:\/\/jaguarreefbelize.com\/de\/?s={search_term_string}"},"query-input":{"@type":"PropertyValueSpecification","valueRequired":true,"valueName":"search_term_string"}}],"inLanguage":"de"},{"@type":"Organization","@id":"https:\/\/jaguarreefbelize.com\/de\/#organization","name":"The Lodge At Jaguar Reef","url":"https:\/\/jaguarreefbelize.com\/de\/","logo":{"@type":"ImageObject","inLanguage":"de","@id":"https:\/\/jaguarreefbelize.com\/de\/#\/schema\/logo\/image\/","url":"https:\/\/jaguarreefbelize.com\/wp-content\/uploads\/2025\/12\/JRL-long-logo.png","contentUrl":"https:\/\/jaguarreefbelize.com\/wp-content\/uploads\/2025\/12\/JRL-long-logo.png","width":1000,"height":182,"caption":"The Lodge At Jaguar Reef"},"image":{"@id":"https:\/\/jaguarreefbelize.com\/de\/#\/schema\/logo\/image\/"}}]}},"jetpack_sharing_enabled":true,"_links":{"self":[{"href":"https:\/\/jaguarreefbelize.com\/de\/wp-json\/wp\/v2\/pages\/45356","targetHints":{"allow":["GET"]}}],"collection":[{"href":"https:\/\/jaguarreefbelize.com\/de\/wp-json\/wp\/v2\/pages"}],"about":[{"href":"https:\/\/jaguarreefbelize.com\/de\/wp-json\/wp\/v2\/types\/page"}],"author":[{"embeddable":true,"href":"https:\/\/jaguarreefbelize.com\/de\/wp-json\/wp\/v2\/users\/2"}],"replies":[{"embeddable":true,"href":"https:\/\/jaguarreefbelize.com\/de\/wp-json\/wp\/v2\/comments?post=45356"}],"version-history":[{"count":1,"href":"https:\/\/jaguarreefbelize.com\/de\/wp-json\/wp\/v2\/pages\/45356\/revisions"}],"predecessor-version":[{"id":45368,"href":"https:\/\/jaguarreefbelize.com\/de\/wp-json\/wp\/v2\/pages\/45356\/revisions\/45368"}],"wp:attachment":[{"href":"https:\/\/jaguarreefbelize.com\/de\/wp-json\/wp\/v2\/media?parent=45356"}],"curies":[{"name":"wp","href":"https:\/\/api.w.org\/{rel}","templated":true}]}}