{"id":45327,"date":"2026-02-20T16:31:25","date_gmt":"2026-02-20T22:31:25","guid":{"rendered":"https:\/\/jaguarreefbelize.com\/ferienhaeuser\/ferienhaus-muna-numa\/"},"modified":"2026-05-05T08:14:36","modified_gmt":"2026-05-05T14:14:36","slug":"ferienhaus-muna-numa","status":"publish","type":"page","link":"https:\/\/jaguarreefbelize.com\/de\/ferienhaeuser\/ferienhaus-muna-numa\/","title":{"rendered":"Ferienhaus Muna Numa"},"content":{"rendered":"\t\t<div data-elementor-type=\"wp-page\" data-elementor-id=\"45327\" class=\"elementor elementor-45327 elementor-44099\" data-elementor-post-type=\"page\">\n\t\t\t\t<div class=\"elementor-element elementor-element-2bc64ad4 e-con-full e-flex sc_layouts_column_icons_position_left e-con e-parent\" data-id=\"2bc64ad4\" data-element_type=\"container\" data-e-type=\"container\">\n\t\t<div class=\"elementor-element elementor-element-401be098 e-con-full e-flex sc_layouts_column_icons_position_left e-con e-child\" data-id=\"401be098\" data-element_type=\"container\" data-e-type=\"container\">\n\t\t\t\t<div class=\"elementor-element elementor-element-466fcb17 elementor-arrows-position-inside sc_fly_static elementor-widget elementor-widget-image-carousel\" data-id=\"466fcb17\" data-element_type=\"widget\" data-e-type=\"widget\" data-settings=\"{&quot;slides_to_show&quot;:&quot;1&quot;,&quot;navigation&quot;:&quot;arrows&quot;,&quot;effect&quot;:&quot;fade&quot;,&quot;autoplay&quot;:&quot;yes&quot;,&quot;pause_on_hover&quot;:&quot;yes&quot;,&quot;pause_on_interaction&quot;:&quot;yes&quot;,&quot;autoplay_speed&quot;:5000,&quot;infinite&quot;:&quot;yes&quot;,&quot;speed&quot;:500}\" data-widget_type=\"image-carousel.default\">\n\t\t\t\t<div class=\"elementor-widget-container\">\n\t\t\t\t\t\t\t<div class=\"elementor-image-carousel-wrapper swiper\" role=\"region\" aria-roledescription=\"carousel\" aria-label=\"Image Carousel\" dir=\"ltr\">\n\t\t\t<div class=\"elementor-image-carousel swiper-wrapper\" aria-live=\"off\">\n\t\t\t\t\t\t\t\t<div class=\"swiper-slide\" role=\"group\" aria-roledescription=\"slide\" aria-label=\"1 von 3\"><figure class=\"swiper-slide-inner\"><img decoding=\"async\" class=\"swiper-slide-image\" src=\"https:\/\/jaguarreefbelize.com\/wp-content\/uploads\/2026\/02\/MUNA-NUMA-VACATION-HOME-01.jpg\" alt=\"MUNA-NUMA-FERIENHAUS-01\" \/><\/figure><\/div><div class=\"swiper-slide\" role=\"group\" aria-roledescription=\"slide\" aria-label=\"2 von 3\"><figure class=\"swiper-slide-inner\"><img decoding=\"async\" class=\"swiper-slide-image\" src=\"https:\/\/jaguarreefbelize.com\/wp-content\/uploads\/2026\/02\/MUNA-NUMA-VACATION-HOME-02.jpg\" alt=\"MUNA-NUMA-FERIENHAUS-02\" \/><\/figure><\/div><div class=\"swiper-slide\" role=\"group\" aria-roledescription=\"slide\" aria-label=\"3 von 3\"><figure class=\"swiper-slide-inner\"><img decoding=\"async\" class=\"swiper-slide-image\" src=\"https:\/\/jaguarreefbelize.com\/wp-content\/uploads\/2026\/02\/MUNA-NUMA-VACATION-HOME-03.jpg\" alt=\"MUNA-NUMA-FERIENHAUS-03\" \/><\/figure><\/div>\t\t\t<\/div>\n\t\t\t\t\t\t\t\t\t\t\t\t<div class=\"elementor-swiper-button elementor-swiper-button-prev\" role=\"button\" tabindex=\"0\">\n\t\t\t\t\t\t<svg aria-hidden=\"true\" class=\"e-font-icon-svg e-fas-chevron-circle-left\" viewBox=\"0 0 512 512\" xmlns=\"http:\/\/www.w3.org\/2000\/svg\"><path d=\"M256 504C119 504 8 393 8 256S119 8 256 8s248 111 248 248-111 248-248 248zM142.1 273l135.5 135.5c9.4 9.4 24.6 9.4 33.9 0l17-17c9.4-9.4 9.4-24.6 0-33.9L226.9 256l101.6-101.6c9.4-9.4 9.4-24.6 0-33.9l-17-17c-9.4-9.4-24.6-9.4-33.9 0L142.1 239c-9.4 9.4-9.4 24.6 0 34z\"><\/path><\/svg>\t\t\t\t\t<\/div>\n\t\t\t\t\t<div class=\"elementor-swiper-button elementor-swiper-button-next\" role=\"button\" tabindex=\"0\">\n\t\t\t\t\t\t<svg aria-hidden=\"true\" class=\"e-font-icon-svg e-fas-chevron-circle-right\" viewBox=\"0 0 512 512\" xmlns=\"http:\/\/www.w3.org\/2000\/svg\"><path d=\"M256 8c137 0 248 111 248 248S393 504 256 504 8 393 8 256 119 8 256 8zm113.9 231L234.4 103.5c-9.4-9.4-24.6-9.4-33.9 0l-17 17c-9.4 9.4-9.4 24.6 0 33.9L285.1 256 183.5 357.6c-9.4 9.4-9.4 24.6 0 33.9l17 17c9.4 9.4 24.6 9.4 33.9 0L369.9 273c9.4-9.4 9.4-24.6 0-34z\"><\/path><\/svg>\t\t\t\t\t<\/div>\n\t\t\t\t\n\t\t\t\t\t\t\t\t\t<\/div>\n\t\t\t\t\t\t<\/div>\n\t\t\t\t<\/div>\n\t\t\t\t<\/div>\n\t\t<div class=\"elementor-element elementor-element-35c4e98 e-con-full e-flex sc_layouts_column_icons_position_left e-con e-child\" data-id=\"35c4e98\" data-element_type=\"container\" data-e-type=\"container\">\n\t\t\t\t<div class=\"elementor-element elementor-element-6f726355 sc_fly_static elementor-widget elementor-widget-heading\" data-id=\"6f726355\" data-element_type=\"widget\" data-e-type=\"widget\" data-widget_type=\"heading.default\">\n\t\t\t\t<div class=\"elementor-widget-container\">\n\t\t\t\t\t<h2 class=\"elementor-heading-title elementor-size-default\">Muna Numa<\/h2>\t\t\t\t<\/div>\n\t\t\t\t<\/div>\n\t\t\t\t<div class=\"elementor-element elementor-element-2ca88ef sc_fly_static elementor-widget elementor-widget-heading\" data-id=\"2ca88ef\" data-element_type=\"widget\" data-e-type=\"widget\" data-widget_type=\"heading.default\">\n\t\t\t\t<div class=\"elementor-widget-container\">\n\t\t\t\t\t<h2 class=\"elementor-heading-title elementor-size-default\">FERIENHAUS<\/h2>\t\t\t\t<\/div>\n\t\t\t\t<\/div>\n\t\t\t\t<div class=\"elementor-element elementor-element-7948f291 sc_fly_static elementor-widget elementor-widget-text-editor\" data-id=\"7948f291\" data-element_type=\"widget\" data-e-type=\"widget\" data-widget_type=\"text-editor.default\">\n\t\t\t\t<div class=\"elementor-widget-container\">\n\t\t\t\t\t\t\t\t\t<p><em>F\u00fcr 4 Personen<\/em><br><em>2 Kingsize-Betten<\/em><br><em>2 voll ausgestattete Badezimmer<\/em><br><em>Gartenblick<\/em><br><em>Besonderheit:<br>Private R\u00fcckzugsm\u00f6glichkeit \u2013 gelegen in einem<br>Wohngebiet, nicht<br>direkt am Strand<\/em><\/p>\t\t\t\t\t\t\t\t<\/div>\n\t\t\t\t<\/div>\n\t\t\t\t<div class=\"elementor-element elementor-element-2f3da222 sc_fly_static elementor-widget elementor-widget-text-editor\" data-id=\"2f3da222\" data-element_type=\"widget\" data-e-type=\"widget\" data-widget_type=\"text-editor.default\">\n\t\t\t\t<div class=\"elementor-widget-container\">\n\t\t\t\t\t\t\t\t\t<p>Im Wohngebiet Savannah Homes by Jaguar Reef gelegen, ist Muna Numa ein einladendes Haus mit zwei Schlafzimmern, dekoriert mit Kunst, die von der lokalen Kultur inspiriert ist. Bitte beachten Sie: Obwohl es praktisch auf der gegen\u00fcberliegenden Stra\u00dfenseite von The Lodge at Jaguar Reef liegt, befindet es sich nicht direkt am Strand. Zu diesem Ferienhaus geh\u00f6rt ein Golfcart, mit dem Sie bequem alle Annehmlichkeiten der Lodge und das Dorf Hopkins erreichen.  <\/p><p>Dieses Ferienhaus verf\u00fcgt \u00fcber zwei Schlafzimmer und zwei voll ausgestattete Badezimmer, eine komplett eingerichtete K\u00fcche sowie einen Wohnbereich. Es ist darauf ausgelegt, bequem vier Personen zu beherbergen; das Kingsize-Bett im zweiten Schlafzimmer kann f\u00fcr optimale Schlafm\u00f6glichkeiten in zwei Einzelbetten getrennt werden. Au\u00dferdem bietet das Haus eine private Veranda vorne und eine Terrasse hinten \u2013 ideal f\u00fcr Zusammenk\u00fcnfte am Morgen und am Abend. Dank des vollst\u00e4ndig eingez\u00e4unten Gartens k\u00f6nnen Kinder und Erwachsene die Zeit im Freien in vollen Z\u00fcgen genie\u00dfen.   <\/p><p>Muna Numa ist nur einen kurzen Spaziergang vom Strand und von The Lodge at Jaguar Reef entfernt, wo G\u00e4ste alle Resort-Annehmlichkeiten sowie das hauseigene Restaurant nutzen k\u00f6nnen.<\/p><p><em>Hinweis: F\u00fcr dieses Ferienhaus gilt in der regul\u00e4ren Saison eine Mindestmietdauer von zwei (2) N\u00e4chten und an Spitzenterminen von drei (3) N\u00e4chten.<br><strong>Diese Unterkunft befindet sich nicht direkt am Strand.<\/strong><\/em><\/p>\t\t\t\t\t\t\t\t<\/div>\n\t\t\t\t<\/div>\n\t\t<div class=\"elementor-element elementor-element-385a97f6 e-grid e-con-full sc_layouts_column_icons_position_left e-con e-child\" data-id=\"385a97f6\" data-element_type=\"container\" data-e-type=\"container\">\n\t\t\t\t<div class=\"elementor-element elementor-element-a051608 sc_fly_static elementor-widget elementor-widget-text-editor\" data-id=\"a051608\" data-element_type=\"widget\" data-e-type=\"widget\" data-widget_type=\"text-editor.default\">\n\t\t\t\t<div class=\"elementor-widget-container\">\n\t\t\t\t\t\t\t\t\t<ul><li>Komplett ausgestattete K\u00fcche<\/li><li>Wasserspender mit gereinigtem Wasser<\/li><li>Klimaanlage<\/li><li>Kaffeemaschine<\/li><li>WLAN<\/li><li>Private Veranda<\/li><li>Fernseher<\/li><\/ul>\t\t\t\t\t\t\t\t<\/div>\n\t\t\t\t<\/div>\n\t\t\t\t<div class=\"elementor-element elementor-element-6e7bf9f2 sc_fly_static elementor-widget elementor-widget-text-editor\" data-id=\"6e7bf9f2\" data-element_type=\"widget\" data-e-type=\"widget\" data-widget_type=\"text-editor.default\">\n\t\t\t\t<div class=\"elementor-widget-container\">\n\t\t\t\t\t\t\t\t\t<ul><li>Badewanne im Hauptschlafzimmer<\/li><li>Privater Innenhof<\/li><li>Private Terrasse<\/li><li>Brettspiele<\/li><li>Eingez\u00e4unter Garten<\/li><li>Golfcart<\/li><\/ul>\t\t\t\t\t\t\t\t<\/div>\n\t\t\t\t<\/div>\n\t\t\t\t<\/div>\n\t\t<div class=\"elementor-element elementor-element-73cfbb76 e-grid e-con-full sc_layouts_column_icons_position_left e-con e-child\" data-id=\"73cfbb76\" data-element_type=\"container\" data-e-type=\"container\">\n\t\t\t\t<div class=\"elementor-element elementor-element-17d5ab7e elementor-align-center sc_fly_static elementor-widget elementor-widget-button\" data-id=\"17d5ab7e\" data-element_type=\"widget\" data-e-type=\"widget\" data-widget_type=\"button.default\">\n\t\t\t\t<div class=\"elementor-widget-container\">\n\t\t\t\t\t\t\t\t\t<div class=\"elementor-button-wrapper\">\n\t\t\t\t\t<a class=\"elementor-button elementor-button-link elementor-size-sm\" href=\"https:\/\/reservations.jaguarreefbelize.com\/114373?RoomTypeID=543830#\/guestsandrooms\">\n\t\t\t\t\t\t<span class=\"elementor-button-content-wrapper\">\n\t\t\t\t\t\t\t\t\t<span class=\"elementor-button-text\">VERF\u00dcGBARKEIT PR\u00dcFEN<\/span>\n\t\t\t\t\t<\/span>\n\t\t\t\t\t<\/a>\n\t\t\t\t<\/div>\n\t\t\t\t\t\t\t\t<\/div>\n\t\t\t\t<\/div>\n\t\t\t\t<div class=\"elementor-element elementor-element-5241e871 elementor-align-center sc_fly_static elementor-widget elementor-widget-button\" data-id=\"5241e871\" data-element_type=\"widget\" data-e-type=\"widget\" data-widget_type=\"button.default\">\n\t\t\t\t<div class=\"elementor-widget-container\">\n\t\t\t\t\t\t\t\t\t<div class=\"elementor-button-wrapper\">\n\t\t\t\t\t<a class=\"elementor-button elementor-button-link elementor-size-sm\" href=\"https:\/\/www.jaguarreefbelize.com\/#all-rooms\">\n\t\t\t\t\t\t<span class=\"elementor-button-content-wrapper\">\n\t\t\t\t\t\t\t\t\t<span class=\"elementor-button-text\">ALLE ZIMMER ANZEIGEN<\/span>\n\t\t\t\t\t<\/span>\n\t\t\t\t\t<\/a>\n\t\t\t\t<\/div>\n\t\t\t\t\t\t\t\t<\/div>\n\t\t\t\t<\/div>\n\t\t\t\t<div class=\"elementor-element elementor-element-44a7c2d1 sc_fly_static elementor-widget elementor-widget-image\" data-id=\"44a7c2d1\" data-element_type=\"widget\" data-e-type=\"widget\" data-widget_type=\"image.default\">\n\t\t\t\t<div class=\"elementor-widget-container\">\n\t\t\t\t\t\t\t\t\t\t\t\t\t\t\t\t<a href=\"#elementor-action%3Aaction%3Dpopup%3Aopen%26settings%3DeyJpZCI6NDQxMDUsInRvZ2dsZSI6ZmFsc2V9\">\n\t\t\t\t\t\t\t<img decoding=\"async\" src=\"https:\/\/jaguarreefbelize.com\/wp-content\/uploads\/elementor\/thumbs\/360-degree-icon-1-rmeqkgm3n2bwhycu785vtrjayqaxz5992lrntx2ogk.png\" title=\"360-Grad-Icon\" alt=\"360-Grad-Icon\" loading=\"lazy\" \/>\t\t\t\t\t\t\t\t<\/a>\n\t\t\t\t\t\t\t\t\t\t\t\t\t\t\t<\/div>\n\t\t\t\t<\/div>\n\t\t\t\t<\/div>\n\t\t\t\t<\/div>\n\t\t\t\t<\/div>\n\t\t\t\t<\/div>\n\t\t","protected":false},"excerpt":{"rendered":"<p>Muna Numa FERIENHAUS F\u00fcr 4 Personen2 Kingsize-Betten2 voll ausgestattete BadezimmerGartenblickBesonderheit:Private R\u00fcckzugsm\u00f6glichkeit \u2013 gelegen in einemWohngebiet, nichtdirekt am Strand Im Wohngebiet Savannah Homes by Jaguar Reef gelegen, ist Muna Numa ein&hellip;<\/p>\n","protected":false},"author":1,"featured_media":0,"parent":45318,"menu_order":0,"comment_status":"closed","ping_status":"closed","template":"","meta":{"footnotes":""},"class_list":["post-45327","page","type-page","status-publish","hentry"],"yoast_head":"<!-- This site is optimized with the Yoast SEO plugin v27.5 - https:\/\/yoast.com\/product\/yoast-seo-wordpress\/ -->\n<title>Ferienhaus Muna Numa - The Lodge At Jaguar Reef<\/title>\n<meta name=\"robots\" content=\"index, follow, max-snippet:-1, max-image-preview:large, max-video-preview:-1\" \/>\n<link rel=\"canonical\" href=\"https:\/\/jaguarreefbelize.com\/de\/ferienhaeuser\/ferienhaus-muna-numa\/\" \/>\n<meta property=\"og:locale\" content=\"de_DE\" \/>\n<meta property=\"og:type\" content=\"article\" \/>\n<meta property=\"og:title\" content=\"Ferienhaus Muna Numa - The Lodge At Jaguar Reef\" \/>\n<meta property=\"og:description\" content=\"Muna Numa FERIENHAUS F\u00fcr 4 Personen2 Kingsize-Betten2 voll ausgestattete BadezimmerGartenblickBesonderheit:Private R\u00fcckzugsm\u00f6glichkeit \u2013 gelegen in einemWohngebiet, nichtdirekt am Strand Im Wohngebiet Savannah Homes by Jaguar Reef gelegen, ist Muna Numa ein&hellip;\" \/>\n<meta property=\"og:url\" content=\"https:\/\/jaguarreefbelize.com\/de\/ferienhaeuser\/ferienhaus-muna-numa\/\" \/>\n<meta property=\"og:site_name\" content=\"The Lodge At Jaguar Reef\" \/>\n<meta property=\"article:modified_time\" content=\"2026-05-05T14:14:36+00:00\" \/>\n<meta property=\"og:image\" content=\"https:\/\/jaguarreefbelize.com\/wp-content\/uploads\/2026\/02\/MUNA-NUMA-VACATION-HOME-01.jpg\" \/>\n<meta name=\"twitter:card\" content=\"summary_large_image\" \/>\n<meta name=\"twitter:label1\" content=\"Gesch\u00e4tzte Lesezeit\" \/>\n\t<meta name=\"twitter:data1\" content=\"1\u00a0Minute\" \/>\n<script type=\"application\/ld+json\" class=\"yoast-schema-graph\">{\"@context\":\"https:\\\/\\\/schema.org\",\"@graph\":[{\"@type\":\"WebPage\",\"@id\":\"https:\\\/\\\/jaguarreefbelize.com\\\/de\\\/ferienhaeuser\\\/ferienhaus-muna-numa\\\/\",\"url\":\"https:\\\/\\\/jaguarreefbelize.com\\\/de\\\/ferienhaeuser\\\/ferienhaus-muna-numa\\\/\",\"name\":\"Ferienhaus Muna Numa - The Lodge At Jaguar Reef\",\"isPartOf\":{\"@id\":\"https:\\\/\\\/jaguarreefbelize.com\\\/de\\\/#website\"},\"primaryImageOfPage\":{\"@id\":\"https:\\\/\\\/jaguarreefbelize.com\\\/de\\\/ferienhaeuser\\\/ferienhaus-muna-numa\\\/#primaryimage\"},\"image\":{\"@id\":\"https:\\\/\\\/jaguarreefbelize.com\\\/de\\\/ferienhaeuser\\\/ferienhaus-muna-numa\\\/#primaryimage\"},\"thumbnailUrl\":\"https:\\\/\\\/jaguarreefbelize.com\\\/wp-content\\\/uploads\\\/2026\\\/02\\\/MUNA-NUMA-VACATION-HOME-01.jpg\",\"datePublished\":\"2026-02-20T22:31:25+00:00\",\"dateModified\":\"2026-05-05T14:14:36+00:00\",\"breadcrumb\":{\"@id\":\"https:\\\/\\\/jaguarreefbelize.com\\\/de\\\/ferienhaeuser\\\/ferienhaus-muna-numa\\\/#breadcrumb\"},\"inLanguage\":\"de\",\"potentialAction\":[{\"@type\":\"ReadAction\",\"target\":[\"https:\\\/\\\/jaguarreefbelize.com\\\/de\\\/ferienhaeuser\\\/ferienhaus-muna-numa\\\/\"]}]},{\"@type\":\"ImageObject\",\"inLanguage\":\"de\",\"@id\":\"https:\\\/\\\/jaguarreefbelize.com\\\/de\\\/ferienhaeuser\\\/ferienhaus-muna-numa\\\/#primaryimage\",\"url\":\"https:\\\/\\\/jaguarreefbelize.com\\\/wp-content\\\/uploads\\\/2026\\\/02\\\/MUNA-NUMA-VACATION-HOME-01.jpg\",\"contentUrl\":\"https:\\\/\\\/jaguarreefbelize.com\\\/wp-content\\\/uploads\\\/2026\\\/02\\\/MUNA-NUMA-VACATION-HOME-01.jpg\"},{\"@type\":\"BreadcrumbList\",\"@id\":\"https:\\\/\\\/jaguarreefbelize.com\\\/de\\\/ferienhaeuser\\\/ferienhaus-muna-numa\\\/#breadcrumb\",\"itemListElement\":[{\"@type\":\"ListItem\",\"position\":1,\"name\":\"Home\",\"item\":\"https:\\\/\\\/jaguarreefbelize.com\\\/de\\\/\"},{\"@type\":\"ListItem\",\"position\":2,\"name\":\"Ferienh\u00e4user\",\"item\":\"https:\\\/\\\/jaguarreefbelize.com\\\/de\\\/ferienhaeuser\\\/\"},{\"@type\":\"ListItem\",\"position\":3,\"name\":\"Ferienhaus Muna Numa\"}]},{\"@type\":\"WebSite\",\"@id\":\"https:\\\/\\\/jaguarreefbelize.com\\\/de\\\/#website\",\"url\":\"https:\\\/\\\/jaguarreefbelize.com\\\/de\\\/\",\"name\":\"The Lodge At Jaguar Reef\",\"description\":\"A beach chic getaway in Hopkins, Belize\",\"publisher\":{\"@id\":\"https:\\\/\\\/jaguarreefbelize.com\\\/de\\\/#organization\"},\"potentialAction\":[{\"@type\":\"SearchAction\",\"target\":{\"@type\":\"EntryPoint\",\"urlTemplate\":\"https:\\\/\\\/jaguarreefbelize.com\\\/de\\\/?s={search_term_string}\"},\"query-input\":{\"@type\":\"PropertyValueSpecification\",\"valueRequired\":true,\"valueName\":\"search_term_string\"}}],\"inLanguage\":\"de\"},{\"@type\":\"Organization\",\"@id\":\"https:\\\/\\\/jaguarreefbelize.com\\\/de\\\/#organization\",\"name\":\"The Lodge At Jaguar Reef\",\"url\":\"https:\\\/\\\/jaguarreefbelize.com\\\/de\\\/\",\"logo\":{\"@type\":\"ImageObject\",\"inLanguage\":\"de\",\"@id\":\"https:\\\/\\\/jaguarreefbelize.com\\\/de\\\/#\\\/schema\\\/logo\\\/image\\\/\",\"url\":\"https:\\\/\\\/jaguarreefbelize.com\\\/wp-content\\\/uploads\\\/2025\\\/12\\\/JRL-long-logo.png\",\"contentUrl\":\"https:\\\/\\\/jaguarreefbelize.com\\\/wp-content\\\/uploads\\\/2025\\\/12\\\/JRL-long-logo.png\",\"width\":1000,\"height\":182,\"caption\":\"The Lodge At Jaguar Reef\"},\"image\":{\"@id\":\"https:\\\/\\\/jaguarreefbelize.com\\\/de\\\/#\\\/schema\\\/logo\\\/image\\\/\"}}]}<\/script>\n<!-- \/ Yoast SEO plugin. -->","yoast_head_json":{"title":"Ferienhaus Muna Numa - The Lodge At Jaguar Reef","robots":{"index":"index","follow":"follow","max-snippet":"max-snippet:-1","max-image-preview":"max-image-preview:large","max-video-preview":"max-video-preview:-1"},"canonical":"https:\/\/jaguarreefbelize.com\/de\/ferienhaeuser\/ferienhaus-muna-numa\/","og_locale":"de_DE","og_type":"article","og_title":"Ferienhaus Muna Numa - The Lodge At Jaguar Reef","og_description":"Muna Numa FERIENHAUS F\u00fcr 4 Personen2 Kingsize-Betten2 voll ausgestattete BadezimmerGartenblickBesonderheit:Private R\u00fcckzugsm\u00f6glichkeit \u2013 gelegen in einemWohngebiet, nichtdirekt am Strand Im Wohngebiet Savannah Homes by Jaguar Reef gelegen, ist Muna Numa ein&hellip;","og_url":"https:\/\/jaguarreefbelize.com\/de\/ferienhaeuser\/ferienhaus-muna-numa\/","og_site_name":"The Lodge At Jaguar Reef","article_modified_time":"2026-05-05T14:14:36+00:00","og_image":[{"url":"https:\/\/jaguarreefbelize.com\/wp-content\/uploads\/2026\/02\/MUNA-NUMA-VACATION-HOME-01.jpg","type":"","width":"","height":""}],"twitter_card":"summary_large_image","twitter_misc":{"Gesch\u00e4tzte Lesezeit":"1\u00a0Minute"},"schema":{"@context":"https:\/\/schema.org","@graph":[{"@type":"WebPage","@id":"https:\/\/jaguarreefbelize.com\/de\/ferienhaeuser\/ferienhaus-muna-numa\/","url":"https:\/\/jaguarreefbelize.com\/de\/ferienhaeuser\/ferienhaus-muna-numa\/","name":"Ferienhaus Muna Numa - The Lodge At Jaguar Reef","isPartOf":{"@id":"https:\/\/jaguarreefbelize.com\/de\/#website"},"primaryImageOfPage":{"@id":"https:\/\/jaguarreefbelize.com\/de\/ferienhaeuser\/ferienhaus-muna-numa\/#primaryimage"},"image":{"@id":"https:\/\/jaguarreefbelize.com\/de\/ferienhaeuser\/ferienhaus-muna-numa\/#primaryimage"},"thumbnailUrl":"https:\/\/jaguarreefbelize.com\/wp-content\/uploads\/2026\/02\/MUNA-NUMA-VACATION-HOME-01.jpg","datePublished":"2026-02-20T22:31:25+00:00","dateModified":"2026-05-05T14:14:36+00:00","breadcrumb":{"@id":"https:\/\/jaguarreefbelize.com\/de\/ferienhaeuser\/ferienhaus-muna-numa\/#breadcrumb"},"inLanguage":"de","potentialAction":[{"@type":"ReadAction","target":["https:\/\/jaguarreefbelize.com\/de\/ferienhaeuser\/ferienhaus-muna-numa\/"]}]},{"@type":"ImageObject","inLanguage":"de","@id":"https:\/\/jaguarreefbelize.com\/de\/ferienhaeuser\/ferienhaus-muna-numa\/#primaryimage","url":"https:\/\/jaguarreefbelize.com\/wp-content\/uploads\/2026\/02\/MUNA-NUMA-VACATION-HOME-01.jpg","contentUrl":"https:\/\/jaguarreefbelize.com\/wp-content\/uploads\/2026\/02\/MUNA-NUMA-VACATION-HOME-01.jpg"},{"@type":"BreadcrumbList","@id":"https:\/\/jaguarreefbelize.com\/de\/ferienhaeuser\/ferienhaus-muna-numa\/#breadcrumb","itemListElement":[{"@type":"ListItem","position":1,"name":"Home","item":"https:\/\/jaguarreefbelize.com\/de\/"},{"@type":"ListItem","position":2,"name":"Ferienh\u00e4user","item":"https:\/\/jaguarreefbelize.com\/de\/ferienhaeuser\/"},{"@type":"ListItem","position":3,"name":"Ferienhaus Muna Numa"}]},{"@type":"WebSite","@id":"https:\/\/jaguarreefbelize.com\/de\/#website","url":"https:\/\/jaguarreefbelize.com\/de\/","name":"The Lodge At Jaguar Reef","description":"A beach chic getaway in Hopkins, Belize","publisher":{"@id":"https:\/\/jaguarreefbelize.com\/de\/#organization"},"potentialAction":[{"@type":"SearchAction","target":{"@type":"EntryPoint","urlTemplate":"https:\/\/jaguarreefbelize.com\/de\/?s={search_term_string}"},"query-input":{"@type":"PropertyValueSpecification","valueRequired":true,"valueName":"search_term_string"}}],"inLanguage":"de"},{"@type":"Organization","@id":"https:\/\/jaguarreefbelize.com\/de\/#organization","name":"The Lodge At Jaguar Reef","url":"https:\/\/jaguarreefbelize.com\/de\/","logo":{"@type":"ImageObject","inLanguage":"de","@id":"https:\/\/jaguarreefbelize.com\/de\/#\/schema\/logo\/image\/","url":"https:\/\/jaguarreefbelize.com\/wp-content\/uploads\/2025\/12\/JRL-long-logo.png","contentUrl":"https:\/\/jaguarreefbelize.com\/wp-content\/uploads\/2025\/12\/JRL-long-logo.png","width":1000,"height":182,"caption":"The Lodge At Jaguar Reef"},"image":{"@id":"https:\/\/jaguarreefbelize.com\/de\/#\/schema\/logo\/image\/"}}]}},"jetpack_sharing_enabled":true,"_links":{"self":[{"href":"https:\/\/jaguarreefbelize.com\/de\/wp-json\/wp\/v2\/pages\/45327","targetHints":{"allow":["GET"]}}],"collection":[{"href":"https:\/\/jaguarreefbelize.com\/de\/wp-json\/wp\/v2\/pages"}],"about":[{"href":"https:\/\/jaguarreefbelize.com\/de\/wp-json\/wp\/v2\/types\/page"}],"author":[{"embeddable":true,"href":"https:\/\/jaguarreefbelize.com\/de\/wp-json\/wp\/v2\/users\/1"}],"replies":[{"embeddable":true,"href":"https:\/\/jaguarreefbelize.com\/de\/wp-json\/wp\/v2\/comments?post=45327"}],"version-history":[{"count":1,"href":"https:\/\/jaguarreefbelize.com\/de\/wp-json\/wp\/v2\/pages\/45327\/revisions"}],"predecessor-version":[{"id":45332,"href":"https:\/\/jaguarreefbelize.com\/de\/wp-json\/wp\/v2\/pages\/45327\/revisions\/45332"}],"up":[{"embeddable":true,"href":"https:\/\/jaguarreefbelize.com\/de\/wp-json\/wp\/v2\/pages\/45318"}],"wp:attachment":[{"href":"https:\/\/jaguarreefbelize.com\/de\/wp-json\/wp\/v2\/media?parent=45327"}],"curies":[{"name":"wp","href":"https:\/\/api.w.org\/{rel}","templated":true}]}}